{"id":7619,"date":"2025-01-20T01:16:32","date_gmt":"2025-01-19T17:16:32","guid":{"rendered":"https:\/\/r36shandheld.store\/?post_type=product&#038;p=7619"},"modified":"2025-01-20T01:16:32","modified_gmt":"2025-01-19T17:16:32","slug":"r36s-protective-case","status":"publish","type":"product","link":"https:\/\/r36shandheld.store\/pt\/p\/r36s-protective-case\/","title":{"rendered":"Capa protetora do R36s"},"content":{"rendered":"<p><img fetchpriority=\"high\" decoding=\"async\" class=\"alignnone size-full wp-image-7630\" title=\"Capa protetora Gaming R36s para uma experi\u00eancia de jogo melhorada\" src=\"https:\/\/r36shandheld.store\/wp-content\/uploads\/2025\/01\/Gaming-R36s-Protective-Case-for-Enhanced-Gaming-Experience.webp\" alt=\"Capa protetora Gaming R36s para uma experi\u00eancia de jogo melhorada\" width=\"1001\" height=\"1001\" srcset=\"https:\/\/r36shandheld.store\/wp-content\/uploads\/2025\/01\/Gaming-R36s-Protective-Case-for-Enhanced-Gaming-Experience.webp 1001w, https:\/\/r36shandheld.store\/wp-content\/uploads\/2025\/01\/Gaming-R36s-Protective-Case-for-Enhanced-Gaming-Experience-300x300.webp 300w, https:\/\/r36shandheld.store\/wp-content\/uploads\/2025\/01\/Gaming-R36s-Protective-Case-for-Enhanced-Gaming-Experience-150x150.webp 150w, https:\/\/r36shandheld.store\/wp-content\/uploads\/2025\/01\/Gaming-R36s-Protective-Case-for-Enhanced-Gaming-Experience-768x768.webp 768w, https:\/\/r36shandheld.store\/wp-content\/uploads\/2025\/01\/Gaming-R36s-Protective-Case-for-Enhanced-Gaming-Experience-990x990.webp 990w, https:\/\/r36shandheld.store\/wp-content\/uploads\/2025\/01\/Gaming-R36s-Protective-Case-for-Enhanced-Gaming-Experience-441x441.webp 441w, https:\/\/r36shandheld.store\/wp-content\/uploads\/2025\/01\/Gaming-R36s-Protective-Case-for-Enhanced-Gaming-Experience-100x100.webp 100w, https:\/\/r36shandheld.store\/wp-content\/uploads\/2025\/01\/Gaming-R36s-Protective-Case-for-Enhanced-Gaming-Experience-800x800.webp 800w\" sizes=\"(max-width: 1001px) 100vw, 1001px\" \/><\/p>\n<p><img decoding=\"async\" class=\"alignnone size-full wp-image-7631\" title=\"Capa protetora Glittery R36s para um aspeto cintilante\" src=\"https:\/\/r36shandheld.store\/wp-content\/uploads\/2025\/01\/Glittery-R36s-Protective-Case-for-a-Sparkling-Look.webp\" alt=\"Capa protetora Glittery R36s para um aspeto cintilante\" width=\"1001\" height=\"1001\" srcset=\"https:\/\/r36shandheld.store\/wp-content\/uploads\/2025\/01\/Glittery-R36s-Protective-Case-for-a-Sparkling-Look.webp 1001w, https:\/\/r36shandheld.store\/wp-content\/uploads\/2025\/01\/Glittery-R36s-Protective-Case-for-a-Sparkling-Look-300x300.webp 300w, https:\/\/r36shandheld.store\/wp-content\/uploads\/2025\/01\/Glittery-R36s-Protective-Case-for-a-Sparkling-Look-150x150.webp 150w, https:\/\/r36shandheld.store\/wp-content\/uploads\/2025\/01\/Glittery-R36s-Protective-Case-for-a-Sparkling-Look-768x768.webp 768w, https:\/\/r36shandheld.store\/wp-content\/uploads\/2025\/01\/Glittery-R36s-Protective-Case-for-a-Sparkling-Look-990x990.webp 990w, https:\/\/r36shandheld.store\/wp-content\/uploads\/2025\/01\/Glittery-R36s-Protective-Case-for-a-Sparkling-Look-441x441.webp 441w, https:\/\/r36shandheld.store\/wp-content\/uploads\/2025\/01\/Glittery-R36s-Protective-Case-for-a-Sparkling-Look-100x100.webp 100w, https:\/\/r36shandheld.store\/wp-content\/uploads\/2025\/01\/Glittery-R36s-Protective-Case-for-a-Sparkling-Look-800x800.webp 800w\" sizes=\"(max-width: 1001px) 100vw, 1001px\" \/><\/p>\n<p><img decoding=\"async\" class=\"alignnone size-full wp-image-7632\" title=\"Estojo de prote\u00e7\u00e3o resistente do R36s para m\u00e1xima prote\u00e7\u00e3o\" src=\"https:\/\/r36shandheld.store\/wp-content\/uploads\/2025\/01\/Heavy-Duty-R36s-Protective-Case-for-Maximum-Protection.webp\" alt=\"Estojo de prote\u00e7\u00e3o resistente do R36s para m\u00e1xima prote\u00e7\u00e3o\" width=\"1001\" height=\"1001\" srcset=\"https:\/\/r36shandheld.store\/wp-content\/uploads\/2025\/01\/Heavy-Duty-R36s-Protective-Case-for-Maximum-Protection.webp 1001w, https:\/\/r36shandheld.store\/wp-content\/uploads\/2025\/01\/Heavy-Duty-R36s-Protective-Case-for-Maximum-Protection-300x300.webp 300w, https:\/\/r36shandheld.store\/wp-content\/uploads\/2025\/01\/Heavy-Duty-R36s-Protective-Case-for-Maximum-Protection-150x150.webp 150w, https:\/\/r36shandheld.store\/wp-content\/uploads\/2025\/01\/Heavy-Duty-R36s-Protective-Case-for-Maximum-Protection-768x768.webp 768w, https:\/\/r36shandheld.store\/wp-content\/uploads\/2025\/01\/Heavy-Duty-R36s-Protective-Case-for-Maximum-Protection-990x990.webp 990w, https:\/\/r36shandheld.store\/wp-content\/uploads\/2025\/01\/Heavy-Duty-R36s-Protective-Case-for-Maximum-Protection-441x441.webp 441w, https:\/\/r36shandheld.store\/wp-content\/uploads\/2025\/01\/Heavy-Duty-R36s-Protective-Case-for-Maximum-Protection-100x100.webp 100w, https:\/\/r36shandheld.store\/wp-content\/uploads\/2025\/01\/Heavy-Duty-R36s-Protective-Case-for-Maximum-Protection-800x800.webp 800w\" sizes=\"(max-width: 1001px) 100vw, 1001px\" \/><\/p>\n<p><img loading=\"lazy\" decoding=\"async\" class=\"alignnone size-full wp-image-7633\" title=\"Capa protetora do R36s com acabamento mate para um aspeto cl\u00e1ssico\" src=\"https:\/\/r36shandheld.store\/wp-content\/uploads\/2025\/01\/Matte-Finish-R36s-Protective-Case-for-a-Classic-Look.webp\" alt=\"Capa protetora do R36s com acabamento mate para um aspeto cl\u00e1ssico\" width=\"1001\" height=\"1001\" srcset=\"https:\/\/r36shandheld.store\/wp-content\/uploads\/2025\/01\/Matte-Finish-R36s-Protective-Case-for-a-Classic-Look.webp 1001w, https:\/\/r36shandheld.store\/wp-content\/uploads\/2025\/01\/Matte-Finish-R36s-Protective-Case-for-a-Classic-Look-300x300.webp 300w, https:\/\/r36shandheld.store\/wp-content\/uploads\/2025\/01\/Matte-Finish-R36s-Protective-Case-for-a-Classic-Look-150x150.webp 150w, https:\/\/r36shandheld.store\/wp-content\/uploads\/2025\/01\/Matte-Finish-R36s-Protective-Case-for-a-Classic-Look-768x768.webp 768w, https:\/\/r36shandheld.store\/wp-content\/uploads\/2025\/01\/Matte-Finish-R36s-Protective-Case-for-a-Classic-Look-990x990.webp 990w, https:\/\/r36shandheld.store\/wp-content\/uploads\/2025\/01\/Matte-Finish-R36s-Protective-Case-for-a-Classic-Look-441x441.webp 441w, https:\/\/r36shandheld.store\/wp-content\/uploads\/2025\/01\/Matte-Finish-R36s-Protective-Case-for-a-Classic-Look-100x100.webp 100w, https:\/\/r36shandheld.store\/wp-content\/uploads\/2025\/01\/Matte-Finish-R36s-Protective-Case-for-a-Classic-Look-800x800.webp 800w\" sizes=\"(max-width: 1001px) 100vw, 1001px\" \/><\/p>\n<p><img loading=\"lazy\" decoding=\"async\" class=\"alignnone size-full wp-image-7634\" title=\"Capa protetora Night Out R36s para uma noite com estilo\" src=\"https:\/\/r36shandheld.store\/wp-content\/uploads\/2025\/01\/Night-Out-R36s-Protective-Case-for-a-Stylish-Evening.webp\" alt=\"Capa protetora Night Out R36s para uma noite com estilo\" width=\"1001\" height=\"1001\" srcset=\"https:\/\/r36shandheld.store\/wp-content\/uploads\/2025\/01\/Night-Out-R36s-Protective-Case-for-a-Stylish-Evening.webp 1001w, https:\/\/r36shandheld.store\/wp-content\/uploads\/2025\/01\/Night-Out-R36s-Protective-Case-for-a-Stylish-Evening-300x300.webp 300w, https:\/\/r36shandheld.store\/wp-content\/uploads\/2025\/01\/Night-Out-R36s-Protective-Case-for-a-Stylish-Evening-150x150.webp 150w, https:\/\/r36shandheld.store\/wp-content\/uploads\/2025\/01\/Night-Out-R36s-Protective-Case-for-a-Stylish-Evening-768x768.webp 768w, https:\/\/r36shandheld.store\/wp-content\/uploads\/2025\/01\/Night-Out-R36s-Protective-Case-for-a-Stylish-Evening-990x990.webp 990w, https:\/\/r36shandheld.store\/wp-content\/uploads\/2025\/01\/Night-Out-R36s-Protective-Case-for-a-Stylish-Evening-441x441.webp 441w, https:\/\/r36shandheld.store\/wp-content\/uploads\/2025\/01\/Night-Out-R36s-Protective-Case-for-a-Stylish-Evening-100x100.webp 100w, https:\/\/r36shandheld.store\/wp-content\/uploads\/2025\/01\/Night-Out-R36s-Protective-Case-for-a-Stylish-Evening-800x800.webp 800w\" sizes=\"(max-width: 1001px) 100vw, 1001px\" \/><\/p>\n<p><img loading=\"lazy\" decoding=\"async\" class=\"alignnone size-full wp-image-7635\" title=\"Estojo de prote\u00e7\u00e3o Outdoor R36s para entusiastas da aventura\" src=\"https:\/\/r36shandheld.store\/wp-content\/uploads\/2025\/01\/Outdoor-R36s-Protective-Case-for-Adventure-Enthusiasts.webp\" alt=\"Estojo de prote\u00e7\u00e3o Outdoor R36s para entusiastas da aventura\" width=\"1001\" height=\"1001\" srcset=\"https:\/\/r36shandheld.store\/wp-content\/uploads\/2025\/01\/Outdoor-R36s-Protective-Case-for-Adventure-Enthusiasts.webp 1001w, https:\/\/r36shandheld.store\/wp-content\/uploads\/2025\/01\/Outdoor-R36s-Protective-Case-for-Adventure-Enthusiasts-300x300.webp 300w, https:\/\/r36shandheld.store\/wp-content\/uploads\/2025\/01\/Outdoor-R36s-Protective-Case-for-Adventure-Enthusiasts-150x150.webp 150w, https:\/\/r36shandheld.store\/wp-content\/uploads\/2025\/01\/Outdoor-R36s-Protective-Case-for-Adventure-Enthusiasts-768x768.webp 768w, https:\/\/r36shandheld.store\/wp-content\/uploads\/2025\/01\/Outdoor-R36s-Protective-Case-for-Adventure-Enthusiasts-990x990.webp 990w, https:\/\/r36shandheld.store\/wp-content\/uploads\/2025\/01\/Outdoor-R36s-Protective-Case-for-Adventure-Enthusiasts-441x441.webp 441w, https:\/\/r36shandheld.store\/wp-content\/uploads\/2025\/01\/Outdoor-R36s-Protective-Case-for-Adventure-Enthusiasts-100x100.webp 100w, https:\/\/r36shandheld.store\/wp-content\/uploads\/2025\/01\/Outdoor-R36s-Protective-Case-for-Adventure-Enthusiasts-800x800.webp 800w\" sizes=\"(max-width: 1001px) 100vw, 1001px\" \/><\/p>\n<p><img loading=\"lazy\" decoding=\"async\" class=\"alignnone size-full wp-image-7636\" title=\"Capa protetora Sports R36s para estilos de vida activos\" src=\"https:\/\/r36shandheld.store\/wp-content\/uploads\/2025\/01\/Sports-R36s-Protective-Case-for-Active-Lifestyles.webp\" alt=\"Capa protetora Sports R36s para estilos de vida activos\" width=\"1001\" height=\"1001\" srcset=\"https:\/\/r36shandheld.store\/wp-content\/uploads\/2025\/01\/Sports-R36s-Protective-Case-for-Active-Lifestyles.webp 1001w, https:\/\/r36shandheld.store\/wp-content\/uploads\/2025\/01\/Sports-R36s-Protective-Case-for-Active-Lifestyles-300x300.webp 300w, https:\/\/r36shandheld.store\/wp-content\/uploads\/2025\/01\/Sports-R36s-Protective-Case-for-Active-Lifestyles-150x150.webp 150w, https:\/\/r36shandheld.store\/wp-content\/uploads\/2025\/01\/Sports-R36s-Protective-Case-for-Active-Lifestyles-768x768.webp 768w, https:\/\/r36shandheld.store\/wp-content\/uploads\/2025\/01\/Sports-R36s-Protective-Case-for-Active-Lifestyles-990x990.webp 990w, https:\/\/r36shandheld.store\/wp-content\/uploads\/2025\/01\/Sports-R36s-Protective-Case-for-Active-Lifestyles-441x441.webp 441w, https:\/\/r36shandheld.store\/wp-content\/uploads\/2025\/01\/Sports-R36s-Protective-Case-for-Active-Lifestyles-100x100.webp 100w, https:\/\/r36shandheld.store\/wp-content\/uploads\/2025\/01\/Sports-R36s-Protective-Case-for-Active-Lifestyles-800x800.webp 800w\" sizes=\"(max-width: 1001px) 100vw, 1001px\" \/><\/p>\n<p><img loading=\"lazy\" decoding=\"async\" class=\"alignnone size-full wp-image-7637\" title=\"Capa protetora transparente para o R36s para exibir o seu dispositivo\" src=\"https:\/\/r36shandheld.store\/wp-content\/uploads\/2025\/01\/Transparent-R36s-Protective-Case-to-Show-off-Your-Device.webp\" alt=\"Capa protetora transparente para o R36s para exibir o seu dispositivo\" width=\"1001\" height=\"1001\" srcset=\"https:\/\/r36shandheld.store\/wp-content\/uploads\/2025\/01\/Transparent-R36s-Protective-Case-to-Show-off-Your-Device.webp 1001w, https:\/\/r36shandheld.store\/wp-content\/uploads\/2025\/01\/Transparent-R36s-Protective-Case-to-Show-off-Your-Device-300x300.webp 300w, https:\/\/r36shandheld.store\/wp-content\/uploads\/2025\/01\/Transparent-R36s-Protective-Case-to-Show-off-Your-Device-150x150.webp 150w, https:\/\/r36shandheld.store\/wp-content\/uploads\/2025\/01\/Transparent-R36s-Protective-Case-to-Show-off-Your-Device-768x768.webp 768w, https:\/\/r36shandheld.store\/wp-content\/uploads\/2025\/01\/Transparent-R36s-Protective-Case-to-Show-off-Your-Device-990x990.webp 990w, https:\/\/r36shandheld.store\/wp-content\/uploads\/2025\/01\/Transparent-R36s-Protective-Case-to-Show-off-Your-Device-441x441.webp 441w, https:\/\/r36shandheld.store\/wp-content\/uploads\/2025\/01\/Transparent-R36s-Protective-Case-to-Show-off-Your-Device-100x100.webp 100w, https:\/\/r36shandheld.store\/wp-content\/uploads\/2025\/01\/Transparent-R36s-Protective-Case-to-Show-off-Your-Device-800x800.webp 800w\" sizes=\"(max-width: 1001px) 100vw, 1001px\" \/><\/p>\n<p><img loading=\"lazy\" decoding=\"async\" class=\"alignnone size-full wp-image-7638\" title=\"Estojo de prote\u00e7\u00e3o para o R36s em viagem para prote\u00e7\u00e3o em viagem\" src=\"https:\/\/r36shandheld.store\/wp-content\/uploads\/2025\/01\/Travel-Friendly-R36s-Protective-Case-for-On-the-Go-Protection.webp\" alt=\"Estojo de prote\u00e7\u00e3o para o R36s em viagem para prote\u00e7\u00e3o em viagem\" width=\"1001\" height=\"1001\" srcset=\"https:\/\/r36shandheld.store\/wp-content\/uploads\/2025\/01\/Travel-Friendly-R36s-Protective-Case-for-On-the-Go-Protection.webp 1001w, https:\/\/r36shandheld.store\/wp-content\/uploads\/2025\/01\/Travel-Friendly-R36s-Protective-Case-for-On-the-Go-Protection-300x300.webp 300w, https:\/\/r36shandheld.store\/wp-content\/uploads\/2025\/01\/Travel-Friendly-R36s-Protective-Case-for-On-the-Go-Protection-150x150.webp 150w, https:\/\/r36shandheld.store\/wp-content\/uploads\/2025\/01\/Travel-Friendly-R36s-Protective-Case-for-On-the-Go-Protection-768x768.webp 768w, https:\/\/r36shandheld.store\/wp-content\/uploads\/2025\/01\/Travel-Friendly-R36s-Protective-Case-for-On-the-Go-Protection-990x990.webp 990w, https:\/\/r36shandheld.store\/wp-content\/uploads\/2025\/01\/Travel-Friendly-R36s-Protective-Case-for-On-the-Go-Protection-441x441.webp 441w, https:\/\/r36shandheld.store\/wp-content\/uploads\/2025\/01\/Travel-Friendly-R36s-Protective-Case-for-On-the-Go-Protection-100x100.webp 100w, https:\/\/r36shandheld.store\/wp-content\/uploads\/2025\/01\/Travel-Friendly-R36s-Protective-Case-for-On-the-Go-Protection-800x800.webp 800w\" sizes=\"(max-width: 1001px) 100vw, 1001px\" \/><\/p>\n<p><img loading=\"lazy\" decoding=\"async\" class=\"alignnone size-full wp-image-7639\" title=\"Estojo de prote\u00e7\u00e3o do Work R36s para uso profissional\" src=\"https:\/\/r36shandheld.store\/wp-content\/uploads\/2025\/01\/Work-R36s-Protective-Case-for-Professional-Use.webp\" alt=\"Estojo de prote\u00e7\u00e3o do Work R36s para uso profissional\" width=\"1001\" height=\"1001\" srcset=\"https:\/\/r36shandheld.store\/wp-content\/uploads\/2025\/01\/Work-R36s-Protective-Case-for-Professional-Use.webp 1001w, https:\/\/r36shandheld.store\/wp-content\/uploads\/2025\/01\/Work-R36s-Protective-Case-for-Professional-Use-300x300.webp 300w, https:\/\/r36shandheld.store\/wp-content\/uploads\/2025\/01\/Work-R36s-Protective-Case-for-Professional-Use-150x150.webp 150w, https:\/\/r36shandheld.store\/wp-content\/uploads\/2025\/01\/Work-R36s-Protective-Case-for-Professional-Use-768x768.webp 768w, https:\/\/r36shandheld.store\/wp-content\/uploads\/2025\/01\/Work-R36s-Protective-Case-for-Professional-Use-990x990.webp 990w, https:\/\/r36shandheld.store\/wp-content\/uploads\/2025\/01\/Work-R36s-Protective-Case-for-Professional-Use-441x441.webp 441w, https:\/\/r36shandheld.store\/wp-content\/uploads\/2025\/01\/Work-R36s-Protective-Case-for-Professional-Use-100x100.webp 100w, https:\/\/r36shandheld.store\/wp-content\/uploads\/2025\/01\/Work-R36s-Protective-Case-for-Professional-Use-800x800.webp 800w\" sizes=\"(max-width: 1001px) 100vw, 1001px\" \/><\/p>\n<p><strong>Capa protetora em TPU para R36S\/R35S - Prote\u00e7\u00e3o \u00e0 prova de choque impressa em 3D para consolas de jogos<\/strong><\/p>\n<p>Proteger o seu <strong>R36S<\/strong> ou <strong>R35S<\/strong> consola de jogos com o <strong>Capa protetora em TPU<\/strong>-Concebida para oferecer uma prote\u00e7\u00e3o superior e um design elegante. Fabricado em material duradouro <strong>TPU (poliuretano termopl\u00e1stico)<\/strong> material, este caso fornece um <strong>\u00e0 prova de choque<\/strong>, <strong>anti-queda<\/strong> protegendo o seu dispositivo de danos durante sess\u00f5es de jogo intensas.<\/p>\n<p><strong>Carater\u00edsticas principais<\/strong>:<\/p>\n<ul>\n<li><strong>Prote\u00e7\u00e3o avan\u00e7ada contra choques<\/strong>: O <strong>Desenho impresso em 3D<\/strong> garante um ajuste perfeito, oferecendo a m\u00e1xima prote\u00e7\u00e3o contra quedas, choques e riscos para o seu <strong>R36S<\/strong> ou <strong>R35S<\/strong> consola de jogos.<\/li>\n<li><strong>Material TPU dur\u00e1vel<\/strong>: Fabricado com materiais de alta qualidade <strong>TPU<\/strong>Conhecida pela sua flexibilidade e resist\u00eancia, esta capa foi concebida para absorver os choques e proteger o painel posterior e a estrutura de potenciais danos.<\/li>\n<li><strong>Design elegante e transparente<\/strong>: Dispon\u00edvel em <strong>Branco transparente<\/strong> e <strong>Preto<\/strong> cores, mant\u00e9m o aspeto original da sua consola de jogos ao mesmo tempo que proporciona uma prote\u00e7\u00e3o fi\u00e1vel.<\/li>\n<li><strong>Ajuste perfeito<\/strong>: A engenharia de precis\u00e3o garante uma instala\u00e7\u00e3o f\u00e1cil, adaptando-se perfeitamente ao seu <strong>R36S\/R35S<\/strong> consola para uma utiliza\u00e7\u00e3o perfeita sem aumentar o volume.<\/li>\n<li><strong>Maior durabilidade<\/strong>: A natureza resistente ao impacto da caixa torna-a a escolha ideal para os jogadores que valorizam tanto a <strong>estilo<\/strong> e <strong>prote\u00e7\u00e3o<\/strong> num \u00fanico acess\u00f3rio.<\/li>\n<\/ul>\n<p><strong>Especifica\u00e7\u00f5es<\/strong>:<\/p>\n<ul>\n<li><strong>Material<\/strong>: TPU Premium<\/li>\n<li><strong>Op\u00e7\u00f5es de cor<\/strong>: Branco transparente, preto<\/li>\n<li><strong>Compatibilidade<\/strong>: Para <strong>R36S<\/strong> e <strong>R35S<\/strong> Consolas de jogos<\/li>\n<li><strong>Processo<\/strong>: Tecnologia de impress\u00e3o 3D<\/li>\n<li><strong>Inclui<\/strong>: 1 x <strong>Capa protetora em TPU<\/strong><\/li>\n<\/ul>\n<p><strong>Porqu\u00ea escolher este caso?<\/strong><\/p>\n<ul>\n<li>Ofertas <strong>prote\u00e7\u00e3o superior<\/strong> sem comprometer o estilo.<\/li>\n<li><strong>\u00c0 prova de choque<\/strong> e <strong>resistente ao impacto<\/strong> mant\u00eam a sua consola segura em todos os ambientes de jogo.<\/li>\n<li><strong>Leve e duradouro<\/strong> O material TPU garante uma prote\u00e7\u00e3o duradoura, enquanto o <strong>Processo de impress\u00e3o 3D<\/strong> garante um ajuste perfeito.<\/li>\n<\/ul>\n<p>&nbsp;<\/p>","protected":false},"excerpt":{"rendered":"<p>Melhore a sua experi\u00eancia de jogo com a capa protetora TPU R36S, a combina\u00e7\u00e3o perfeita de prote\u00e7\u00e3o, funcionalidade e design elegante. Mantenha a sua consola nas melhores condi\u00e7\u00f5es e jogue sem preocupa\u00e7\u00f5es<\/p>","protected":false},"featured_media":7625,"comment_status":"open","ping_status":"closed","template":"","meta":[],"product_brand":[],"product_cat":[54],"product_tag":[],"class_list":{"0":"post-7619","1":"product","2":"type-product","3":"status-publish","4":"has-post-thumbnail","6":"product_cat-r36s-accessories","8":"first","9":"instock","10":"shipping-taxable","11":"purchasable","12":"product-type-variable"},"jetpack_sharing_enabled":true,"jetpack-related-posts":[],"_links":{"self":[{"href":"https:\/\/r36shandheld.store\/pt\/wp-json\/wp\/v2\/product\/7619","targetHints":{"allow":["GET"]}}],"collection":[{"href":"https:\/\/r36shandheld.store\/pt\/wp-json\/wp\/v2\/product"}],"about":[{"href":"https:\/\/r36shandheld.store\/pt\/wp-json\/wp\/v2\/types\/product"}],"replies":[{"embeddable":true,"href":"https:\/\/r36shandheld.store\/pt\/wp-json\/wp\/v2\/comments?post=7619"}],"wp:featuredmedia":[{"embeddable":true,"href":"https:\/\/r36shandheld.store\/pt\/wp-json\/wp\/v2\/media\/7625"}],"wp:attachment":[{"href":"https:\/\/r36shandheld.store\/pt\/wp-json\/wp\/v2\/media?parent=7619"}],"wp:term":[{"taxonomy":"product_brand","embeddable":true,"href":"https:\/\/r36shandheld.store\/pt\/wp-json\/wp\/v2\/product_brand?post=7619"},{"taxonomy":"product_cat","embeddable":true,"href":"https:\/\/r36shandheld.store\/pt\/wp-json\/wp\/v2\/product_cat?post=7619"},{"taxonomy":"product_tag","embeddable":true,"href":"https:\/\/r36shandheld.store\/pt\/wp-json\/wp\/v2\/product_tag?post=7619"}],"curies":[{"name":"wp","href":"https:\/\/api.w.org\/{rel}","templated":true}]}}