{"id":7552,"date":"2025-01-20T01:16:42","date_gmt":"2025-01-19T17:16:42","guid":{"rendered":"https:\/\/r36shandheld.store\/?post_type=product&#038;p=7552"},"modified":"2025-01-20T22:54:05","modified_gmt":"2025-01-20T14:54:05","slug":"r36s-handheld-grip-gmae-console-grips","status":"publish","type":"product","link":"https:\/\/r36shandheld.store\/pt\/p\/r36s-handheld-grip-gmae-console-grips\/","title":{"rendered":"Punho de m\u00e3o R36s | Punhos de consola Gmae"},"content":{"rendered":"<p><img fetchpriority=\"high\" decoding=\"async\" class=\"alignnone size-full wp-image-7565\" title=\"Pega para consola de jogos retro R36S\" src=\"https:\/\/r36shandheld.store\/wp-content\/uploads\/2025\/01\/R36S-Retro-Gaming-Console-Grip.webp\" alt=\"Pega para consola de jogos retro R36S\" width=\"2000\" height=\"2000\" srcset=\"https:\/\/r36shandheld.store\/wp-content\/uploads\/2025\/01\/R36S-Retro-Gaming-Console-Grip.webp 2000w, https:\/\/r36shandheld.store\/wp-content\/uploads\/2025\/01\/R36S-Retro-Gaming-Console-Grip-300x300.webp 300w, https:\/\/r36shandheld.store\/wp-content\/uploads\/2025\/01\/R36S-Retro-Gaming-Console-Grip-1024x1024.webp 1024w, https:\/\/r36shandheld.store\/wp-content\/uploads\/2025\/01\/R36S-Retro-Gaming-Console-Grip-150x150.webp 150w, https:\/\/r36shandheld.store\/wp-content\/uploads\/2025\/01\/R36S-Retro-Gaming-Console-Grip-768x768.webp 768w, https:\/\/r36shandheld.store\/wp-content\/uploads\/2025\/01\/R36S-Retro-Gaming-Console-Grip-1536x1536.webp 1536w, https:\/\/r36shandheld.store\/wp-content\/uploads\/2025\/01\/R36S-Retro-Gaming-Console-Grip-990x990.webp 990w, https:\/\/r36shandheld.store\/wp-content\/uploads\/2025\/01\/R36S-Retro-Gaming-Console-Grip-441x441.webp 441w, https:\/\/r36shandheld.store\/wp-content\/uploads\/2025\/01\/R36S-Retro-Gaming-Console-Grip-100x100.webp 100w, https:\/\/r36shandheld.store\/wp-content\/uploads\/2025\/01\/R36S-Retro-Gaming-Console-Grip-800x800.webp 800w\" sizes=\"(max-width: 2000px) 100vw, 2000px\" \/><\/p>\n<h2>Punho de m\u00e3o R36S - Acess\u00f3rio ergon\u00f3mico impresso em 3D para maior conforto e controlo<\/h2>\n<p><strong>Melhore a sua experi\u00eancia de jogo<\/strong><br \/>\nO <strong>Punho de m\u00e3o R36S<\/strong> \u00e9 o derradeiro acess\u00f3rio para os jogadores s\u00e9rios que procuram melhorar a sua experi\u00eancia de consola port\u00e1til. Este <strong>punho ergon\u00f3mico<\/strong> foi concebido para se adaptar perfeitamente ao <strong>Consola port\u00e1til de fonte aberta R36S<\/strong>oferecendo-lhe um conforto e controlo inigual\u00e1veis durante as suas sess\u00f5es de jogo mais longas. Com um design elegante e materiais de alta qualidade, este punho \u00e9 o companheiro perfeito para uma experi\u00eancia de jogo envolvente.<\/p>\n<h2>Carater\u00edsticas do punho de m\u00e3o R36s<\/h2>\n<ul>\n<li><strong>Design personaliz\u00e1vel<\/strong> - Impress\u00e3o em 3D para um aspeto \u00fanico e personalizado. Adapte o seu punho ao seu estilo.<\/li>\n<li><strong>Conforto ergon\u00f3mico<\/strong> - O design aerodin\u00e2mico reduz o esfor\u00e7o das m\u00e3os e aumenta o conforto durante horas de jogo.<\/li>\n<li><strong>Constru\u00e7\u00e3o leve<\/strong> - Com um peso de apenas <strong>70 gramas<\/strong>Com a sua pega, este punho n\u00e3o acrescenta praticamente nenhum volume, preservando a portabilidade da consola R36S.<\/li>\n<li><strong>PLA amigo do ambiente<\/strong> - Fabricado em <strong>material PLA sustent\u00e1vel e duradouro<\/strong>\u00e9 uma adi\u00e7\u00e3o s\u00f3lida e ecol\u00f3gica ao seu equipamento de jogo.<\/li>\n<li><strong>Instala\u00e7\u00e3o f\u00e1cil<\/strong> - Basta encaix\u00e1-lo no seu <strong>Consola R36S<\/strong> para uma configura\u00e7\u00e3o r\u00e1pida, sem ferramentas e pronta para a a\u00e7\u00e3o.<\/li>\n<\/ul>\n<p><strong>Concebido para o conforto, constru\u00eddo para o desempenho<\/strong><br \/>\nO objetivo dos jogos \u00e9 o prazer, n\u00e3o o desconforto. O <strong>Punho de m\u00e3o R36S<\/strong> apresenta um <strong>leve<\/strong> estrutura dur\u00e1vel que equilibra conforto e desempenho. <strong>Concebido de forma ergon\u00f3mica<\/strong>O punho de controlo, que se adapta perfeitamente \u00e0s tuas m\u00e3os, minimiza a fadiga nos jogos prolongados. Quer esteja a correr, a lutar ou a explorar mundos vastos, este punho proporciona o m\u00e1ximo controlo, para que se possa concentrar na vit\u00f3ria.<\/p>\n<p><strong>Constru\u00eddo para durar<\/strong><br \/>\nEsque\u00e7a os punhos fr\u00e1geis que se partem sob press\u00e3o. Este punho \u00e9 feito com <strong>Pl\u00e1stico PLA<\/strong>A sua estrutura de suporte \u00e9 de alta qualidade, garantindo uma durabilidade duradoura sem acrescentar peso desnecess\u00e1rio ao seu equipamento. <strong>Amigo do ambiente<\/strong> e resistente, \u00e9 a ader\u00eancia que vai longe.<\/p>\n<p><strong>Configura\u00e7\u00e3o simples, reprodu\u00e7\u00e3o perfeita<\/strong><br \/>\nN\u00e3o h\u00e1 instala\u00e7\u00f5es complicadas! Os <strong>Punho de m\u00e3o R36S<\/strong> adapta-se \u00e0 consola em segundos, dando-lhe mais tempo para o que interessa - jogar. O seu <strong>fixa\u00e7\u00e3o segura<\/strong> garante que se mant\u00e9m no lugar durante um jogo intenso, para que n\u00e3o tenha de se preocupar com o facto de escorregar ou se mover.<\/p>\n<h2>Porqu\u00ea escolher o punho de m\u00e3o R36S?<\/h2>\n<ul>\n<li><strong>Ajuste perfeito<\/strong> para o <strong>Consola port\u00e1til R36S<\/strong><\/li>\n<li><strong>Personaliz\u00e1vel<\/strong> e elegante, concebido para os jogadores que exigem personaliza\u00e7\u00e3o<\/li>\n<li><strong>Consci\u00eancia ecol\u00f3gica<\/strong> escolhas de materiais que apoiam a sustentabilidade<\/li>\n<li><strong>Instala\u00e7\u00e3o sem esfor\u00e7o<\/strong> e design ergon\u00f3mico para aumentar o seu conforto e desempenho nos jogos<\/li>\n<\/ul>\n<p><strong>Actualize o seu R36S hoje mesmo<\/strong><br \/>\nN\u00e3o se contente com o desconforto. Experimente os jogos como nunca antes com o <strong>Punho de m\u00e3o R36S<\/strong>. Quer esteja a explorar novos t\u00edtulos ou a revisitar velhos favoritos, este punho garante conforto e precis\u00e3o em todos os momentos da sua jornada de jogo.<\/p>","protected":false},"excerpt":{"rendered":"<p>Melhore a sua consola R36S com o ergon\u00f3mico e personaliz\u00e1vel R36S Handheld Grip. Concebido para conforto, controlo e respeito pelo ambiente, \u00e9 o acess\u00f3rio de jogo perfeito<\/p>","protected":false},"featured_media":7565,"comment_status":"open","ping_status":"closed","template":"","meta":[],"product_brand":[],"product_cat":[54],"product_tag":[],"class_list":{"0":"post-7552","1":"product","2":"type-product","3":"status-publish","4":"has-post-thumbnail","6":"product_cat-r36s-accessories","8":"first","9":"instock","10":"shipping-taxable","11":"purchasable","12":"product-type-variable"},"jetpack_sharing_enabled":true,"jetpack-related-posts":[],"_links":{"self":[{"href":"https:\/\/r36shandheld.store\/pt\/wp-json\/wp\/v2\/product\/7552","targetHints":{"allow":["GET"]}}],"collection":[{"href":"https:\/\/r36shandheld.store\/pt\/wp-json\/wp\/v2\/product"}],"about":[{"href":"https:\/\/r36shandheld.store\/pt\/wp-json\/wp\/v2\/types\/product"}],"replies":[{"embeddable":true,"href":"https:\/\/r36shandheld.store\/pt\/wp-json\/wp\/v2\/comments?post=7552"}],"wp:featuredmedia":[{"embeddable":true,"href":"https:\/\/r36shandheld.store\/pt\/wp-json\/wp\/v2\/media\/7565"}],"wp:attachment":[{"href":"https:\/\/r36shandheld.store\/pt\/wp-json\/wp\/v2\/media?parent=7552"}],"wp:term":[{"taxonomy":"product_brand","embeddable":true,"href":"https:\/\/r36shandheld.store\/pt\/wp-json\/wp\/v2\/product_brand?post=7552"},{"taxonomy":"product_cat","embeddable":true,"href":"https:\/\/r36shandheld.store\/pt\/wp-json\/wp\/v2\/product_cat?post=7552"},{"taxonomy":"product_tag","embeddable":true,"href":"https:\/\/r36shandheld.store\/pt\/wp-json\/wp\/v2\/product_tag?post=7552"}],"curies":[{"name":"wp","href":"https:\/\/api.w.org\/{rel}","templated":true}]}}