{"id":7516,"date":"2025-01-20T01:17:42","date_gmt":"2025-01-19T17:17:42","guid":{"rendered":"https:\/\/r36shandheld.store\/?post_type=product&#038;p=7516"},"modified":"2025-01-29T18:40:13","modified_gmt":"2025-01-29T10:40:13","slug":"r36s-playstation-replacement-buttons-4pcs-plastic-set-for-optimized-back-button-accessories","status":"publish","type":"product","link":"https:\/\/r36shandheld.store\/pt\/p\/r36s-playstation-replacement-buttons-4pcs-plastic-set-for-optimized-back-button-accessories\/","title":{"rendered":"R36s Bot\u00f5es de substitui\u00e7\u00e3o para Playstation | Conjunto de 4 pe\u00e7as de pl\u00e1stico para acess\u00f3rios de bot\u00f5es traseiros optimizados"},"content":{"rendered":"<p><img fetchpriority=\"high\" decoding=\"async\" class=\"alignnone size-full wp-image-7524\" title=\"Bot\u00f5es de substitui\u00e7\u00e3o para a Playstation R36s online.jpeg\" src=\"https:\/\/r36shandheld.store\/wp-content\/uploads\/2025\/01\/Affordable-R36s-Playstation-Replacement-Buttons-online.jpeg.webp\" alt=\"Bot\u00f5es de substitui\u00e7\u00e3o para a Playstation R36s online.jpeg\" width=\"1001\" height=\"1001\" srcset=\"https:\/\/r36shandheld.store\/wp-content\/uploads\/2025\/01\/Affordable-R36s-Playstation-Replacement-Buttons-online.jpeg.webp 1001w, https:\/\/r36shandheld.store\/wp-content\/uploads\/2025\/01\/Affordable-R36s-Playstation-Replacement-Buttons-online.jpeg-300x300.webp 300w, https:\/\/r36shandheld.store\/wp-content\/uploads\/2025\/01\/Affordable-R36s-Playstation-Replacement-Buttons-online.jpeg-150x150.webp 150w, https:\/\/r36shandheld.store\/wp-content\/uploads\/2025\/01\/Affordable-R36s-Playstation-Replacement-Buttons-online.jpeg-768x768.webp 768w, https:\/\/r36shandheld.store\/wp-content\/uploads\/2025\/01\/Affordable-R36s-Playstation-Replacement-Buttons-online.jpeg-990x990.webp 990w, https:\/\/r36shandheld.store\/wp-content\/uploads\/2025\/01\/Affordable-R36s-Playstation-Replacement-Buttons-online.jpeg-441x441.webp 441w, https:\/\/r36shandheld.store\/wp-content\/uploads\/2025\/01\/Affordable-R36s-Playstation-Replacement-Buttons-online.jpeg-100x100.webp 100w, https:\/\/r36shandheld.store\/wp-content\/uploads\/2025\/01\/Affordable-R36s-Playstation-Replacement-Buttons-online.jpeg-800x800.webp 800w\" sizes=\"(max-width: 1001px) 100vw, 1001px\" \/><\/p>\n<p><img decoding=\"async\" class=\"alignnone size-full wp-image-7525\" title=\"Melhores bot\u00f5es de substitui\u00e7\u00e3o da Playstation R36s para jogadores.jpeg\" src=\"https:\/\/r36shandheld.store\/wp-content\/uploads\/2025\/01\/Best-R36s-Playstation-Replacement-Buttons-for-gamers.jpeg.webp\" alt=\"Melhores bot\u00f5es de substitui\u00e7\u00e3o da Playstation R36s para jogadores.jpeg\" width=\"1001\" height=\"1001\" srcset=\"https:\/\/r36shandheld.store\/wp-content\/uploads\/2025\/01\/Best-R36s-Playstation-Replacement-Buttons-for-gamers.jpeg.webp 1001w, https:\/\/r36shandheld.store\/wp-content\/uploads\/2025\/01\/Best-R36s-Playstation-Replacement-Buttons-for-gamers.jpeg-300x300.webp 300w, https:\/\/r36shandheld.store\/wp-content\/uploads\/2025\/01\/Best-R36s-Playstation-Replacement-Buttons-for-gamers.jpeg-150x150.webp 150w, https:\/\/r36shandheld.store\/wp-content\/uploads\/2025\/01\/Best-R36s-Playstation-Replacement-Buttons-for-gamers.jpeg-768x768.webp 768w, https:\/\/r36shandheld.store\/wp-content\/uploads\/2025\/01\/Best-R36s-Playstation-Replacement-Buttons-for-gamers.jpeg-990x990.webp 990w, https:\/\/r36shandheld.store\/wp-content\/uploads\/2025\/01\/Best-R36s-Playstation-Replacement-Buttons-for-gamers.jpeg-441x441.webp 441w, https:\/\/r36shandheld.store\/wp-content\/uploads\/2025\/01\/Best-R36s-Playstation-Replacement-Buttons-for-gamers.jpeg-100x100.webp 100w, https:\/\/r36shandheld.store\/wp-content\/uploads\/2025\/01\/Best-R36s-Playstation-Replacement-Buttons-for-gamers.jpeg-800x800.webp 800w\" sizes=\"(max-width: 1001px) 100vw, 1001px\" \/><\/p>\n<p><img decoding=\"async\" class=\"alignnone size-full wp-image-7526\" title=\"Bot\u00f5es de substitui\u00e7\u00e3o da Playstation R36s dur\u00e1veis para repara\u00e7\u00e3o de consolas.jpeg\" src=\"https:\/\/r36shandheld.store\/wp-content\/uploads\/2025\/01\/Durable-R36s-Playstation-Replacement-Buttons-for-console-repair.jpeg.webp\" alt=\"Bot\u00f5es de substitui\u00e7\u00e3o da Playstation R36s dur\u00e1veis para repara\u00e7\u00e3o de consolas.jpeg\" width=\"1001\" height=\"1001\" srcset=\"https:\/\/r36shandheld.store\/wp-content\/uploads\/2025\/01\/Durable-R36s-Playstation-Replacement-Buttons-for-console-repair.jpeg.webp 1001w, https:\/\/r36shandheld.store\/wp-content\/uploads\/2025\/01\/Durable-R36s-Playstation-Replacement-Buttons-for-console-repair.jpeg-300x300.webp 300w, https:\/\/r36shandheld.store\/wp-content\/uploads\/2025\/01\/Durable-R36s-Playstation-Replacement-Buttons-for-console-repair.jpeg-150x150.webp 150w, https:\/\/r36shandheld.store\/wp-content\/uploads\/2025\/01\/Durable-R36s-Playstation-Replacement-Buttons-for-console-repair.jpeg-768x768.webp 768w, https:\/\/r36shandheld.store\/wp-content\/uploads\/2025\/01\/Durable-R36s-Playstation-Replacement-Buttons-for-console-repair.jpeg-990x990.webp 990w, https:\/\/r36shandheld.store\/wp-content\/uploads\/2025\/01\/Durable-R36s-Playstation-Replacement-Buttons-for-console-repair.jpeg-441x441.webp 441w, https:\/\/r36shandheld.store\/wp-content\/uploads\/2025\/01\/Durable-R36s-Playstation-Replacement-Buttons-for-console-repair.jpeg-100x100.webp 100w, https:\/\/r36shandheld.store\/wp-content\/uploads\/2025\/01\/Durable-R36s-Playstation-Replacement-Buttons-for-console-repair.jpeg-800x800.webp 800w\" sizes=\"(max-width: 1001px) 100vw, 1001px\" \/><\/p>\n<p><img loading=\"lazy\" decoding=\"async\" class=\"alignnone size-full wp-image-7527\" title=\"Bot\u00f5es de substitui\u00e7\u00e3o da Playstation R36s de alta qualidade.jpeg\" src=\"https:\/\/r36shandheld.store\/wp-content\/uploads\/2025\/01\/High-quality-R36s-Playstation-Replacement-Buttons.jpeg.webp\" alt=\"Bot\u00f5es de substitui\u00e7\u00e3o da Playstation R36s de alta qualidade.jpeg\" width=\"1001\" height=\"1001\" srcset=\"https:\/\/r36shandheld.store\/wp-content\/uploads\/2025\/01\/High-quality-R36s-Playstation-Replacement-Buttons.jpeg.webp 1001w, https:\/\/r36shandheld.store\/wp-content\/uploads\/2025\/01\/High-quality-R36s-Playstation-Replacement-Buttons.jpeg-300x300.webp 300w, https:\/\/r36shandheld.store\/wp-content\/uploads\/2025\/01\/High-quality-R36s-Playstation-Replacement-Buttons.jpeg-150x150.webp 150w, https:\/\/r36shandheld.store\/wp-content\/uploads\/2025\/01\/High-quality-R36s-Playstation-Replacement-Buttons.jpeg-768x768.webp 768w, https:\/\/r36shandheld.store\/wp-content\/uploads\/2025\/01\/High-quality-R36s-Playstation-Replacement-Buttons.jpeg-990x990.webp 990w, https:\/\/r36shandheld.store\/wp-content\/uploads\/2025\/01\/High-quality-R36s-Playstation-Replacement-Buttons.jpeg-441x441.webp 441w, https:\/\/r36shandheld.store\/wp-content\/uploads\/2025\/01\/High-quality-R36s-Playstation-Replacement-Buttons.jpeg-100x100.webp 100w, https:\/\/r36shandheld.store\/wp-content\/uploads\/2025\/01\/High-quality-R36s-Playstation-Replacement-Buttons.jpeg-800x800.webp 800w\" sizes=\"(max-width: 1001px) 100vw, 1001px\" \/><\/p>\n<p><img loading=\"lazy\" decoding=\"async\" class=\"alignnone size-full wp-image-7528\" title=\"R36s Playstation Bot\u00f5es de substitui\u00e7\u00e3o tamanhos de dimens\u00e3o.jpeg\" src=\"https:\/\/r36shandheld.store\/wp-content\/uploads\/2025\/01\/R36s-Playstation-Replacement-Buttons-dimension-sizes.jpeg.webp\" alt=\"R36s Playstation Bot\u00f5es de substitui\u00e7\u00e3o tamanhos de dimens\u00e3o.jpeg\" width=\"1001\" height=\"1001\" srcset=\"https:\/\/r36shandheld.store\/wp-content\/uploads\/2025\/01\/R36s-Playstation-Replacement-Buttons-dimension-sizes.jpeg.webp 1001w, https:\/\/r36shandheld.store\/wp-content\/uploads\/2025\/01\/R36s-Playstation-Replacement-Buttons-dimension-sizes.jpeg-300x300.webp 300w, https:\/\/r36shandheld.store\/wp-content\/uploads\/2025\/01\/R36s-Playstation-Replacement-Buttons-dimension-sizes.jpeg-150x150.webp 150w, https:\/\/r36shandheld.store\/wp-content\/uploads\/2025\/01\/R36s-Playstation-Replacement-Buttons-dimension-sizes.jpeg-768x768.webp 768w, https:\/\/r36shandheld.store\/wp-content\/uploads\/2025\/01\/R36s-Playstation-Replacement-Buttons-dimension-sizes.jpeg-990x990.webp 990w, https:\/\/r36shandheld.store\/wp-content\/uploads\/2025\/01\/R36s-Playstation-Replacement-Buttons-dimension-sizes.jpeg-441x441.webp 441w, https:\/\/r36shandheld.store\/wp-content\/uploads\/2025\/01\/R36s-Playstation-Replacement-Buttons-dimension-sizes.jpeg-100x100.webp 100w, https:\/\/r36shandheld.store\/wp-content\/uploads\/2025\/01\/R36s-Playstation-Replacement-Buttons-dimension-sizes.jpeg-800x800.webp 800w\" sizes=\"(max-width: 1001px) 100vw, 1001px\" \/><\/p>\n<p><img loading=\"lazy\" decoding=\"async\" class=\"alignnone size-full wp-image-7529\" title=\"R36s Playstation Bot\u00f5es de substitui\u00e7\u00e3o para modifica\u00e7\u00e3o do controlador.jpeg\" src=\"https:\/\/r36shandheld.store\/wp-content\/uploads\/2025\/01\/R36s-Playstation-Replacement-Buttons-for-controller-modification.jpeg.webp\" alt=\"R36s Playstation Bot\u00f5es de substitui\u00e7\u00e3o para modifica\u00e7\u00e3o do controlador.jpeg\" width=\"1001\" height=\"1001\" srcset=\"https:\/\/r36shandheld.store\/wp-content\/uploads\/2025\/01\/R36s-Playstation-Replacement-Buttons-for-controller-modification.jpeg.webp 1001w, https:\/\/r36shandheld.store\/wp-content\/uploads\/2025\/01\/R36s-Playstation-Replacement-Buttons-for-controller-modification.jpeg-300x300.webp 300w, https:\/\/r36shandheld.store\/wp-content\/uploads\/2025\/01\/R36s-Playstation-Replacement-Buttons-for-controller-modification.jpeg-150x150.webp 150w, https:\/\/r36shandheld.store\/wp-content\/uploads\/2025\/01\/R36s-Playstation-Replacement-Buttons-for-controller-modification.jpeg-768x768.webp 768w, https:\/\/r36shandheld.store\/wp-content\/uploads\/2025\/01\/R36s-Playstation-Replacement-Buttons-for-controller-modification.jpeg-990x990.webp 990w, https:\/\/r36shandheld.store\/wp-content\/uploads\/2025\/01\/R36s-Playstation-Replacement-Buttons-for-controller-modification.jpeg-441x441.webp 441w, https:\/\/r36shandheld.store\/wp-content\/uploads\/2025\/01\/R36s-Playstation-Replacement-Buttons-for-controller-modification.jpeg-100x100.webp 100w, https:\/\/r36shandheld.store\/wp-content\/uploads\/2025\/01\/R36s-Playstation-Replacement-Buttons-for-controller-modification.jpeg-800x800.webp 800w\" sizes=\"(max-width: 1001px) 100vw, 1001px\" \/><\/p>\n<p><img loading=\"lazy\" decoding=\"async\" class=\"alignnone size-full wp-image-7530\" title=\"R36s Playstation Bot\u00f5es de substitui\u00e7\u00e3o para controladores personalizados.jpeg\" src=\"https:\/\/r36shandheld.store\/wp-content\/uploads\/2025\/01\/R36s-Playstation-Replacement-Buttons-for-custom-controllers.jpeg.webp\" alt=\"R36s Playstation Bot\u00f5es de substitui\u00e7\u00e3o para controladores personalizados.jpeg\" width=\"1001\" height=\"1001\" srcset=\"https:\/\/r36shandheld.store\/wp-content\/uploads\/2025\/01\/R36s-Playstation-Replacement-Buttons-for-custom-controllers.jpeg.webp 1001w, https:\/\/r36shandheld.store\/wp-content\/uploads\/2025\/01\/R36s-Playstation-Replacement-Buttons-for-custom-controllers.jpeg-300x300.webp 300w, https:\/\/r36shandheld.store\/wp-content\/uploads\/2025\/01\/R36s-Playstation-Replacement-Buttons-for-custom-controllers.jpeg-150x150.webp 150w, https:\/\/r36shandheld.store\/wp-content\/uploads\/2025\/01\/R36s-Playstation-Replacement-Buttons-for-custom-controllers.jpeg-768x768.webp 768w, https:\/\/r36shandheld.store\/wp-content\/uploads\/2025\/01\/R36s-Playstation-Replacement-Buttons-for-custom-controllers.jpeg-990x990.webp 990w, https:\/\/r36shandheld.store\/wp-content\/uploads\/2025\/01\/R36s-Playstation-Replacement-Buttons-for-custom-controllers.jpeg-441x441.webp 441w, https:\/\/r36shandheld.store\/wp-content\/uploads\/2025\/01\/R36s-Playstation-Replacement-Buttons-for-custom-controllers.jpeg-100x100.webp 100w, https:\/\/r36shandheld.store\/wp-content\/uploads\/2025\/01\/R36s-Playstation-Replacement-Buttons-for-custom-controllers.jpeg-800x800.webp 800w\" sizes=\"(max-width: 1001px) 100vw, 1001px\" \/><\/p>\n<p><img loading=\"lazy\" decoding=\"async\" class=\"alignnone size-full wp-image-7531\" title=\"R36s Playstation Bot\u00f5es de substitui\u00e7\u00e3o para comandos dualshock.jpeg\" src=\"https:\/\/r36shandheld.store\/wp-content\/uploads\/2025\/01\/R36s-Playstation-Replacement-Buttons-for-dualshock-controllers.jpeg.webp\" alt=\"R36s Playstation Bot\u00f5es de substitui\u00e7\u00e3o para comandos dualshock.jpeg\" width=\"1001\" height=\"1001\" srcset=\"https:\/\/r36shandheld.store\/wp-content\/uploads\/2025\/01\/R36s-Playstation-Replacement-Buttons-for-dualshock-controllers.jpeg.webp 1001w, https:\/\/r36shandheld.store\/wp-content\/uploads\/2025\/01\/R36s-Playstation-Replacement-Buttons-for-dualshock-controllers.jpeg-300x300.webp 300w, https:\/\/r36shandheld.store\/wp-content\/uploads\/2025\/01\/R36s-Playstation-Replacement-Buttons-for-dualshock-controllers.jpeg-150x150.webp 150w, https:\/\/r36shandheld.store\/wp-content\/uploads\/2025\/01\/R36s-Playstation-Replacement-Buttons-for-dualshock-controllers.jpeg-768x768.webp 768w, https:\/\/r36shandheld.store\/wp-content\/uploads\/2025\/01\/R36s-Playstation-Replacement-Buttons-for-dualshock-controllers.jpeg-990x990.webp 990w, https:\/\/r36shandheld.store\/wp-content\/uploads\/2025\/01\/R36s-Playstation-Replacement-Buttons-for-dualshock-controllers.jpeg-441x441.webp 441w, https:\/\/r36shandheld.store\/wp-content\/uploads\/2025\/01\/R36s-Playstation-Replacement-Buttons-for-dualshock-controllers.jpeg-100x100.webp 100w, https:\/\/r36shandheld.store\/wp-content\/uploads\/2025\/01\/R36s-Playstation-Replacement-Buttons-for-dualshock-controllers.jpeg-800x800.webp 800w\" sizes=\"(max-width: 1001px) 100vw, 1001px\" \/><\/p>\n<p><img loading=\"lazy\" decoding=\"async\" class=\"alignnone size-full wp-image-7532\" title=\"R36s Playstation Bot\u00f5es de substitui\u00e7\u00e3o para controladores de jogos.jpeg\" src=\"https:\/\/r36shandheld.store\/wp-content\/uploads\/2025\/01\/R36s-Playstation-Replacement-Buttons-for-gaming-controllers.jpeg.webp\" alt=\"R36s Playstation Bot\u00f5es de substitui\u00e7\u00e3o para controladores de jogos.jpeg\" width=\"1001\" height=\"1001\" srcset=\"https:\/\/r36shandheld.store\/wp-content\/uploads\/2025\/01\/R36s-Playstation-Replacement-Buttons-for-gaming-controllers.jpeg.webp 1001w, https:\/\/r36shandheld.store\/wp-content\/uploads\/2025\/01\/R36s-Playstation-Replacement-Buttons-for-gaming-controllers.jpeg-300x300.webp 300w, https:\/\/r36shandheld.store\/wp-content\/uploads\/2025\/01\/R36s-Playstation-Replacement-Buttons-for-gaming-controllers.jpeg-150x150.webp 150w, https:\/\/r36shandheld.store\/wp-content\/uploads\/2025\/01\/R36s-Playstation-Replacement-Buttons-for-gaming-controllers.jpeg-768x768.webp 768w, https:\/\/r36shandheld.store\/wp-content\/uploads\/2025\/01\/R36s-Playstation-Replacement-Buttons-for-gaming-controllers.jpeg-990x990.webp 990w, https:\/\/r36shandheld.store\/wp-content\/uploads\/2025\/01\/R36s-Playstation-Replacement-Buttons-for-gaming-controllers.jpeg-441x441.webp 441w, https:\/\/r36shandheld.store\/wp-content\/uploads\/2025\/01\/R36s-Playstation-Replacement-Buttons-for-gaming-controllers.jpeg-100x100.webp 100w, https:\/\/r36shandheld.store\/wp-content\/uploads\/2025\/01\/R36s-Playstation-Replacement-Buttons-for-gaming-controllers.jpeg-800x800.webp 800w\" sizes=\"(max-width: 1001px) 100vw, 1001px\" \/><\/p>\n<p><img loading=\"lazy\" decoding=\"async\" class=\"alignnone size-full wp-image-7533\" title=\"R36s Playstation Bot\u00f5es de substitui\u00e7\u00e3o para repara\u00e7\u00e3o de joysticks.jpeg\" src=\"https:\/\/r36shandheld.store\/wp-content\/uploads\/2025\/01\/R36s-Playstation-Replacement-Buttons-for-joystick-repairs.jpeg.webp\" alt=\"R36s Playstation Bot\u00f5es de substitui\u00e7\u00e3o para repara\u00e7\u00e3o de joysticks.jpeg\" width=\"1001\" height=\"1001\" srcset=\"https:\/\/r36shandheld.store\/wp-content\/uploads\/2025\/01\/R36s-Playstation-Replacement-Buttons-for-joystick-repairs.jpeg.webp 1001w, https:\/\/r36shandheld.store\/wp-content\/uploads\/2025\/01\/R36s-Playstation-Replacement-Buttons-for-joystick-repairs.jpeg-300x300.webp 300w, https:\/\/r36shandheld.store\/wp-content\/uploads\/2025\/01\/R36s-Playstation-Replacement-Buttons-for-joystick-repairs.jpeg-150x150.webp 150w, https:\/\/r36shandheld.store\/wp-content\/uploads\/2025\/01\/R36s-Playstation-Replacement-Buttons-for-joystick-repairs.jpeg-768x768.webp 768w, https:\/\/r36shandheld.store\/wp-content\/uploads\/2025\/01\/R36s-Playstation-Replacement-Buttons-for-joystick-repairs.jpeg-990x990.webp 990w, https:\/\/r36shandheld.store\/wp-content\/uploads\/2025\/01\/R36s-Playstation-Replacement-Buttons-for-joystick-repairs.jpeg-441x441.webp 441w, https:\/\/r36shandheld.store\/wp-content\/uploads\/2025\/01\/R36s-Playstation-Replacement-Buttons-for-joystick-repairs.jpeg-100x100.webp 100w, https:\/\/r36shandheld.store\/wp-content\/uploads\/2025\/01\/R36s-Playstation-Replacement-Buttons-for-joystick-repairs.jpeg-800x800.webp 800w\" sizes=\"(max-width: 1001px) 100vw, 1001px\" \/><\/p>\n<div class=\"flex-shrink-0 flex flex-col relative items-end\">\n<div>\n<div class=\"pt-0\">\n<div class=\"gizmo-shadow-stroke flex h-8 w-8 items-center justify-center overflow-hidden rounded-full\">\n<div class=\"h-full w-full\"><\/div>\n<\/div>\n<\/div>\n<\/div>\n<\/div>\n<div class=\"group\/conversation-turn relative flex w-full min-w-0 flex-col agent-turn\">\n<div class=\"flex-col gap-1 md:gap-3\">\n<div class=\"flex max-w-full flex-col flex-grow\">\n<div class=\"min-h-8 text-message flex w-full flex-col items-end gap-2 whitespace-normal break-words text-start [.text-message+&amp;]:mt-5\" dir=\"auto\" data-message-author-role=\"assistant\" data-message-id=\"16c48531-36ad-4208-b93f-d9331314ebbd\" data-message-model-slug=\"gpt-4o\">\n<div class=\"flex w-full flex-col gap-1 empty:hidden first:pt-[3px]\">\n<div class=\"markdown prose w-full break-words dark:prose-invert light\">\n<p><strong>Melhore a sua experi\u00eancia de jogo<\/strong> com este conjunto de bot\u00f5es de substitui\u00e7\u00e3o de alta qualidade concebido especificamente para o <strong>Consola de jogos port\u00e1til de c\u00f3digo aberto R36s<\/strong>. Perfeitos para melhorar a sua configura\u00e7\u00e3o de jogo, estes <strong>bot\u00f5es traseiros optimizados<\/strong> s\u00e3o concebidos para proporcionar um desempenho suave e fi\u00e1vel durante jogos intensos.<\/p>\n<p><strong>Carater\u00edsticas do produto:<\/strong><\/p>\n<ul>\n<li><strong>Optimizado para <a href=\"https:\/\/r36shandheld.store\/pt\/\">Consola de m\u00e3o R36s<\/a>:<\/strong> Adaptado \u00e0 medida do <strong>Consola de jogos port\u00e1til de c\u00f3digo aberto R36s<\/strong>Estes bot\u00f5es ajudam a melhorar a ergonomia e o desempenho da consola.<\/li>\n<li><strong>Material pl\u00e1stico de qualidade superior:<\/strong> Fabricados em pl\u00e1stico leve e dur\u00e1vel, estes bot\u00f5es de substitui\u00e7\u00e3o garantem uma qualidade duradoura para os jogos do dia a dia.<\/li>\n<li><strong>Design confort\u00e1vel e reativo:<\/strong> Os bot\u00f5es foram concebidos para oferecer um toque confort\u00e1vel e um tempo de resposta r\u00e1pido, fazendo com que cada premir de bot\u00e3o seja importante.<\/li>\n<li><strong>F\u00e1cil de instalar:<\/strong> Instala\u00e7\u00e3o r\u00e1pida e simples, para que possa voltar a jogar num instante.<\/li>\n<li><strong>Compacto e port\u00e1til:<\/strong> O produto \u00e9 pequeno, leve e f\u00e1cil de armazenar, com um tamanho de embalagem de <strong>6x6x3cm<\/strong>.<\/li>\n<\/ul>\n<p><strong>O que est\u00e1 inclu\u00eddo:<\/strong><\/p>\n<ul>\n<li>4 bot\u00f5es de substitui\u00e7\u00e3o (preto)<\/li>\n<li><strong>Peso:<\/strong> 30g<\/li>\n<li><strong>Embalagem:<\/strong> Saco seguro para uma entrega segura<\/li>\n<\/ul>\n<\/div>\n<\/div>\n<\/div>\n<\/div>\n<\/div>\n<\/div>","protected":false},"excerpt":{"rendered":"<p>Quer seja um jogador experiente ou um amador, este conjunto de bot\u00f5es de substitui\u00e7\u00e3o \u00e9 o complemento perfeito para melhorar a funcionalidade e a est\u00e9tica da sua consola de jogos port\u00e1til R36s<\/p>","protected":false},"featured_media":7522,"comment_status":"open","ping_status":"closed","template":"","meta":[],"product_brand":[],"product_cat":[54],"product_tag":[],"class_list":{"0":"post-7516","1":"product","2":"type-product","3":"status-publish","4":"has-post-thumbnail","6":"product_cat-r36s-accessories","8":"first","9":"instock","10":"shipping-taxable","11":"purchasable","12":"product-type-simple"},"jetpack_sharing_enabled":true,"jetpack-related-posts":[],"_links":{"self":[{"href":"https:\/\/r36shandheld.store\/pt\/wp-json\/wp\/v2\/product\/7516","targetHints":{"allow":["GET"]}}],"collection":[{"href":"https:\/\/r36shandheld.store\/pt\/wp-json\/wp\/v2\/product"}],"about":[{"href":"https:\/\/r36shandheld.store\/pt\/wp-json\/wp\/v2\/types\/product"}],"replies":[{"embeddable":true,"href":"https:\/\/r36shandheld.store\/pt\/wp-json\/wp\/v2\/comments?post=7516"}],"wp:featuredmedia":[{"embeddable":true,"href":"https:\/\/r36shandheld.store\/pt\/wp-json\/wp\/v2\/media\/7522"}],"wp:attachment":[{"href":"https:\/\/r36shandheld.store\/pt\/wp-json\/wp\/v2\/media?parent=7516"}],"wp:term":[{"taxonomy":"product_brand","embeddable":true,"href":"https:\/\/r36shandheld.store\/pt\/wp-json\/wp\/v2\/product_brand?post=7516"},{"taxonomy":"product_cat","embeddable":true,"href":"https:\/\/r36shandheld.store\/pt\/wp-json\/wp\/v2\/product_cat?post=7516"},{"taxonomy":"product_tag","embeddable":true,"href":"https:\/\/r36shandheld.store\/pt\/wp-json\/wp\/v2\/product_tag?post=7516"}],"curies":[{"name":"wp","href":"https:\/\/api.w.org\/{rel}","templated":true}]}}