{"id":7411,"date":"2025-01-20T01:17:31","date_gmt":"2025-01-19T17:17:31","guid":{"rendered":"https:\/\/r36shandheld.store\/?post_type=product&#038;p=7411"},"modified":"2025-01-20T01:17:31","modified_gmt":"2025-01-19T17:17:31","slug":"purple-game-master-r36s","status":"publish","type":"product","link":"https:\/\/r36shandheld.store\/pt\/p\/purple-game-master-r36s\/","title":{"rendered":"Game Master R36s p\u00farpura"},"content":{"rendered":"<p><img fetchpriority=\"high\" decoding=\"async\" class=\"alignnone size-full wp-image-7422\" title=\"joystick duplo para R36s com bons bot\u00f5es\" src=\"https:\/\/r36shandheld.store\/wp-content\/uploads\/2025\/01\/double-joystick-for-R36s-with-good-buttons.webp\" alt=\"joystick duplo para R36s com bons bot\u00f5es\" width=\"1000\" height=\"1000\" srcset=\"https:\/\/r36shandheld.store\/wp-content\/uploads\/2025\/01\/double-joystick-for-R36s-with-good-buttons.webp 1000w, https:\/\/r36shandheld.store\/wp-content\/uploads\/2025\/01\/double-joystick-for-R36s-with-good-buttons-300x300.webp 300w, https:\/\/r36shandheld.store\/wp-content\/uploads\/2025\/01\/double-joystick-for-R36s-with-good-buttons-150x150.webp 150w, https:\/\/r36shandheld.store\/wp-content\/uploads\/2025\/01\/double-joystick-for-R36s-with-good-buttons-768x768.webp 768w, https:\/\/r36shandheld.store\/wp-content\/uploads\/2025\/01\/double-joystick-for-R36s-with-good-buttons-990x990.webp 990w, https:\/\/r36shandheld.store\/wp-content\/uploads\/2025\/01\/double-joystick-for-R36s-with-good-buttons-441x441.webp 441w, https:\/\/r36shandheld.store\/wp-content\/uploads\/2025\/01\/double-joystick-for-R36s-with-good-buttons-100x100.webp 100w, https:\/\/r36shandheld.store\/wp-content\/uploads\/2025\/01\/double-joystick-for-R36s-with-good-buttons-800x800.webp 800w\" sizes=\"(max-width: 1000px) 100vw, 1000px\" \/> <img decoding=\"async\" class=\"alignnone size-full wp-image-7421\" title=\"Cores diferentes do R36S\" src=\"https:\/\/r36shandheld.store\/wp-content\/uploads\/2025\/01\/Different-colors-of-R36S-.webp\" alt=\"Cores diferentes do R36S\" width=\"1000\" height=\"1000\" srcset=\"https:\/\/r36shandheld.store\/wp-content\/uploads\/2025\/01\/Different-colors-of-R36S-.webp 1000w, https:\/\/r36shandheld.store\/wp-content\/uploads\/2025\/01\/Different-colors-of-R36S--300x300.webp 300w, https:\/\/r36shandheld.store\/wp-content\/uploads\/2025\/01\/Different-colors-of-R36S--150x150.webp 150w, https:\/\/r36shandheld.store\/wp-content\/uploads\/2025\/01\/Different-colors-of-R36S--768x768.webp 768w, https:\/\/r36shandheld.store\/wp-content\/uploads\/2025\/01\/Different-colors-of-R36S--990x990.webp 990w, https:\/\/r36shandheld.store\/wp-content\/uploads\/2025\/01\/Different-colors-of-R36S--441x441.webp 441w, https:\/\/r36shandheld.store\/wp-content\/uploads\/2025\/01\/Different-colors-of-R36S--100x100.webp 100w, https:\/\/r36shandheld.store\/wp-content\/uploads\/2025\/01\/Different-colors-of-R36S--800x800.webp 800w\" sizes=\"(max-width: 1000px) 100vw, 1000px\" \/> <img decoding=\"async\" class=\"alignnone size-full wp-image-7420\" title=\"R36s com adaptadores OTG para sa\u00edda em ecr\u00e3 grande, ligar o gamepad\" src=\"https:\/\/r36shandheld.store\/wp-content\/uploads\/2025\/01\/R36s-with-OTG-adapters-for-large-screen-output-connect-the-gamepad.webp\" alt=\"R36s com adaptadores OTG para sa\u00edda em ecr\u00e3 grande, ligar o gamepad\" width=\"1000\" height=\"1000\" srcset=\"https:\/\/r36shandheld.store\/wp-content\/uploads\/2025\/01\/R36s-with-OTG-adapters-for-large-screen-output-connect-the-gamepad.webp 1000w, https:\/\/r36shandheld.store\/wp-content\/uploads\/2025\/01\/R36s-with-OTG-adapters-for-large-screen-output-connect-the-gamepad-300x300.webp 300w, https:\/\/r36shandheld.store\/wp-content\/uploads\/2025\/01\/R36s-with-OTG-adapters-for-large-screen-output-connect-the-gamepad-150x150.webp 150w, https:\/\/r36shandheld.store\/wp-content\/uploads\/2025\/01\/R36s-with-OTG-adapters-for-large-screen-output-connect-the-gamepad-768x768.webp 768w, https:\/\/r36shandheld.store\/wp-content\/uploads\/2025\/01\/R36s-with-OTG-adapters-for-large-screen-output-connect-the-gamepad-990x990.webp 990w, https:\/\/r36shandheld.store\/wp-content\/uploads\/2025\/01\/R36s-with-OTG-adapters-for-large-screen-output-connect-the-gamepad-441x441.webp 441w, https:\/\/r36shandheld.store\/wp-content\/uploads\/2025\/01\/R36s-with-OTG-adapters-for-large-screen-output-connect-the-gamepad-100x100.webp 100w, https:\/\/r36shandheld.store\/wp-content\/uploads\/2025\/01\/R36s-with-OTG-adapters-for-large-screen-output-connect-the-gamepad-800x800.webp 800w\" sizes=\"(max-width: 1000px) 100vw, 1000px\" \/><img loading=\"lazy\" decoding=\"async\" class=\"alignnone size-full wp-image-7417\" title=\"Bateria de longa dura\u00e7\u00e3o do R36s com bateria de 29000mah\" src=\"https:\/\/r36shandheld.store\/wp-content\/uploads\/2025\/01\/R36s-long-battery-life-with-29000mah-battery.webp\" alt=\"Bateria de longa dura\u00e7\u00e3o do R36s com bateria de 29000mah\" width=\"800\" height=\"1350\" srcset=\"https:\/\/r36shandheld.store\/wp-content\/uploads\/2025\/01\/R36s-long-battery-life-with-29000mah-battery.webp 800w, https:\/\/r36shandheld.store\/wp-content\/uploads\/2025\/01\/R36s-long-battery-life-with-29000mah-battery-178x300.webp 178w, https:\/\/r36shandheld.store\/wp-content\/uploads\/2025\/01\/R36s-long-battery-life-with-29000mah-battery-607x1024.webp 607w, https:\/\/r36shandheld.store\/wp-content\/uploads\/2025\/01\/R36s-long-battery-life-with-29000mah-battery-768x1296.webp 768w, https:\/\/r36shandheld.store\/wp-content\/uploads\/2025\/01\/R36s-long-battery-life-with-29000mah-battery-441x744.webp 441w, https:\/\/r36shandheld.store\/wp-content\/uploads\/2025\/01\/R36s-long-battery-life-with-29000mah-battery-300x506.webp 300w, https:\/\/r36shandheld.store\/wp-content\/uploads\/2025\/01\/R36s-long-battery-life-with-29000mah-battery-150x253.webp 150w\" sizes=\"(max-width: 800px) 100vw, 800px\" \/><\/p>\n<h2>Purple Game Master R36s: A sua derradeira experi\u00eancia de jogos retro<\/h2>\n<p><strong>Liberte o seu jogador interior com o Purple Game Master R36s<\/strong>uma consola port\u00e1til de \u00faltima gera\u00e7\u00e3o concebida para os amantes do charme dos jogos retro. Esta consola tem uma biblioteca de 15.000 jogos, um design elegante e especifica\u00e7\u00f5es potentes, sendo perfeita para jogar em movimento.<\/p>\n<h2>Especifica\u00e7\u00f5es principais:<\/h2>\n<ul>\n<li><strong>Jogos inclu\u00eddos<\/strong>: Mais de 15.000 jogos cl\u00e1ssicos em 21 emuladores.<\/li>\n<li><strong>Modelo<\/strong>: R36S.<\/li>\n<li><strong>Ecr\u00e3<\/strong>: Ecr\u00e3 IPS HD de 3,5\u2033 para imagens vibrantes e n\u00edtidas.<\/li>\n<li><strong>Resolu\u00e7\u00e3o<\/strong>640\u00d7480 para uma verdadeira est\u00e9tica retro.<\/li>\n<li><strong>Processador<\/strong>: Quad-core Cortex-A35 de 64 bits, at\u00e9 1,8GHz.<\/li>\n<li><strong>Mem\u00f3ria<\/strong>: 1 GB de RAM DDR3L e 64 GB de armazenamento para um desempenho sem problemas.<\/li>\n<li><strong>Bateria<\/strong>: Bateria de pol\u00edmero recarreg\u00e1vel de 2900mAh incorporada com mais de 4 horas de tempo de reprodu\u00e7\u00e3o com uma \u00fanica carga.<\/li>\n<li><strong>L\u00ednguas suportadas<\/strong>: Interface multilingue, incluindo ingl\u00eas, franc\u00eas, alem\u00e3o, espanhol, chin\u00eas e muito mais.<\/li>\n<\/ul>\n<h2>Carater\u00edsticas que se destacam:<\/h2>\n<ul>\n<li><strong>Portabilidade em movimento<\/strong><br \/>\nO design ultra-compacto e a est\u00e9tica retro fazem dele o companheiro de viagem perfeito para viagens de neg\u00f3cios, f\u00e9rias ou campismo. Reviva a era dourada dos jogos em qualquer altura e em qualquer lugar.<\/li>\n<li><strong>Visuais imersivos<\/strong><br \/>\nO ecr\u00e3 IPS HD de 3,5\u2033 garante um \u00e2ngulo de visualiza\u00e7\u00e3o amplo e uma qualidade de imagem excecional para uma experi\u00eancia de jogo envolvente.<\/li>\n<li><strong>Jogos personaliz\u00e1veis<\/strong><br \/>\nAlimentado por um sistema Linux de c\u00f3digo aberto, o R36s permite uma personaliza\u00e7\u00e3o f\u00e1cil e um desempenho de jogo suave.<\/li>\n<li><strong>Dura\u00e7\u00e3o excecional da bateria<\/strong><br \/>\nCom uma bateria amov\u00edvel e recarreg\u00e1vel de 2900mAh, desfrute de sess\u00f5es de jogo ininterruptas durante horas. Troque ou recarregue facilmente para jogar durante mais tempo.<\/li>\n<li><strong>Design amigo da fam\u00edlia<\/strong><br \/>\nOs controlos parentais integrados e o funcionamento intuitivo tornam o Purple Game Master R36s adequado para jogadores de todas as idades.<\/li>\n<li><strong>Elegante e duradouro<\/strong><br \/>\nDispon\u00edvel num bonito acabamento roxo, esta consola \u00e9 t\u00e3o robusta como visualmente apelativa.<\/li>\n<\/ul>\n<h4>Porqu\u00ea escolher a Purple Game Master R36s?<\/h4>\n<ul>\n<li><strong>Biblioteca de jogos massiva<\/strong><br \/>\nRedescubra 15.000 jogos cl\u00e1ssicos das suas \u00e9pocas favoritas, tudo num \u00fanico dispositivo.<\/li>\n<li><strong>Constru\u00eddo para o desempenho<\/strong><br \/>\nEquipado com um processador de alta velocidade e uma ampla mem\u00f3ria RAM, o R36s proporciona uma jogabilidade sem falhas.<\/li>\n<li><strong>Prenda perfeita<\/strong><br \/>\nDelicie os entusiastas dos jogos retro e os jogadores modernos com a mistura perfeita de nostalgia e inova\u00e7\u00e3o.<\/li>\n<\/ul>\n<p><strong>Adquira hoje mesmo o Purple Game Master R36s e d\u00ea vida aos seus jogos retro favoritos.<\/strong> Pronto para levar os seus jogos para onde quer que v\u00e1? <strong>Encomende agora e experimente a divers\u00e3o de jogar a qualquer hora, em qualquer lugar!<\/strong><\/p>","protected":false},"excerpt":{"rendered":"<p>A Purple Game Master R36s \u00e9 a sua derradeira consola retro, com 15.000 jogos, especifica\u00e7\u00f5es potentes, bateria de longa dura\u00e7\u00e3o e um design elegante e port\u00e1til para jogar em qualquer lugar<\/p>","protected":false},"featured_media":7414,"comment_status":"open","ping_status":"closed","template":"","meta":[],"product_brand":[],"product_cat":[15],"product_tag":[],"class_list":{"0":"post-7411","1":"product","2":"type-product","3":"status-publish","4":"has-post-thumbnail","6":"product_cat-r36s","8":"first","9":"instock","10":"shipping-taxable","11":"purchasable","12":"product-type-variable"},"jetpack_sharing_enabled":true,"jetpack-related-posts":[],"_links":{"self":[{"href":"https:\/\/r36shandheld.store\/pt\/wp-json\/wp\/v2\/product\/7411","targetHints":{"allow":["GET"]}}],"collection":[{"href":"https:\/\/r36shandheld.store\/pt\/wp-json\/wp\/v2\/product"}],"about":[{"href":"https:\/\/r36shandheld.store\/pt\/wp-json\/wp\/v2\/types\/product"}],"replies":[{"embeddable":true,"href":"https:\/\/r36shandheld.store\/pt\/wp-json\/wp\/v2\/comments?post=7411"}],"wp:featuredmedia":[{"embeddable":true,"href":"https:\/\/r36shandheld.store\/pt\/wp-json\/wp\/v2\/media\/7414"}],"wp:attachment":[{"href":"https:\/\/r36shandheld.store\/pt\/wp-json\/wp\/v2\/media?parent=7411"}],"wp:term":[{"taxonomy":"product_brand","embeddable":true,"href":"https:\/\/r36shandheld.store\/pt\/wp-json\/wp\/v2\/product_brand?post=7411"},{"taxonomy":"product_cat","embeddable":true,"href":"https:\/\/r36shandheld.store\/pt\/wp-json\/wp\/v2\/product_cat?post=7411"},{"taxonomy":"product_tag","embeddable":true,"href":"https:\/\/r36shandheld.store\/pt\/wp-json\/wp\/v2\/product_tag?post=7411"}],"curies":[{"name":"wp","href":"https:\/\/api.w.org\/{rel}","templated":true}]}}