{"id":7399,"date":"2025-01-20T01:17:00","date_gmt":"2025-01-19T17:17:00","guid":{"rendered":"https:\/\/r36shandheld.store\/?post_type=product&#038;p=7399"},"modified":"2025-01-20T01:17:01","modified_gmt":"2025-01-19T17:17:01","slug":"orange-r36s-game-console","status":"publish","type":"product","link":"https:\/\/r36shandheld.store\/pt\/p\/orange-r36s-game-console\/","title":{"rendered":"Consola de jogos Orange R36s"},"content":{"rendered":"<p><img fetchpriority=\"high\" decoding=\"async\" class=\"alignnone size-full wp-image-7405\" title=\"Bateria r36s anbernic integrada de 2900MAH, reproduz 4 horas com uma carga\" src=\"https:\/\/r36shandheld.store\/wp-content\/uploads\/2025\/01\/r36s-anbernic-build-in-2900MAH-battery-play-4-hours-in-one-charge.webp\" alt=\"Bateria r36s anbernic integrada de 2900MAH, reproduz 4 horas com uma carga\" width=\"1000\" height=\"1000\" srcset=\"https:\/\/r36shandheld.store\/wp-content\/uploads\/2025\/01\/r36s-anbernic-build-in-2900MAH-battery-play-4-hours-in-one-charge.webp 1000w, https:\/\/r36shandheld.store\/wp-content\/uploads\/2025\/01\/r36s-anbernic-build-in-2900MAH-battery-play-4-hours-in-one-charge-300x300.webp 300w, https:\/\/r36shandheld.store\/wp-content\/uploads\/2025\/01\/r36s-anbernic-build-in-2900MAH-battery-play-4-hours-in-one-charge-150x150.webp 150w, https:\/\/r36shandheld.store\/wp-content\/uploads\/2025\/01\/r36s-anbernic-build-in-2900MAH-battery-play-4-hours-in-one-charge-768x768.webp 768w, https:\/\/r36shandheld.store\/wp-content\/uploads\/2025\/01\/r36s-anbernic-build-in-2900MAH-battery-play-4-hours-in-one-charge-990x990.webp 990w, https:\/\/r36shandheld.store\/wp-content\/uploads\/2025\/01\/r36s-anbernic-build-in-2900MAH-battery-play-4-hours-in-one-charge-441x441.webp 441w, https:\/\/r36shandheld.store\/wp-content\/uploads\/2025\/01\/r36s-anbernic-build-in-2900MAH-battery-play-4-hours-in-one-charge-100x100.webp 100w, https:\/\/r36shandheld.store\/wp-content\/uploads\/2025\/01\/r36s-anbernic-build-in-2900MAH-battery-play-4-hours-in-one-charge-800x800.webp 800w\" sizes=\"(max-width: 1000px) 100vw, 1000px\" \/> <img decoding=\"async\" class=\"alignnone size-full wp-image-7404\" title=\"joystick duplo para r36s retro com bons bot\u00f5es\" src=\"https:\/\/r36shandheld.store\/wp-content\/uploads\/2025\/01\/double-joystick-for-retro-r36s-with-good-buttons.webp\" alt=\"joystick duplo para r36s retro com bons bot\u00f5es\" width=\"1000\" height=\"1000\" srcset=\"https:\/\/r36shandheld.store\/wp-content\/uploads\/2025\/01\/double-joystick-for-retro-r36s-with-good-buttons.webp 1000w, https:\/\/r36shandheld.store\/wp-content\/uploads\/2025\/01\/double-joystick-for-retro-r36s-with-good-buttons-300x300.webp 300w, https:\/\/r36shandheld.store\/wp-content\/uploads\/2025\/01\/double-joystick-for-retro-r36s-with-good-buttons-150x150.webp 150w, https:\/\/r36shandheld.store\/wp-content\/uploads\/2025\/01\/double-joystick-for-retro-r36s-with-good-buttons-768x768.webp 768w, https:\/\/r36shandheld.store\/wp-content\/uploads\/2025\/01\/double-joystick-for-retro-r36s-with-good-buttons-990x990.webp 990w, https:\/\/r36shandheld.store\/wp-content\/uploads\/2025\/01\/double-joystick-for-retro-r36s-with-good-buttons-441x441.webp 441w, https:\/\/r36shandheld.store\/wp-content\/uploads\/2025\/01\/double-joystick-for-retro-r36s-with-good-buttons-100x100.webp 100w, https:\/\/r36shandheld.store\/wp-content\/uploads\/2025\/01\/double-joystick-for-retro-r36s-with-good-buttons-800x800.webp 800w\" sizes=\"(max-width: 1000px) 100vw, 1000px\" \/><\/p>\n<h2>Consola de jogos Orange R36s: Redescobrir a alegria dos jogos retro<\/h2>\n<p><strong>Experimente a nostalgia reimaginada com a Consola de Jogos Orange R36s<\/strong>O R36s \u00e9 o seu melhor companheiro de jogo. Com 15.000 jogos cl\u00e1ssicos pr\u00e9-carregados, um design elegante e funcionalidades modernas, a R36s combina o charme vintage com a funcionalidade contempor\u00e2nea. Quer esteja em casa ou em viagem, esta consola promete divers\u00e3o sem fim para jogadores de todas as idades.<\/p>\n<h2>Especifica\u00e7\u00f5es principais:<\/h2>\n<ul>\n<li><strong>Jogos inclu\u00eddos<\/strong>: Mais de 15.000 cl\u00e1ssicos em 21 emuladores.<\/li>\n<li><strong>Modelo<\/strong>: R36S.<\/li>\n<li><strong>Ecr\u00e3<\/strong>: Ecr\u00e3 IPS HD de 3,5\u2033 com uma resolu\u00e7\u00e3o vibrante de 640\u00d7480.<\/li>\n<li><strong>L\u00ednguas suportadas<\/strong>: Interface multilingue, incluindo ingl\u00eas, franc\u00eas, alem\u00e3o, espanhol, chin\u00eas e muito mais.<\/li>\n<li><strong>Processador<\/strong>: Quad-core 64-bit Cortex-A35, 1.8GHz para um desempenho de jogo sem falhas.<\/li>\n<li><strong>Mem\u00f3ria<\/strong>: 1 GB de RAM DDR3L, 64 GB de mem\u00f3ria.<\/li>\n<li><strong>Dura\u00e7\u00e3o da bateria<\/strong>Bateria de pol\u00edmero amov\u00edvel de 2900mAh que oferece mais de 4 horas de jogo sem interrup\u00e7\u00f5es.<\/li>\n<\/ul>\n<h2>Carater\u00edsticas de destaque:<\/h2>\n<ul>\n<li><strong>Design port\u00e1til<\/strong>: A constru\u00e7\u00e3o ultra-compacta e leve adapta-se perfeitamente ao seu estilo de vida, tornando-o ideal para viagens, viagens de neg\u00f3cios ou aventuras em parques de campismo. Reviva seus jogos favoritos em qualquer lugar, a qualquer hora.<\/li>\n<li><strong>Ecr\u00e3 superior<\/strong>: O ecr\u00e3 IPS HD de 3,5\u2033 proporciona imagens n\u00edtidas com \u00e2ngulos de visualiza\u00e7\u00e3o amplos, garantindo uma experi\u00eancia envolvente.<\/li>\n<li><strong>Jogos alargados<\/strong>: A bateria recarreg\u00e1vel e amov\u00edvel de 2900mAh garante sess\u00f5es de jogo prolongadas. Pode trocar facilmente as pilhas para um tempo de jogo ainda mais longo.<\/li>\n<li><strong>Amigo das crian\u00e7as<\/strong>: Constru\u00eddo com controlos f\u00e1ceis de utilizar e defini\u00e7\u00f5es parentais, o R36s \u00e9 perfeito para crian\u00e7as e fam\u00edlias.<\/li>\n<li><strong>Experi\u00eancia personaliz\u00e1vel<\/strong>: Alimentado por um sistema Linux de c\u00f3digo aberto, personalize a sua experi\u00eancia de jogo de acordo com o seu estilo.<\/li>\n<\/ul>\n<h4>Porqu\u00ea escolher o Orange R36s?<\/h4>\n<ul>\n<li><strong>Biblioteca de jogos massiva<\/strong>: Aceda a uma cole\u00e7\u00e3o diversificada de 15.000 jogos retro para horas de divers\u00e3o nost\u00e1lgica.<\/li>\n<li><strong>Dur\u00e1vel e com estilo<\/strong>: Escolha entre tr\u00eas cores deslumbrantes que reflectem a sua personalidade enquanto desfruta de um design robusto e duradouro.<\/li>\n<li><strong>Prenda perfeita<\/strong>: Uma \u00f3ptima escolha para os entusiastas dos jogos e para os amantes dos jogos retro.<\/li>\n<\/ul>\n<p><strong>Entre no passado e jogue no futuro com a Consola de Jogos Orange R36s.<\/strong> Adquira o seu hoje mesmo e redefina a sua experi\u00eancia com os jogos cl\u00e1ssicos!<\/p>","protected":false},"excerpt":{"rendered":"<p>Experimente os jogos retro com a Consola de Jogos Orange R36s! Desfrute de mais de 15.000 jogos cl\u00e1ssicos num design port\u00e1til com ecr\u00e3 HD, bateria de longa dura\u00e7\u00e3o e funcionalidades modernas<\/p>","protected":false},"featured_media":7402,"comment_status":"open","ping_status":"closed","template":"","meta":[],"product_brand":[],"product_cat":[15],"product_tag":[],"class_list":{"0":"post-7399","1":"product","2":"type-product","3":"status-publish","4":"has-post-thumbnail","6":"product_cat-r36s","8":"first","9":"instock","10":"shipping-taxable","11":"purchasable","12":"product-type-variable"},"jetpack_sharing_enabled":true,"jetpack-related-posts":[],"_links":{"self":[{"href":"https:\/\/r36shandheld.store\/pt\/wp-json\/wp\/v2\/product\/7399","targetHints":{"allow":["GET"]}}],"collection":[{"href":"https:\/\/r36shandheld.store\/pt\/wp-json\/wp\/v2\/product"}],"about":[{"href":"https:\/\/r36shandheld.store\/pt\/wp-json\/wp\/v2\/types\/product"}],"replies":[{"embeddable":true,"href":"https:\/\/r36shandheld.store\/pt\/wp-json\/wp\/v2\/comments?post=7399"}],"wp:featuredmedia":[{"embeddable":true,"href":"https:\/\/r36shandheld.store\/pt\/wp-json\/wp\/v2\/media\/7402"}],"wp:attachment":[{"href":"https:\/\/r36shandheld.store\/pt\/wp-json\/wp\/v2\/media?parent=7399"}],"wp:term":[{"taxonomy":"product_brand","embeddable":true,"href":"https:\/\/r36shandheld.store\/pt\/wp-json\/wp\/v2\/product_brand?post=7399"},{"taxonomy":"product_cat","embeddable":true,"href":"https:\/\/r36shandheld.store\/pt\/wp-json\/wp\/v2\/product_cat?post=7399"},{"taxonomy":"product_tag","embeddable":true,"href":"https:\/\/r36shandheld.store\/pt\/wp-json\/wp\/v2\/product_tag?post=7399"}],"curies":[{"name":"wp","href":"https:\/\/api.w.org\/{rel}","templated":true}]}}