{"id":7387,"date":"2025-01-20T01:17:35","date_gmt":"2025-01-19T17:17:35","guid":{"rendered":"https:\/\/r36shandheld.store\/?post_type=product&#038;p=7387"},"modified":"2025-01-20T01:17:35","modified_gmt":"2025-01-19T17:17:35","slug":"black-r36s-handheld","status":"publish","type":"product","link":"https:\/\/r36shandheld.store\/pt\/p\/black-r36s-handheld\/","title":{"rendered":"Port\u00e1til R36s preto"},"content":{"rendered":"<p><img fetchpriority=\"high\" decoding=\"async\" class=\"alignnone size-full wp-image-7398\" title=\"joystick duplo para actualia r36s com bons bot\u00f5es\" src=\"https:\/\/r36shandheld.store\/wp-content\/uploads\/2025\/01\/double-joystick-for-actualia-r36s-with-good-buttons.webp\" alt=\"joystick duplo para actualia r36s com bons bot\u00f5es\" width=\"1000\" height=\"1000\" srcset=\"https:\/\/r36shandheld.store\/wp-content\/uploads\/2025\/01\/double-joystick-for-actualia-r36s-with-good-buttons.webp 1000w, https:\/\/r36shandheld.store\/wp-content\/uploads\/2025\/01\/double-joystick-for-actualia-r36s-with-good-buttons-300x300.webp 300w, https:\/\/r36shandheld.store\/wp-content\/uploads\/2025\/01\/double-joystick-for-actualia-r36s-with-good-buttons-150x150.webp 150w, https:\/\/r36shandheld.store\/wp-content\/uploads\/2025\/01\/double-joystick-for-actualia-r36s-with-good-buttons-768x768.webp 768w, https:\/\/r36shandheld.store\/wp-content\/uploads\/2025\/01\/double-joystick-for-actualia-r36s-with-good-buttons-990x990.webp 990w, https:\/\/r36shandheld.store\/wp-content\/uploads\/2025\/01\/double-joystick-for-actualia-r36s-with-good-buttons-441x441.webp 441w, https:\/\/r36shandheld.store\/wp-content\/uploads\/2025\/01\/double-joystick-for-actualia-r36s-with-good-buttons-100x100.webp 100w, https:\/\/r36shandheld.store\/wp-content\/uploads\/2025\/01\/double-joystick-for-actualia-r36s-with-good-buttons-800x800.webp 800w\" sizes=\"(max-width: 1000px) 100vw, 1000px\" \/> <img decoding=\"async\" class=\"alignnone size-full wp-image-7397\" title=\"Cores diferentes do clone R36S\" src=\"https:\/\/r36shandheld.store\/wp-content\/uploads\/2025\/01\/Different-colors-of-R36S-clone-.webp\" alt=\"Cores diferentes do clone R36S\" width=\"1000\" height=\"1000\" srcset=\"https:\/\/r36shandheld.store\/wp-content\/uploads\/2025\/01\/Different-colors-of-R36S-clone-.webp 1000w, https:\/\/r36shandheld.store\/wp-content\/uploads\/2025\/01\/Different-colors-of-R36S-clone--300x300.webp 300w, https:\/\/r36shandheld.store\/wp-content\/uploads\/2025\/01\/Different-colors-of-R36S-clone--150x150.webp 150w, https:\/\/r36shandheld.store\/wp-content\/uploads\/2025\/01\/Different-colors-of-R36S-clone--768x768.webp 768w, https:\/\/r36shandheld.store\/wp-content\/uploads\/2025\/01\/Different-colors-of-R36S-clone--990x990.webp 990w, https:\/\/r36shandheld.store\/wp-content\/uploads\/2025\/01\/Different-colors-of-R36S-clone--441x441.webp 441w, https:\/\/r36shandheld.store\/wp-content\/uploads\/2025\/01\/Different-colors-of-R36S-clone--100x100.webp 100w, https:\/\/r36shandheld.store\/wp-content\/uploads\/2025\/01\/Different-colors-of-R36S-clone--800x800.webp 800w\" sizes=\"(max-width: 1000px) 100vw, 1000px\" \/> <img decoding=\"async\" class=\"alignnone size-full wp-image-7396\" title=\"actualia r36s bateria de longa dura\u00e7\u00e3o com bateria de 29000mah\" src=\"https:\/\/r36shandheld.store\/wp-content\/uploads\/2025\/01\/actualia-r36s-long-battery-life-with-29000mah-battery.webp\" alt=\"actualia r36s bateria de longa dura\u00e7\u00e3o com bateria de 29000mah\" width=\"800\" height=\"1350\" srcset=\"https:\/\/r36shandheld.store\/wp-content\/uploads\/2025\/01\/actualia-r36s-long-battery-life-with-29000mah-battery.webp 800w, https:\/\/r36shandheld.store\/wp-content\/uploads\/2025\/01\/actualia-r36s-long-battery-life-with-29000mah-battery-178x300.webp 178w, https:\/\/r36shandheld.store\/wp-content\/uploads\/2025\/01\/actualia-r36s-long-battery-life-with-29000mah-battery-607x1024.webp 607w, https:\/\/r36shandheld.store\/wp-content\/uploads\/2025\/01\/actualia-r36s-long-battery-life-with-29000mah-battery-768x1296.webp 768w, https:\/\/r36shandheld.store\/wp-content\/uploads\/2025\/01\/actualia-r36s-long-battery-life-with-29000mah-battery-441x744.webp 441w, https:\/\/r36shandheld.store\/wp-content\/uploads\/2025\/01\/actualia-r36s-long-battery-life-with-29000mah-battery-300x506.webp 300w, https:\/\/r36shandheld.store\/wp-content\/uploads\/2025\/01\/actualia-r36s-long-battery-life-with-29000mah-battery-150x253.webp 150w\" sizes=\"(max-width: 800px) 100vw, 800px\" \/><\/p>\n<h2>Unidade de m\u00e3o Black R36s: O melhor dos jogos retro, onde quer que v\u00e1<\/h2>\n<p><strong>Leve os seus jogos para o pr\u00f3ximo n\u00edvel com a Consola de Jogos Port\u00e1til Black R36s<\/strong>-um dispositivo elegante, potente e port\u00e1til concebido para os entusiastas dos jogos retro. Com 15.000 jogos, um ecr\u00e3 cristalino de 3,5\u2033 e uma bateria de longa dura\u00e7\u00e3o, esta consola foi concebida para proporcionar uma experi\u00eancia de jogo envolvente, seja em casa ou em viagem.<\/p>\n<h2>Especifica\u00e7\u00f5es principais:<\/h2>\n<ul>\n<li><strong>Jogos inclu\u00eddos<\/strong>: Mais de 15.000 jogos cl\u00e1ssicos em 21 emuladores.<\/li>\n<li><strong>Modelo<\/strong>: R36S.<\/li>\n<li><strong>Ecr\u00e3<\/strong>: Ecr\u00e3 IPS HD de 3,5\u2033 com uma resolu\u00e7\u00e3o de 640\u00d7480 para imagens vibrantes e n\u00edtidas.<\/li>\n<li><strong>Processador<\/strong>: Cortex-A35 de 64 bits e quatro n\u00facleos, at\u00e9 1,8 GHz, para um desempenho suave.<\/li>\n<li><strong>Mem\u00f3ria<\/strong>: 1 GB de RAM DDR3L, 64 GB de capacidade de armazenamento para toda a sua biblioteca de jogos.<\/li>\n<li><strong>Bateria<\/strong>Bateria de pol\u00edmero recarreg\u00e1vel de 2900mAh com mais de 4 horas de reprodu\u00e7\u00e3o ininterrupta.<\/li>\n<li><strong>L\u00ednguas suportadas<\/strong>: Interface multilingue, incluindo ingl\u00eas, franc\u00eas, alem\u00e3o, espanhol, portugu\u00eas, russo e muito mais.<\/li>\n<\/ul>\n<h2>Carater\u00edsticas principais:<\/h2>\n<ul>\n<li><strong>Design compacto e port\u00e1til<\/strong><br \/>\nO <strong>Port\u00e1til R36s preto<\/strong> combina ultra-portabilidade com um aspeto vintage, tornando-o perfeito para jogar em viagem. Quer esteja a viajar, a acampar ou numa viagem de neg\u00f3cios, leve os seus jogos favoritos para onde quer que esteja e reviva os cl\u00e1ssicos em qualquer altura.<\/li>\n<li><strong>Visuais imersivos<\/strong><br \/>\nDesfrute dos seus jogos com uma nitidez impressionante no ecr\u00e3 IPS HD de 3,5\". O ecr\u00e3 oferece um \u00e2ngulo de visualiza\u00e7\u00e3o amplo e cores vibrantes, fazendo com que todos os jogos ganhem vida com detalhes excepcionais.<\/li>\n<li><strong>Experi\u00eancia de jogo personaliz\u00e1vel<\/strong><br \/>\nAlimentado por um sistema Linux de c\u00f3digo aberto, o <strong>Port\u00e1til R36s preto<\/strong> permite um desempenho de jogo suave e personaliza\u00e7\u00e3o, assegurando uma experi\u00eancia personalizada para cada jogador.<\/li>\n<li><strong>Bateria de longa dura\u00e7\u00e3o<\/strong><br \/>\nO sistema integrado <strong>Bateria recarreg\u00e1vel de 2900mAh<\/strong> proporciona mais de 4 horas de jogo cont\u00ednuo com um \u00fanico carregamento. Al\u00e9m disso, com uma bateria amov\u00edvel, trocar ou recarregar \u00e9 simples, garantindo uma divers\u00e3o de jogo ininterrupta.<\/li>\n<li><strong>Amigo da fam\u00edlia e seguro para as crian\u00e7as<\/strong><br \/>\nControlos f\u00e1ceis de utilizar e <strong>defini\u00e7\u00f5es de controlo parental<\/strong> tornam o Black R36s Handheld perfeito para crian\u00e7as e fam\u00edlias. O design robusto garante durabilidade, tornando-a adequada para jogadores de todas as idades.<\/li>\n<li><strong>Elegante, com estilo e dur\u00e1vel<\/strong><br \/>\nO <strong>Port\u00e1til R36s preto<\/strong> combina um acabamento preto elegante com uma constru\u00e7\u00e3o duradoura, proporcionando-lhe um dispositivo de jogo elegante que pode suportar os rigores das aventuras em movimento.<\/li>\n<\/ul>\n<h2>Porqu\u00ea escolher a unidade de m\u00e3o Black R36s?<\/h2>\n<ul>\n<li><strong>Biblioteca de jogos massiva<\/strong><br \/>\nCom mais de 15.000 jogos pr\u00e9-carregados em 21 emuladores, h\u00e1 sempre uma nova aventura \u00e0 sua espera. Desfrute de tudo, desde cl\u00e1ssicos de arcada intemporais a jogos de plataformas, de tiros e puzzles.<\/li>\n<li><strong>Desempenho sem falhas<\/strong><br \/>\nCom um potente processador de 1,8 GHz e 1 GB de RAM, o Black R36s oferece um desempenho de jogo suave e sem atrasos, proporcionando a melhor experi\u00eancia tanto para os jogadores nost\u00e1lgicos como para os rec\u00e9m-chegados.<\/li>\n<li><strong>Entretenimento port\u00e1til<\/strong><br \/>\nQuer esteja a deslocar-se, a viajar ou a descansar em casa, o Black R36s \u00e9 o companheiro de viagem ideal para os f\u00e3s de jogos retro. Mantenha-se entretido onde quer que v\u00e1!<\/li>\n<li><strong>Prenda perfeita para jogadores<\/strong><br \/>\nQuer seja para um entusiasta de jogos retro ou para um jogador que procura reviver a sua inf\u00e2ncia, a consola de m\u00e3o R36s preta \u00e9 o presente perfeito.<\/li>\n<\/ul>\n<p><strong>A Black R36s Handheld \u00e9 mais do que uma consola de jogos - \u00e9 um portal para o seu passado, pronto para ser desfrutado em qualquer lugar.<\/strong> N\u00e3o perca horas de divers\u00e3o e nostalgia. <strong>Encomendar agora<\/strong> e comece a jogar os seus jogos favoritos em qualquer altura e em qualquer lugar!<\/p>","protected":false},"excerpt":{"rendered":"<p>Leve os jogos retro para todo o lado com a unidade port\u00e1til Black R36s. Com mais de 15.000 jogos, defini\u00e7\u00f5es personaliz\u00e1veis e um ecr\u00e3 cristalino, \u00e9 perfeita para jogar em qualquer lugar<\/p>","protected":false},"featured_media":7390,"comment_status":"open","ping_status":"closed","template":"","meta":[],"product_brand":[],"product_cat":[15],"product_tag":[],"class_list":{"0":"post-7387","1":"product","2":"type-product","3":"status-publish","4":"has-post-thumbnail","6":"product_cat-r36s","8":"first","9":"instock","10":"shipping-taxable","11":"purchasable","12":"product-type-variable"},"jetpack_sharing_enabled":true,"jetpack-related-posts":[],"_links":{"self":[{"href":"https:\/\/r36shandheld.store\/pt\/wp-json\/wp\/v2\/product\/7387","targetHints":{"allow":["GET"]}}],"collection":[{"href":"https:\/\/r36shandheld.store\/pt\/wp-json\/wp\/v2\/product"}],"about":[{"href":"https:\/\/r36shandheld.store\/pt\/wp-json\/wp\/v2\/types\/product"}],"replies":[{"embeddable":true,"href":"https:\/\/r36shandheld.store\/pt\/wp-json\/wp\/v2\/comments?post=7387"}],"wp:featuredmedia":[{"embeddable":true,"href":"https:\/\/r36shandheld.store\/pt\/wp-json\/wp\/v2\/media\/7390"}],"wp:attachment":[{"href":"https:\/\/r36shandheld.store\/pt\/wp-json\/wp\/v2\/media?parent=7387"}],"wp:term":[{"taxonomy":"product_brand","embeddable":true,"href":"https:\/\/r36shandheld.store\/pt\/wp-json\/wp\/v2\/product_brand?post=7387"},{"taxonomy":"product_cat","embeddable":true,"href":"https:\/\/r36shandheld.store\/pt\/wp-json\/wp\/v2\/product_cat?post=7387"},{"taxonomy":"product_tag","embeddable":true,"href":"https:\/\/r36shandheld.store\/pt\/wp-json\/wp\/v2\/product_tag?post=7387"}],"curies":[{"name":"wp","href":"https:\/\/api.w.org\/{rel}","templated":true}]}}