{"id":7375,"date":"2025-01-20T01:16:57","date_gmt":"2025-01-19T17:16:57","guid":{"rendered":"https:\/\/r36shandheld.store\/?post_type=product&#038;p=7375"},"modified":"2025-01-20T01:16:57","modified_gmt":"2025-01-19T17:16:57","slug":"red-r36s-retro-handheld","status":"publish","type":"product","link":"https:\/\/r36shandheld.store\/pt\/p\/red-r36s-retro-handheld\/","title":{"rendered":"R36s Retro Handheld vermelho"},"content":{"rendered":"<p><img fetchpriority=\"high\" decoding=\"async\" class=\"alignnone size-full wp-image-7386\" title=\"joystick duplo para controlos r36s com bons bot\u00f5es\" src=\"https:\/\/r36shandheld.store\/wp-content\/uploads\/2025\/01\/double-joystick-for-r36s-controls-with-good-buttons.webp\" alt=\"joystick duplo para controlos r36s com bons bot\u00f5es\" width=\"1000\" height=\"1000\" srcset=\"https:\/\/r36shandheld.store\/wp-content\/uploads\/2025\/01\/double-joystick-for-r36s-controls-with-good-buttons.webp 1000w, https:\/\/r36shandheld.store\/wp-content\/uploads\/2025\/01\/double-joystick-for-r36s-controls-with-good-buttons-300x300.webp 300w, https:\/\/r36shandheld.store\/wp-content\/uploads\/2025\/01\/double-joystick-for-r36s-controls-with-good-buttons-150x150.webp 150w, https:\/\/r36shandheld.store\/wp-content\/uploads\/2025\/01\/double-joystick-for-r36s-controls-with-good-buttons-768x768.webp 768w, https:\/\/r36shandheld.store\/wp-content\/uploads\/2025\/01\/double-joystick-for-r36s-controls-with-good-buttons-990x990.webp 990w, https:\/\/r36shandheld.store\/wp-content\/uploads\/2025\/01\/double-joystick-for-r36s-controls-with-good-buttons-441x441.webp 441w, https:\/\/r36shandheld.store\/wp-content\/uploads\/2025\/01\/double-joystick-for-r36s-controls-with-good-buttons-100x100.webp 100w, https:\/\/r36shandheld.store\/wp-content\/uploads\/2025\/01\/double-joystick-for-r36s-controls-with-good-buttons-800x800.webp 800w\" sizes=\"(max-width: 1000px) 100vw, 1000px\" \/><br \/>\n<img decoding=\"async\" class=\"alignnone size-full wp-image-7385\" title=\"Cores diferentes de r36s n64\" src=\"https:\/\/r36shandheld.store\/wp-content\/uploads\/2025\/01\/Different-colors-of-r36s-n64.webp\" alt=\"Cores diferentes de r36s n64\" width=\"1000\" height=\"1000\" srcset=\"https:\/\/r36shandheld.store\/wp-content\/uploads\/2025\/01\/Different-colors-of-r36s-n64.webp 1000w, https:\/\/r36shandheld.store\/wp-content\/uploads\/2025\/01\/Different-colors-of-r36s-n64-300x300.webp 300w, https:\/\/r36shandheld.store\/wp-content\/uploads\/2025\/01\/Different-colors-of-r36s-n64-150x150.webp 150w, https:\/\/r36shandheld.store\/wp-content\/uploads\/2025\/01\/Different-colors-of-r36s-n64-768x768.webp 768w, https:\/\/r36shandheld.store\/wp-content\/uploads\/2025\/01\/Different-colors-of-r36s-n64-990x990.webp 990w, https:\/\/r36shandheld.store\/wp-content\/uploads\/2025\/01\/Different-colors-of-r36s-n64-441x441.webp 441w, https:\/\/r36shandheld.store\/wp-content\/uploads\/2025\/01\/Different-colors-of-r36s-n64-100x100.webp 100w, https:\/\/r36shandheld.store\/wp-content\/uploads\/2025\/01\/Different-colors-of-r36s-n64-800x800.webp 800w\" sizes=\"(max-width: 1000px) 100vw, 1000px\" \/><img decoding=\"async\" class=\"alignnone size-full wp-image-7381\" title=\"powkiddy r36s bateria de longa dura\u00e7\u00e3o com 29000mah\" src=\"https:\/\/r36shandheld.store\/wp-content\/uploads\/2025\/01\/powkiddy-r36s-long-battery-life-with-29000mah-battery.webp\" alt=\"powkiddy r36s bateria de longa dura\u00e7\u00e3o com 29000mah\" width=\"800\" height=\"1350\" srcset=\"https:\/\/r36shandheld.store\/wp-content\/uploads\/2025\/01\/powkiddy-r36s-long-battery-life-with-29000mah-battery.webp 800w, https:\/\/r36shandheld.store\/wp-content\/uploads\/2025\/01\/powkiddy-r36s-long-battery-life-with-29000mah-battery-178x300.webp 178w, https:\/\/r36shandheld.store\/wp-content\/uploads\/2025\/01\/powkiddy-r36s-long-battery-life-with-29000mah-battery-607x1024.webp 607w, https:\/\/r36shandheld.store\/wp-content\/uploads\/2025\/01\/powkiddy-r36s-long-battery-life-with-29000mah-battery-768x1296.webp 768w, https:\/\/r36shandheld.store\/wp-content\/uploads\/2025\/01\/powkiddy-r36s-long-battery-life-with-29000mah-battery-441x744.webp 441w, https:\/\/r36shandheld.store\/wp-content\/uploads\/2025\/01\/powkiddy-r36s-long-battery-life-with-29000mah-battery-300x506.webp 300w, https:\/\/r36shandheld.store\/wp-content\/uploads\/2025\/01\/powkiddy-r36s-long-battery-life-with-29000mah-battery-150x253.webp 150w\" sizes=\"(max-width: 800px) 100vw, 800px\" \/><\/p>\n<h3>Unidade de m\u00e3o retro Red R36s: Uma nova era de jogos cl\u00e1ssicos<\/h3>\n<p><strong>Redescobre a magia dos jogos retro com a consola de m\u00e3o retro Red R36s<\/strong>-uma consola potente e port\u00e1til que lhe permite reviver os seus jogos de inf\u00e2ncia favoritos, onde quer que a vida o leve. Com mais de 15 000 jogos pr\u00e9-carregados e um design elegante de inspira\u00e7\u00e3o retro, a Red R36s \u00e9 a sua derradeira companheira de jogos, tanto para jogos nost\u00e1lgicos como para conveni\u00eancia moderna.<\/p>\n<h4>Especifica\u00e7\u00f5es principais:<\/h4>\n<ul>\n<li><strong>Jogos inclu\u00eddos<\/strong>: Mais de 15.000 jogos cl\u00e1ssicos em 21 emuladores.<\/li>\n<li><strong>Modelo<\/strong>: R36S.<\/li>\n<li><strong>Ecr\u00e3<\/strong>: Ecr\u00e3 IPS HD de 3,5\u2033 com uma resolu\u00e7\u00e3o de 640\u00d7480 para imagens deslumbrantes.<\/li>\n<li><strong>Processador<\/strong>: Processador quad-core Cortex-A35 de 64 bits (at\u00e9 1,8 GHz).<\/li>\n<li><strong>Mem\u00f3ria<\/strong>: 1 GB de RAM DDR3L e 64 GB de armazenamento para um desempenho perfeito.<\/li>\n<li><strong>Bateria<\/strong>Bateria de pol\u00edmero recarreg\u00e1vel de 2900mAh com mais de 4 horas de jogo com um \u00fanico carregamento.<\/li>\n<li><strong>L\u00ednguas suportadas<\/strong>: Interface multilingue, incluindo ingl\u00eas, franc\u00eas, alem\u00e3o, espanhol, portugu\u00eas, russo, japon\u00eas e muito mais.<\/li>\n<\/ul>\n<h4>Carater\u00edsticas que o fazem sobressair:<\/h4>\n<ul>\n<li><strong>Port\u00e1til e compacto<\/strong><br \/>\nConcebido para os jogadores em movimento, o Red R36s apresenta um tamanho ultra-compacto com uma est\u00e9tica retro nost\u00e1lgica. Perfeito para viagens de neg\u00f3cios, viagens ou acampamentos - leve os seus jogos para onde quer que esteja e reviva os cl\u00e1ssicos!<\/li>\n<li><strong>Ecr\u00e3 cristalino<\/strong><br \/>\nO ecr\u00e3 HD IPS de 3,5\u2033 oferece cores vibrantes e \u00e2ngulos de visualiza\u00e7\u00e3o amplos, garantindo uma experi\u00eancia de jogo envolvente, independentemente do local onde estiver a jogar.<\/li>\n<li><strong>Desempenho de jogo sem falhas<\/strong><br \/>\nEquipada com um processador quad-core de 1,8 GHz e 1 GB de RAM, esta consola port\u00e1til proporciona jogos suaves e sem atrasos com mais de 15 000 jogos \u00e0 escolha. O sistema Linux permite uma personaliza\u00e7\u00e3o f\u00e1cil para se adequar ao seu estilo de jogo.<\/li>\n<li><strong>Bateria de longa dura\u00e7\u00e3o para divers\u00e3o sem fim<\/strong><br \/>\nA bateria recarreg\u00e1vel de 2900mAh proporciona mais de 4 horas de jogo cont\u00ednuo com um \u00fanico carregamento. Al\u00e9m disso, a bateria amov\u00edvel facilita a troca para sess\u00f5es ainda mais longas de divers\u00e3o sem interrup\u00e7\u00f5es.<\/li>\n<li><strong>Amigo da fam\u00edlia e seguro para as crian\u00e7as<\/strong><br \/>\nCom controlos simples e defini\u00e7\u00f5es parentais incorporadas, o Red R36s \u00e9 perfeito para crian\u00e7as e fam\u00edlias. Desfrute de jogos adequados \u00e0 idade com toda a tranquilidade, gra\u00e7as ao seu design robusto e duradouro.<\/li>\n<li><strong>Elegante e funcional<\/strong><br \/>\nA Red R36s n\u00e3o tem apenas um bom desempenho - tamb\u00e9m tem um \u00f3timo aspeto. Com um acabamento vermelho elegante e uma constru\u00e7\u00e3o duradoura, \u00e9 uma consola que ter\u00e1 orgulho em exibir. Escolha entre uma gama de cores elegantes para combinar com o seu gosto.<\/li>\n<\/ul>\n<h4>Porque \u00e9 que vai adorar a unidade de m\u00e3o R36s Retro vermelha:<\/h4>\n<ul>\n<li><strong>Biblioteca de jogos massiva<\/strong><br \/>\nCom mais de 15.000 jogos pr\u00e9-carregados em 21 emuladores, h\u00e1 sempre algo para jogar - quer goste de a\u00e7\u00e3o, aventura, plataformas ou jogos de puzzle.<\/li>\n<li><strong>Experi\u00eancia personaliz\u00e1vel<\/strong><br \/>\nO sistema Linux de c\u00f3digo aberto permite-lhe personalizar a sua experi\u00eancia de jogo, o que o torna perfeito para os jogadores experientes em tecnologia que querem dar o seu toque pessoal.<\/li>\n<li><strong>Perfeito para jogos em movimento<\/strong><br \/>\nO seu design port\u00e1til torna o Red R36s ideal para jogar em movimento - quer esteja numa longa viagem ou apenas a tentar matar o tempo durante o trajeto.<\/li>\n<li><strong>Prenda ideal para jogadores<\/strong><br \/>\nProcura o presente perfeito para um entusiasta de jogos retro? Os Red R36s s\u00e3o um presente atencioso e emocionante para qualquer jogador.<\/li>\n<\/ul>\n<p><strong>Ponha as m\u00e3os na unidade de m\u00e3o Retro R36s vermelha<\/strong> hoje e reviver os cl\u00e1ssicos com um toque moderno. Quer esteja em casa ou em viagem, o Red R36s \u00e9 o derradeiro dispositivo para alimentar a sua paix\u00e3o pelos jogos. <strong>Encomende j\u00e1 e leve os seus jogos para onde quiser!<\/strong><\/p>","protected":false},"excerpt":{"rendered":"<p>Redescubra os jogos retro com a consola port\u00e1til Red R36s Retro. Com mais de 15.000 jogos cl\u00e1ssicos e um design elegante e port\u00e1til, \u00e9 perfeita para jogar nostalgicamente em movimento<\/p>","protected":false},"featured_media":7378,"comment_status":"open","ping_status":"closed","template":"","meta":[],"product_brand":[],"product_cat":[15],"product_tag":[],"class_list":{"0":"post-7375","1":"product","2":"type-product","3":"status-publish","4":"has-post-thumbnail","6":"product_cat-r36s","8":"first","9":"instock","10":"shipping-taxable","11":"purchasable","12":"product-type-variable"},"jetpack_sharing_enabled":true,"jetpack-related-posts":[],"_links":{"self":[{"href":"https:\/\/r36shandheld.store\/pt\/wp-json\/wp\/v2\/product\/7375","targetHints":{"allow":["GET"]}}],"collection":[{"href":"https:\/\/r36shandheld.store\/pt\/wp-json\/wp\/v2\/product"}],"about":[{"href":"https:\/\/r36shandheld.store\/pt\/wp-json\/wp\/v2\/types\/product"}],"replies":[{"embeddable":true,"href":"https:\/\/r36shandheld.store\/pt\/wp-json\/wp\/v2\/comments?post=7375"}],"wp:featuredmedia":[{"embeddable":true,"href":"https:\/\/r36shandheld.store\/pt\/wp-json\/wp\/v2\/media\/7378"}],"wp:attachment":[{"href":"https:\/\/r36shandheld.store\/pt\/wp-json\/wp\/v2\/media?parent=7375"}],"wp:term":[{"taxonomy":"product_brand","embeddable":true,"href":"https:\/\/r36shandheld.store\/pt\/wp-json\/wp\/v2\/product_brand?post=7375"},{"taxonomy":"product_cat","embeddable":true,"href":"https:\/\/r36shandheld.store\/pt\/wp-json\/wp\/v2\/product_cat?post=7375"},{"taxonomy":"product_tag","embeddable":true,"href":"https:\/\/r36shandheld.store\/pt\/wp-json\/wp\/v2\/product_tag?post=7375"}],"curies":[{"name":"wp","href":"https:\/\/api.w.org\/{rel}","templated":true}]}}