{"id":7619,"date":"2025-01-20T01:16:32","date_gmt":"2025-01-19T17:16:32","guid":{"rendered":"https:\/\/r36shandheld.store\/?post_type=product&#038;p=7619"},"modified":"2025-01-20T01:16:32","modified_gmt":"2025-01-19T17:16:32","slug":"r36s-protective-case","status":"publish","type":"product","link":"https:\/\/r36shandheld.store\/pl\/p\/r36s-protective-case\/","title":{"rendered":"Etui ochronne R36s"},"content":{"rendered":"<p><img fetchpriority=\"high\" decoding=\"async\" class=\"alignnone size-full wp-image-7630\" title=\"Etui ochronne Gaming R36s dla lepszych wra\u017ce\u0144 z gry\" src=\"https:\/\/r36shandheld.store\/wp-content\/uploads\/2025\/01\/Gaming-R36s-Protective-Case-for-Enhanced-Gaming-Experience.webp\" alt=\"Etui ochronne Gaming R36s dla lepszych wra\u017ce\u0144 z gry\" width=\"1001\" height=\"1001\" srcset=\"https:\/\/r36shandheld.store\/wp-content\/uploads\/2025\/01\/Gaming-R36s-Protective-Case-for-Enhanced-Gaming-Experience.webp 1001w, https:\/\/r36shandheld.store\/wp-content\/uploads\/2025\/01\/Gaming-R36s-Protective-Case-for-Enhanced-Gaming-Experience-300x300.webp 300w, https:\/\/r36shandheld.store\/wp-content\/uploads\/2025\/01\/Gaming-R36s-Protective-Case-for-Enhanced-Gaming-Experience-150x150.webp 150w, https:\/\/r36shandheld.store\/wp-content\/uploads\/2025\/01\/Gaming-R36s-Protective-Case-for-Enhanced-Gaming-Experience-768x768.webp 768w, https:\/\/r36shandheld.store\/wp-content\/uploads\/2025\/01\/Gaming-R36s-Protective-Case-for-Enhanced-Gaming-Experience-990x990.webp 990w, https:\/\/r36shandheld.store\/wp-content\/uploads\/2025\/01\/Gaming-R36s-Protective-Case-for-Enhanced-Gaming-Experience-441x441.webp 441w, https:\/\/r36shandheld.store\/wp-content\/uploads\/2025\/01\/Gaming-R36s-Protective-Case-for-Enhanced-Gaming-Experience-100x100.webp 100w, https:\/\/r36shandheld.store\/wp-content\/uploads\/2025\/01\/Gaming-R36s-Protective-Case-for-Enhanced-Gaming-Experience-800x800.webp 800w\" sizes=\"(max-width: 1001px) 100vw, 1001px\" \/><\/p>\n<p><img decoding=\"async\" class=\"alignnone size-full wp-image-7631\" title=\"B\u0142yszcz\u0105ce etui ochronne R36s zapewniaj\u0105ce l\u015bni\u0105cy wygl\u0105d\" src=\"https:\/\/r36shandheld.store\/wp-content\/uploads\/2025\/01\/Glittery-R36s-Protective-Case-for-a-Sparkling-Look.webp\" alt=\"B\u0142yszcz\u0105ce etui ochronne R36s zapewniaj\u0105ce l\u015bni\u0105cy wygl\u0105d\" width=\"1001\" height=\"1001\" srcset=\"https:\/\/r36shandheld.store\/wp-content\/uploads\/2025\/01\/Glittery-R36s-Protective-Case-for-a-Sparkling-Look.webp 1001w, https:\/\/r36shandheld.store\/wp-content\/uploads\/2025\/01\/Glittery-R36s-Protective-Case-for-a-Sparkling-Look-300x300.webp 300w, https:\/\/r36shandheld.store\/wp-content\/uploads\/2025\/01\/Glittery-R36s-Protective-Case-for-a-Sparkling-Look-150x150.webp 150w, https:\/\/r36shandheld.store\/wp-content\/uploads\/2025\/01\/Glittery-R36s-Protective-Case-for-a-Sparkling-Look-768x768.webp 768w, https:\/\/r36shandheld.store\/wp-content\/uploads\/2025\/01\/Glittery-R36s-Protective-Case-for-a-Sparkling-Look-990x990.webp 990w, https:\/\/r36shandheld.store\/wp-content\/uploads\/2025\/01\/Glittery-R36s-Protective-Case-for-a-Sparkling-Look-441x441.webp 441w, https:\/\/r36shandheld.store\/wp-content\/uploads\/2025\/01\/Glittery-R36s-Protective-Case-for-a-Sparkling-Look-100x100.webp 100w, https:\/\/r36shandheld.store\/wp-content\/uploads\/2025\/01\/Glittery-R36s-Protective-Case-for-a-Sparkling-Look-800x800.webp 800w\" sizes=\"(max-width: 1001px) 100vw, 1001px\" \/><\/p>\n<p><img decoding=\"async\" class=\"alignnone size-full wp-image-7632\" title=\"Wytrzyma\u0142a obudowa ochronna R36s dla maksymalnej ochrony\" src=\"https:\/\/r36shandheld.store\/wp-content\/uploads\/2025\/01\/Heavy-Duty-R36s-Protective-Case-for-Maximum-Protection.webp\" alt=\"Wytrzyma\u0142a obudowa ochronna R36s dla maksymalnej ochrony\" width=\"1001\" height=\"1001\" srcset=\"https:\/\/r36shandheld.store\/wp-content\/uploads\/2025\/01\/Heavy-Duty-R36s-Protective-Case-for-Maximum-Protection.webp 1001w, https:\/\/r36shandheld.store\/wp-content\/uploads\/2025\/01\/Heavy-Duty-R36s-Protective-Case-for-Maximum-Protection-300x300.webp 300w, https:\/\/r36shandheld.store\/wp-content\/uploads\/2025\/01\/Heavy-Duty-R36s-Protective-Case-for-Maximum-Protection-150x150.webp 150w, https:\/\/r36shandheld.store\/wp-content\/uploads\/2025\/01\/Heavy-Duty-R36s-Protective-Case-for-Maximum-Protection-768x768.webp 768w, https:\/\/r36shandheld.store\/wp-content\/uploads\/2025\/01\/Heavy-Duty-R36s-Protective-Case-for-Maximum-Protection-990x990.webp 990w, https:\/\/r36shandheld.store\/wp-content\/uploads\/2025\/01\/Heavy-Duty-R36s-Protective-Case-for-Maximum-Protection-441x441.webp 441w, https:\/\/r36shandheld.store\/wp-content\/uploads\/2025\/01\/Heavy-Duty-R36s-Protective-Case-for-Maximum-Protection-100x100.webp 100w, https:\/\/r36shandheld.store\/wp-content\/uploads\/2025\/01\/Heavy-Duty-R36s-Protective-Case-for-Maximum-Protection-800x800.webp 800w\" sizes=\"(max-width: 1001px) 100vw, 1001px\" \/><\/p>\n<p><img loading=\"lazy\" decoding=\"async\" class=\"alignnone size-full wp-image-7633\" title=\"Matowe wyko\u0144czenie etui ochronnego R36s dla klasycznego wygl\u0105du\" src=\"https:\/\/r36shandheld.store\/wp-content\/uploads\/2025\/01\/Matte-Finish-R36s-Protective-Case-for-a-Classic-Look.webp\" alt=\"Matowe wyko\u0144czenie etui ochronnego R36s dla klasycznego wygl\u0105du\" width=\"1001\" height=\"1001\" srcset=\"https:\/\/r36shandheld.store\/wp-content\/uploads\/2025\/01\/Matte-Finish-R36s-Protective-Case-for-a-Classic-Look.webp 1001w, https:\/\/r36shandheld.store\/wp-content\/uploads\/2025\/01\/Matte-Finish-R36s-Protective-Case-for-a-Classic-Look-300x300.webp 300w, https:\/\/r36shandheld.store\/wp-content\/uploads\/2025\/01\/Matte-Finish-R36s-Protective-Case-for-a-Classic-Look-150x150.webp 150w, https:\/\/r36shandheld.store\/wp-content\/uploads\/2025\/01\/Matte-Finish-R36s-Protective-Case-for-a-Classic-Look-768x768.webp 768w, https:\/\/r36shandheld.store\/wp-content\/uploads\/2025\/01\/Matte-Finish-R36s-Protective-Case-for-a-Classic-Look-990x990.webp 990w, https:\/\/r36shandheld.store\/wp-content\/uploads\/2025\/01\/Matte-Finish-R36s-Protective-Case-for-a-Classic-Look-441x441.webp 441w, https:\/\/r36shandheld.store\/wp-content\/uploads\/2025\/01\/Matte-Finish-R36s-Protective-Case-for-a-Classic-Look-100x100.webp 100w, https:\/\/r36shandheld.store\/wp-content\/uploads\/2025\/01\/Matte-Finish-R36s-Protective-Case-for-a-Classic-Look-800x800.webp 800w\" sizes=\"(max-width: 1001px) 100vw, 1001px\" \/><\/p>\n<p><img loading=\"lazy\" decoding=\"async\" class=\"alignnone size-full wp-image-7634\" title=\"Etui ochronne Night Out R36s na stylowy wiecz\u00f3r\" src=\"https:\/\/r36shandheld.store\/wp-content\/uploads\/2025\/01\/Night-Out-R36s-Protective-Case-for-a-Stylish-Evening.webp\" alt=\"Etui ochronne Night Out R36s na stylowy wiecz\u00f3r\" width=\"1001\" height=\"1001\" srcset=\"https:\/\/r36shandheld.store\/wp-content\/uploads\/2025\/01\/Night-Out-R36s-Protective-Case-for-a-Stylish-Evening.webp 1001w, https:\/\/r36shandheld.store\/wp-content\/uploads\/2025\/01\/Night-Out-R36s-Protective-Case-for-a-Stylish-Evening-300x300.webp 300w, https:\/\/r36shandheld.store\/wp-content\/uploads\/2025\/01\/Night-Out-R36s-Protective-Case-for-a-Stylish-Evening-150x150.webp 150w, https:\/\/r36shandheld.store\/wp-content\/uploads\/2025\/01\/Night-Out-R36s-Protective-Case-for-a-Stylish-Evening-768x768.webp 768w, https:\/\/r36shandheld.store\/wp-content\/uploads\/2025\/01\/Night-Out-R36s-Protective-Case-for-a-Stylish-Evening-990x990.webp 990w, https:\/\/r36shandheld.store\/wp-content\/uploads\/2025\/01\/Night-Out-R36s-Protective-Case-for-a-Stylish-Evening-441x441.webp 441w, https:\/\/r36shandheld.store\/wp-content\/uploads\/2025\/01\/Night-Out-R36s-Protective-Case-for-a-Stylish-Evening-100x100.webp 100w, https:\/\/r36shandheld.store\/wp-content\/uploads\/2025\/01\/Night-Out-R36s-Protective-Case-for-a-Stylish-Evening-800x800.webp 800w\" sizes=\"(max-width: 1001px) 100vw, 1001px\" \/><\/p>\n<p><img loading=\"lazy\" decoding=\"async\" class=\"alignnone size-full wp-image-7635\" title=\"Etui ochronne Outdoor R36s dla entuzjast\u00f3w przyg\u00f3d\" src=\"https:\/\/r36shandheld.store\/wp-content\/uploads\/2025\/01\/Outdoor-R36s-Protective-Case-for-Adventure-Enthusiasts.webp\" alt=\"Etui ochronne Outdoor R36s dla entuzjast\u00f3w przyg\u00f3d\" width=\"1001\" height=\"1001\" srcset=\"https:\/\/r36shandheld.store\/wp-content\/uploads\/2025\/01\/Outdoor-R36s-Protective-Case-for-Adventure-Enthusiasts.webp 1001w, https:\/\/r36shandheld.store\/wp-content\/uploads\/2025\/01\/Outdoor-R36s-Protective-Case-for-Adventure-Enthusiasts-300x300.webp 300w, https:\/\/r36shandheld.store\/wp-content\/uploads\/2025\/01\/Outdoor-R36s-Protective-Case-for-Adventure-Enthusiasts-150x150.webp 150w, https:\/\/r36shandheld.store\/wp-content\/uploads\/2025\/01\/Outdoor-R36s-Protective-Case-for-Adventure-Enthusiasts-768x768.webp 768w, https:\/\/r36shandheld.store\/wp-content\/uploads\/2025\/01\/Outdoor-R36s-Protective-Case-for-Adventure-Enthusiasts-990x990.webp 990w, https:\/\/r36shandheld.store\/wp-content\/uploads\/2025\/01\/Outdoor-R36s-Protective-Case-for-Adventure-Enthusiasts-441x441.webp 441w, https:\/\/r36shandheld.store\/wp-content\/uploads\/2025\/01\/Outdoor-R36s-Protective-Case-for-Adventure-Enthusiasts-100x100.webp 100w, https:\/\/r36shandheld.store\/wp-content\/uploads\/2025\/01\/Outdoor-R36s-Protective-Case-for-Adventure-Enthusiasts-800x800.webp 800w\" sizes=\"(max-width: 1001px) 100vw, 1001px\" \/><\/p>\n<p><img loading=\"lazy\" decoding=\"async\" class=\"alignnone size-full wp-image-7636\" title=\"Etui ochronne Sports R36s dla os\u00f3b prowadz\u0105cych aktywny tryb \u017cycia\" src=\"https:\/\/r36shandheld.store\/wp-content\/uploads\/2025\/01\/Sports-R36s-Protective-Case-for-Active-Lifestyles.webp\" alt=\"Etui ochronne Sports R36s dla os\u00f3b prowadz\u0105cych aktywny tryb \u017cycia\" width=\"1001\" height=\"1001\" srcset=\"https:\/\/r36shandheld.store\/wp-content\/uploads\/2025\/01\/Sports-R36s-Protective-Case-for-Active-Lifestyles.webp 1001w, https:\/\/r36shandheld.store\/wp-content\/uploads\/2025\/01\/Sports-R36s-Protective-Case-for-Active-Lifestyles-300x300.webp 300w, https:\/\/r36shandheld.store\/wp-content\/uploads\/2025\/01\/Sports-R36s-Protective-Case-for-Active-Lifestyles-150x150.webp 150w, https:\/\/r36shandheld.store\/wp-content\/uploads\/2025\/01\/Sports-R36s-Protective-Case-for-Active-Lifestyles-768x768.webp 768w, https:\/\/r36shandheld.store\/wp-content\/uploads\/2025\/01\/Sports-R36s-Protective-Case-for-Active-Lifestyles-990x990.webp 990w, https:\/\/r36shandheld.store\/wp-content\/uploads\/2025\/01\/Sports-R36s-Protective-Case-for-Active-Lifestyles-441x441.webp 441w, https:\/\/r36shandheld.store\/wp-content\/uploads\/2025\/01\/Sports-R36s-Protective-Case-for-Active-Lifestyles-100x100.webp 100w, https:\/\/r36shandheld.store\/wp-content\/uploads\/2025\/01\/Sports-R36s-Protective-Case-for-Active-Lifestyles-800x800.webp 800w\" sizes=\"(max-width: 1001px) 100vw, 1001px\" \/><\/p>\n<p><img loading=\"lazy\" decoding=\"async\" class=\"alignnone size-full wp-image-7637\" title=\"Przezroczyste etui ochronne R36s, aby pokaza\u0107 swoje urz\u0105dzenie\" src=\"https:\/\/r36shandheld.store\/wp-content\/uploads\/2025\/01\/Transparent-R36s-Protective-Case-to-Show-off-Your-Device.webp\" alt=\"Przezroczyste etui ochronne R36s, aby pokaza\u0107 swoje urz\u0105dzenie\" width=\"1001\" height=\"1001\" srcset=\"https:\/\/r36shandheld.store\/wp-content\/uploads\/2025\/01\/Transparent-R36s-Protective-Case-to-Show-off-Your-Device.webp 1001w, https:\/\/r36shandheld.store\/wp-content\/uploads\/2025\/01\/Transparent-R36s-Protective-Case-to-Show-off-Your-Device-300x300.webp 300w, https:\/\/r36shandheld.store\/wp-content\/uploads\/2025\/01\/Transparent-R36s-Protective-Case-to-Show-off-Your-Device-150x150.webp 150w, https:\/\/r36shandheld.store\/wp-content\/uploads\/2025\/01\/Transparent-R36s-Protective-Case-to-Show-off-Your-Device-768x768.webp 768w, https:\/\/r36shandheld.store\/wp-content\/uploads\/2025\/01\/Transparent-R36s-Protective-Case-to-Show-off-Your-Device-990x990.webp 990w, https:\/\/r36shandheld.store\/wp-content\/uploads\/2025\/01\/Transparent-R36s-Protective-Case-to-Show-off-Your-Device-441x441.webp 441w, https:\/\/r36shandheld.store\/wp-content\/uploads\/2025\/01\/Transparent-R36s-Protective-Case-to-Show-off-Your-Device-100x100.webp 100w, https:\/\/r36shandheld.store\/wp-content\/uploads\/2025\/01\/Transparent-R36s-Protective-Case-to-Show-off-Your-Device-800x800.webp 800w\" sizes=\"(max-width: 1001px) 100vw, 1001px\" \/><\/p>\n<p><img loading=\"lazy\" decoding=\"async\" class=\"alignnone size-full wp-image-7638\" title=\"Przyjazne w podr\u00f3\u017cy etui ochronne R36s zapewniaj\u0105ce ochron\u0119 w podr\u00f3\u017cy\" src=\"https:\/\/r36shandheld.store\/wp-content\/uploads\/2025\/01\/Travel-Friendly-R36s-Protective-Case-for-On-the-Go-Protection.webp\" alt=\"Przyjazne w podr\u00f3\u017cy etui ochronne R36s zapewniaj\u0105ce ochron\u0119 w podr\u00f3\u017cy\" width=\"1001\" height=\"1001\" srcset=\"https:\/\/r36shandheld.store\/wp-content\/uploads\/2025\/01\/Travel-Friendly-R36s-Protective-Case-for-On-the-Go-Protection.webp 1001w, https:\/\/r36shandheld.store\/wp-content\/uploads\/2025\/01\/Travel-Friendly-R36s-Protective-Case-for-On-the-Go-Protection-300x300.webp 300w, https:\/\/r36shandheld.store\/wp-content\/uploads\/2025\/01\/Travel-Friendly-R36s-Protective-Case-for-On-the-Go-Protection-150x150.webp 150w, https:\/\/r36shandheld.store\/wp-content\/uploads\/2025\/01\/Travel-Friendly-R36s-Protective-Case-for-On-the-Go-Protection-768x768.webp 768w, https:\/\/r36shandheld.store\/wp-content\/uploads\/2025\/01\/Travel-Friendly-R36s-Protective-Case-for-On-the-Go-Protection-990x990.webp 990w, https:\/\/r36shandheld.store\/wp-content\/uploads\/2025\/01\/Travel-Friendly-R36s-Protective-Case-for-On-the-Go-Protection-441x441.webp 441w, https:\/\/r36shandheld.store\/wp-content\/uploads\/2025\/01\/Travel-Friendly-R36s-Protective-Case-for-On-the-Go-Protection-100x100.webp 100w, https:\/\/r36shandheld.store\/wp-content\/uploads\/2025\/01\/Travel-Friendly-R36s-Protective-Case-for-On-the-Go-Protection-800x800.webp 800w\" sizes=\"(max-width: 1001px) 100vw, 1001px\" \/><\/p>\n<p><img loading=\"lazy\" decoding=\"async\" class=\"alignnone size-full wp-image-7639\" title=\"Etui ochronne Work R36s do zastosowa\u0144 profesjonalnych\" src=\"https:\/\/r36shandheld.store\/wp-content\/uploads\/2025\/01\/Work-R36s-Protective-Case-for-Professional-Use.webp\" alt=\"Etui ochronne Work R36s do zastosowa\u0144 profesjonalnych\" width=\"1001\" height=\"1001\" srcset=\"https:\/\/r36shandheld.store\/wp-content\/uploads\/2025\/01\/Work-R36s-Protective-Case-for-Professional-Use.webp 1001w, https:\/\/r36shandheld.store\/wp-content\/uploads\/2025\/01\/Work-R36s-Protective-Case-for-Professional-Use-300x300.webp 300w, https:\/\/r36shandheld.store\/wp-content\/uploads\/2025\/01\/Work-R36s-Protective-Case-for-Professional-Use-150x150.webp 150w, https:\/\/r36shandheld.store\/wp-content\/uploads\/2025\/01\/Work-R36s-Protective-Case-for-Professional-Use-768x768.webp 768w, https:\/\/r36shandheld.store\/wp-content\/uploads\/2025\/01\/Work-R36s-Protective-Case-for-Professional-Use-990x990.webp 990w, https:\/\/r36shandheld.store\/wp-content\/uploads\/2025\/01\/Work-R36s-Protective-Case-for-Professional-Use-441x441.webp 441w, https:\/\/r36shandheld.store\/wp-content\/uploads\/2025\/01\/Work-R36s-Protective-Case-for-Professional-Use-100x100.webp 100w, https:\/\/r36shandheld.store\/wp-content\/uploads\/2025\/01\/Work-R36s-Protective-Case-for-Professional-Use-800x800.webp 800w\" sizes=\"(max-width: 1001px) 100vw, 1001px\" \/><\/p>\n<p><strong>Etui ochronne R36S\/R35S TPU - odporna na wstrz\u0105sy ochrona konsoli do gier z nadrukiem 3D<\/strong><\/p>\n<p>Chro\u0144 swoje <strong>R36S<\/strong> lub <strong>R35S<\/strong> konsola do gier z <strong>Etui ochronne TPU<\/strong>-Zaprojektowany, aby zapewni\u0107 doskona\u0142\u0105 ochron\u0119 i elegancki wygl\u0105d. Wykonane z wytrzyma\u0142ego <strong>TPU (poliuretan termoplastyczny)<\/strong> materia\u0142, ta sprawa zapewnia <strong>odporny na wstrz\u0105sy<\/strong>, <strong>przeciwupadkowy<\/strong> rozwi\u0105zanie, chroni\u0105ce urz\u0105dzenie przed uszkodzeniem podczas intensywnych sesji gamingowych.<\/p>\n<p><strong>Kluczowe cechy<\/strong>:<\/p>\n<ul>\n<li><strong>Zaawansowana ochrona przed wstrz\u0105sami<\/strong>: The <strong>Projekt wydrukowany w 3D<\/strong> zapewnia idealne dopasowanie, oferuj\u0105c maksymaln\u0105 ochron\u0119 przed upadkami, uderzeniami i zadrapaniami. <strong>R36S<\/strong> lub <strong>R35S<\/strong> konsola do gier.<\/li>\n<li><strong>Wytrzyma\u0142y materia\u0142 TPU<\/strong>: Wykonany z wysokiej jako\u015bci <strong>TPU<\/strong>Etui, znane ze swojej elastyczno\u015bci i wytrzyma\u0142o\u015bci, zosta\u0142o zaprojektowane tak, aby poch\u0142ania\u0107 wstrz\u0105sy i chroni\u0107 tylny panel oraz ramk\u0119 przed potencjalnymi uszkodzeniami.<\/li>\n<li><strong>Elegancka i przejrzysta konstrukcja<\/strong>: Dost\u0119pne w <strong>Przezroczysty bia\u0142y<\/strong> oraz <strong>Czarny<\/strong> kolory, zachowuje oryginalny wygl\u0105d konsoli do gier, zapewniaj\u0105c jednocze\u015bnie niezawodn\u0105 ochron\u0119.<\/li>\n<li><strong>Idealne dopasowanie<\/strong>: Precyzyjna konstrukcja zapewnia \u0142atw\u0105 instalacj\u0119, \u015bci\u015ble dopasowuj\u0105c si\u0119 do Twojego <strong>R36S\/R35S<\/strong> Konsola zapewniaj\u0105ca bezproblemowe u\u017cytkowanie bez zwi\u0119kszania obj\u0119to\u015bci.<\/li>\n<li><strong>Zwi\u0119kszona wytrzyma\u0142o\u015b\u0107<\/strong>: Odporno\u015b\u0107 obudowy na uderzenia sprawia, \u017ce jest to idealny wyb\u00f3r dla graczy, kt\u00f3rzy ceni\u0105 sobie zar\u00f3wno <strong>styl<\/strong> oraz <strong>ochrona<\/strong> w jednym akcesorium.<\/li>\n<\/ul>\n<p><strong>Specyfikacje<\/strong>:<\/p>\n<ul>\n<li><strong>Materia\u0142<\/strong>: TPU Premium<\/li>\n<li><strong>Opcje kolor\u00f3w<\/strong>: Przezroczysty bia\u0142y, czarny<\/li>\n<li><strong>Kompatybilno\u015b\u0107<\/strong>: Dla <strong>R36S<\/strong> oraz <strong>R35S<\/strong> Konsole do gier<\/li>\n<li><strong>Proces<\/strong>: Technologia druku 3D<\/li>\n<li><strong>Zawiera<\/strong>: 1 x <strong>Etui ochronne TPU<\/strong><\/li>\n<\/ul>\n<p><strong>Dlaczego warto wybra\u0107 t\u0119 obudow\u0119?<\/strong><\/p>\n<ul>\n<li>Oferty <strong>Doskona\u0142a ochrona<\/strong> bez kompromis\u00f3w w kwestii stylu.<\/li>\n<li><strong>Odporno\u015b\u0107 na wstrz\u0105sy<\/strong> oraz <strong>odporny na uderzenia<\/strong> funkcje zapewniaj\u0105 bezpiecze\u0144stwo konsoli w ka\u017cdym \u015brodowisku gry.<\/li>\n<li><strong>Lekki i wytrzyma\u0142y<\/strong> Materia\u0142 TPU zapewnia d\u0142ugotrwa\u0142\u0105 ochron\u0119, podczas gdy <strong>Proces drukowania 3D<\/strong> gwarantuje idealne dopasowanie.<\/li>\n<\/ul>\n<p>&nbsp;<\/p>","protected":false},"excerpt":{"rendered":"<p>Podnie\u015b swoje wra\u017cenia z gry dzi\u0119ki etui ochronnemu R36S TPU, kt\u00f3re stanowi idealne po\u0142\u0105czenie ochrony, funkcjonalno\u015bci i eleganckiego wygl\u0105du. Utrzymuj swoj\u0105 konsol\u0119 w doskona\u0142ym stanie i graj bez zmartwie\u0144<\/p>","protected":false},"featured_media":7625,"comment_status":"open","ping_status":"closed","template":"","meta":[],"product_brand":[],"product_cat":[54],"product_tag":[],"class_list":{"0":"post-7619","1":"product","2":"type-product","3":"status-publish","4":"has-post-thumbnail","6":"product_cat-r36s-accessories","8":"first","9":"instock","10":"shipping-taxable","11":"purchasable","12":"product-type-variable"},"jetpack_sharing_enabled":true,"jetpack-related-posts":[],"_links":{"self":[{"href":"https:\/\/r36shandheld.store\/pl\/wp-json\/wp\/v2\/product\/7619","targetHints":{"allow":["GET"]}}],"collection":[{"href":"https:\/\/r36shandheld.store\/pl\/wp-json\/wp\/v2\/product"}],"about":[{"href":"https:\/\/r36shandheld.store\/pl\/wp-json\/wp\/v2\/types\/product"}],"replies":[{"embeddable":true,"href":"https:\/\/r36shandheld.store\/pl\/wp-json\/wp\/v2\/comments?post=7619"}],"wp:featuredmedia":[{"embeddable":true,"href":"https:\/\/r36shandheld.store\/pl\/wp-json\/wp\/v2\/media\/7625"}],"wp:attachment":[{"href":"https:\/\/r36shandheld.store\/pl\/wp-json\/wp\/v2\/media?parent=7619"}],"wp:term":[{"taxonomy":"product_brand","embeddable":true,"href":"https:\/\/r36shandheld.store\/pl\/wp-json\/wp\/v2\/product_brand?post=7619"},{"taxonomy":"product_cat","embeddable":true,"href":"https:\/\/r36shandheld.store\/pl\/wp-json\/wp\/v2\/product_cat?post=7619"},{"taxonomy":"product_tag","embeddable":true,"href":"https:\/\/r36shandheld.store\/pl\/wp-json\/wp\/v2\/product_tag?post=7619"}],"curies":[{"name":"wp","href":"https:\/\/api.w.org\/{rel}","templated":true}]}}