{"id":7588,"date":"2025-01-20T01:17:22","date_gmt":"2025-01-19T17:17:22","guid":{"rendered":"https:\/\/r36shandheld.store\/?post_type=product&#038;p=7588"},"modified":"2025-01-29T19:50:19","modified_gmt":"2025-01-29T11:50:19","slug":"r36s-silicone-case","status":"publish","type":"product","link":"https:\/\/r36shandheld.store\/pl\/p\/r36s-silicone-case\/","title":{"rendered":"Silikonowe etui R36s"},"content":{"rendered":"<div style=\"width: 540px;\" class=\"wp-video\"><video class=\"wp-video-shortcode\" id=\"video-7588-1\" width=\"540\" height=\"540\" preload=\"metadata\" controls=\"controls\"><source type=\"video\/mp4\" src=\"https:\/\/r36shandheld.store\/wp-content\/uploads\/2025\/01\/R36sSiliconeCase.mp4?_=1\" \/><a href=\"https:\/\/r36shandheld.store\/wp-content\/uploads\/2025\/01\/R36sSiliconeCase.mp4\">https:\/\/r36shandheld.store\/wp-content\/uploads\/2025\/01\/R36sSiliconeCase.mp4<\/a><\/video><\/div>\n<p><img fetchpriority=\"high\" decoding=\"async\" class=\"alignnone size-full wp-image-7603\" title=\"Markowe etui silikonowe r36s od zaufanego producenta\" src=\"https:\/\/r36shandheld.store\/wp-content\/uploads\/2025\/01\/Branded-r36s-silicone-case-from-a-trusted-manufacturer.webp\" alt=\"Markowe etui silikonowe r36s od zaufanego producenta\" width=\"1000\" height=\"1000\" srcset=\"https:\/\/r36shandheld.store\/wp-content\/uploads\/2025\/01\/Branded-r36s-silicone-case-from-a-trusted-manufacturer.webp 1000w, https:\/\/r36shandheld.store\/wp-content\/uploads\/2025\/01\/Branded-r36s-silicone-case-from-a-trusted-manufacturer-300x300.webp 300w, https:\/\/r36shandheld.store\/wp-content\/uploads\/2025\/01\/Branded-r36s-silicone-case-from-a-trusted-manufacturer-150x150.webp 150w, https:\/\/r36shandheld.store\/wp-content\/uploads\/2025\/01\/Branded-r36s-silicone-case-from-a-trusted-manufacturer-768x768.webp 768w, https:\/\/r36shandheld.store\/wp-content\/uploads\/2025\/01\/Branded-r36s-silicone-case-from-a-trusted-manufacturer-990x990.webp 990w, https:\/\/r36shandheld.store\/wp-content\/uploads\/2025\/01\/Branded-r36s-silicone-case-from-a-trusted-manufacturer-441x441.webp 441w, https:\/\/r36shandheld.store\/wp-content\/uploads\/2025\/01\/Branded-r36s-silicone-case-from-a-trusted-manufacturer-100x100.webp 100w, https:\/\/r36shandheld.store\/wp-content\/uploads\/2025\/01\/Branded-r36s-silicone-case-from-a-trusted-manufacturer-800x800.webp 800w\" sizes=\"(max-width: 1000px) 100vw, 1000px\" \/> <img decoding=\"async\" class=\"alignnone size-full wp-image-7604\" title=\"Przyjazne dla bud\u017cetu silikonowe etui r36s w przyst\u0119pnej cenie\" src=\"https:\/\/r36shandheld.store\/wp-content\/uploads\/2025\/01\/Budget-friendly-r36s-silicone-case-for-affordable-buying.webp\" alt=\"Przyjazne dla bud\u017cetu silikonowe etui r36s w przyst\u0119pnej cenie\" width=\"1000\" height=\"1000\" srcset=\"https:\/\/r36shandheld.store\/wp-content\/uploads\/2025\/01\/Budget-friendly-r36s-silicone-case-for-affordable-buying.webp 1000w, https:\/\/r36shandheld.store\/wp-content\/uploads\/2025\/01\/Budget-friendly-r36s-silicone-case-for-affordable-buying-300x300.webp 300w, https:\/\/r36shandheld.store\/wp-content\/uploads\/2025\/01\/Budget-friendly-r36s-silicone-case-for-affordable-buying-150x150.webp 150w, https:\/\/r36shandheld.store\/wp-content\/uploads\/2025\/01\/Budget-friendly-r36s-silicone-case-for-affordable-buying-768x768.webp 768w, https:\/\/r36shandheld.store\/wp-content\/uploads\/2025\/01\/Budget-friendly-r36s-silicone-case-for-affordable-buying-990x990.webp 990w, https:\/\/r36shandheld.store\/wp-content\/uploads\/2025\/01\/Budget-friendly-r36s-silicone-case-for-affordable-buying-441x441.webp 441w, https:\/\/r36shandheld.store\/wp-content\/uploads\/2025\/01\/Budget-friendly-r36s-silicone-case-for-affordable-buying-100x100.webp 100w, https:\/\/r36shandheld.store\/wp-content\/uploads\/2025\/01\/Budget-friendly-r36s-silicone-case-for-affordable-buying-800x800.webp 800w\" sizes=\"(max-width: 1000px) 100vw, 1000px\" \/> <img decoding=\"async\" class=\"alignnone size-full wp-image-7605\" title=\"\u0141atwa w czyszczeniu silikonowa obudowa r36s zapewnia bezproblemow\u0105 konserwacj\u0119\" src=\"https:\/\/r36shandheld.store\/wp-content\/uploads\/2025\/01\/Easy-to-clean-r36s-silicone-case-for-hassle-free-maintenance.webp\" alt=\"\u0141atwa w czyszczeniu silikonowa obudowa r36s zapewnia bezproblemow\u0105 konserwacj\u0119\" width=\"1000\" height=\"1000\" srcset=\"https:\/\/r36shandheld.store\/wp-content\/uploads\/2025\/01\/Easy-to-clean-r36s-silicone-case-for-hassle-free-maintenance.webp 1000w, https:\/\/r36shandheld.store\/wp-content\/uploads\/2025\/01\/Easy-to-clean-r36s-silicone-case-for-hassle-free-maintenance-300x300.webp 300w, https:\/\/r36shandheld.store\/wp-content\/uploads\/2025\/01\/Easy-to-clean-r36s-silicone-case-for-hassle-free-maintenance-150x150.webp 150w, https:\/\/r36shandheld.store\/wp-content\/uploads\/2025\/01\/Easy-to-clean-r36s-silicone-case-for-hassle-free-maintenance-768x768.webp 768w, https:\/\/r36shandheld.store\/wp-content\/uploads\/2025\/01\/Easy-to-clean-r36s-silicone-case-for-hassle-free-maintenance-990x990.webp 990w, https:\/\/r36shandheld.store\/wp-content\/uploads\/2025\/01\/Easy-to-clean-r36s-silicone-case-for-hassle-free-maintenance-441x441.webp 441w, https:\/\/r36shandheld.store\/wp-content\/uploads\/2025\/01\/Easy-to-clean-r36s-silicone-case-for-hassle-free-maintenance-100x100.webp 100w, https:\/\/r36shandheld.store\/wp-content\/uploads\/2025\/01\/Easy-to-clean-r36s-silicone-case-for-hassle-free-maintenance-800x800.webp 800w\" sizes=\"(max-width: 1000px) 100vw, 1000px\" \/> <img loading=\"lazy\" decoding=\"async\" class=\"alignnone size-full wp-image-7606\" title=\"\u015awiec\u0105ce w ciemno\u015bci silikonowe etui r36s dla wyj\u0105tkowego wygl\u0105du\" src=\"https:\/\/r36shandheld.store\/wp-content\/uploads\/2025\/01\/Glow-in-the-dark-r36s-silicone-case-for-unique-appeal.webp\" alt=\"\u015awiec\u0105ce w ciemno\u015bci silikonowe etui r36s dla wyj\u0105tkowego wygl\u0105du\" width=\"1000\" height=\"1000\" srcset=\"https:\/\/r36shandheld.store\/wp-content\/uploads\/2025\/01\/Glow-in-the-dark-r36s-silicone-case-for-unique-appeal.webp 1000w, https:\/\/r36shandheld.store\/wp-content\/uploads\/2025\/01\/Glow-in-the-dark-r36s-silicone-case-for-unique-appeal-300x300.webp 300w, https:\/\/r36shandheld.store\/wp-content\/uploads\/2025\/01\/Glow-in-the-dark-r36s-silicone-case-for-unique-appeal-150x150.webp 150w, https:\/\/r36shandheld.store\/wp-content\/uploads\/2025\/01\/Glow-in-the-dark-r36s-silicone-case-for-unique-appeal-768x768.webp 768w, https:\/\/r36shandheld.store\/wp-content\/uploads\/2025\/01\/Glow-in-the-dark-r36s-silicone-case-for-unique-appeal-990x990.webp 990w, https:\/\/r36shandheld.store\/wp-content\/uploads\/2025\/01\/Glow-in-the-dark-r36s-silicone-case-for-unique-appeal-441x441.webp 441w, https:\/\/r36shandheld.store\/wp-content\/uploads\/2025\/01\/Glow-in-the-dark-r36s-silicone-case-for-unique-appeal-100x100.webp 100w, https:\/\/r36shandheld.store\/wp-content\/uploads\/2025\/01\/Glow-in-the-dark-r36s-silicone-case-for-unique-appeal-800x800.webp 800w\" sizes=\"(max-width: 1000px) 100vw, 1000px\" \/> <img loading=\"lazy\" decoding=\"async\" class=\"alignnone size-full wp-image-7607\" title=\"Lekkie silikonowe etui r36s do wygodnego przenoszenia\" src=\"https:\/\/r36shandheld.store\/wp-content\/uploads\/2025\/01\/Lightweight-r36s-silicone-case-for-convenient-carrying.webp\" alt=\"Lekkie silikonowe etui r36s do wygodnego przenoszenia\" width=\"1000\" height=\"1000\" srcset=\"https:\/\/r36shandheld.store\/wp-content\/uploads\/2025\/01\/Lightweight-r36s-silicone-case-for-convenient-carrying.webp 1000w, https:\/\/r36shandheld.store\/wp-content\/uploads\/2025\/01\/Lightweight-r36s-silicone-case-for-convenient-carrying-300x300.webp 300w, https:\/\/r36shandheld.store\/wp-content\/uploads\/2025\/01\/Lightweight-r36s-silicone-case-for-convenient-carrying-150x150.webp 150w, https:\/\/r36shandheld.store\/wp-content\/uploads\/2025\/01\/Lightweight-r36s-silicone-case-for-convenient-carrying-768x768.webp 768w, https:\/\/r36shandheld.store\/wp-content\/uploads\/2025\/01\/Lightweight-r36s-silicone-case-for-convenient-carrying-990x990.webp 990w, https:\/\/r36shandheld.store\/wp-content\/uploads\/2025\/01\/Lightweight-r36s-silicone-case-for-convenient-carrying-441x441.webp 441w, https:\/\/r36shandheld.store\/wp-content\/uploads\/2025\/01\/Lightweight-r36s-silicone-case-for-convenient-carrying-100x100.webp 100w, https:\/\/r36shandheld.store\/wp-content\/uploads\/2025\/01\/Lightweight-r36s-silicone-case-for-convenient-carrying-800x800.webp 800w\" sizes=\"(max-width: 1000px) 100vw, 1000px\" \/> <img loading=\"lazy\" decoding=\"async\" class=\"alignnone size-full wp-image-7608\" title=\"Magnetyczne etui silikonowe r36s z magnetycznym zamkni\u0119ciem\" src=\"https:\/\/r36shandheld.store\/wp-content\/uploads\/2025\/01\/Magnetic-r36s-silicone-case-with-magnetic-closure.webp\" alt=\"Magnetyczne etui silikonowe r36s z magnetycznym zamkni\u0119ciem\" width=\"1000\" height=\"1000\" srcset=\"https:\/\/r36shandheld.store\/wp-content\/uploads\/2025\/01\/Magnetic-r36s-silicone-case-with-magnetic-closure.webp 1000w, https:\/\/r36shandheld.store\/wp-content\/uploads\/2025\/01\/Magnetic-r36s-silicone-case-with-magnetic-closure-300x300.webp 300w, https:\/\/r36shandheld.store\/wp-content\/uploads\/2025\/01\/Magnetic-r36s-silicone-case-with-magnetic-closure-150x150.webp 150w, https:\/\/r36shandheld.store\/wp-content\/uploads\/2025\/01\/Magnetic-r36s-silicone-case-with-magnetic-closure-768x768.webp 768w, https:\/\/r36shandheld.store\/wp-content\/uploads\/2025\/01\/Magnetic-r36s-silicone-case-with-magnetic-closure-990x990.webp 990w, https:\/\/r36shandheld.store\/wp-content\/uploads\/2025\/01\/Magnetic-r36s-silicone-case-with-magnetic-closure-441x441.webp 441w, https:\/\/r36shandheld.store\/wp-content\/uploads\/2025\/01\/Magnetic-r36s-silicone-case-with-magnetic-closure-100x100.webp 100w, https:\/\/r36shandheld.store\/wp-content\/uploads\/2025\/01\/Magnetic-r36s-silicone-case-with-magnetic-closure-800x800.webp 800w\" sizes=\"(max-width: 1000px) 100vw, 1000px\" \/> <img loading=\"lazy\" decoding=\"async\" class=\"alignnone size-full wp-image-7609\" title=\"Etui silikonowe R36s do szybkiego zakupu z dostaw\u0105\" src=\"https:\/\/r36shandheld.store\/wp-content\/uploads\/2025\/01\/R36s-silicone-case-for-quick-delivery-purchase.webp\" alt=\"Etui silikonowe R36s do szybkiego zakupu z dostaw\u0105\" width=\"1000\" height=\"1000\" srcset=\"https:\/\/r36shandheld.store\/wp-content\/uploads\/2025\/01\/R36s-silicone-case-for-quick-delivery-purchase.webp 1000w, https:\/\/r36shandheld.store\/wp-content\/uploads\/2025\/01\/R36s-silicone-case-for-quick-delivery-purchase-300x300.webp 300w, https:\/\/r36shandheld.store\/wp-content\/uploads\/2025\/01\/R36s-silicone-case-for-quick-delivery-purchase-150x150.webp 150w, https:\/\/r36shandheld.store\/wp-content\/uploads\/2025\/01\/R36s-silicone-case-for-quick-delivery-purchase-768x768.webp 768w, https:\/\/r36shandheld.store\/wp-content\/uploads\/2025\/01\/R36s-silicone-case-for-quick-delivery-purchase-990x990.webp 990w, https:\/\/r36shandheld.store\/wp-content\/uploads\/2025\/01\/R36s-silicone-case-for-quick-delivery-purchase-441x441.webp 441w, https:\/\/r36shandheld.store\/wp-content\/uploads\/2025\/01\/R36s-silicone-case-for-quick-delivery-purchase-100x100.webp 100w, https:\/\/r36shandheld.store\/wp-content\/uploads\/2025\/01\/R36s-silicone-case-for-quick-delivery-purchase-800x800.webp 800w\" sizes=\"(max-width: 1000px) 100vw, 1000px\" \/> <img loading=\"lazy\" decoding=\"async\" class=\"alignnone size-full wp-image-7610\" title=\"Silikonowe etui R36s w limitowanej edycji\" src=\"https:\/\/r36shandheld.store\/wp-content\/uploads\/2025\/01\/R36s-silicone-case-in-limited-edition-designs.webp\" alt=\"Silikonowe etui R36s w limitowanej edycji\" width=\"1200\" height=\"1200\" srcset=\"https:\/\/r36shandheld.store\/wp-content\/uploads\/2025\/01\/R36s-silicone-case-in-limited-edition-designs.webp 1200w, https:\/\/r36shandheld.store\/wp-content\/uploads\/2025\/01\/R36s-silicone-case-in-limited-edition-designs-300x300.webp 300w, https:\/\/r36shandheld.store\/wp-content\/uploads\/2025\/01\/R36s-silicone-case-in-limited-edition-designs-1024x1024.webp 1024w, https:\/\/r36shandheld.store\/wp-content\/uploads\/2025\/01\/R36s-silicone-case-in-limited-edition-designs-150x150.webp 150w, https:\/\/r36shandheld.store\/wp-content\/uploads\/2025\/01\/R36s-silicone-case-in-limited-edition-designs-768x768.webp 768w, https:\/\/r36shandheld.store\/wp-content\/uploads\/2025\/01\/R36s-silicone-case-in-limited-edition-designs-990x990.webp 990w, https:\/\/r36shandheld.store\/wp-content\/uploads\/2025\/01\/R36s-silicone-case-in-limited-edition-designs-441x441.webp 441w, https:\/\/r36shandheld.store\/wp-content\/uploads\/2025\/01\/R36s-silicone-case-in-limited-edition-designs-100x100.webp 100w, https:\/\/r36shandheld.store\/wp-content\/uploads\/2025\/01\/R36s-silicone-case-in-limited-edition-designs-800x800.webp 800w\" sizes=\"(max-width: 1200px) 100vw, 1200px\" \/> <img loading=\"lazy\" decoding=\"async\" class=\"alignnone size-full wp-image-7611\" title=\"Silikonowe etui R36s z wbudowan\u0105 podp\u00f3rk\u0105 do ogl\u0105dania bez u\u017cycia r\u0105k\" src=\"https:\/\/r36shandheld.store\/wp-content\/uploads\/2025\/01\/R36s-silicone-case-with-built-in-kickstand-for-hands-free-viewing.webp\" alt=\"Silikonowe etui R36s z wbudowan\u0105 podp\u00f3rk\u0105 do ogl\u0105dania bez u\u017cycia r\u0105k\" width=\"1000\" height=\"1000\" srcset=\"https:\/\/r36shandheld.store\/wp-content\/uploads\/2025\/01\/R36s-silicone-case-with-built-in-kickstand-for-hands-free-viewing.webp 1000w, https:\/\/r36shandheld.store\/wp-content\/uploads\/2025\/01\/R36s-silicone-case-with-built-in-kickstand-for-hands-free-viewing-300x300.webp 300w, https:\/\/r36shandheld.store\/wp-content\/uploads\/2025\/01\/R36s-silicone-case-with-built-in-kickstand-for-hands-free-viewing-150x150.webp 150w, https:\/\/r36shandheld.store\/wp-content\/uploads\/2025\/01\/R36s-silicone-case-with-built-in-kickstand-for-hands-free-viewing-768x768.webp 768w, https:\/\/r36shandheld.store\/wp-content\/uploads\/2025\/01\/R36s-silicone-case-with-built-in-kickstand-for-hands-free-viewing-990x990.webp 990w, https:\/\/r36shandheld.store\/wp-content\/uploads\/2025\/01\/R36s-silicone-case-with-built-in-kickstand-for-hands-free-viewing-441x441.webp 441w, https:\/\/r36shandheld.store\/wp-content\/uploads\/2025\/01\/R36s-silicone-case-with-built-in-kickstand-for-hands-free-viewing-100x100.webp 100w, https:\/\/r36shandheld.store\/wp-content\/uploads\/2025\/01\/R36s-silicone-case-with-built-in-kickstand-for-hands-free-viewing-800x800.webp 800w\" sizes=\"(max-width: 1000px) 100vw, 1000px\" \/> <img loading=\"lazy\" decoding=\"async\" class=\"alignnone size-full wp-image-7612\" title=\"Odporne na zarysowania silikonowe etui r36s zapewnia d\u0142ugotrwa\u0142e pi\u0119kno\" src=\"https:\/\/r36shandheld.store\/wp-content\/uploads\/2025\/01\/Scratch-resistant-r36s-silicone-case-for-long-lasting-beauty.webp\" alt=\"Odporne na zarysowania silikonowe etui r36s zapewnia d\u0142ugotrwa\u0142e pi\u0119kno\" width=\"1000\" height=\"1000\" srcset=\"https:\/\/r36shandheld.store\/wp-content\/uploads\/2025\/01\/Scratch-resistant-r36s-silicone-case-for-long-lasting-beauty.webp 1000w, https:\/\/r36shandheld.store\/wp-content\/uploads\/2025\/01\/Scratch-resistant-r36s-silicone-case-for-long-lasting-beauty-300x300.webp 300w, https:\/\/r36shandheld.store\/wp-content\/uploads\/2025\/01\/Scratch-resistant-r36s-silicone-case-for-long-lasting-beauty-150x150.webp 150w, https:\/\/r36shandheld.store\/wp-content\/uploads\/2025\/01\/Scratch-resistant-r36s-silicone-case-for-long-lasting-beauty-768x768.webp 768w, https:\/\/r36shandheld.store\/wp-content\/uploads\/2025\/01\/Scratch-resistant-r36s-silicone-case-for-long-lasting-beauty-990x990.webp 990w, https:\/\/r36shandheld.store\/wp-content\/uploads\/2025\/01\/Scratch-resistant-r36s-silicone-case-for-long-lasting-beauty-441x441.webp 441w, https:\/\/r36shandheld.store\/wp-content\/uploads\/2025\/01\/Scratch-resistant-r36s-silicone-case-for-long-lasting-beauty-100x100.webp 100w, https:\/\/r36shandheld.store\/wp-content\/uploads\/2025\/01\/Scratch-resistant-r36s-silicone-case-for-long-lasting-beauty-800x800.webp 800w\" sizes=\"(max-width: 1000px) 100vw, 1000px\" \/> <img loading=\"lazy\" decoding=\"async\" class=\"alignnone size-full wp-image-7613\" title=\"Odporne na wstrz\u0105sy silikonowe etui r36s do sprzeda\u017cy ochrony urz\u0105dze\u0144\" src=\"https:\/\/r36shandheld.store\/wp-content\/uploads\/2025\/01\/Shockproof-r36s-silicone-case-for-device-protection-sale.webp\" alt=\"Odporne na wstrz\u0105sy silikonowe etui r36s do sprzeda\u017cy ochrony urz\u0105dze\u0144\" width=\"1000\" height=\"1000\" srcset=\"https:\/\/r36shandheld.store\/wp-content\/uploads\/2025\/01\/Shockproof-r36s-silicone-case-for-device-protection-sale.webp 1000w, https:\/\/r36shandheld.store\/wp-content\/uploads\/2025\/01\/Shockproof-r36s-silicone-case-for-device-protection-sale-300x300.webp 300w, https:\/\/r36shandheld.store\/wp-content\/uploads\/2025\/01\/Shockproof-r36s-silicone-case-for-device-protection-sale-150x150.webp 150w, https:\/\/r36shandheld.store\/wp-content\/uploads\/2025\/01\/Shockproof-r36s-silicone-case-for-device-protection-sale-768x768.webp 768w, https:\/\/r36shandheld.store\/wp-content\/uploads\/2025\/01\/Shockproof-r36s-silicone-case-for-device-protection-sale-990x990.webp 990w, https:\/\/r36shandheld.store\/wp-content\/uploads\/2025\/01\/Shockproof-r36s-silicone-case-for-device-protection-sale-441x441.webp 441w, https:\/\/r36shandheld.store\/wp-content\/uploads\/2025\/01\/Shockproof-r36s-silicone-case-for-device-protection-sale-100x100.webp 100w, https:\/\/r36shandheld.store\/wp-content\/uploads\/2025\/01\/Shockproof-r36s-silicone-case-for-device-protection-sale-800x800.webp 800w\" sizes=\"(max-width: 1000px) 100vw, 1000px\" \/> <img loading=\"lazy\" decoding=\"async\" class=\"alignnone size-full wp-image-7614\" title=\"Smuk\u0142e silikonowe etui r36s o eleganckim wygl\u0105dzie w sprzeda\u017cy w kolorze czarnym\" src=\"https:\/\/r36shandheld.store\/wp-content\/uploads\/2025\/01\/Slim-fit-r36s-silicone-case-for-a-sleek-look-on-sale-black-color.webp\" alt=\"Smuk\u0142e silikonowe etui r36s o eleganckim wygl\u0105dzie w sprzeda\u017cy w kolorze czarnym\" width=\"1000\" height=\"1000\" srcset=\"https:\/\/r36shandheld.store\/wp-content\/uploads\/2025\/01\/Slim-fit-r36s-silicone-case-for-a-sleek-look-on-sale-black-color.webp 1000w, https:\/\/r36shandheld.store\/wp-content\/uploads\/2025\/01\/Slim-fit-r36s-silicone-case-for-a-sleek-look-on-sale-black-color-300x300.webp 300w, https:\/\/r36shandheld.store\/wp-content\/uploads\/2025\/01\/Slim-fit-r36s-silicone-case-for-a-sleek-look-on-sale-black-color-150x150.webp 150w, https:\/\/r36shandheld.store\/wp-content\/uploads\/2025\/01\/Slim-fit-r36s-silicone-case-for-a-sleek-look-on-sale-black-color-768x768.webp 768w, https:\/\/r36shandheld.store\/wp-content\/uploads\/2025\/01\/Slim-fit-r36s-silicone-case-for-a-sleek-look-on-sale-black-color-990x990.webp 990w, https:\/\/r36shandheld.store\/wp-content\/uploads\/2025\/01\/Slim-fit-r36s-silicone-case-for-a-sleek-look-on-sale-black-color-441x441.webp 441w, https:\/\/r36shandheld.store\/wp-content\/uploads\/2025\/01\/Slim-fit-r36s-silicone-case-for-a-sleek-look-on-sale-black-color-100x100.webp 100w, https:\/\/r36shandheld.store\/wp-content\/uploads\/2025\/01\/Slim-fit-r36s-silicone-case-for-a-sleek-look-on-sale-black-color-800x800.webp 800w\" sizes=\"(max-width: 1000px) 100vw, 1000px\" \/> <img loading=\"lazy\" decoding=\"async\" class=\"alignnone size-full wp-image-7615\" title=\"Wodoodporne silikonowe etui r36s dla dodatkowej ochrony\" src=\"https:\/\/r36shandheld.store\/wp-content\/uploads\/2025\/01\/Waterproof-r36s-silicone-case-for-added-protection.webp\" alt=\"Wodoodporne silikonowe etui r36s dla dodatkowej ochrony\" width=\"1000\" height=\"1000\" srcset=\"https:\/\/r36shandheld.store\/wp-content\/uploads\/2025\/01\/Waterproof-r36s-silicone-case-for-added-protection.webp 1000w, https:\/\/r36shandheld.store\/wp-content\/uploads\/2025\/01\/Waterproof-r36s-silicone-case-for-added-protection-300x300.webp 300w, https:\/\/r36shandheld.store\/wp-content\/uploads\/2025\/01\/Waterproof-r36s-silicone-case-for-added-protection-150x150.webp 150w, https:\/\/r36shandheld.store\/wp-content\/uploads\/2025\/01\/Waterproof-r36s-silicone-case-for-added-protection-768x768.webp 768w, https:\/\/r36shandheld.store\/wp-content\/uploads\/2025\/01\/Waterproof-r36s-silicone-case-for-added-protection-990x990.webp 990w, https:\/\/r36shandheld.store\/wp-content\/uploads\/2025\/01\/Waterproof-r36s-silicone-case-for-added-protection-441x441.webp 441w, https:\/\/r36shandheld.store\/wp-content\/uploads\/2025\/01\/Waterproof-r36s-silicone-case-for-added-protection-100x100.webp 100w, https:\/\/r36shandheld.store\/wp-content\/uploads\/2025\/01\/Waterproof-r36s-silicone-case-for-added-protection-800x800.webp 800w\" sizes=\"(max-width: 1000px) 100vw, 1000px\" \/><\/p>\n<div class=\"flex-shrink-0 flex flex-col relative items-end\">\n<div>\n<div class=\"pt-0\">\n<div class=\"gizmo-shadow-stroke flex h-8 w-8 items-center justify-center overflow-hidden rounded-full\">\n<div class=\"h-full w-full\">\n<div class=\"gizmo-shadow-stroke overflow-hidden rounded-full\"><strong>Silikonowe etui ochronne R36s na konsol\u0119 do gier - najwy\u017csza absorpcja wstrz\u0105s\u00f3w i wytrzyma\u0142o\u015b\u0107<\/strong><\/div>\n<\/div>\n<\/div>\n<\/div>\n<\/div>\n<\/div>\n<div class=\"group\/conversation-turn relative flex w-full min-w-0 flex-col agent-turn\">\n<div class=\"flex-col gap-1 md:gap-3\">\n<div class=\"flex max-w-full flex-col flex-grow\">\n<div class=\"min-h-8 text-message flex w-full flex-col items-end gap-2 whitespace-normal break-words text-start [.text-message+&amp;]:mt-5\" dir=\"auto\" data-message-author-role=\"assistant\" data-message-id=\"7ba51679-963a-4217-b536-4ee13b027716\" data-message-model-slug=\"gpt-4o\">\n<div class=\"flex w-full flex-col gap-1 empty:hidden first:pt-[3px]\">\n<div class=\"markdown prose w-full break-words dark:prose-invert light\">\n<p>Podnie\u015b swoje wra\u017cenia z gry dzi\u0119ki <strong>Silikonowe etui R36s<\/strong>zaprojektowane z my\u015bl\u0105 o zapewnieniu najwy\u017cszej klasy ochrony konsoli do gier. Wykonane z najwy\u017cszej jako\u015bci silikonu, to etui ochronne zapewnia <strong>Doskona\u0142a absorpcja wstrz\u0105s\u00f3w<\/strong>chroni\u0105c swoje <strong><a href=\"https:\/\/r36shandheld.store\/pl\/\">R36S<\/a><\/strong> konsol\u0119 przed przypadkowymi upadkami i uderzeniami. Zbudowany z my\u015bl\u0105 o trwa\u0142o\u015bci, ten futera\u0142 pomaga zachowa\u0107 elegancki wygl\u0105d konsoli, jednocze\u015bnie poprawiaj\u0105c jej funkcjonalno\u015b\u0107. <strong>trwa\u0142o\u015b\u0107<\/strong>.<\/p>\n<p><strong>Kluczowe cechy:<\/strong><\/p>\n<ul>\n<li><strong>Zwi\u0119kszona ochrona<\/strong>: Zapewnia solidn\u0105 ochron\u0119 przed upadkami, uderzeniami i zadrapaniami, oferuj\u0105c spok\u00f3j ducha podczas gry lub podr\u00f3\u017cy.<\/li>\n<li><strong>Odporno\u015b\u0107 na zarysowania i kurz<\/strong>: Dzi\u0119ki temu konsola R36S wygl\u0105da nieskazitelnie nawet po d\u0142ugim u\u017cytkowaniu. <strong>odporny na zarysowania<\/strong> oraz <strong>py\u0142oszczelny<\/strong> projekt.<\/li>\n<li><strong>Perfect Grip<\/strong>: Lekki, a jednocze\u015bnie elastyczny futera\u0142 z teksturowan\u0105 powierzchni\u0105 zapewniaj\u0105c\u0105 komfort u\u017cytkowania. <strong>wygodny uchwyt<\/strong>zmniejszaj\u0105c ryzyko po\u015blizgni\u0119cia si\u0119 podczas intensywnych sesji gamingowych.<\/li>\n<li><strong>\u0141atwa instalacja<\/strong>: Zaprojektowany do szybkiego i bezproblemowego monta\u017cu i demonta\u017cu, dzi\u0119ki czemu jest idealny dla graczy, kt\u00f3rzy potrzebuj\u0105 <strong>dost\u0119pno\u015b\u0107 i wygoda<\/strong>.<\/li>\n<li><strong>Wszechstronne zastosowanie<\/strong>: Niezale\u017cnie od tego, czy jeste\u015b w domu, w podr\u00f3\u017cy, czy w konkurencyjnym \u015brodowisku gier, ta obudowa zapewnia <strong>niezawodna ochrona<\/strong> oraz <strong>komfort<\/strong> przez ca\u0142y czas.<\/li>\n<\/ul>\n<p><strong>Specyfikacje<\/strong>:<\/p>\n<ul>\n<li><strong>Materia\u0142<\/strong>: Wysokiej jako\u015bci silikon<\/li>\n<li><strong>Rozmiar<\/strong>: 13,4 x 8,7 x 2,9 cm (5,28 x 3,43 x 1,14 cala)<\/li>\n<li><strong>D\u0142ugo\u015b\u0107 smyczy<\/strong>20,2 cm (7,95 cala)<\/li>\n<li><strong>Opcje kolor\u00f3w<\/strong>: Dost\u0119pny w 3 \u017cywych kolorach<\/li>\n<li><strong>Kompatybilno\u015b\u0107<\/strong>: Specjalnie zaprojektowany dla <strong>R36S<\/strong> konsola do gier<\/li>\n<\/ul>\n<p><strong>Pakiet zawiera<\/strong>:<\/p>\n<ul>\n<li>1 x silikonowy r\u0119kaw<\/li>\n<\/ul>\n<p>A <strong>Idealne po\u0142\u0105czenie funkcjonalno\u015bci<\/strong> oraz <strong>styl<\/strong>w <strong>Silikonowe etui R36s<\/strong> jest niezb\u0119dnym dodatkiem dla ka\u017cdego gracza.<\/p>\n<\/div>\n<\/div>\n<\/div>\n<\/div>\n<\/div>\n<\/div>","protected":false},"excerpt":{"rendered":"<p>Chro\u0144 swoj\u0105 konsol\u0119 do gier R36S za pomoc\u0105 tego niezb\u0119dnego akcesorium i ciesz si\u0119 gr\u0105 bez obawy o uszkodzenie urz\u0105dzenia.<\/p>","protected":false},"featured_media":7604,"comment_status":"open","ping_status":"closed","template":"","meta":[],"product_brand":[],"product_cat":[54],"product_tag":[],"class_list":{"0":"post-7588","1":"product","2":"type-product","3":"status-publish","4":"has-post-thumbnail","6":"product_cat-r36s-accessories","8":"first","9":"instock","10":"shipping-taxable","11":"purchasable","12":"product-type-variable"},"jetpack_sharing_enabled":true,"jetpack-related-posts":[],"_links":{"self":[{"href":"https:\/\/r36shandheld.store\/pl\/wp-json\/wp\/v2\/product\/7588","targetHints":{"allow":["GET"]}}],"collection":[{"href":"https:\/\/r36shandheld.store\/pl\/wp-json\/wp\/v2\/product"}],"about":[{"href":"https:\/\/r36shandheld.store\/pl\/wp-json\/wp\/v2\/types\/product"}],"replies":[{"embeddable":true,"href":"https:\/\/r36shandheld.store\/pl\/wp-json\/wp\/v2\/comments?post=7588"}],"wp:featuredmedia":[{"embeddable":true,"href":"https:\/\/r36shandheld.store\/pl\/wp-json\/wp\/v2\/media\/7604"}],"wp:attachment":[{"href":"https:\/\/r36shandheld.store\/pl\/wp-json\/wp\/v2\/media?parent=7588"}],"wp:term":[{"taxonomy":"product_brand","embeddable":true,"href":"https:\/\/r36shandheld.store\/pl\/wp-json\/wp\/v2\/product_brand?post=7588"},{"taxonomy":"product_cat","embeddable":true,"href":"https:\/\/r36shandheld.store\/pl\/wp-json\/wp\/v2\/product_cat?post=7588"},{"taxonomy":"product_tag","embeddable":true,"href":"https:\/\/r36shandheld.store\/pl\/wp-json\/wp\/v2\/product_tag?post=7588"}],"curies":[{"name":"wp","href":"https:\/\/api.w.org\/{rel}","templated":true}]}}