{"id":7552,"date":"2025-01-20T01:16:42","date_gmt":"2025-01-19T17:16:42","guid":{"rendered":"https:\/\/r36shandheld.store\/?post_type=product&#038;p=7552"},"modified":"2025-01-20T22:54:05","modified_gmt":"2025-01-20T14:54:05","slug":"r36s-handheld-grip-gmae-console-grips","status":"publish","type":"product","link":"https:\/\/r36shandheld.store\/pl\/p\/r36s-handheld-grip-gmae-console-grips\/","title":{"rendered":"Uchwyt r\u0119czny R36s | Uchwyty konsoli Gmae"},"content":{"rendered":"<p><img fetchpriority=\"high\" decoding=\"async\" class=\"alignnone size-full wp-image-7565\" title=\"Uchwyt do konsoli do gier retro R36S\" src=\"https:\/\/r36shandheld.store\/wp-content\/uploads\/2025\/01\/R36S-Retro-Gaming-Console-Grip.webp\" alt=\"Uchwyt do konsoli do gier retro R36S\" width=\"2000\" height=\"2000\" srcset=\"https:\/\/r36shandheld.store\/wp-content\/uploads\/2025\/01\/R36S-Retro-Gaming-Console-Grip.webp 2000w, https:\/\/r36shandheld.store\/wp-content\/uploads\/2025\/01\/R36S-Retro-Gaming-Console-Grip-300x300.webp 300w, https:\/\/r36shandheld.store\/wp-content\/uploads\/2025\/01\/R36S-Retro-Gaming-Console-Grip-1024x1024.webp 1024w, https:\/\/r36shandheld.store\/wp-content\/uploads\/2025\/01\/R36S-Retro-Gaming-Console-Grip-150x150.webp 150w, https:\/\/r36shandheld.store\/wp-content\/uploads\/2025\/01\/R36S-Retro-Gaming-Console-Grip-768x768.webp 768w, https:\/\/r36shandheld.store\/wp-content\/uploads\/2025\/01\/R36S-Retro-Gaming-Console-Grip-1536x1536.webp 1536w, https:\/\/r36shandheld.store\/wp-content\/uploads\/2025\/01\/R36S-Retro-Gaming-Console-Grip-990x990.webp 990w, https:\/\/r36shandheld.store\/wp-content\/uploads\/2025\/01\/R36S-Retro-Gaming-Console-Grip-441x441.webp 441w, https:\/\/r36shandheld.store\/wp-content\/uploads\/2025\/01\/R36S-Retro-Gaming-Console-Grip-100x100.webp 100w, https:\/\/r36shandheld.store\/wp-content\/uploads\/2025\/01\/R36S-Retro-Gaming-Console-Grip-800x800.webp 800w\" sizes=\"(max-width: 2000px) 100vw, 2000px\" \/><\/p>\n<h2>R36S Handheld Grip - Ergonomiczne akcesorium drukowane w 3D dla wi\u0119kszego komfortu i kontroli<\/h2>\n<p><strong>Zwi\u0119ksz swoje wra\u017cenia z gry<\/strong><br \/>\nThe <strong>Uchwyt r\u0119czny R36S<\/strong> to najlepsze akcesorium dla powa\u017cnych graczy, kt\u00f3rzy chc\u0105 podnie\u015b\u0107 poziom wra\u017ce\u0144 z konsoli przeno\u015bnej. To <strong>ergonomiczny uchwyt<\/strong> zosta\u0142 zaprojektowany tak, aby idealnie pasowa\u0142 do <strong>Konsola r\u0119czna R36S o otwartym kodzie \u017ar\u00f3d\u0142owym<\/strong>oferuj\u0105c niezr\u00f3wnany komfort i kontrol\u0119 podczas najd\u0142u\u017cszych sesji gamingowych. Dzi\u0119ki eleganckiemu wzornictwu i wysokiej jako\u015bci materia\u0142om, ten uchwyt jest idealnym towarzyszem dla wci\u0105gaj\u0105cych wra\u017ce\u0144 z gry.<\/p>\n<h2>Cechy uchwytu r\u0119cznego R36s<\/h2>\n<ul>\n<li><strong>Mo\u017cliwo\u015b\u0107 dostosowania projektu<\/strong> - Nadruk 3D zapewnia wyj\u0105tkowy, spersonalizowany wygl\u0105d. Dopasuj uchwyt do swojego stylu.<\/li>\n<li><strong>Ergonomiczny komfort<\/strong> - Op\u0142ywowa konstrukcja zmniejsza obci\u0105\u017cenie d\u0142oni i zwi\u0119ksza komfort podczas wielogodzinnej rozgrywki.<\/li>\n<li><strong>Lekka konstrukcja<\/strong> - Wa\u017c\u0105cy zaledwie <strong>70 gram\u00f3w<\/strong>Uchwyt ten praktycznie nie zajmuje du\u017co miejsca, zachowuj\u0105c przeno\u015bno\u015b\u0107 konsoli R36S.<\/li>\n<li><strong>Ekologiczny PLA<\/strong> - Wykonane z <strong>Zr\u00f3wnowa\u017cony, trwa\u0142y materia\u0142 PLA<\/strong>Jest to solidny, ekologiczny dodatek do sprz\u0119tu gamingowego.<\/li>\n<li><strong>\u0141atwa instalacja<\/strong> - Wystarczy zatrzasn\u0105\u0107 go na <strong>Konsola R36S<\/strong> dla szybkiej, beznarz\u0119dziowej konfiguracji, kt\u00f3ra jest gotowa do dzia\u0142ania.<\/li>\n<\/ul>\n<p><strong>Zaprojektowane z my\u015bl\u0105 o komforcie i wydajno\u015bci<\/strong><br \/>\nW grach chodzi o przyjemno\u015b\u0107, a nie dyskomfort. The <strong>Uchwyt r\u0119czny R36S<\/strong> posiada <strong>lekki<\/strong> a jednocze\u015bnie wytrzyma\u0142\u0105 konstrukcj\u0119, kt\u00f3ra r\u00f3wnowa\u017cy komfort z wydajno\u015bci\u0105. <strong>Ergonomiczna konstrukcja<\/strong>Dzi\u0119ki temu idealnie dopasowuje si\u0119 do d\u0142oni, minimalizuj\u0105c zm\u0119czenie podczas d\u0142ugich rozgrywek. Niezale\u017cnie od tego, czy \u015bcigasz si\u0119, walczysz, czy eksplorujesz rozleg\u0142e \u015bwiaty, ten uchwyt zapewnia maksymaln\u0105 kontrol\u0119, dzi\u0119ki czemu mo\u017cesz skupi\u0107 si\u0119 na wygrywaniu.<\/p>\n<p><strong>Built to Last<\/strong><br \/>\nZapomnij o cienkich uchwytach, kt\u00f3re \u0142ami\u0105 si\u0119 pod naciskiem. Ten uchwyt jest wykonany z <strong>Tworzywo sztuczne PLA<\/strong>Zapewnia to d\u0142ugotrwa\u0142\u0105 wytrzyma\u0142o\u015b\u0107 bez zb\u0119dnego obci\u0105\u017cania zestawu. <strong>Przyjazny dla \u015brodowiska<\/strong> i wytrzyma\u0142y, to uchwyt, kt\u00f3ry pokonuje dystans.<\/p>\n<p><strong>Prosta konfiguracja, p\u0142ynna gra<\/strong><br \/>\n\u017badnych skomplikowanych instalacji! The <strong>Uchwyt r\u0119czny R36S<\/strong> mo\u017cna zamontowa\u0107 na konsoli w kilka sekund, dzi\u0119ki czemu masz wi\u0119cej czasu na to, co wa\u017cne - granie. Jego <strong>bezpieczne mocowanie<\/strong> Gwarantuje, \u017ce pozostanie na miejscu podczas intensywnej rozgrywki, wi\u0119c nie musisz si\u0119 martwi\u0107, \u017ce si\u0119 ze\u015blizgnie lub przesunie.<\/p>\n<h2>Dlaczego warto wybra\u0107 uchwyt r\u0119czny R36S?<\/h2>\n<ul>\n<li><strong>Idealne dopasowanie<\/strong> dla <strong>Konsola r\u0119czna R36S<\/strong><\/li>\n<li><strong>Mo\u017cliwo\u015b\u0107 dostosowania<\/strong> i stylowy, zaprojektowany dla graczy, kt\u00f3rzy wymagaj\u0105 personalizacji<\/li>\n<li><strong>\u015awiadomy ekologicznie<\/strong> Wyb\u00f3r materia\u0142\u00f3w wspieraj\u0105cych zr\u00f3wnowa\u017cony rozw\u00f3j<\/li>\n<li><strong>\u0141atwa instalacja<\/strong> i ergonomiczna konstrukcja zwi\u0119kszaj\u0105ca komfort i wydajno\u015b\u0107 w grach<\/li>\n<\/ul>\n<p><strong>Ulepsz sw\u00f3j R36S ju\u017c dzi\u015b<\/strong><br \/>\nNie zadowalaj si\u0119 dyskomfortem. Do\u015bwiadcz gier jak nigdy dot\u0105d dzi\u0119ki <strong>Uchwyt r\u0119czny R36S<\/strong>. Niezale\u017cnie od tego, czy odkrywasz nowe tytu\u0142y, czy powracasz do starych ulubionych, ten uchwyt zapewnia wygod\u0119 i precyzj\u0119 w ka\u017cdym momencie gry.<\/p>","protected":false},"excerpt":{"rendered":"<p>Ulepsz swoj\u0105 konsol\u0119 R36S dzi\u0119ki ergonomicznemu, konfigurowalnemu uchwytowi R36S Handheld Grip. Zaprojektowany z my\u015bl\u0105 o komforcie, kontroli i przyjazno\u015bci dla \u015brodowiska, jest idealnym akcesorium do gier<\/p>","protected":false},"featured_media":7565,"comment_status":"open","ping_status":"closed","template":"","meta":[],"product_brand":[],"product_cat":[54],"product_tag":[],"class_list":{"0":"post-7552","1":"product","2":"type-product","3":"status-publish","4":"has-post-thumbnail","6":"product_cat-r36s-accessories","8":"first","9":"instock","10":"shipping-taxable","11":"purchasable","12":"product-type-variable"},"jetpack_sharing_enabled":true,"jetpack-related-posts":[],"_links":{"self":[{"href":"https:\/\/r36shandheld.store\/pl\/wp-json\/wp\/v2\/product\/7552","targetHints":{"allow":["GET"]}}],"collection":[{"href":"https:\/\/r36shandheld.store\/pl\/wp-json\/wp\/v2\/product"}],"about":[{"href":"https:\/\/r36shandheld.store\/pl\/wp-json\/wp\/v2\/types\/product"}],"replies":[{"embeddable":true,"href":"https:\/\/r36shandheld.store\/pl\/wp-json\/wp\/v2\/comments?post=7552"}],"wp:featuredmedia":[{"embeddable":true,"href":"https:\/\/r36shandheld.store\/pl\/wp-json\/wp\/v2\/media\/7565"}],"wp:attachment":[{"href":"https:\/\/r36shandheld.store\/pl\/wp-json\/wp\/v2\/media?parent=7552"}],"wp:term":[{"taxonomy":"product_brand","embeddable":true,"href":"https:\/\/r36shandheld.store\/pl\/wp-json\/wp\/v2\/product_brand?post=7552"},{"taxonomy":"product_cat","embeddable":true,"href":"https:\/\/r36shandheld.store\/pl\/wp-json\/wp\/v2\/product_cat?post=7552"},{"taxonomy":"product_tag","embeddable":true,"href":"https:\/\/r36shandheld.store\/pl\/wp-json\/wp\/v2\/product_tag?post=7552"}],"curies":[{"name":"wp","href":"https:\/\/api.w.org\/{rel}","templated":true}]}}