{"id":7534,"date":"2025-01-20T01:17:08","date_gmt":"2025-01-19T17:17:08","guid":{"rendered":"https:\/\/r36shandheld.store\/?post_type=product&#038;p=7534"},"modified":"2025-01-29T18:35:33","modified_gmt":"2025-01-29T10:35:33","slug":"r36s-micro-sd-card-r36s-game-console-memory-card","status":"publish","type":"product","link":"https:\/\/r36shandheld.store\/pl\/p\/r36s-micro-sd-card-r36s-game-console-memory-card\/","title":{"rendered":"Karta Micro Sd R36s | Karta pami\u0119ci do konsoli do gier R36s"},"content":{"rendered":"<div style=\"width: 824px;\" class=\"wp-video\"><video class=\"wp-video-shortcode\" id=\"video-7534-1\" width=\"824\" height=\"1466\" preload=\"metadata\" controls=\"controls\"><source type=\"video\/mp4\" src=\"https:\/\/r36shandheld.store\/wp-content\/uploads\/2025\/01\/R36sMicroSdCardR36sGameConsoleMemoryCard.mp4?_=1\" \/><a href=\"https:\/\/r36shandheld.store\/wp-content\/uploads\/2025\/01\/R36sMicroSdCardR36sGameConsoleMemoryCard.mp4\">https:\/\/r36shandheld.store\/wp-content\/uploads\/2025\/01\/R36sMicroSdCardR36sGameConsoleMemoryCard.mp4<\/a><\/video><\/div>\n<p><img fetchpriority=\"high\" decoding=\"async\" class=\"alignnone size-full wp-image-7546\" title=\"karty sd kompatybilne z r36s\" src=\"https:\/\/r36shandheld.store\/wp-content\/uploads\/2025\/01\/r36s-compatible-sd-cards.webp\" alt=\"karty sd kompatybilne z r36s\" width=\"1000\" height=\"1000\" srcset=\"https:\/\/r36shandheld.store\/wp-content\/uploads\/2025\/01\/r36s-compatible-sd-cards.webp 1000w, https:\/\/r36shandheld.store\/wp-content\/uploads\/2025\/01\/r36s-compatible-sd-cards-300x300.webp 300w, https:\/\/r36shandheld.store\/wp-content\/uploads\/2025\/01\/r36s-compatible-sd-cards-150x150.webp 150w, https:\/\/r36shandheld.store\/wp-content\/uploads\/2025\/01\/r36s-compatible-sd-cards-768x768.webp 768w, https:\/\/r36shandheld.store\/wp-content\/uploads\/2025\/01\/r36s-compatible-sd-cards-990x990.webp 990w, https:\/\/r36shandheld.store\/wp-content\/uploads\/2025\/01\/r36s-compatible-sd-cards-441x441.webp 441w, https:\/\/r36shandheld.store\/wp-content\/uploads\/2025\/01\/r36s-compatible-sd-cards-100x100.webp 100w, https:\/\/r36shandheld.store\/wp-content\/uploads\/2025\/01\/r36s-compatible-sd-cards-800x800.webp 800w\" sizes=\"(max-width: 1000px) 100vw, 1000px\" \/><\/p>\n<p><img decoding=\"async\" class=\"alignnone size-full wp-image-7547\" title=\"r36s dual sd card\" src=\"https:\/\/r36shandheld.store\/wp-content\/uploads\/2025\/01\/r36s-dual-sd-card.webp\" alt=\"r36s dual sd card\" width=\"1000\" height=\"1000\" srcset=\"https:\/\/r36shandheld.store\/wp-content\/uploads\/2025\/01\/r36s-dual-sd-card.webp 1000w, https:\/\/r36shandheld.store\/wp-content\/uploads\/2025\/01\/r36s-dual-sd-card-300x300.webp 300w, https:\/\/r36shandheld.store\/wp-content\/uploads\/2025\/01\/r36s-dual-sd-card-150x150.webp 150w, https:\/\/r36shandheld.store\/wp-content\/uploads\/2025\/01\/r36s-dual-sd-card-768x768.webp 768w, https:\/\/r36shandheld.store\/wp-content\/uploads\/2025\/01\/r36s-dual-sd-card-990x990.webp 990w, https:\/\/r36shandheld.store\/wp-content\/uploads\/2025\/01\/r36s-dual-sd-card-441x441.webp 441w, https:\/\/r36shandheld.store\/wp-content\/uploads\/2025\/01\/r36s-dual-sd-card-100x100.webp 100w, https:\/\/r36shandheld.store\/wp-content\/uploads\/2025\/01\/r36s-dual-sd-card-800x800.webp 800w\" sizes=\"(max-width: 1000px) 100vw, 1000px\" \/><\/p>\n<p><img decoding=\"async\" class=\"alignnone size-full wp-image-7548\" title=\"r36s nowa karta sd\" src=\"https:\/\/r36shandheld.store\/wp-content\/uploads\/2025\/01\/r36s-new-sd-card.webp\" alt=\"r36s nowa karta sd\" width=\"1000\" height=\"500\" srcset=\"https:\/\/r36shandheld.store\/wp-content\/uploads\/2025\/01\/r36s-new-sd-card.webp 1000w, https:\/\/r36shandheld.store\/wp-content\/uploads\/2025\/01\/r36s-new-sd-card-300x150.webp 300w, https:\/\/r36shandheld.store\/wp-content\/uploads\/2025\/01\/r36s-new-sd-card-768x384.webp 768w, https:\/\/r36shandheld.store\/wp-content\/uploads\/2025\/01\/r36s-new-sd-card-990x495.webp 990w, https:\/\/r36shandheld.store\/wp-content\/uploads\/2025\/01\/r36s-new-sd-card-441x221.webp 441w, https:\/\/r36shandheld.store\/wp-content\/uploads\/2025\/01\/r36s-new-sd-card-800x400.webp 800w, https:\/\/r36shandheld.store\/wp-content\/uploads\/2025\/01\/r36s-new-sd-card-150x75.webp 150w\" sizes=\"(max-width: 1000px) 100vw, 1000px\" \/><\/p>\n<p><img loading=\"lazy\" decoding=\"async\" class=\"alignnone size-full wp-image-7549\" title=\"r36s wymiana karty sd\" src=\"https:\/\/r36shandheld.store\/wp-content\/uploads\/2025\/01\/r36s-replace-sd-card.webp\" alt=\"r36s wymiana karty sd\" width=\"1000\" height=\"1000\" srcset=\"https:\/\/r36shandheld.store\/wp-content\/uploads\/2025\/01\/r36s-replace-sd-card.webp 1000w, https:\/\/r36shandheld.store\/wp-content\/uploads\/2025\/01\/r36s-replace-sd-card-300x300.webp 300w, https:\/\/r36shandheld.store\/wp-content\/uploads\/2025\/01\/r36s-replace-sd-card-150x150.webp 150w, https:\/\/r36shandheld.store\/wp-content\/uploads\/2025\/01\/r36s-replace-sd-card-768x768.webp 768w, https:\/\/r36shandheld.store\/wp-content\/uploads\/2025\/01\/r36s-replace-sd-card-990x990.webp 990w, https:\/\/r36shandheld.store\/wp-content\/uploads\/2025\/01\/r36s-replace-sd-card-441x441.webp 441w, https:\/\/r36shandheld.store\/wp-content\/uploads\/2025\/01\/r36s-replace-sd-card-100x100.webp 100w, https:\/\/r36shandheld.store\/wp-content\/uploads\/2025\/01\/r36s-replace-sd-card-800x800.webp 800w\" sizes=\"(max-width: 1000px) 100vw, 1000px\" \/><\/p>\n<p><img loading=\"lazy\" decoding=\"async\" class=\"alignnone size-full wp-image-7550\" title=\"karta sd r36s\" src=\"https:\/\/r36shandheld.store\/wp-content\/uploads\/2025\/01\/r36s-sd-card.webp\" alt=\"karta sd r36s\" width=\"1000\" height=\"1000\" srcset=\"https:\/\/r36shandheld.store\/wp-content\/uploads\/2025\/01\/r36s-sd-card.webp 1000w, https:\/\/r36shandheld.store\/wp-content\/uploads\/2025\/01\/r36s-sd-card-300x300.webp 300w, https:\/\/r36shandheld.store\/wp-content\/uploads\/2025\/01\/r36s-sd-card-150x150.webp 150w, https:\/\/r36shandheld.store\/wp-content\/uploads\/2025\/01\/r36s-sd-card-768x768.webp 768w, https:\/\/r36shandheld.store\/wp-content\/uploads\/2025\/01\/r36s-sd-card-990x990.webp 990w, https:\/\/r36shandheld.store\/wp-content\/uploads\/2025\/01\/r36s-sd-card-441x441.webp 441w, https:\/\/r36shandheld.store\/wp-content\/uploads\/2025\/01\/r36s-sd-card-100x100.webp 100w, https:\/\/r36shandheld.store\/wp-content\/uploads\/2025\/01\/r36s-sd-card-800x800.webp 800w\" sizes=\"(max-width: 1000px) 100vw, 1000px\" \/><\/p>\n<p><img loading=\"lazy\" decoding=\"async\" class=\"alignnone size-full wp-image-7545\" title=\"r36s fabryka kart sd\" src=\"https:\/\/r36shandheld.store\/wp-content\/uploads\/2025\/01\/r36s-sd-card-factory.webp\" alt=\"r36s fabryka kart sd\" width=\"1000\" height=\"1000\" srcset=\"https:\/\/r36shandheld.store\/wp-content\/uploads\/2025\/01\/r36s-sd-card-factory.webp 1000w, https:\/\/r36shandheld.store\/wp-content\/uploads\/2025\/01\/r36s-sd-card-factory-300x300.webp 300w, https:\/\/r36shandheld.store\/wp-content\/uploads\/2025\/01\/r36s-sd-card-factory-150x150.webp 150w, https:\/\/r36shandheld.store\/wp-content\/uploads\/2025\/01\/r36s-sd-card-factory-768x768.webp 768w, https:\/\/r36shandheld.store\/wp-content\/uploads\/2025\/01\/r36s-sd-card-factory-990x990.webp 990w, https:\/\/r36shandheld.store\/wp-content\/uploads\/2025\/01\/r36s-sd-card-factory-441x441.webp 441w, https:\/\/r36shandheld.store\/wp-content\/uploads\/2025\/01\/r36s-sd-card-factory-100x100.webp 100w, https:\/\/r36shandheld.store\/wp-content\/uploads\/2025\/01\/r36s-sd-card-factory-800x800.webp 800w\" sizes=\"(max-width: 1000px) 100vw, 1000px\" \/><\/p>\n<h2>Karta Micro SD R36s - preinstalowane gry retro na konsole przeno\u015bne<\/h2>\n<p><em>Idealny dla entuzjast\u00f3w gier retro | Wysoka wydajno\u015b\u0107 | Plug &amp; Play<\/em><\/p>\n<p>Ulepsz swoje wra\u017cenia z gry dzi\u0119ki <strong><a href=\"https:\/\/r36shandheld.store\/pl\/\">R36s Handheld<\/a> Karta Micro SD<\/strong>-Uniwersalne rozwi\u0105zanie do gier retro w podr\u00f3\u017cy. Preinstalowana z tysi\u0105cami klasycznych gier, ta szybka karta jest doskona\u0142ym dodatkiem do Twojego komputera. <strong>PSP<\/strong>, <strong>PS1<\/strong>lub <strong><a href=\"https:\/\/r36shandheld.store\/pl\/\">R36S <\/a>Konsola<\/strong>. Graj natychmiast dzi\u0119ki <strong>Plug &amp; Play<\/strong> i cieszy\u0107 si\u0119 niezawodno\u015bci\u0105 produktu z certyfikatami CE, FCC i ROHS.<\/p>\n<h2>Cechy karty Micro Sd R36s:<\/h2>\n<p>\u2714 <strong>Ogromna biblioteka gier<\/strong><br \/>\nWybierz spo\u015br\u00f3d ponad <strong>60 000 gier<\/strong> z <strong>Karta o pojemno\u015bci 256 GB<\/strong> lub <strong>30 000 gier<\/strong> na <strong>Karta 128 GB<\/strong>. Nasze karty do gier s\u0105 fabrycznie za\u0142adowane najpopularniejszymi tytu\u0142ami w stylu retro, obejmuj\u0105cymi r\u00f3\u017cne emulatory.<\/p>\n<p>\u2714 <strong>Kompatybilno\u015b\u0107 Plug &amp; Play<\/strong><br \/>\nNie jest wymagana instalacja - wystarczy w\u0142o\u017cy\u0107 kart\u0119 do konsoli i rozpocz\u0105\u0107 gr\u0119. Obs\u0142uguje wiele system\u00f3w gier retro, takich jak PSP, PS1 i wiele innych!<\/p>\n<p>\u2714 <strong>Szybka transmisja<\/strong><br \/>\nCiesz si\u0119 b\u0142yskawicznym transferem danych, zapewniaj\u0105c p\u0142ynn\u0105 rozgrywk\u0119 bez przerw. Nasze karty zosta\u0142y rygorystycznie przetestowane pod k\u0105tem optymalnej wydajno\u015bci.<\/p>\n<p>\u2714 <strong>Jako\u015b\u0107, kt\u00f3rej mo\u017cna zaufa\u0107<\/strong><br \/>\nPosiada certyfikat <strong>CE<\/strong>, <strong>FCC<\/strong>oraz <strong>ROHS<\/strong> dla bezpiecze\u0144stwa i zgodno\u015bci. Ka\u017cda karta do gry przechodzi przez trzy etapy inspekcji: inspekcj\u0119 fabryczn\u0105, inspekcj\u0119 kopii danych H5 i ko\u0144cowe testy konsoli, gwarantuj\u0105c najwy\u017csz\u0105 jako\u015b\u0107.<\/p>\n<p>\u2714 <strong>Niestandardowe karty do gier<\/strong><br \/>\nCzy masz na my\u015bli ulubion\u0105 gr\u0119 lub konkretny emulator? Skontaktuj si\u0119 z naszym dzia\u0142em obs\u0142ugi klienta, aby uzyska\u0107 niestandardowe opcje kart do gier. Oferujemy personalizacj\u0119 kart gier dla konsol przeno\u015bnych typu open source, opartych na systemie Android i Windows.<\/p>\n<p>\u2714 <strong>Obs\u0142uga klienta 24\/7<\/strong><br \/>\nJeste\u015bmy tu dla Ciebie! Nasz oddany zesp\u00f3\u0142 profesjonalist\u00f3w jest dost\u0119pny przez ca\u0142\u0105 dob\u0119. Niezale\u017cnie od tego, czy chodzi o wskaz\u00f3wki dotycz\u0105ce konfiguracji, czy rozwi\u0105zywanie problem\u00f3w, wystarczy nam wiadomo\u015b\u0107.<\/p>\n<p><strong>Testowanie i dostawa produkt\u00f3w<\/strong><br \/>\nPowa\u017cnie traktujemy jako\u015b\u0107. Ka\u017cda karta do gry jest testowana na tym samym komputerze, co karta kupuj\u0105cego, aby zapewni\u0107 kompatybilno\u015b\u0107. Nasz zesp\u00f3\u0142 dostarczy r\u00f3wnie\u017c szczeg\u00f3\u0142owe wyniki test\u00f3w i numer zam\u00f3wienia wysy\u0142ki, aby\u015b m\u00f3g\u0142 \u015bledzi\u0107 sw\u00f3j zakup na ka\u017cdym etapie. Oczekiwania <strong>Dostawa w ci\u0105gu 24 godzin<\/strong> Po pomy\u015blnym przetestowaniu karta zostanie bezpiecznie zapakowana i szybko wys\u0142ana!<\/p>\n<h2>Dlaczego warto wybra\u0107 nas?<\/h2>\n<p>\u2714 <strong>Oficjalny sklep<\/strong><br \/>\nJeste\u015bmy zweryfikowanym i zaufanym sprzedawc\u0105. Ciesz si\u0119 spokojem wynikaj\u0105cym z zakup\u00f3w w oficjalnym sklepie z certyfikatem <strong>Wska\u017anik odpowiedzi dzia\u0142u obs\u0142ugi klienta 100%<\/strong>.<\/p>\n<p>\u2714 <strong>Szybko\u015b\u0107 i niezawodno\u015b\u0107<\/strong><br \/>\nZ <strong>Dostawa w ci\u0105gu 24 godzin<\/strong> i dedykowany zesp\u00f3\u0142 obs\u0142ugi klienta, zapewniamy bezproblemowe zakupy.<\/p>\n<p>\u2714 <strong>Dost\u0119pna personalizacja<\/strong><br \/>\nSzukasz spersonalizowanej karty do gry lub niestandardowej kolekcji gier? Daj nam zna\u0107! Oferujemy dopasowane rozwi\u0105zania dla r\u00f3\u017cnych przeno\u015bnych konsol do gier.<\/p>","protected":false},"excerpt":{"rendered":"<p>Wybierz kart\u0119 Micro SD R36s, aby uzyska\u0107 niezr\u00f3wnane wra\u017cenia z gry i natychmiastowy dost\u0119p do \u015bwiata klasyki retro. Zam\u00f3w ju\u017c dzi\u015b i przenie\u015b swoj\u0105 przeno\u015bn\u0105 rozgrywk\u0119 na wy\u017cszy poziom!<\/p>","protected":false},"featured_media":7542,"comment_status":"open","ping_status":"closed","template":"","meta":[],"product_brand":[],"product_cat":[54],"product_tag":[],"class_list":{"0":"post-7534","1":"product","2":"type-product","3":"status-publish","4":"has-post-thumbnail","6":"product_cat-r36s-accessories","8":"first","9":"instock","10":"shipping-taxable","11":"purchasable","12":"product-type-variable"},"jetpack_sharing_enabled":true,"jetpack-related-posts":[],"_links":{"self":[{"href":"https:\/\/r36shandheld.store\/pl\/wp-json\/wp\/v2\/product\/7534","targetHints":{"allow":["GET"]}}],"collection":[{"href":"https:\/\/r36shandheld.store\/pl\/wp-json\/wp\/v2\/product"}],"about":[{"href":"https:\/\/r36shandheld.store\/pl\/wp-json\/wp\/v2\/types\/product"}],"replies":[{"embeddable":true,"href":"https:\/\/r36shandheld.store\/pl\/wp-json\/wp\/v2\/comments?post=7534"}],"wp:featuredmedia":[{"embeddable":true,"href":"https:\/\/r36shandheld.store\/pl\/wp-json\/wp\/v2\/media\/7542"}],"wp:attachment":[{"href":"https:\/\/r36shandheld.store\/pl\/wp-json\/wp\/v2\/media?parent=7534"}],"wp:term":[{"taxonomy":"product_brand","embeddable":true,"href":"https:\/\/r36shandheld.store\/pl\/wp-json\/wp\/v2\/product_brand?post=7534"},{"taxonomy":"product_cat","embeddable":true,"href":"https:\/\/r36shandheld.store\/pl\/wp-json\/wp\/v2\/product_cat?post=7534"},{"taxonomy":"product_tag","embeddable":true,"href":"https:\/\/r36shandheld.store\/pl\/wp-json\/wp\/v2\/product_tag?post=7534"}],"curies":[{"name":"wp","href":"https:\/\/api.w.org\/{rel}","templated":true}]}}