{"id":7512,"date":"2025-01-20T01:16:47","date_gmt":"2025-01-19T17:16:47","guid":{"rendered":"https:\/\/r36shandheld.store\/?post_type=product&#038;p=7512"},"modified":"2025-01-29T20:13:59","modified_gmt":"2025-01-29T12:13:59","slug":"r36s-screen-protector-premium-tempered-glass-screen","status":"publish","type":"product","link":"https:\/\/r36shandheld.store\/pl\/p\/r36s-screen-protector-premium-tempered-glass-screen\/","title":{"rendered":"Ochraniacz ekranu R36s | Ekran ze szk\u0142a hartowanego Premium"},"content":{"rendered":"<p><img fetchpriority=\"high\" decoding=\"async\" class=\"alignnone size-full wp-image-7513\" title=\"DATA FROG R36S Screen Protector Tempered Glass.jpeg\" src=\"https:\/\/r36shandheld.store\/wp-content\/uploads\/2025\/01\/DATA-FROG-R36S-Screen-Protector-Tempered-Glass.jpeg.webp\" alt=\"DATA FROG R36S Screen Protector Tempered Glass.jpeg\" width=\"800\" height=\"800\" srcset=\"https:\/\/r36shandheld.store\/wp-content\/uploads\/2025\/01\/DATA-FROG-R36S-Screen-Protector-Tempered-Glass.jpeg.webp 800w, https:\/\/r36shandheld.store\/wp-content\/uploads\/2025\/01\/DATA-FROG-R36S-Screen-Protector-Tempered-Glass.jpeg-300x300.webp 300w, https:\/\/r36shandheld.store\/wp-content\/uploads\/2025\/01\/DATA-FROG-R36S-Screen-Protector-Tempered-Glass.jpeg-150x150.webp 150w, https:\/\/r36shandheld.store\/wp-content\/uploads\/2025\/01\/DATA-FROG-R36S-Screen-Protector-Tempered-Glass.jpeg-768x768.webp 768w, https:\/\/r36shandheld.store\/wp-content\/uploads\/2025\/01\/DATA-FROG-R36S-Screen-Protector-Tempered-Glass.jpeg-441x441.webp 441w, https:\/\/r36shandheld.store\/wp-content\/uploads\/2025\/01\/DATA-FROG-R36S-Screen-Protector-Tempered-Glass.jpeg-100x100.webp 100w\" sizes=\"(max-width: 800px) 100vw, 800px\" \/><\/p>\n<h2>Ochraniacz ekranu R36s Opis<\/h2>\n<p>:<br \/>\nChro\u0144 swoje <strong>Otwarta konsola do gier zr\u0119czno\u015bciowych R36s<\/strong> z naszym <strong>Ochraniacz ekranu ze szk\u0142a hartowanego<\/strong>Zaprojektowany, aby zapewni\u0107, \u017ce ekran pozostanie nieskazitelny podczas ka\u017cdej sesji grania. Niezale\u017cnie od tego, czy jeste\u015b zwyk\u0142ym graczem, czy entuzjast\u0105 gier zr\u0119czno\u015bciowych, ten wysokiej jako\u015bci ochraniacz ekranu oferuje <strong>Klarowno\u015b\u0107 w wysokiej rozdzielczo\u015bci<\/strong> oraz <strong>Doskona\u0142a ochrona przed zarysowaniami<\/strong>dzi\u0119ki czemu rozgrywka pozostaje niezak\u0142\u00f3cona.<\/p>\n<ul>\n<li><strong>Krystalicznie czysta przejrzysto\u015b\u0107<\/strong>: Ciesz si\u0119 jako\u015bci\u0105 wy\u015bwietlania w wysokiej rozdzielczo\u015bci z pe\u0142n\u0105 przezroczysto\u015bci\u0105, zapewniaj\u0105c, \u017ce \u017cywe kolory i ostre szczeg\u00f3\u0142y ekranu s\u0105 zawsze widoczne.<\/li>\n<li><strong>Niezr\u00f3wnana ochrona przed zarysowaniami<\/strong>: Wykonany z wysokiej jako\u015bci szk\u0142a hartowanego, ten ochraniacz ekranu zapewnia siln\u0105 ochron\u0119 przed zadrapaniami, smugami i drobnymi uderzeniami.<\/li>\n<li><strong>Trwa\u0142o\u015b\u0107 i d\u0142ugowieczno\u015b\u0107<\/strong>: Zbudowany z my\u015bl\u0105 o trwa\u0142o\u015bci, zachowuje swoje w\u0142a\u015bciwo\u015bci ochronne i krystalicznie czyst\u0105 przezroczysto\u015b\u0107 przez d\u0142ugi czas, zapewniaj\u0105c, \u017ce ekran pozostanie tak nieskazitelny jak pierwszego dnia.<\/li>\n<li><strong>Idealne dopasowanie<\/strong>: O wymiarach <strong>6,1 \u00d7 7,8 \u00d7 0,01 cm<\/strong>Jest precyzyjnie zaprojektowany, aby pasowa\u0142 do Twojego <a href=\"https:\/\/r36shandheld.store\/pl\/\">Konsola do gier R36S<\/a> idealnie bez uszczerbku dla interakcji z ekranem.<\/li>\n<\/ul>\n<p>&nbsp;<\/p>","protected":false},"excerpt":{"rendered":"<p>Zwi\u0119ksz swoje wra\u017cenia z gry dzi\u0119ki ochraniaczowi ekranu R36s - stworzonemu dla graczy, kt\u00f3rzy chc\u0105 ochrony, kt\u00f3ra nie po\u015bwi\u0119ca wydajno\u015bci ani stylu<\/p>","protected":false},"featured_media":7514,"comment_status":"open","ping_status":"closed","template":"","meta":[],"product_brand":[],"product_cat":[54],"product_tag":[],"class_list":{"0":"post-7512","1":"product","2":"type-product","3":"status-publish","4":"has-post-thumbnail","6":"product_cat-r36s-accessories","8":"first","9":"instock","10":"shipping-taxable","11":"purchasable","12":"product-type-simple"},"jetpack_sharing_enabled":true,"jetpack-related-posts":[],"_links":{"self":[{"href":"https:\/\/r36shandheld.store\/pl\/wp-json\/wp\/v2\/product\/7512","targetHints":{"allow":["GET"]}}],"collection":[{"href":"https:\/\/r36shandheld.store\/pl\/wp-json\/wp\/v2\/product"}],"about":[{"href":"https:\/\/r36shandheld.store\/pl\/wp-json\/wp\/v2\/types\/product"}],"replies":[{"embeddable":true,"href":"https:\/\/r36shandheld.store\/pl\/wp-json\/wp\/v2\/comments?post=7512"}],"wp:featuredmedia":[{"embeddable":true,"href":"https:\/\/r36shandheld.store\/pl\/wp-json\/wp\/v2\/media\/7514"}],"wp:attachment":[{"href":"https:\/\/r36shandheld.store\/pl\/wp-json\/wp\/v2\/media?parent=7512"}],"wp:term":[{"taxonomy":"product_brand","embeddable":true,"href":"https:\/\/r36shandheld.store\/pl\/wp-json\/wp\/v2\/product_brand?post=7512"},{"taxonomy":"product_cat","embeddable":true,"href":"https:\/\/r36shandheld.store\/pl\/wp-json\/wp\/v2\/product_cat?post=7512"},{"taxonomy":"product_tag","embeddable":true,"href":"https:\/\/r36shandheld.store\/pl\/wp-json\/wp\/v2\/product_tag?post=7512"}],"curies":[{"name":"wp","href":"https:\/\/api.w.org\/{rel}","templated":true}]}}