{"id":7411,"date":"2025-01-20T01:17:31","date_gmt":"2025-01-19T17:17:31","guid":{"rendered":"https:\/\/r36shandheld.store\/?post_type=product&#038;p=7411"},"modified":"2025-01-20T01:17:31","modified_gmt":"2025-01-19T17:17:31","slug":"purple-game-master-r36s","status":"publish","type":"product","link":"https:\/\/r36shandheld.store\/pl\/p\/purple-game-master-r36s\/","title":{"rendered":"Fioletowy Game Master R36s"},"content":{"rendered":"<p><img fetchpriority=\"high\" decoding=\"async\" class=\"alignnone size-full wp-image-7422\" title=\"podw\u00f3jny joystick dla R36 z dobrymi przyciskami\" src=\"https:\/\/r36shandheld.store\/wp-content\/uploads\/2025\/01\/double-joystick-for-R36s-with-good-buttons.webp\" alt=\"podw\u00f3jny joystick dla R36 z dobrymi przyciskami\" width=\"1000\" height=\"1000\" srcset=\"https:\/\/r36shandheld.store\/wp-content\/uploads\/2025\/01\/double-joystick-for-R36s-with-good-buttons.webp 1000w, https:\/\/r36shandheld.store\/wp-content\/uploads\/2025\/01\/double-joystick-for-R36s-with-good-buttons-300x300.webp 300w, https:\/\/r36shandheld.store\/wp-content\/uploads\/2025\/01\/double-joystick-for-R36s-with-good-buttons-150x150.webp 150w, https:\/\/r36shandheld.store\/wp-content\/uploads\/2025\/01\/double-joystick-for-R36s-with-good-buttons-768x768.webp 768w, https:\/\/r36shandheld.store\/wp-content\/uploads\/2025\/01\/double-joystick-for-R36s-with-good-buttons-990x990.webp 990w, https:\/\/r36shandheld.store\/wp-content\/uploads\/2025\/01\/double-joystick-for-R36s-with-good-buttons-441x441.webp 441w, https:\/\/r36shandheld.store\/wp-content\/uploads\/2025\/01\/double-joystick-for-R36s-with-good-buttons-100x100.webp 100w, https:\/\/r36shandheld.store\/wp-content\/uploads\/2025\/01\/double-joystick-for-R36s-with-good-buttons-800x800.webp 800w\" sizes=\"(max-width: 1000px) 100vw, 1000px\" \/> <img decoding=\"async\" class=\"alignnone size-full wp-image-7421\" title=\"R\u00f3\u017cne kolory R36S\" src=\"https:\/\/r36shandheld.store\/wp-content\/uploads\/2025\/01\/Different-colors-of-R36S-.webp\" alt=\"R\u00f3\u017cne kolory R36S\" width=\"1000\" height=\"1000\" srcset=\"https:\/\/r36shandheld.store\/wp-content\/uploads\/2025\/01\/Different-colors-of-R36S-.webp 1000w, https:\/\/r36shandheld.store\/wp-content\/uploads\/2025\/01\/Different-colors-of-R36S--300x300.webp 300w, https:\/\/r36shandheld.store\/wp-content\/uploads\/2025\/01\/Different-colors-of-R36S--150x150.webp 150w, https:\/\/r36shandheld.store\/wp-content\/uploads\/2025\/01\/Different-colors-of-R36S--768x768.webp 768w, https:\/\/r36shandheld.store\/wp-content\/uploads\/2025\/01\/Different-colors-of-R36S--990x990.webp 990w, https:\/\/r36shandheld.store\/wp-content\/uploads\/2025\/01\/Different-colors-of-R36S--441x441.webp 441w, https:\/\/r36shandheld.store\/wp-content\/uploads\/2025\/01\/Different-colors-of-R36S--100x100.webp 100w, https:\/\/r36shandheld.store\/wp-content\/uploads\/2025\/01\/Different-colors-of-R36S--800x800.webp 800w\" sizes=\"(max-width: 1000px) 100vw, 1000px\" \/> <img decoding=\"async\" class=\"alignnone size-full wp-image-7420\" title=\"R36s z adapterami OTG do wyj\u015bcia na du\u017cy ekran, pod\u0142\u0105cz gamepada\" src=\"https:\/\/r36shandheld.store\/wp-content\/uploads\/2025\/01\/R36s-with-OTG-adapters-for-large-screen-output-connect-the-gamepad.webp\" alt=\"R36s z adapterami OTG do wyj\u015bcia na du\u017cy ekran, pod\u0142\u0105cz gamepada\" width=\"1000\" height=\"1000\" srcset=\"https:\/\/r36shandheld.store\/wp-content\/uploads\/2025\/01\/R36s-with-OTG-adapters-for-large-screen-output-connect-the-gamepad.webp 1000w, https:\/\/r36shandheld.store\/wp-content\/uploads\/2025\/01\/R36s-with-OTG-adapters-for-large-screen-output-connect-the-gamepad-300x300.webp 300w, https:\/\/r36shandheld.store\/wp-content\/uploads\/2025\/01\/R36s-with-OTG-adapters-for-large-screen-output-connect-the-gamepad-150x150.webp 150w, https:\/\/r36shandheld.store\/wp-content\/uploads\/2025\/01\/R36s-with-OTG-adapters-for-large-screen-output-connect-the-gamepad-768x768.webp 768w, https:\/\/r36shandheld.store\/wp-content\/uploads\/2025\/01\/R36s-with-OTG-adapters-for-large-screen-output-connect-the-gamepad-990x990.webp 990w, https:\/\/r36shandheld.store\/wp-content\/uploads\/2025\/01\/R36s-with-OTG-adapters-for-large-screen-output-connect-the-gamepad-441x441.webp 441w, https:\/\/r36shandheld.store\/wp-content\/uploads\/2025\/01\/R36s-with-OTG-adapters-for-large-screen-output-connect-the-gamepad-100x100.webp 100w, https:\/\/r36shandheld.store\/wp-content\/uploads\/2025\/01\/R36s-with-OTG-adapters-for-large-screen-output-connect-the-gamepad-800x800.webp 800w\" sizes=\"(max-width: 1000px) 100vw, 1000px\" \/><img loading=\"lazy\" decoding=\"async\" class=\"alignnone size-full wp-image-7417\" title=\"D\u0142uga \u017cywotno\u015b\u0107 baterii R36s z akumulatorem 29000 mAh\" src=\"https:\/\/r36shandheld.store\/wp-content\/uploads\/2025\/01\/R36s-long-battery-life-with-29000mah-battery.webp\" alt=\"D\u0142uga \u017cywotno\u015b\u0107 baterii R36s z akumulatorem 29000 mAh\" width=\"800\" height=\"1350\" srcset=\"https:\/\/r36shandheld.store\/wp-content\/uploads\/2025\/01\/R36s-long-battery-life-with-29000mah-battery.webp 800w, https:\/\/r36shandheld.store\/wp-content\/uploads\/2025\/01\/R36s-long-battery-life-with-29000mah-battery-178x300.webp 178w, https:\/\/r36shandheld.store\/wp-content\/uploads\/2025\/01\/R36s-long-battery-life-with-29000mah-battery-607x1024.webp 607w, https:\/\/r36shandheld.store\/wp-content\/uploads\/2025\/01\/R36s-long-battery-life-with-29000mah-battery-768x1296.webp 768w, https:\/\/r36shandheld.store\/wp-content\/uploads\/2025\/01\/R36s-long-battery-life-with-29000mah-battery-441x744.webp 441w, https:\/\/r36shandheld.store\/wp-content\/uploads\/2025\/01\/R36s-long-battery-life-with-29000mah-battery-300x506.webp 300w, https:\/\/r36shandheld.store\/wp-content\/uploads\/2025\/01\/R36s-long-battery-life-with-29000mah-battery-150x253.webp 150w\" sizes=\"(max-width: 800px) 100vw, 800px\" \/><\/p>\n<h2>Purple Game Master R36s: Najlepsze wra\u017cenia z gier retro<\/h2>\n<p><strong>Uwolnij swojego wewn\u0119trznego gracza dzi\u0119ki Purple Game Master R36s<\/strong>najnowocze\u015bniejsza konsola przeno\u015bna zaprojektowana dla tych, kt\u00f3rzy kochaj\u0105 urok gier retro. Ta konsola ma bibliotek\u0119 15 000 gier, elegancki wygl\u0105d i pot\u0119\u017cn\u0105 specyfikacj\u0119 i jest idealna do grania w podr\u00f3\u017cy.<\/p>\n<h2>Kluczowe specyfikacje:<\/h2>\n<ul>\n<li><strong>Gry w zestawie<\/strong>: Ponad 15 000 klasycznych gier na 21 emulatorach.<\/li>\n<li><strong>Model<\/strong>: R36S.<\/li>\n<li><strong>Wy\u015bwietlacz<\/strong>: 3,5-calowy ekran HD IPS zapewniaj\u0105cy \u017cywy, krystalicznie czysty obraz.<\/li>\n<li><strong>Rozdzielczo\u015b\u0107<\/strong>640\u00d7480 dla prawdziwej estetyki retro.<\/li>\n<li><strong>Procesor<\/strong>: Czterordzeniowy 64-bitowy Cortex-A35, do 1,8 GHz.<\/li>\n<li><strong>Pami\u0119\u0107<\/strong>: 1 GB pami\u0119ci RAM DDR3L i 64 GB pami\u0119ci masowej dla p\u0142ynnego dzia\u0142ania.<\/li>\n<li><strong>Bateria<\/strong>: Wbudowany akumulator polimerowy o pojemno\u015bci 2900 mAh zapewnia ponad 4 godziny odtwarzania na jednym \u0142adowaniu.<\/li>\n<li><strong>Obs\u0142ugiwane j\u0119zyki<\/strong>: Wieloj\u0119zyczny interfejs, w tym angielski, francuski, niemiecki, hiszpa\u0144ski, chi\u0144ski i inne.<\/li>\n<\/ul>\n<h2>Cechy, kt\u00f3re si\u0119 wyr\u00f3\u017cniaj\u0105:<\/h2>\n<ul>\n<li><strong>Przeno\u015bno\u015b\u0107 w podr\u00f3\u017cy<\/strong><br \/>\nUltrakompaktowa konstrukcja i estetyka retro sprawiaj\u0105, \u017ce jest to idealny towarzysz podr\u00f3\u017cy s\u0142u\u017cbowych, wakacji lub biwakowania. Prze\u017cyj na nowo z\u0142ot\u0105 er\u0119 gier w dowolnym miejscu i czasie.<\/li>\n<li><strong>Wci\u0105gaj\u0105ca grafika<\/strong><br \/>\nEkran HD IPS o przek\u0105tnej 3,5\u2033 zapewnia szeroki k\u0105t widzenia i wyj\u0105tkow\u0105 jako\u015b\u0107 obrazu, zapewniaj\u0105c wci\u0105gaj\u0105ce wra\u017cenia z gry.<\/li>\n<li><strong>Konfigurowalne gry<\/strong><br \/>\nZasilany przez system Linux o otwartym kodzie \u017ar\u00f3d\u0142owym, R36s umo\u017cliwia \u0142atw\u0105 personalizacj\u0119 i p\u0142ynn\u0105 wydajno\u015b\u0107 w grach.<\/li>\n<li><strong>Wyj\u0105tkowa \u017cywotno\u015b\u0107 baterii<\/strong><br \/>\nDzi\u0119ki wymiennej i \u0142adowalnej baterii 2900 mAh mo\u017cesz cieszy\u0107 si\u0119 nieprzerwanymi sesjami grania przez wiele godzin. \u0141atwa wymiana lub \u0142adowanie w celu przed\u0142u\u017cenia rozgrywki.<\/li>\n<li><strong>Konstrukcja przyjazna rodzinie<\/strong><br \/>\nWbudowana kontrola rodzicielska i intuicyjna obs\u0142uga sprawiaj\u0105, \u017ce Purple Game Master R36s jest odpowiedni dla graczy w ka\u017cdym wieku.<\/li>\n<li><strong>Stylowy i trwa\u0142y<\/strong><br \/>\nDost\u0119pna w pi\u0119knym fioletowym wyko\u0144czeniu, konsola ta jest r\u00f3wnie wytrzyma\u0142a, co atrakcyjna wizualnie.<\/li>\n<\/ul>\n<h4>Dlaczego warto wybra\u0107 Purple Game Master R36s?<\/h4>\n<ul>\n<li><strong>Ogromna biblioteka gier<\/strong><br \/>\nOdkryj na nowo 15 000 klasycznych gier ze swoich ulubionych epok, a wszystko to na jednym urz\u0105dzeniu.<\/li>\n<li><strong>Stworzony dla wydajno\u015bci<\/strong><br \/>\nWyposa\u017cony w szybki procesor i du\u017c\u0105 ilo\u015b\u0107 pami\u0119ci RAM, R36s zapewnia p\u0142ynn\u0105 rozgrywk\u0119.<\/li>\n<li><strong>Idealny prezent<\/strong><br \/>\nZachwy\u0107 entuzjast\u00f3w gier w stylu retro i wsp\u00f3\u0142czesnych graczy idealnym po\u0142\u0105czeniem nostalgii i innowacji.<\/li>\n<\/ul>\n<p><strong>Kup Purple Game Master R36s ju\u017c dzi\u015b i przywr\u00f3\u0107 do \u017cycia swoje ulubione gry retro.<\/strong> Gotowy, by zabra\u0107 swoje gry gdziekolwiek jeste\u015b? <strong>Zam\u00f3w teraz i do\u015bwiadcz rado\u015bci z grania w dowolnym miejscu i czasie!<\/strong><\/p>","protected":false},"excerpt":{"rendered":"<p>Purple Game Master R36s to najlepsza konsola retro, oferuj\u0105ca 15 000 gier, pot\u0119\u017cn\u0105 specyfikacj\u0119, d\u0142ugi czas pracy na baterii i stylow\u0105, przeno\u015bn\u0105 konstrukcj\u0119 do grania w dowolnym miejscu<\/p>","protected":false},"featured_media":7414,"comment_status":"open","ping_status":"closed","template":"","meta":[],"product_brand":[],"product_cat":[15],"product_tag":[],"class_list":{"0":"post-7411","1":"product","2":"type-product","3":"status-publish","4":"has-post-thumbnail","6":"product_cat-r36s","8":"first","9":"instock","10":"shipping-taxable","11":"purchasable","12":"product-type-variable"},"jetpack_sharing_enabled":true,"jetpack-related-posts":[],"_links":{"self":[{"href":"https:\/\/r36shandheld.store\/pl\/wp-json\/wp\/v2\/product\/7411","targetHints":{"allow":["GET"]}}],"collection":[{"href":"https:\/\/r36shandheld.store\/pl\/wp-json\/wp\/v2\/product"}],"about":[{"href":"https:\/\/r36shandheld.store\/pl\/wp-json\/wp\/v2\/types\/product"}],"replies":[{"embeddable":true,"href":"https:\/\/r36shandheld.store\/pl\/wp-json\/wp\/v2\/comments?post=7411"}],"wp:featuredmedia":[{"embeddable":true,"href":"https:\/\/r36shandheld.store\/pl\/wp-json\/wp\/v2\/media\/7414"}],"wp:attachment":[{"href":"https:\/\/r36shandheld.store\/pl\/wp-json\/wp\/v2\/media?parent=7411"}],"wp:term":[{"taxonomy":"product_brand","embeddable":true,"href":"https:\/\/r36shandheld.store\/pl\/wp-json\/wp\/v2\/product_brand?post=7411"},{"taxonomy":"product_cat","embeddable":true,"href":"https:\/\/r36shandheld.store\/pl\/wp-json\/wp\/v2\/product_cat?post=7411"},{"taxonomy":"product_tag","embeddable":true,"href":"https:\/\/r36shandheld.store\/pl\/wp-json\/wp\/v2\/product_tag?post=7411"}],"curies":[{"name":"wp","href":"https:\/\/api.w.org\/{rel}","templated":true}]}}