{"id":7574,"date":"2025-01-20T01:16:37","date_gmt":"2025-01-19T17:16:37","guid":{"rendered":"https:\/\/r36shandheld.store\/?post_type=product&#038;p=7574"},"modified":"2025-01-29T18:45:30","modified_gmt":"2025-01-29T10:45:30","slug":"r36s-battery-replacement","status":"publish","type":"product","link":"https:\/\/r36shandheld.store\/it\/p\/r36s-battery-replacement\/","title":{"rendered":"Sostituzione della batteria R36s"},"content":{"rendered":"<p><img fetchpriority=\"high\" decoding=\"async\" class=\"alignnone size-full wp-image-7581\" title=\"batteria di ricambio r36s scontata per ordini in blocco\" src=\"https:\/\/r36shandheld.store\/wp-content\/uploads\/2025\/01\/discounted-r36s-battery-replacement-for-bulk-orders.webp\" alt=\"batteria di ricambio r36s scontata per ordini in blocco\" width=\"1000\" height=\"1000\" srcset=\"https:\/\/r36shandheld.store\/wp-content\/uploads\/2025\/01\/discounted-r36s-battery-replacement-for-bulk-orders.webp 1000w, https:\/\/r36shandheld.store\/wp-content\/uploads\/2025\/01\/discounted-r36s-battery-replacement-for-bulk-orders-300x300.webp 300w, https:\/\/r36shandheld.store\/wp-content\/uploads\/2025\/01\/discounted-r36s-battery-replacement-for-bulk-orders-150x150.webp 150w, https:\/\/r36shandheld.store\/wp-content\/uploads\/2025\/01\/discounted-r36s-battery-replacement-for-bulk-orders-768x768.webp 768w, https:\/\/r36shandheld.store\/wp-content\/uploads\/2025\/01\/discounted-r36s-battery-replacement-for-bulk-orders-990x990.webp 990w, https:\/\/r36shandheld.store\/wp-content\/uploads\/2025\/01\/discounted-r36s-battery-replacement-for-bulk-orders-441x441.webp 441w, https:\/\/r36shandheld.store\/wp-content\/uploads\/2025\/01\/discounted-r36s-battery-replacement-for-bulk-orders-100x100.webp 100w, https:\/\/r36shandheld.store\/wp-content\/uploads\/2025\/01\/discounted-r36s-battery-replacement-for-bulk-orders-800x800.webp 800w\" sizes=\"(max-width: 1000px) 100vw, 1000px\" \/><\/p>\n<p><img decoding=\"async\" class=\"alignnone size-full wp-image-7582\" title=\"sostituzione della batteria di alta qualit\u00e0 r36s in vendita immediata\" src=\"https:\/\/r36shandheld.store\/wp-content\/uploads\/2025\/01\/high-quality-r36s-battery-replacement-for-immediate-sale.webp\" alt=\"sostituzione della batteria di alta qualit\u00e0 r36s in vendita immediata\" width=\"1000\" height=\"1000\" srcset=\"https:\/\/r36shandheld.store\/wp-content\/uploads\/2025\/01\/high-quality-r36s-battery-replacement-for-immediate-sale.webp 1000w, https:\/\/r36shandheld.store\/wp-content\/uploads\/2025\/01\/high-quality-r36s-battery-replacement-for-immediate-sale-300x300.webp 300w, https:\/\/r36shandheld.store\/wp-content\/uploads\/2025\/01\/high-quality-r36s-battery-replacement-for-immediate-sale-150x150.webp 150w, https:\/\/r36shandheld.store\/wp-content\/uploads\/2025\/01\/high-quality-r36s-battery-replacement-for-immediate-sale-768x768.webp 768w, https:\/\/r36shandheld.store\/wp-content\/uploads\/2025\/01\/high-quality-r36s-battery-replacement-for-immediate-sale-990x990.webp 990w, https:\/\/r36shandheld.store\/wp-content\/uploads\/2025\/01\/high-quality-r36s-battery-replacement-for-immediate-sale-441x441.webp 441w, https:\/\/r36shandheld.store\/wp-content\/uploads\/2025\/01\/high-quality-r36s-battery-replacement-for-immediate-sale-100x100.webp 100w, https:\/\/r36shandheld.store\/wp-content\/uploads\/2025\/01\/high-quality-r36s-battery-replacement-for-immediate-sale-800x800.webp 800w\" sizes=\"(max-width: 1000px) 100vw, 1000px\" \/><\/p>\n<p><img decoding=\"async\" class=\"alignnone size-full wp-image-7583\" title=\"batteria sostitutiva r36s di lunga durata per l&#039;acquisto da parte dei consumatori\" src=\"https:\/\/r36shandheld.store\/wp-content\/uploads\/2025\/01\/long-lasting-r36s-battery-replacement-for-consumer-purchase.webp\" alt=\"batteria sostitutiva r36s di lunga durata per l&#039;acquisto da parte dei consumatori\" width=\"1000\" height=\"1000\" srcset=\"https:\/\/r36shandheld.store\/wp-content\/uploads\/2025\/01\/long-lasting-r36s-battery-replacement-for-consumer-purchase.webp 1000w, https:\/\/r36shandheld.store\/wp-content\/uploads\/2025\/01\/long-lasting-r36s-battery-replacement-for-consumer-purchase-300x300.webp 300w, https:\/\/r36shandheld.store\/wp-content\/uploads\/2025\/01\/long-lasting-r36s-battery-replacement-for-consumer-purchase-150x150.webp 150w, https:\/\/r36shandheld.store\/wp-content\/uploads\/2025\/01\/long-lasting-r36s-battery-replacement-for-consumer-purchase-768x768.webp 768w, https:\/\/r36shandheld.store\/wp-content\/uploads\/2025\/01\/long-lasting-r36s-battery-replacement-for-consumer-purchase-990x990.webp 990w, https:\/\/r36shandheld.store\/wp-content\/uploads\/2025\/01\/long-lasting-r36s-battery-replacement-for-consumer-purchase-441x441.webp 441w, https:\/\/r36shandheld.store\/wp-content\/uploads\/2025\/01\/long-lasting-r36s-battery-replacement-for-consumer-purchase-100x100.webp 100w, https:\/\/r36shandheld.store\/wp-content\/uploads\/2025\/01\/long-lasting-r36s-battery-replacement-for-consumer-purchase-800x800.webp 800w\" sizes=\"(max-width: 1000px) 100vw, 1000px\" \/><\/p>\n<p><img loading=\"lazy\" decoding=\"async\" class=\"alignnone size-full wp-image-7584\" title=\"sostituzione affidabile della batteria r36s con consegna rapida\" src=\"https:\/\/r36shandheld.store\/wp-content\/uploads\/2025\/01\/reliable-r36s-battery-replacement-with-fast-delivery.webp\" alt=\"sostituzione affidabile della batteria r36s con consegna rapida\" width=\"1000\" height=\"1000\" srcset=\"https:\/\/r36shandheld.store\/wp-content\/uploads\/2025\/01\/reliable-r36s-battery-replacement-with-fast-delivery.webp 1000w, https:\/\/r36shandheld.store\/wp-content\/uploads\/2025\/01\/reliable-r36s-battery-replacement-with-fast-delivery-300x300.webp 300w, https:\/\/r36shandheld.store\/wp-content\/uploads\/2025\/01\/reliable-r36s-battery-replacement-with-fast-delivery-150x150.webp 150w, https:\/\/r36shandheld.store\/wp-content\/uploads\/2025\/01\/reliable-r36s-battery-replacement-with-fast-delivery-768x768.webp 768w, https:\/\/r36shandheld.store\/wp-content\/uploads\/2025\/01\/reliable-r36s-battery-replacement-with-fast-delivery-990x990.webp 990w, https:\/\/r36shandheld.store\/wp-content\/uploads\/2025\/01\/reliable-r36s-battery-replacement-with-fast-delivery-441x441.webp 441w, https:\/\/r36shandheld.store\/wp-content\/uploads\/2025\/01\/reliable-r36s-battery-replacement-with-fast-delivery-100x100.webp 100w, https:\/\/r36shandheld.store\/wp-content\/uploads\/2025\/01\/reliable-r36s-battery-replacement-with-fast-delivery-800x800.webp 800w\" sizes=\"(max-width: 1000px) 100vw, 1000px\" \/><\/p>\n<p><img loading=\"lazy\" decoding=\"async\" class=\"alignnone size-full wp-image-7585\" title=\"batteria di ricambio r36s nuovo di zecca per l&#039;acquisto rapido\" src=\"https:\/\/r36shandheld.store\/wp-content\/uploads\/2025\/01\/brand-new-r36s-battery-replacement-for-quick-purchase.webp\" alt=\"batteria di ricambio r36s nuovo di zecca per l&#039;acquisto rapido\" width=\"1000\" height=\"1000\" srcset=\"https:\/\/r36shandheld.store\/wp-content\/uploads\/2025\/01\/brand-new-r36s-battery-replacement-for-quick-purchase.webp 1000w, https:\/\/r36shandheld.store\/wp-content\/uploads\/2025\/01\/brand-new-r36s-battery-replacement-for-quick-purchase-300x300.webp 300w, https:\/\/r36shandheld.store\/wp-content\/uploads\/2025\/01\/brand-new-r36s-battery-replacement-for-quick-purchase-150x150.webp 150w, https:\/\/r36shandheld.store\/wp-content\/uploads\/2025\/01\/brand-new-r36s-battery-replacement-for-quick-purchase-768x768.webp 768w, https:\/\/r36shandheld.store\/wp-content\/uploads\/2025\/01\/brand-new-r36s-battery-replacement-for-quick-purchase-990x990.webp 990w, https:\/\/r36shandheld.store\/wp-content\/uploads\/2025\/01\/brand-new-r36s-battery-replacement-for-quick-purchase-441x441.webp 441w, https:\/\/r36shandheld.store\/wp-content\/uploads\/2025\/01\/brand-new-r36s-battery-replacement-for-quick-purchase-100x100.webp 100w, https:\/\/r36shandheld.store\/wp-content\/uploads\/2025\/01\/brand-new-r36s-battery-replacement-for-quick-purchase-800x800.webp 800w\" sizes=\"(max-width: 1000px) 100vw, 1000px\" \/><\/p>\n<h2>Batteria di ricambio R36s - Modello 804169, 804066 | Batteria ad alta capacit\u00e0 da 3200 mAh<\/h2>\n<p><strong>Specifiche del prodotto:<\/strong><\/p>\n<ul>\n<li><strong>Numeri di modello<\/strong>: 804169, 804066<\/li>\n<li><strong>Capacit\u00e0<\/strong>: 3200mAh<\/li>\n<li><strong>Resistenza interna<\/strong>: &lt;150<\/li>\n<li><strong>Cicli di carica<\/strong>: Oltre 500 volte<\/li>\n<li><strong>Tensione di carica<\/strong>: 4.2 \u00b1 0.03V<\/li>\n<li><strong>Temperatura di lavoro<\/strong>Da -10\u00b0C a 60\u00b0C<\/li>\n<li><strong>Dimensioni<\/strong>Spessore di 8 mm, larghezza di 41 mm, lunghezza di 69 mm.<\/li>\n<\/ul>\n<p><strong>Caratteristiche del prodotto:<\/strong><\/p>\n<ol>\n<li><strong>Compatibilit\u00e0 universale<\/strong><br \/>\nThis high-quality <a href=\"https:\/\/r36shandheld.store\/it\/\">R36s <\/a>Battery Replacement is designed for a wide range of electronic devices, offering reliable performance for Bluetooth speakers, headsets, smartwatches, medical equipment, mobile power, GPS devices, LED solar lamps, and more.<\/li>\n<li><strong>Prestazioni stabili e di lunga durata<\/strong><br \/>\nSperimentate una potenza costante e stabile ad ogni utilizzo. Questa batteria vanta una lunga durata, un'elevata densit\u00e0 energetica e un'ampia gamma di temperature di esercizio. Fornisce una tensione di scarica stabile, garantendo il funzionamento dei dispositivi anche in condizioni estreme.<\/li>\n<li><strong>Capacit\u00e0 e qualit\u00e0 impressionanti<\/strong><br \/>\nLa batteria sostitutiva R36s \u00e8 costruita con componenti di prima qualit\u00e0 e offre una robusta capacit\u00e0 di 3200 mAh. Grazie alla bassa resistenza interna e alla tensione stabile, questa batteria manterr\u00e0 i vostri dispositivi alimentati pi\u00f9 a lungo.<\/li>\n<li><strong>Utilizzo sicuro e protetto<\/strong><br \/>\nLa protezione integrata contro il sovraccarico e lo scaricamento garantisce la massima tranquillit\u00e0. Questa funzione garantisce la sicurezza sia della batteria che del dispositivo che sta alimentando, offrendo durata e longevit\u00e0.<\/li>\n<\/ol>\n<p><strong>Applicazioni ideali<\/strong><br \/>\nPerfetta per altoparlanti Bluetooth, cuffie Bluetooth, smartwatch, fitness band, apparecchiature mediche, lampade solari a LED, audio mobile, sistemi GPS, giocattoli elettronici e altro ancora. Il design versatile rende questa batteria un ricambio essenziale per diversi dispositivi elettronici.<\/p>\n<p><strong>Consigli per la conservazione e l'uso:<\/strong><\/p>\n<ul>\n<li>Per ottenere prestazioni ottimali, conservare la batteria in un luogo fresco e asciutto a una temperatura di <strong>Da 0\u00b0C a 35\u00b0C<\/strong>.<\/li>\n<li>Evitare ambienti ad alta temperatura o umidi, in quanto possono causare perdite o riduzione della capacit\u00e0.<\/li>\n<li>Se la batteria viene conservata per lunghi periodi, assicurarsi di caricarla e scaricarla almeno una volta ogni tre mesi per mantenerne le prestazioni.<\/li>\n<li>Se la batteria si scarica eccessivamente, caricarla immediatamente per evitare danni.<\/li>\n<\/ul>","protected":false},"excerpt":{"rendered":"<p>Aggiornamento alla batteria R36s da 3200 mAh (modelli 804169, 804066). Perfetta per altoparlanti Bluetooth, smartwatch, dispositivi GPS e altro ancora, con oltre 500 cicli di ricarica e un'alimentazione stabile.<\/p>","protected":false},"featured_media":7579,"comment_status":"open","ping_status":"closed","template":"","meta":[],"product_brand":[],"product_cat":[54],"product_tag":[],"class_list":{"0":"post-7574","1":"product","2":"type-product","3":"status-publish","4":"has-post-thumbnail","6":"product_cat-r36s-accessories","8":"first","9":"instock","10":"shipping-taxable","11":"purchasable","12":"product-type-simple"},"jetpack_sharing_enabled":true,"jetpack-related-posts":[],"_links":{"self":[{"href":"https:\/\/r36shandheld.store\/it\/wp-json\/wp\/v2\/product\/7574","targetHints":{"allow":["GET"]}}],"collection":[{"href":"https:\/\/r36shandheld.store\/it\/wp-json\/wp\/v2\/product"}],"about":[{"href":"https:\/\/r36shandheld.store\/it\/wp-json\/wp\/v2\/types\/product"}],"replies":[{"embeddable":true,"href":"https:\/\/r36shandheld.store\/it\/wp-json\/wp\/v2\/comments?post=7574"}],"wp:featuredmedia":[{"embeddable":true,"href":"https:\/\/r36shandheld.store\/it\/wp-json\/wp\/v2\/media\/7579"}],"wp:attachment":[{"href":"https:\/\/r36shandheld.store\/it\/wp-json\/wp\/v2\/media?parent=7574"}],"wp:term":[{"taxonomy":"product_brand","embeddable":true,"href":"https:\/\/r36shandheld.store\/it\/wp-json\/wp\/v2\/product_brand?post=7574"},{"taxonomy":"product_cat","embeddable":true,"href":"https:\/\/r36shandheld.store\/it\/wp-json\/wp\/v2\/product_cat?post=7574"},{"taxonomy":"product_tag","embeddable":true,"href":"https:\/\/r36shandheld.store\/it\/wp-json\/wp\/v2\/product_tag?post=7574"}],"curies":[{"name":"wp","href":"https:\/\/api.w.org\/{rel}","templated":true}]}}