{"id":7552,"date":"2025-01-20T01:16:42","date_gmt":"2025-01-19T17:16:42","guid":{"rendered":"https:\/\/r36shandheld.store\/?post_type=product&#038;p=7552"},"modified":"2025-01-20T22:54:05","modified_gmt":"2025-01-20T14:54:05","slug":"r36s-handheld-grip-gmae-console-grips","status":"publish","type":"product","link":"https:\/\/r36shandheld.store\/fr\/p\/r36s-handheld-grip-gmae-console-grips\/","title":{"rendered":"R36s Handheld Grip | Gmae Console Grips"},"content":{"rendered":"<p><img fetchpriority=\"high\" decoding=\"async\" class=\"alignnone size-full wp-image-7565\" title=\"R36S Poign\u00e9e pour console de jeu r\u00e9tro\" src=\"https:\/\/r36shandheld.store\/wp-content\/uploads\/2025\/01\/R36S-Retro-Gaming-Console-Grip.webp\" alt=\"R36S Poign\u00e9e pour console de jeu r\u00e9tro\" width=\"2000\" height=\"2000\" srcset=\"https:\/\/r36shandheld.store\/wp-content\/uploads\/2025\/01\/R36S-Retro-Gaming-Console-Grip.webp 2000w, https:\/\/r36shandheld.store\/wp-content\/uploads\/2025\/01\/R36S-Retro-Gaming-Console-Grip-300x300.webp 300w, https:\/\/r36shandheld.store\/wp-content\/uploads\/2025\/01\/R36S-Retro-Gaming-Console-Grip-1024x1024.webp 1024w, https:\/\/r36shandheld.store\/wp-content\/uploads\/2025\/01\/R36S-Retro-Gaming-Console-Grip-150x150.webp 150w, https:\/\/r36shandheld.store\/wp-content\/uploads\/2025\/01\/R36S-Retro-Gaming-Console-Grip-768x768.webp 768w, https:\/\/r36shandheld.store\/wp-content\/uploads\/2025\/01\/R36S-Retro-Gaming-Console-Grip-1536x1536.webp 1536w, https:\/\/r36shandheld.store\/wp-content\/uploads\/2025\/01\/R36S-Retro-Gaming-Console-Grip-990x990.webp 990w, https:\/\/r36shandheld.store\/wp-content\/uploads\/2025\/01\/R36S-Retro-Gaming-Console-Grip-441x441.webp 441w, https:\/\/r36shandheld.store\/wp-content\/uploads\/2025\/01\/R36S-Retro-Gaming-Console-Grip-100x100.webp 100w, https:\/\/r36shandheld.store\/wp-content\/uploads\/2025\/01\/R36S-Retro-Gaming-Console-Grip-800x800.webp 800w\" sizes=\"(max-width: 2000px) 100vw, 2000px\" \/><\/p>\n<h2>Poign\u00e9e R36S - Accessoire ergonomique imprim\u00e9 en 3D pour un confort et un contr\u00f4le accrus<\/h2>\n<p><strong>Am\u00e9liorez votre exp\u00e9rience de jeu<\/strong><br \/>\nLe <strong>Poign\u00e9e R36S<\/strong> est l'accessoire ultime pour les joueurs s\u00e9rieux qui cherchent \u00e0 am\u00e9liorer leur exp\u00e9rience de la console portable. Cette <strong>poign\u00e9e ergonomique<\/strong> est con\u00e7u pour s'int\u00e9grer parfaitement \u00e0 la <strong>Console portable open-source R36S<\/strong>Cette poign\u00e9e vous offre un confort et un contr\u00f4le in\u00e9gal\u00e9s lors de vos plus longues sessions de jeu. Avec un design \u00e9l\u00e9gant et des mat\u00e9riaux de haute qualit\u00e9, ce grip est le compagnon id\u00e9al pour une exp\u00e9rience de jeu immersive.<\/p>\n<h2>Caract\u00e9ristiques de la poign\u00e9e R36s<\/h2>\n<ul>\n<li><strong>Conception personnalisable<\/strong> - Imprim\u00e9 en 3D pour un look unique et personnalis\u00e9. Adaptez votre poign\u00e9e \u00e0 votre style.<\/li>\n<li><strong>Confort ergonomique<\/strong> - Le design a\u00e9rodynamique r\u00e9duit la fatigue de la main et am\u00e9liore le confort pour des heures de jeu.<\/li>\n<li><strong>Construction l\u00e9g\u00e8re<\/strong> - Pesant seulement <strong>70 grammes<\/strong>Cette poign\u00e9e n'est pratiquement pas encombrante, ce qui pr\u00e9serve la portabilit\u00e9 de votre console R36S.<\/li>\n<li><strong>PLA \u00e9cologique<\/strong> - Fabriqu\u00e9 \u00e0 partir de <strong>mat\u00e9riau PLA durable<\/strong>Il s'agit d'un ajout solide et respectueux de l'environnement \u00e0 votre \u00e9quipement de jeu.<\/li>\n<li><strong>Installation facile<\/strong> - Il suffit de l'accrocher \u00e0 votre <strong>Console R36S<\/strong> pour une installation rapide et sans outil, pr\u00eate \u00e0 l'emploi.<\/li>\n<\/ul>\n<p><strong>Con\u00e7u pour le confort, construit pour la performance<\/strong><br \/>\nLe jeu, c'est le plaisir, pas l'inconfort. Les <strong>Poign\u00e9e R36S<\/strong> comprend un <strong>l\u00e9ger<\/strong> mais durable, qui concilie confort et performance. <strong>Conception ergonomique<\/strong>La prise en main de la manette s'adapte parfaitement \u00e0 vos mains, r\u00e9duisant ainsi la fatigue lors des longues sessions de jeu. Qu'il s'agisse de courses, de combats ou d'exploration de vastes mondes, cette poign\u00e9e offre un contr\u00f4le maximal pour vous permettre de vous concentrer sur la victoire.<\/p>\n<p><strong>Construit pour durer<\/strong><br \/>\nOubliez les poign\u00e9es fragiles qui se cassent sous la pression. Cette poign\u00e9e est fabriqu\u00e9e avec <strong>Plastique PLA<\/strong>Le syst\u00e8me d'\u00e9clairage de l'appareil est con\u00e7u de mani\u00e8re \u00e0 assurer une durabilit\u00e9 \u00e0 long terme sans ajouter de poids inutile \u00e0 l'installation. <strong>Respect de l'environnement<\/strong> et r\u00e9sistante, c'est la prise en main qui fait la diff\u00e9rence.<\/p>\n<p><strong>Une installation simple, un jeu sans faille<\/strong><br \/>\nPas d'installation compliqu\u00e9e ! Les <strong>Poign\u00e9e R36S<\/strong> se fixe sur votre console en quelques secondes, ce qui vous permet de consacrer plus de temps \u00e0 ce qui compte : le jeu. Son <strong>attachement s\u00fbr<\/strong> garantit qu'il reste en place pendant les jeux intenses, de sorte que vous n'avez pas \u00e0 vous inqui\u00e9ter qu'il glisse ou se d\u00e9place.<\/p>\n<h2>Pourquoi choisir la poign\u00e9e R36S ?<\/h2>\n<ul>\n<li><strong>Un ajustement parfait<\/strong> pour les <strong>Console portable R36S<\/strong><\/li>\n<li><strong>Personnalisable<\/strong> et \u00e9l\u00e9gant, con\u00e7u pour les joueurs qui exigent une personnalisation<\/li>\n<li><strong>Conscience \u00e9cologique<\/strong> des choix de mat\u00e9riaux qui favorisent le d\u00e9veloppement durable<\/li>\n<li><strong>Installation facile<\/strong> et ergonomique pour am\u00e9liorer votre confort de jeu et vos performances<\/li>\n<\/ul>\n<p><strong>Am\u00e9liorez votre R36S d\u00e8s aujourd'hui<\/strong><br \/>\nNe vous contentez pas de l'inconfort. Vivez l'exp\u00e9rience du jeu comme jamais auparavant avec le <strong>Poign\u00e9e R36S<\/strong>. Que vous d\u00e9couvriez de nouveaux titres ou que vous revisitiez vos anciens favoris, cette poign\u00e9e vous assure confort et pr\u00e9cision \u00e0 chaque instant de votre parcours de jeu.<\/p>","protected":false},"excerpt":{"rendered":"<p>Am\u00e9liorez votre console R36S avec la poign\u00e9e ergonomique et personnalisable R36S. Con\u00e7ue pour le confort, le contr\u00f4le et le respect de l'environnement, c'est l'accessoire de jeu id\u00e9al.<\/p>","protected":false},"featured_media":7565,"comment_status":"open","ping_status":"closed","template":"","meta":[],"product_brand":[],"product_cat":[54],"product_tag":[],"class_list":{"0":"post-7552","1":"product","2":"type-product","3":"status-publish","4":"has-post-thumbnail","6":"product_cat-r36s-accessories","8":"first","9":"instock","10":"shipping-taxable","11":"purchasable","12":"product-type-variable"},"jetpack_sharing_enabled":true,"jetpack-related-posts":[],"_links":{"self":[{"href":"https:\/\/r36shandheld.store\/fr\/wp-json\/wp\/v2\/product\/7552","targetHints":{"allow":["GET"]}}],"collection":[{"href":"https:\/\/r36shandheld.store\/fr\/wp-json\/wp\/v2\/product"}],"about":[{"href":"https:\/\/r36shandheld.store\/fr\/wp-json\/wp\/v2\/types\/product"}],"replies":[{"embeddable":true,"href":"https:\/\/r36shandheld.store\/fr\/wp-json\/wp\/v2\/comments?post=7552"}],"wp:featuredmedia":[{"embeddable":true,"href":"https:\/\/r36shandheld.store\/fr\/wp-json\/wp\/v2\/media\/7565"}],"wp:attachment":[{"href":"https:\/\/r36shandheld.store\/fr\/wp-json\/wp\/v2\/media?parent=7552"}],"wp:term":[{"taxonomy":"product_brand","embeddable":true,"href":"https:\/\/r36shandheld.store\/fr\/wp-json\/wp\/v2\/product_brand?post=7552"},{"taxonomy":"product_cat","embeddable":true,"href":"https:\/\/r36shandheld.store\/fr\/wp-json\/wp\/v2\/product_cat?post=7552"},{"taxonomy":"product_tag","embeddable":true,"href":"https:\/\/r36shandheld.store\/fr\/wp-json\/wp\/v2\/product_tag?post=7552"}],"curies":[{"name":"wp","href":"https:\/\/api.w.org\/{rel}","templated":true}]}}