{"id":7534,"date":"2025-01-20T01:17:08","date_gmt":"2025-01-19T17:17:08","guid":{"rendered":"https:\/\/r36shandheld.store\/?post_type=product&#038;p=7534"},"modified":"2025-01-29T18:35:33","modified_gmt":"2025-01-29T10:35:33","slug":"r36s-micro-sd-card-r36s-game-console-memory-card","status":"publish","type":"product","link":"https:\/\/r36shandheld.store\/fr\/p\/r36s-micro-sd-card-r36s-game-console-memory-card\/","title":{"rendered":"R36s Micro Sd Card | R36s Game Console Memory Card"},"content":{"rendered":"<div style=\"width: 824px;\" class=\"wp-video\"><video class=\"wp-video-shortcode\" id=\"video-7534-1\" width=\"824\" height=\"1466\" preload=\"metadata\" controls=\"controls\"><source type=\"video\/mp4\" src=\"https:\/\/r36shandheld.store\/wp-content\/uploads\/2025\/01\/R36sMicroSdCardR36sGameConsoleMemoryCard.mp4?_=1\" \/><a href=\"https:\/\/r36shandheld.store\/wp-content\/uploads\/2025\/01\/R36sMicroSdCardR36sGameConsoleMemoryCard.mp4\">https:\/\/r36shandheld.store\/wp-content\/uploads\/2025\/01\/R36sMicroSdCardR36sGameConsoleMemoryCard.mp4<\/a><\/video><\/div>\n<p><img fetchpriority=\"high\" decoding=\"async\" class=\"alignnone size-full wp-image-7546\" title=\"cartes sd compatibles avec le r36s\" src=\"https:\/\/r36shandheld.store\/wp-content\/uploads\/2025\/01\/r36s-compatible-sd-cards.webp\" alt=\"cartes sd compatibles avec le r36s\" width=\"1000\" height=\"1000\" srcset=\"https:\/\/r36shandheld.store\/wp-content\/uploads\/2025\/01\/r36s-compatible-sd-cards.webp 1000w, https:\/\/r36shandheld.store\/wp-content\/uploads\/2025\/01\/r36s-compatible-sd-cards-300x300.webp 300w, https:\/\/r36shandheld.store\/wp-content\/uploads\/2025\/01\/r36s-compatible-sd-cards-150x150.webp 150w, https:\/\/r36shandheld.store\/wp-content\/uploads\/2025\/01\/r36s-compatible-sd-cards-768x768.webp 768w, https:\/\/r36shandheld.store\/wp-content\/uploads\/2025\/01\/r36s-compatible-sd-cards-990x990.webp 990w, https:\/\/r36shandheld.store\/wp-content\/uploads\/2025\/01\/r36s-compatible-sd-cards-441x441.webp 441w, https:\/\/r36shandheld.store\/wp-content\/uploads\/2025\/01\/r36s-compatible-sd-cards-100x100.webp 100w, https:\/\/r36shandheld.store\/wp-content\/uploads\/2025\/01\/r36s-compatible-sd-cards-800x800.webp 800w\" sizes=\"(max-width: 1000px) 100vw, 1000px\" \/><\/p>\n<p><img decoding=\"async\" class=\"alignnone size-full wp-image-7547\" title=\"r36s dual sd card\" src=\"https:\/\/r36shandheld.store\/wp-content\/uploads\/2025\/01\/r36s-dual-sd-card.webp\" alt=\"r36s dual sd card\" width=\"1000\" height=\"1000\" srcset=\"https:\/\/r36shandheld.store\/wp-content\/uploads\/2025\/01\/r36s-dual-sd-card.webp 1000w, https:\/\/r36shandheld.store\/wp-content\/uploads\/2025\/01\/r36s-dual-sd-card-300x300.webp 300w, https:\/\/r36shandheld.store\/wp-content\/uploads\/2025\/01\/r36s-dual-sd-card-150x150.webp 150w, https:\/\/r36shandheld.store\/wp-content\/uploads\/2025\/01\/r36s-dual-sd-card-768x768.webp 768w, https:\/\/r36shandheld.store\/wp-content\/uploads\/2025\/01\/r36s-dual-sd-card-990x990.webp 990w, https:\/\/r36shandheld.store\/wp-content\/uploads\/2025\/01\/r36s-dual-sd-card-441x441.webp 441w, https:\/\/r36shandheld.store\/wp-content\/uploads\/2025\/01\/r36s-dual-sd-card-100x100.webp 100w, https:\/\/r36shandheld.store\/wp-content\/uploads\/2025\/01\/r36s-dual-sd-card-800x800.webp 800w\" sizes=\"(max-width: 1000px) 100vw, 1000px\" \/><\/p>\n<p><img decoding=\"async\" class=\"alignnone size-full wp-image-7548\" title=\"r36s new sd card\" src=\"https:\/\/r36shandheld.store\/wp-content\/uploads\/2025\/01\/r36s-new-sd-card.webp\" alt=\"r36s new sd card\" width=\"1000\" height=\"500\" srcset=\"https:\/\/r36shandheld.store\/wp-content\/uploads\/2025\/01\/r36s-new-sd-card.webp 1000w, https:\/\/r36shandheld.store\/wp-content\/uploads\/2025\/01\/r36s-new-sd-card-300x150.webp 300w, https:\/\/r36shandheld.store\/wp-content\/uploads\/2025\/01\/r36s-new-sd-card-768x384.webp 768w, https:\/\/r36shandheld.store\/wp-content\/uploads\/2025\/01\/r36s-new-sd-card-990x495.webp 990w, https:\/\/r36shandheld.store\/wp-content\/uploads\/2025\/01\/r36s-new-sd-card-441x221.webp 441w, https:\/\/r36shandheld.store\/wp-content\/uploads\/2025\/01\/r36s-new-sd-card-800x400.webp 800w, https:\/\/r36shandheld.store\/wp-content\/uploads\/2025\/01\/r36s-new-sd-card-150x75.webp 150w\" sizes=\"(max-width: 1000px) 100vw, 1000px\" \/><\/p>\n<p><img loading=\"lazy\" decoding=\"async\" class=\"alignnone size-full wp-image-7549\" title=\"r36s remplacer la carte sd\" src=\"https:\/\/r36shandheld.store\/wp-content\/uploads\/2025\/01\/r36s-replace-sd-card.webp\" alt=\"r36s remplacer la carte sd\" width=\"1000\" height=\"1000\" srcset=\"https:\/\/r36shandheld.store\/wp-content\/uploads\/2025\/01\/r36s-replace-sd-card.webp 1000w, https:\/\/r36shandheld.store\/wp-content\/uploads\/2025\/01\/r36s-replace-sd-card-300x300.webp 300w, https:\/\/r36shandheld.store\/wp-content\/uploads\/2025\/01\/r36s-replace-sd-card-150x150.webp 150w, https:\/\/r36shandheld.store\/wp-content\/uploads\/2025\/01\/r36s-replace-sd-card-768x768.webp 768w, https:\/\/r36shandheld.store\/wp-content\/uploads\/2025\/01\/r36s-replace-sd-card-990x990.webp 990w, https:\/\/r36shandheld.store\/wp-content\/uploads\/2025\/01\/r36s-replace-sd-card-441x441.webp 441w, https:\/\/r36shandheld.store\/wp-content\/uploads\/2025\/01\/r36s-replace-sd-card-100x100.webp 100w, https:\/\/r36shandheld.store\/wp-content\/uploads\/2025\/01\/r36s-replace-sd-card-800x800.webp 800w\" sizes=\"(max-width: 1000px) 100vw, 1000px\" \/><\/p>\n<p><img loading=\"lazy\" decoding=\"async\" class=\"alignnone size-full wp-image-7550\" title=\"carte sd r36s\" src=\"https:\/\/r36shandheld.store\/wp-content\/uploads\/2025\/01\/r36s-sd-card.webp\" alt=\"carte sd r36s\" width=\"1000\" height=\"1000\" srcset=\"https:\/\/r36shandheld.store\/wp-content\/uploads\/2025\/01\/r36s-sd-card.webp 1000w, https:\/\/r36shandheld.store\/wp-content\/uploads\/2025\/01\/r36s-sd-card-300x300.webp 300w, https:\/\/r36shandheld.store\/wp-content\/uploads\/2025\/01\/r36s-sd-card-150x150.webp 150w, https:\/\/r36shandheld.store\/wp-content\/uploads\/2025\/01\/r36s-sd-card-768x768.webp 768w, https:\/\/r36shandheld.store\/wp-content\/uploads\/2025\/01\/r36s-sd-card-990x990.webp 990w, https:\/\/r36shandheld.store\/wp-content\/uploads\/2025\/01\/r36s-sd-card-441x441.webp 441w, https:\/\/r36shandheld.store\/wp-content\/uploads\/2025\/01\/r36s-sd-card-100x100.webp 100w, https:\/\/r36shandheld.store\/wp-content\/uploads\/2025\/01\/r36s-sd-card-800x800.webp 800w\" sizes=\"(max-width: 1000px) 100vw, 1000px\" \/><\/p>\n<p><img loading=\"lazy\" decoding=\"async\" class=\"alignnone size-full wp-image-7545\" title=\"r36s sd card factory\" src=\"https:\/\/r36shandheld.store\/wp-content\/uploads\/2025\/01\/r36s-sd-card-factory.webp\" alt=\"r36s sd card factory\" width=\"1000\" height=\"1000\" srcset=\"https:\/\/r36shandheld.store\/wp-content\/uploads\/2025\/01\/r36s-sd-card-factory.webp 1000w, https:\/\/r36shandheld.store\/wp-content\/uploads\/2025\/01\/r36s-sd-card-factory-300x300.webp 300w, https:\/\/r36shandheld.store\/wp-content\/uploads\/2025\/01\/r36s-sd-card-factory-150x150.webp 150w, https:\/\/r36shandheld.store\/wp-content\/uploads\/2025\/01\/r36s-sd-card-factory-768x768.webp 768w, https:\/\/r36shandheld.store\/wp-content\/uploads\/2025\/01\/r36s-sd-card-factory-990x990.webp 990w, https:\/\/r36shandheld.store\/wp-content\/uploads\/2025\/01\/r36s-sd-card-factory-441x441.webp 441w, https:\/\/r36shandheld.store\/wp-content\/uploads\/2025\/01\/r36s-sd-card-factory-100x100.webp 100w, https:\/\/r36shandheld.store\/wp-content\/uploads\/2025\/01\/r36s-sd-card-factory-800x800.webp 800w\" sizes=\"(max-width: 1000px) 100vw, 1000px\" \/><\/p>\n<h2>R36s Micro SD Card - Jeux r\u00e9tro pr\u00e9install\u00e9s pour consoles portables<\/h2>\n<p><em>Parfait pour les amateurs de jeux r\u00e9tro | Performances \u00e0 haute vitesse | Plug &amp; Play<\/em><\/p>\n<p>Am\u00e9liorez votre exp\u00e9rience de jeu avec le <strong><a href=\"https:\/\/r36shandheld.store\/fr\/\">R36s Handheld<\/a> Carte Micro SD<\/strong>-Votre solution tout-en-un pour les jeux r\u00e9tro en d\u00e9placement. Pr\u00e9install\u00e9e avec des milliers de jeux classiques, cette carte ultra-rapide est le compl\u00e9ment id\u00e9al de votre syst\u00e8me de jeu. <strong>PSP<\/strong>, <strong>PS1<\/strong>ou <strong><a href=\"https:\/\/r36shandheld.store\/fr\/\">R36S <\/a>Console<\/strong>. Jouez instantan\u00e9ment avec <strong>Plug &amp; Play<\/strong> et profitez de la fiabilit\u00e9 d'un produit certifi\u00e9 CE, FCC et ROHS.<\/p>\n<h2>R36s Micro Sd Card Caract\u00e9ristiques :<\/h2>\n<p>\u2714 <strong>Vaste biblioth\u00e8que de jeux<\/strong><br \/>\nChoisissez parmi plus de <strong>60 000 jeux<\/strong> avec le <strong>Carte de 256 Go<\/strong> ou <strong>30 000 jeux<\/strong> sur le <strong>Carte de 128 Go<\/strong>. Nos cartes de jeu sont pr\u00e9charg\u00e9es avec les titres r\u00e9tro les plus populaires pour votre plaisir de jouer, couvrant une vari\u00e9t\u00e9 d'\u00e9mulateurs.<\/p>\n<p>\u2714 <strong>Compatibilit\u00e9 Plug &amp; Play<\/strong><br \/>\nAucune installation n'est n\u00e9cessaire : il suffit d'ins\u00e9rer la carte dans votre console et de commencer \u00e0 jouer. Elle est compatible avec de nombreux syst\u00e8mes de jeux r\u00e9tro, tels que la PSP, la PS1 et bien d'autres encore !<\/p>\n<p>\u2714 <strong>Transmission \u00e0 grande vitesse<\/strong><br \/>\nB\u00e9n\u00e9ficiez de vitesses de transfert de donn\u00e9es ultra-rapides, garantissant un jeu fluide sans interruption. Nos cartes ont \u00e9t\u00e9 rigoureusement test\u00e9es pour garantir des performances optimales.<\/p>\n<p>\u2714 <strong>Une qualit\u00e9 \u00e0 laquelle vous pouvez faire confiance<\/strong><br \/>\nIl est certifi\u00e9 par <strong>CE<\/strong>, <strong>FCC<\/strong>et <strong>ROHS<\/strong> pour la s\u00e9curit\u00e9 et la conformit\u00e9. Chaque carte de jeu passe par trois \u00e9tapes d'inspection : inspection de l'usine, inspection de la copie des donn\u00e9es H5 et test final de la console, garantissant ainsi une qualit\u00e9 sup\u00e9rieure.<\/p>\n<p>\u2714 <strong>Cartes de jeu personnalis\u00e9es<\/strong><br \/>\nVous avez un jeu favori ou un \u00e9mulateur sp\u00e9cifique en t\u00eate ? Contactez notre service client\u00e8le pour des options de cartes de jeu personnalis\u00e9es. Nous proposons la personnalisation des cartes de jeu pour les consoles portables open-source, les consoles portables Android et les consoles portables Windows.<\/p>\n<p>\u2714 <strong>Assistance \u00e0 la client\u00e8le 24 heures sur 24, 7 jours sur 7<\/strong><br \/>\nNous sommes l\u00e0 pour vous ! Notre \u00e9quipe de professionnels d\u00e9vou\u00e9s est disponible 24 heures sur 24 pour vous aider. Qu'il s'agisse de conseils d'installation ou de d\u00e9pannage, nous ne sommes qu'\u00e0 un message pr\u00e8s.<\/p>\n<p><strong>Essais et livraison des produits<\/strong><br \/>\nNous prenons la qualit\u00e9 au s\u00e9rieux. Chaque carte de jeu est test\u00e9e sur la m\u00eame machine que celle de l'acheteur afin d'en garantir la compatibilit\u00e9. Notre \u00e9quipe vous fournira \u00e9galement les r\u00e9sultats d\u00e9taill\u00e9s des tests et le num\u00e9ro de commande d'exp\u00e9dition afin que vous puissiez suivre votre achat \u00e0 chaque \u00e9tape. Attentes <strong>Livraison en 24 heures<\/strong> apr\u00e8s un test r\u00e9ussi, votre carte sera emball\u00e9e en toute s\u00e9curit\u00e9 et exp\u00e9di\u00e9e rapidement !<\/p>\n<h2>Pourquoi nous choisir ?<\/h2>\n<p>\u2714 <strong>Boutique officielle<\/strong><br \/>\nNous sommes un vendeur v\u00e9rifi\u00e9 et de confiance. Profitez de la tranquillit\u00e9 d'esprit que procure l'achat aupr\u00e8s d'un magasin officiel avec une garantie de qualit\u00e9. <strong>100% taux de r\u00e9ponse du service client\u00e8le<\/strong>.<\/p>\n<p>\u2714 <strong>Rapide et fiable<\/strong><br \/>\nAvec <strong>Livraison en 24 heures<\/strong> et une \u00e9quipe d'assistance \u00e0 la client\u00e8le d\u00e9vou\u00e9e, nous garantissons une exp\u00e9rience d'achat sans faille.<\/p>\n<p>\u2714 <strong>Personnalisation possible<\/strong><br \/>\nVous cherchez une carte de jeu personnalis\u00e9e ou une collection de jeux sur mesure ? N'h\u00e9sitez pas \u00e0 nous contacter ! Nous proposons des solutions sur mesure pour diverses consoles de jeux portables.<\/p>","protected":false},"excerpt":{"rendered":"<p>Choisissez la carte Micro SD R36s pour une exp\u00e9rience de jeu in\u00e9gal\u00e9e et un acc\u00e8s instantan\u00e9 \u00e0 un monde de classiques r\u00e9tro. Commandez d\u00e8s aujourd'hui et faites passer vos jeux portables au niveau sup\u00e9rieur !<\/p>","protected":false},"featured_media":7542,"comment_status":"open","ping_status":"closed","template":"","meta":[],"product_brand":[],"product_cat":[54],"product_tag":[],"class_list":{"0":"post-7534","1":"product","2":"type-product","3":"status-publish","4":"has-post-thumbnail","6":"product_cat-r36s-accessories","8":"first","9":"instock","10":"shipping-taxable","11":"purchasable","12":"product-type-variable"},"jetpack_sharing_enabled":true,"jetpack-related-posts":[],"_links":{"self":[{"href":"https:\/\/r36shandheld.store\/fr\/wp-json\/wp\/v2\/product\/7534","targetHints":{"allow":["GET"]}}],"collection":[{"href":"https:\/\/r36shandheld.store\/fr\/wp-json\/wp\/v2\/product"}],"about":[{"href":"https:\/\/r36shandheld.store\/fr\/wp-json\/wp\/v2\/types\/product"}],"replies":[{"embeddable":true,"href":"https:\/\/r36shandheld.store\/fr\/wp-json\/wp\/v2\/comments?post=7534"}],"wp:featuredmedia":[{"embeddable":true,"href":"https:\/\/r36shandheld.store\/fr\/wp-json\/wp\/v2\/media\/7542"}],"wp:attachment":[{"href":"https:\/\/r36shandheld.store\/fr\/wp-json\/wp\/v2\/media?parent=7534"}],"wp:term":[{"taxonomy":"product_brand","embeddable":true,"href":"https:\/\/r36shandheld.store\/fr\/wp-json\/wp\/v2\/product_brand?post=7534"},{"taxonomy":"product_cat","embeddable":true,"href":"https:\/\/r36shandheld.store\/fr\/wp-json\/wp\/v2\/product_cat?post=7534"},{"taxonomy":"product_tag","embeddable":true,"href":"https:\/\/r36shandheld.store\/fr\/wp-json\/wp\/v2\/product_tag?post=7534"}],"curies":[{"name":"wp","href":"https:\/\/api.w.org\/{rel}","templated":true}]}}