{"id":7516,"date":"2025-01-20T01:17:42","date_gmt":"2025-01-19T17:17:42","guid":{"rendered":"https:\/\/r36shandheld.store\/?post_type=product&#038;p=7516"},"modified":"2025-01-29T18:40:13","modified_gmt":"2025-01-29T10:40:13","slug":"r36s-playstation-replacement-buttons-4pcs-plastic-set-for-optimized-back-button-accessories","status":"publish","type":"product","link":"https:\/\/r36shandheld.store\/fr\/p\/r36s-playstation-replacement-buttons-4pcs-plastic-set-for-optimized-back-button-accessories\/","title":{"rendered":"R36s Playstation Replacement Buttons | 4PCS Plastic Set for Optimized Back Button Accessories"},"content":{"rendered":"<p><img fetchpriority=\"high\" decoding=\"async\" class=\"alignnone size-full wp-image-7524\" title=\"Boutons de remplacement pour Playstation R36s abordables online.jpeg\" src=\"https:\/\/r36shandheld.store\/wp-content\/uploads\/2025\/01\/Affordable-R36s-Playstation-Replacement-Buttons-online.jpeg.webp\" alt=\"Boutons de remplacement pour Playstation R36s abordables online.jpeg\" width=\"1001\" height=\"1001\" srcset=\"https:\/\/r36shandheld.store\/wp-content\/uploads\/2025\/01\/Affordable-R36s-Playstation-Replacement-Buttons-online.jpeg.webp 1001w, https:\/\/r36shandheld.store\/wp-content\/uploads\/2025\/01\/Affordable-R36s-Playstation-Replacement-Buttons-online.jpeg-300x300.webp 300w, https:\/\/r36shandheld.store\/wp-content\/uploads\/2025\/01\/Affordable-R36s-Playstation-Replacement-Buttons-online.jpeg-150x150.webp 150w, https:\/\/r36shandheld.store\/wp-content\/uploads\/2025\/01\/Affordable-R36s-Playstation-Replacement-Buttons-online.jpeg-768x768.webp 768w, https:\/\/r36shandheld.store\/wp-content\/uploads\/2025\/01\/Affordable-R36s-Playstation-Replacement-Buttons-online.jpeg-990x990.webp 990w, https:\/\/r36shandheld.store\/wp-content\/uploads\/2025\/01\/Affordable-R36s-Playstation-Replacement-Buttons-online.jpeg-441x441.webp 441w, https:\/\/r36shandheld.store\/wp-content\/uploads\/2025\/01\/Affordable-R36s-Playstation-Replacement-Buttons-online.jpeg-100x100.webp 100w, https:\/\/r36shandheld.store\/wp-content\/uploads\/2025\/01\/Affordable-R36s-Playstation-Replacement-Buttons-online.jpeg-800x800.webp 800w\" sizes=\"(max-width: 1001px) 100vw, 1001px\" \/><\/p>\n<p><img decoding=\"async\" class=\"alignnone size-full wp-image-7525\" title=\"Best R36s Playstation Replacement Buttons for gamers.jpeg\" src=\"https:\/\/r36shandheld.store\/wp-content\/uploads\/2025\/01\/Best-R36s-Playstation-Replacement-Buttons-for-gamers.jpeg.webp\" alt=\"Best R36s Playstation Replacement Buttons for gamers.jpeg\" width=\"1001\" height=\"1001\" srcset=\"https:\/\/r36shandheld.store\/wp-content\/uploads\/2025\/01\/Best-R36s-Playstation-Replacement-Buttons-for-gamers.jpeg.webp 1001w, https:\/\/r36shandheld.store\/wp-content\/uploads\/2025\/01\/Best-R36s-Playstation-Replacement-Buttons-for-gamers.jpeg-300x300.webp 300w, https:\/\/r36shandheld.store\/wp-content\/uploads\/2025\/01\/Best-R36s-Playstation-Replacement-Buttons-for-gamers.jpeg-150x150.webp 150w, https:\/\/r36shandheld.store\/wp-content\/uploads\/2025\/01\/Best-R36s-Playstation-Replacement-Buttons-for-gamers.jpeg-768x768.webp 768w, https:\/\/r36shandheld.store\/wp-content\/uploads\/2025\/01\/Best-R36s-Playstation-Replacement-Buttons-for-gamers.jpeg-990x990.webp 990w, https:\/\/r36shandheld.store\/wp-content\/uploads\/2025\/01\/Best-R36s-Playstation-Replacement-Buttons-for-gamers.jpeg-441x441.webp 441w, https:\/\/r36shandheld.store\/wp-content\/uploads\/2025\/01\/Best-R36s-Playstation-Replacement-Buttons-for-gamers.jpeg-100x100.webp 100w, https:\/\/r36shandheld.store\/wp-content\/uploads\/2025\/01\/Best-R36s-Playstation-Replacement-Buttons-for-gamers.jpeg-800x800.webp 800w\" sizes=\"(max-width: 1001px) 100vw, 1001px\" \/><\/p>\n<p><img decoding=\"async\" class=\"alignnone size-full wp-image-7526\" title=\"Boutons de remplacement durables pour Playstation R36s pour la r\u00e9paration de la console.jpeg\" src=\"https:\/\/r36shandheld.store\/wp-content\/uploads\/2025\/01\/Durable-R36s-Playstation-Replacement-Buttons-for-console-repair.jpeg.webp\" alt=\"Boutons de remplacement durables pour Playstation R36s pour la r\u00e9paration de la console.jpeg\" width=\"1001\" height=\"1001\" srcset=\"https:\/\/r36shandheld.store\/wp-content\/uploads\/2025\/01\/Durable-R36s-Playstation-Replacement-Buttons-for-console-repair.jpeg.webp 1001w, https:\/\/r36shandheld.store\/wp-content\/uploads\/2025\/01\/Durable-R36s-Playstation-Replacement-Buttons-for-console-repair.jpeg-300x300.webp 300w, https:\/\/r36shandheld.store\/wp-content\/uploads\/2025\/01\/Durable-R36s-Playstation-Replacement-Buttons-for-console-repair.jpeg-150x150.webp 150w, https:\/\/r36shandheld.store\/wp-content\/uploads\/2025\/01\/Durable-R36s-Playstation-Replacement-Buttons-for-console-repair.jpeg-768x768.webp 768w, https:\/\/r36shandheld.store\/wp-content\/uploads\/2025\/01\/Durable-R36s-Playstation-Replacement-Buttons-for-console-repair.jpeg-990x990.webp 990w, https:\/\/r36shandheld.store\/wp-content\/uploads\/2025\/01\/Durable-R36s-Playstation-Replacement-Buttons-for-console-repair.jpeg-441x441.webp 441w, https:\/\/r36shandheld.store\/wp-content\/uploads\/2025\/01\/Durable-R36s-Playstation-Replacement-Buttons-for-console-repair.jpeg-100x100.webp 100w, https:\/\/r36shandheld.store\/wp-content\/uploads\/2025\/01\/Durable-R36s-Playstation-Replacement-Buttons-for-console-repair.jpeg-800x800.webp 800w\" sizes=\"(max-width: 1001px) 100vw, 1001px\" \/><\/p>\n<p><img loading=\"lazy\" decoding=\"async\" class=\"alignnone size-full wp-image-7527\" title=\"Boutons de remplacement R36s Playstation de haute qualit\u00e9.jpeg\" src=\"https:\/\/r36shandheld.store\/wp-content\/uploads\/2025\/01\/High-quality-R36s-Playstation-Replacement-Buttons.jpeg.webp\" alt=\"Boutons de remplacement R36s Playstation de haute qualit\u00e9.jpeg\" width=\"1001\" height=\"1001\" srcset=\"https:\/\/r36shandheld.store\/wp-content\/uploads\/2025\/01\/High-quality-R36s-Playstation-Replacement-Buttons.jpeg.webp 1001w, https:\/\/r36shandheld.store\/wp-content\/uploads\/2025\/01\/High-quality-R36s-Playstation-Replacement-Buttons.jpeg-300x300.webp 300w, https:\/\/r36shandheld.store\/wp-content\/uploads\/2025\/01\/High-quality-R36s-Playstation-Replacement-Buttons.jpeg-150x150.webp 150w, https:\/\/r36shandheld.store\/wp-content\/uploads\/2025\/01\/High-quality-R36s-Playstation-Replacement-Buttons.jpeg-768x768.webp 768w, https:\/\/r36shandheld.store\/wp-content\/uploads\/2025\/01\/High-quality-R36s-Playstation-Replacement-Buttons.jpeg-990x990.webp 990w, https:\/\/r36shandheld.store\/wp-content\/uploads\/2025\/01\/High-quality-R36s-Playstation-Replacement-Buttons.jpeg-441x441.webp 441w, https:\/\/r36shandheld.store\/wp-content\/uploads\/2025\/01\/High-quality-R36s-Playstation-Replacement-Buttons.jpeg-100x100.webp 100w, https:\/\/r36shandheld.store\/wp-content\/uploads\/2025\/01\/High-quality-R36s-Playstation-Replacement-Buttons.jpeg-800x800.webp 800w\" sizes=\"(max-width: 1001px) 100vw, 1001px\" \/><\/p>\n<p><img loading=\"lazy\" decoding=\"async\" class=\"alignnone size-full wp-image-7528\" title=\"R36s Playstation Replacement Buttons dimension sizes.jpeg\" src=\"https:\/\/r36shandheld.store\/wp-content\/uploads\/2025\/01\/R36s-Playstation-Replacement-Buttons-dimension-sizes.jpeg.webp\" alt=\"R36s Playstation Replacement Buttons dimension sizes.jpeg\" width=\"1001\" height=\"1001\" srcset=\"https:\/\/r36shandheld.store\/wp-content\/uploads\/2025\/01\/R36s-Playstation-Replacement-Buttons-dimension-sizes.jpeg.webp 1001w, https:\/\/r36shandheld.store\/wp-content\/uploads\/2025\/01\/R36s-Playstation-Replacement-Buttons-dimension-sizes.jpeg-300x300.webp 300w, https:\/\/r36shandheld.store\/wp-content\/uploads\/2025\/01\/R36s-Playstation-Replacement-Buttons-dimension-sizes.jpeg-150x150.webp 150w, https:\/\/r36shandheld.store\/wp-content\/uploads\/2025\/01\/R36s-Playstation-Replacement-Buttons-dimension-sizes.jpeg-768x768.webp 768w, https:\/\/r36shandheld.store\/wp-content\/uploads\/2025\/01\/R36s-Playstation-Replacement-Buttons-dimension-sizes.jpeg-990x990.webp 990w, https:\/\/r36shandheld.store\/wp-content\/uploads\/2025\/01\/R36s-Playstation-Replacement-Buttons-dimension-sizes.jpeg-441x441.webp 441w, https:\/\/r36shandheld.store\/wp-content\/uploads\/2025\/01\/R36s-Playstation-Replacement-Buttons-dimension-sizes.jpeg-100x100.webp 100w, https:\/\/r36shandheld.store\/wp-content\/uploads\/2025\/01\/R36s-Playstation-Replacement-Buttons-dimension-sizes.jpeg-800x800.webp 800w\" sizes=\"(max-width: 1001px) 100vw, 1001px\" \/><\/p>\n<p><img loading=\"lazy\" decoding=\"async\" class=\"alignnone size-full wp-image-7529\" title=\"R36s Playstation Boutons de remplacement pour modification de la manette.jpeg\" src=\"https:\/\/r36shandheld.store\/wp-content\/uploads\/2025\/01\/R36s-Playstation-Replacement-Buttons-for-controller-modification.jpeg.webp\" alt=\"R36s Playstation Boutons de remplacement pour modification de la manette.jpeg\" width=\"1001\" height=\"1001\" srcset=\"https:\/\/r36shandheld.store\/wp-content\/uploads\/2025\/01\/R36s-Playstation-Replacement-Buttons-for-controller-modification.jpeg.webp 1001w, https:\/\/r36shandheld.store\/wp-content\/uploads\/2025\/01\/R36s-Playstation-Replacement-Buttons-for-controller-modification.jpeg-300x300.webp 300w, https:\/\/r36shandheld.store\/wp-content\/uploads\/2025\/01\/R36s-Playstation-Replacement-Buttons-for-controller-modification.jpeg-150x150.webp 150w, https:\/\/r36shandheld.store\/wp-content\/uploads\/2025\/01\/R36s-Playstation-Replacement-Buttons-for-controller-modification.jpeg-768x768.webp 768w, https:\/\/r36shandheld.store\/wp-content\/uploads\/2025\/01\/R36s-Playstation-Replacement-Buttons-for-controller-modification.jpeg-990x990.webp 990w, https:\/\/r36shandheld.store\/wp-content\/uploads\/2025\/01\/R36s-Playstation-Replacement-Buttons-for-controller-modification.jpeg-441x441.webp 441w, https:\/\/r36shandheld.store\/wp-content\/uploads\/2025\/01\/R36s-Playstation-Replacement-Buttons-for-controller-modification.jpeg-100x100.webp 100w, https:\/\/r36shandheld.store\/wp-content\/uploads\/2025\/01\/R36s-Playstation-Replacement-Buttons-for-controller-modification.jpeg-800x800.webp 800w\" sizes=\"(max-width: 1001px) 100vw, 1001px\" \/><\/p>\n<p><img loading=\"lazy\" decoding=\"async\" class=\"alignnone size-full wp-image-7530\" title=\"R36s Playstation Buttons Replacement for custom controllers.jpeg\" src=\"https:\/\/r36shandheld.store\/wp-content\/uploads\/2025\/01\/R36s-Playstation-Replacement-Buttons-for-custom-controllers.jpeg.webp\" alt=\"R36s Playstation Buttons Replacement for custom controllers.jpeg\" width=\"1001\" height=\"1001\" srcset=\"https:\/\/r36shandheld.store\/wp-content\/uploads\/2025\/01\/R36s-Playstation-Replacement-Buttons-for-custom-controllers.jpeg.webp 1001w, https:\/\/r36shandheld.store\/wp-content\/uploads\/2025\/01\/R36s-Playstation-Replacement-Buttons-for-custom-controllers.jpeg-300x300.webp 300w, https:\/\/r36shandheld.store\/wp-content\/uploads\/2025\/01\/R36s-Playstation-Replacement-Buttons-for-custom-controllers.jpeg-150x150.webp 150w, https:\/\/r36shandheld.store\/wp-content\/uploads\/2025\/01\/R36s-Playstation-Replacement-Buttons-for-custom-controllers.jpeg-768x768.webp 768w, https:\/\/r36shandheld.store\/wp-content\/uploads\/2025\/01\/R36s-Playstation-Replacement-Buttons-for-custom-controllers.jpeg-990x990.webp 990w, https:\/\/r36shandheld.store\/wp-content\/uploads\/2025\/01\/R36s-Playstation-Replacement-Buttons-for-custom-controllers.jpeg-441x441.webp 441w, https:\/\/r36shandheld.store\/wp-content\/uploads\/2025\/01\/R36s-Playstation-Replacement-Buttons-for-custom-controllers.jpeg-100x100.webp 100w, https:\/\/r36shandheld.store\/wp-content\/uploads\/2025\/01\/R36s-Playstation-Replacement-Buttons-for-custom-controllers.jpeg-800x800.webp 800w\" sizes=\"(max-width: 1001px) 100vw, 1001px\" \/><\/p>\n<p><img loading=\"lazy\" decoding=\"async\" class=\"alignnone size-full wp-image-7531\" title=\"R36s Playstation Buttons Replacement for dualshock controllers.jpeg\" src=\"https:\/\/r36shandheld.store\/wp-content\/uploads\/2025\/01\/R36s-Playstation-Replacement-Buttons-for-dualshock-controllers.jpeg.webp\" alt=\"R36s Playstation Buttons Replacement for dualshock controllers.jpeg\" width=\"1001\" height=\"1001\" srcset=\"https:\/\/r36shandheld.store\/wp-content\/uploads\/2025\/01\/R36s-Playstation-Replacement-Buttons-for-dualshock-controllers.jpeg.webp 1001w, https:\/\/r36shandheld.store\/wp-content\/uploads\/2025\/01\/R36s-Playstation-Replacement-Buttons-for-dualshock-controllers.jpeg-300x300.webp 300w, https:\/\/r36shandheld.store\/wp-content\/uploads\/2025\/01\/R36s-Playstation-Replacement-Buttons-for-dualshock-controllers.jpeg-150x150.webp 150w, https:\/\/r36shandheld.store\/wp-content\/uploads\/2025\/01\/R36s-Playstation-Replacement-Buttons-for-dualshock-controllers.jpeg-768x768.webp 768w, https:\/\/r36shandheld.store\/wp-content\/uploads\/2025\/01\/R36s-Playstation-Replacement-Buttons-for-dualshock-controllers.jpeg-990x990.webp 990w, https:\/\/r36shandheld.store\/wp-content\/uploads\/2025\/01\/R36s-Playstation-Replacement-Buttons-for-dualshock-controllers.jpeg-441x441.webp 441w, https:\/\/r36shandheld.store\/wp-content\/uploads\/2025\/01\/R36s-Playstation-Replacement-Buttons-for-dualshock-controllers.jpeg-100x100.webp 100w, https:\/\/r36shandheld.store\/wp-content\/uploads\/2025\/01\/R36s-Playstation-Replacement-Buttons-for-dualshock-controllers.jpeg-800x800.webp 800w\" sizes=\"(max-width: 1001px) 100vw, 1001px\" \/><\/p>\n<p><img loading=\"lazy\" decoding=\"async\" class=\"alignnone size-full wp-image-7532\" title=\"R36s Playstation Boutons de remplacement pour manettes de jeu.jpeg\" src=\"https:\/\/r36shandheld.store\/wp-content\/uploads\/2025\/01\/R36s-Playstation-Replacement-Buttons-for-gaming-controllers.jpeg.webp\" alt=\"R36s Playstation Boutons de remplacement pour manettes de jeu.jpeg\" width=\"1001\" height=\"1001\" srcset=\"https:\/\/r36shandheld.store\/wp-content\/uploads\/2025\/01\/R36s-Playstation-Replacement-Buttons-for-gaming-controllers.jpeg.webp 1001w, https:\/\/r36shandheld.store\/wp-content\/uploads\/2025\/01\/R36s-Playstation-Replacement-Buttons-for-gaming-controllers.jpeg-300x300.webp 300w, https:\/\/r36shandheld.store\/wp-content\/uploads\/2025\/01\/R36s-Playstation-Replacement-Buttons-for-gaming-controllers.jpeg-150x150.webp 150w, https:\/\/r36shandheld.store\/wp-content\/uploads\/2025\/01\/R36s-Playstation-Replacement-Buttons-for-gaming-controllers.jpeg-768x768.webp 768w, https:\/\/r36shandheld.store\/wp-content\/uploads\/2025\/01\/R36s-Playstation-Replacement-Buttons-for-gaming-controllers.jpeg-990x990.webp 990w, https:\/\/r36shandheld.store\/wp-content\/uploads\/2025\/01\/R36s-Playstation-Replacement-Buttons-for-gaming-controllers.jpeg-441x441.webp 441w, https:\/\/r36shandheld.store\/wp-content\/uploads\/2025\/01\/R36s-Playstation-Replacement-Buttons-for-gaming-controllers.jpeg-100x100.webp 100w, https:\/\/r36shandheld.store\/wp-content\/uploads\/2025\/01\/R36s-Playstation-Replacement-Buttons-for-gaming-controllers.jpeg-800x800.webp 800w\" sizes=\"(max-width: 1001px) 100vw, 1001px\" \/><\/p>\n<p><img loading=\"lazy\" decoding=\"async\" class=\"alignnone size-full wp-image-7533\" title=\"R36s Playstation Boutons de remplacement pour r\u00e9paration de joystick.jpeg\" src=\"https:\/\/r36shandheld.store\/wp-content\/uploads\/2025\/01\/R36s-Playstation-Replacement-Buttons-for-joystick-repairs.jpeg.webp\" alt=\"R36s Playstation Boutons de remplacement pour r\u00e9paration de joystick.jpeg\" width=\"1001\" height=\"1001\" srcset=\"https:\/\/r36shandheld.store\/wp-content\/uploads\/2025\/01\/R36s-Playstation-Replacement-Buttons-for-joystick-repairs.jpeg.webp 1001w, https:\/\/r36shandheld.store\/wp-content\/uploads\/2025\/01\/R36s-Playstation-Replacement-Buttons-for-joystick-repairs.jpeg-300x300.webp 300w, https:\/\/r36shandheld.store\/wp-content\/uploads\/2025\/01\/R36s-Playstation-Replacement-Buttons-for-joystick-repairs.jpeg-150x150.webp 150w, https:\/\/r36shandheld.store\/wp-content\/uploads\/2025\/01\/R36s-Playstation-Replacement-Buttons-for-joystick-repairs.jpeg-768x768.webp 768w, https:\/\/r36shandheld.store\/wp-content\/uploads\/2025\/01\/R36s-Playstation-Replacement-Buttons-for-joystick-repairs.jpeg-990x990.webp 990w, https:\/\/r36shandheld.store\/wp-content\/uploads\/2025\/01\/R36s-Playstation-Replacement-Buttons-for-joystick-repairs.jpeg-441x441.webp 441w, https:\/\/r36shandheld.store\/wp-content\/uploads\/2025\/01\/R36s-Playstation-Replacement-Buttons-for-joystick-repairs.jpeg-100x100.webp 100w, https:\/\/r36shandheld.store\/wp-content\/uploads\/2025\/01\/R36s-Playstation-Replacement-Buttons-for-joystick-repairs.jpeg-800x800.webp 800w\" sizes=\"(max-width: 1001px) 100vw, 1001px\" \/><\/p>\n<div class=\"flex-shrink-0 flex flex-col relative items-end\">\n<div>\n<div class=\"pt-0\">\n<div class=\"gizmo-shadow-stroke flex h-8 w-8 items-center justify-center overflow-hidden rounded-full\">\n<div class=\"h-full w-full\"><\/div>\n<\/div>\n<\/div>\n<\/div>\n<\/div>\n<div class=\"group\/conversation-turn relative flex w-full min-w-0 flex-col agent-turn\">\n<div class=\"flex-col gap-1 md:gap-3\">\n<div class=\"flex max-w-full flex-col flex-grow\">\n<div class=\"min-h-8 text-message flex w-full flex-col items-end gap-2 whitespace-normal break-words text-start [.text-message+&amp;]:mt-5\" dir=\"auto\" data-message-author-role=\"assistant\" data-message-id=\"16c48531-36ad-4208-b93f-d9331314ebbd\" data-message-model-slug=\"gpt-4o\">\n<div class=\"flex w-full flex-col gap-1 empty:hidden first:pt-[3px]\">\n<div class=\"markdown prose w-full break-words dark:prose-invert light\">\n<p><strong>Am\u00e9liorez votre exp\u00e9rience de jeu<\/strong> avec ce jeu de boutons de rechange de haute qualit\u00e9, con\u00e7u sp\u00e9cifiquement pour le <strong>Console de jeux portable open-source R36s<\/strong>. Parfaites pour am\u00e9liorer votre configuration de jeu, ces <strong>boutons arri\u00e8re optimis\u00e9s<\/strong> sont con\u00e7us pour offrir des performances fluides et fiables lors de jeux intenses.<\/p>\n<p><strong>Caract\u00e9ristiques du produit :<\/strong><\/p>\n<ul>\n<li><strong>Optimis\u00e9 pour <a href=\"https:\/\/r36shandheld.store\/fr\/\">Console portable R36s<\/a>:<\/strong> Adapt\u00e9e aux besoins de la <strong>Console de jeux portable open-source R36s<\/strong>Ces boutons permettent d'am\u00e9liorer l'ergonomie et les performances de votre console.<\/li>\n<li><strong>Plastique de qualit\u00e9 sup\u00e9rieure Mat\u00e9riau :<\/strong> Fabriqu\u00e9s en plastique durable et l\u00e9ger, ces boutons de remplacement garantissent une qualit\u00e9 durable pour les jeux quotidiens.<\/li>\n<li><strong>Conception confortable et r\u00e9active :<\/strong> Les boutons sont con\u00e7us pour offrir une sensation de confort et un temps de r\u00e9ponse rapide, pour que chaque pression sur un bouton compte.<\/li>\n<li><strong>Facile \u00e0 installer :<\/strong> Installation rapide et simple, pour que vous puissiez reprendre le jeu en un rien de temps.<\/li>\n<li><strong>Compact et portable :<\/strong> Le produit est petit, l\u00e9ger et facile \u00e0 stocker. <strong>6x6x3cm<\/strong>.<\/li>\n<\/ul>\n<p><strong>Ce qui est inclus :<\/strong><\/p>\n<ul>\n<li>4 boutons de remplacement (noir)<\/li>\n<li><strong>Poids :<\/strong> 30g<\/li>\n<li><strong>Emballage :<\/strong> Sac s\u00e9curis\u00e9 pour une livraison en toute s\u00e9curit\u00e9<\/li>\n<\/ul>\n<\/div>\n<\/div>\n<\/div>\n<\/div>\n<\/div>\n<\/div>","protected":false},"excerpt":{"rendered":"<p>Que vous soyez un joueur chevronn\u00e9 ou un amateur, ce jeu de boutons de remplacement est le compl\u00e9ment id\u00e9al pour am\u00e9liorer la fonctionnalit\u00e9 et l'esth\u00e9tique de votre console de jeu portable R36s.<\/p>","protected":false},"featured_media":7522,"comment_status":"open","ping_status":"closed","template":"","meta":[],"product_brand":[],"product_cat":[54],"product_tag":[],"class_list":{"0":"post-7516","1":"product","2":"type-product","3":"status-publish","4":"has-post-thumbnail","6":"product_cat-r36s-accessories","8":"first","9":"instock","10":"shipping-taxable","11":"purchasable","12":"product-type-simple"},"jetpack_sharing_enabled":true,"jetpack-related-posts":[],"_links":{"self":[{"href":"https:\/\/r36shandheld.store\/fr\/wp-json\/wp\/v2\/product\/7516","targetHints":{"allow":["GET"]}}],"collection":[{"href":"https:\/\/r36shandheld.store\/fr\/wp-json\/wp\/v2\/product"}],"about":[{"href":"https:\/\/r36shandheld.store\/fr\/wp-json\/wp\/v2\/types\/product"}],"replies":[{"embeddable":true,"href":"https:\/\/r36shandheld.store\/fr\/wp-json\/wp\/v2\/comments?post=7516"}],"wp:featuredmedia":[{"embeddable":true,"href":"https:\/\/r36shandheld.store\/fr\/wp-json\/wp\/v2\/media\/7522"}],"wp:attachment":[{"href":"https:\/\/r36shandheld.store\/fr\/wp-json\/wp\/v2\/media?parent=7516"}],"wp:term":[{"taxonomy":"product_brand","embeddable":true,"href":"https:\/\/r36shandheld.store\/fr\/wp-json\/wp\/v2\/product_brand?post=7516"},{"taxonomy":"product_cat","embeddable":true,"href":"https:\/\/r36shandheld.store\/fr\/wp-json\/wp\/v2\/product_cat?post=7516"},{"taxonomy":"product_tag","embeddable":true,"href":"https:\/\/r36shandheld.store\/fr\/wp-json\/wp\/v2\/product_tag?post=7516"}],"curies":[{"name":"wp","href":"https:\/\/api.w.org\/{rel}","templated":true}]}}