{"id":7375,"date":"2025-01-20T01:16:57","date_gmt":"2025-01-19T17:16:57","guid":{"rendered":"https:\/\/r36shandheld.store\/?post_type=product&#038;p=7375"},"modified":"2025-01-20T01:16:57","modified_gmt":"2025-01-19T17:16:57","slug":"red-r36s-retro-handheld","status":"publish","type":"product","link":"https:\/\/r36shandheld.store\/fr\/p\/red-r36s-retro-handheld\/","title":{"rendered":"Rouge R36s Retro Handheld"},"content":{"rendered":"<p><img fetchpriority=\"high\" decoding=\"async\" class=\"alignnone size-full wp-image-7386\" title=\"double joystick pour r36s avec de bons boutons\" src=\"https:\/\/r36shandheld.store\/wp-content\/uploads\/2025\/01\/double-joystick-for-r36s-controls-with-good-buttons.webp\" alt=\"double joystick pour r36s avec de bons boutons\" width=\"1000\" height=\"1000\" srcset=\"https:\/\/r36shandheld.store\/wp-content\/uploads\/2025\/01\/double-joystick-for-r36s-controls-with-good-buttons.webp 1000w, https:\/\/r36shandheld.store\/wp-content\/uploads\/2025\/01\/double-joystick-for-r36s-controls-with-good-buttons-300x300.webp 300w, https:\/\/r36shandheld.store\/wp-content\/uploads\/2025\/01\/double-joystick-for-r36s-controls-with-good-buttons-150x150.webp 150w, https:\/\/r36shandheld.store\/wp-content\/uploads\/2025\/01\/double-joystick-for-r36s-controls-with-good-buttons-768x768.webp 768w, https:\/\/r36shandheld.store\/wp-content\/uploads\/2025\/01\/double-joystick-for-r36s-controls-with-good-buttons-990x990.webp 990w, https:\/\/r36shandheld.store\/wp-content\/uploads\/2025\/01\/double-joystick-for-r36s-controls-with-good-buttons-441x441.webp 441w, https:\/\/r36shandheld.store\/wp-content\/uploads\/2025\/01\/double-joystick-for-r36s-controls-with-good-buttons-100x100.webp 100w, https:\/\/r36shandheld.store\/wp-content\/uploads\/2025\/01\/double-joystick-for-r36s-controls-with-good-buttons-800x800.webp 800w\" sizes=\"(max-width: 1000px) 100vw, 1000px\" \/><br \/>\n<img decoding=\"async\" class=\"alignnone size-full wp-image-7385\" title=\"Diff\u00e9rentes couleurs de r36s n64\" src=\"https:\/\/r36shandheld.store\/wp-content\/uploads\/2025\/01\/Different-colors-of-r36s-n64.webp\" alt=\"Diff\u00e9rentes couleurs de r36s n64\" width=\"1000\" height=\"1000\" srcset=\"https:\/\/r36shandheld.store\/wp-content\/uploads\/2025\/01\/Different-colors-of-r36s-n64.webp 1000w, https:\/\/r36shandheld.store\/wp-content\/uploads\/2025\/01\/Different-colors-of-r36s-n64-300x300.webp 300w, https:\/\/r36shandheld.store\/wp-content\/uploads\/2025\/01\/Different-colors-of-r36s-n64-150x150.webp 150w, https:\/\/r36shandheld.store\/wp-content\/uploads\/2025\/01\/Different-colors-of-r36s-n64-768x768.webp 768w, https:\/\/r36shandheld.store\/wp-content\/uploads\/2025\/01\/Different-colors-of-r36s-n64-990x990.webp 990w, https:\/\/r36shandheld.store\/wp-content\/uploads\/2025\/01\/Different-colors-of-r36s-n64-441x441.webp 441w, https:\/\/r36shandheld.store\/wp-content\/uploads\/2025\/01\/Different-colors-of-r36s-n64-100x100.webp 100w, https:\/\/r36shandheld.store\/wp-content\/uploads\/2025\/01\/Different-colors-of-r36s-n64-800x800.webp 800w\" sizes=\"(max-width: 1000px) 100vw, 1000px\" \/><img decoding=\"async\" class=\"alignnone size-full wp-image-7381\" title=\"powkiddy r36s longue dur\u00e9e de vie avec batterie 29000mah\" src=\"https:\/\/r36shandheld.store\/wp-content\/uploads\/2025\/01\/powkiddy-r36s-long-battery-life-with-29000mah-battery.webp\" alt=\"powkiddy r36s longue dur\u00e9e de vie avec batterie 29000mah\" width=\"800\" height=\"1350\" srcset=\"https:\/\/r36shandheld.store\/wp-content\/uploads\/2025\/01\/powkiddy-r36s-long-battery-life-with-29000mah-battery.webp 800w, https:\/\/r36shandheld.store\/wp-content\/uploads\/2025\/01\/powkiddy-r36s-long-battery-life-with-29000mah-battery-178x300.webp 178w, https:\/\/r36shandheld.store\/wp-content\/uploads\/2025\/01\/powkiddy-r36s-long-battery-life-with-29000mah-battery-607x1024.webp 607w, https:\/\/r36shandheld.store\/wp-content\/uploads\/2025\/01\/powkiddy-r36s-long-battery-life-with-29000mah-battery-768x1296.webp 768w, https:\/\/r36shandheld.store\/wp-content\/uploads\/2025\/01\/powkiddy-r36s-long-battery-life-with-29000mah-battery-441x744.webp 441w, https:\/\/r36shandheld.store\/wp-content\/uploads\/2025\/01\/powkiddy-r36s-long-battery-life-with-29000mah-battery-300x506.webp 300w, https:\/\/r36shandheld.store\/wp-content\/uploads\/2025\/01\/powkiddy-r36s-long-battery-life-with-29000mah-battery-150x253.webp 150w\" sizes=\"(max-width: 800px) 100vw, 800px\" \/><\/p>\n<h3>La console de poche r\u00e9tro Red R36s : Une nouvelle \u00e8re de jeux classiques<\/h3>\n<p><strong>Red\u00e9couvrez la magie du jeu r\u00e9tro avec la console de poche r\u00e9tro Red R36s<\/strong>-Une console puissante et portable qui vous permet de revivre vos jeux d'enfance pr\u00e9f\u00e9r\u00e9s, o\u00f9 que vous soyez. Avec plus de 15 000 jeux pr\u00e9charg\u00e9s et un design \u00e9l\u00e9gant d'inspiration r\u00e9tro, la Red R36s est votre compagnon de jeu ultime, \u00e0 la fois nostalgique et pratique.<\/p>\n<h4>Principales sp\u00e9cifications :<\/h4>\n<ul>\n<li><strong>Jeux inclus<\/strong>: Plus de 15 000 jeux classiques sur 21 \u00e9mulateurs.<\/li>\n<li><strong>Mod\u00e8le<\/strong>: R36S.<\/li>\n<li><strong>Affichage<\/strong>: Ecran IPS HD de 3,5\u2033 avec une r\u00e9solution de 640\u00d7480 pour des images \u00e9poustouflantes.<\/li>\n<li><strong>Processeur<\/strong>: Processeur quadric\u0153ur Cortex-A35 64 bits (jusqu'\u00e0 1,8 GHz).<\/li>\n<li><strong>M\u00e9moire<\/strong>: 1GB DDR3L RAM et 64GB de stockage pour une performance sans faille.<\/li>\n<li><strong>Batterie<\/strong>Batterie polym\u00e8re rechargeable de 2900mAh avec plus de 4 heures de jeu sur une seule charge.<\/li>\n<li><strong>Langues prises en charge<\/strong>: Interface multilingue : anglais, fran\u00e7ais, allemand, espagnol, portugais, russe, japonais, etc.<\/li>\n<\/ul>\n<h4>Des caract\u00e9ristiques qui le distinguent :<\/h4>\n<ul>\n<li><strong>Portable et compact<\/strong><br \/>\nCon\u00e7ue pour les joueurs en d\u00e9placement, la Red R36s pr\u00e9sente un format ultra-compact et une esth\u00e9tique r\u00e9tro nostalgique. Parfait pour les voyages d'affaires, les d\u00e9placements ou le camping, emportez vos jeux o\u00f9 que vous soyez et revivez les grands classiques !<\/li>\n<li><strong>\u00c9cran cristallin<\/strong><br \/>\nL'\u00e9cran IPS HD de 3,5\u2033 offre des couleurs \u00e9clatantes et des angles de vision larges, garantissant une exp\u00e9rience de jeu immersive, quel que soit l'endroit o\u00f9 vous jouez.<\/li>\n<li><strong>Une performance de jeu sans faille<\/strong><br \/>\nDot\u00e9e d'un processeur quadric\u0153ur de 1,8 GHz et d'une m\u00e9moire vive de 1 Go, cette console portable offre un jeu fluide et sans d\u00e9calage, avec un choix de plus de 15 000 jeux. Le syst\u00e8me Linux permet une personnalisation facile pour s'adapter \u00e0 votre style de jeu.<\/li>\n<li><strong>Une longue dur\u00e9e de vie de la batterie pour un plaisir sans fin<\/strong><br \/>\nLa batterie rechargeable de 2900 mAh vous offre plus de 4 heures de jeu en continu sur une seule charge. De plus, la batterie amovible permet de la remplacer facilement pour des sessions de jeu encore plus longues et ininterrompues.<\/li>\n<li><strong>Convivialit\u00e9 et s\u00e9curit\u00e9 pour les enfants<\/strong><br \/>\nAvec ses commandes simples et ses param\u00e8tres parentaux int\u00e9gr\u00e9s, le Red R36s est parfait pour les enfants et les familles. Profitez de jeux adapt\u00e9s \u00e0 l'\u00e2ge des enfants en toute s\u00e9r\u00e9nit\u00e9 gr\u00e2ce \u00e0 sa conception robuste et durable.<\/li>\n<li><strong>\u00c9l\u00e9gant et fonctionnel<\/strong><br \/>\nLa Red R36s n'est pas seulement performante, elle est aussi tr\u00e8s esth\u00e9tique. Avec une finition rouge \u00e9l\u00e9gante et une construction durable, c'est une console que vous serez fier de montrer. Choisissez parmi une gamme de couleurs \u00e9l\u00e9gantes pour vous adapter \u00e0 vos go\u00fbts.<\/li>\n<\/ul>\n<h4>Pourquoi vous aimerez l'ordinateur de poche R36s Retro de Red :<\/h4>\n<ul>\n<li><strong>Vaste biblioth\u00e8que de jeux<\/strong><br \/>\nAvec plus de 15 000 jeux pr\u00e9charg\u00e9s sur 21 \u00e9mulateurs, il y a toujours quelque chose \u00e0 jouer, que vous soyez amateur de jeux d'action, d'aventure, de plates-formes ou de casse-t\u00eate.<\/li>\n<li><strong>Une exp\u00e9rience personnalisable<\/strong><br \/>\nLe syst\u00e8me Linux \u00e0 source ouverte vous permet de personnaliser votre exp\u00e9rience de jeu, ce qui est parfait pour les joueurs avertis qui souhaitent ajouter leur touche personnelle.<\/li>\n<li><strong>Parfait pour les jeux en d\u00e9placement<\/strong><br \/>\nGr\u00e2ce \u00e0 sa conception portable, le Red R36s est id\u00e9al pour les jeux en d\u00e9placement, que vous fassiez un long voyage ou que vous cherchiez simplement \u00e0 tuer le temps pendant votre trajet.<\/li>\n<li><strong>Cadeau id\u00e9al pour les joueurs<\/strong><br \/>\nVous cherchez le cadeau id\u00e9al pour un amateur de jeux r\u00e9tro ? Les Red R36s constituent un cadeau attentionn\u00e9 et excitant pour tout joueur.<\/li>\n<\/ul>\n<p><strong>Mettez la main sur l'ordinateur de poche r\u00e9tro R36s rouge<\/strong> aujourd'hui et revivez les classiques avec une touche de modernit\u00e9. Que vous soyez \u00e0 la maison ou en d\u00e9placement, le Red R36s est l'appareil id\u00e9al pour alimenter votre passion du jeu. <strong>Commandez d\u00e8s maintenant et emmenez vos jeux partout o\u00f9 vous le souhaitez !<\/strong><\/p>","protected":false},"excerpt":{"rendered":"<p>Red\u00e9couvrez les jeux r\u00e9tro avec la console portable Red R36s Retro. Avec plus de 15 000 jeux classiques et un design \u00e9l\u00e9gant et portable, il est parfait pour les jeux nostalgiques en d\u00e9placement.<\/p>","protected":false},"featured_media":7378,"comment_status":"open","ping_status":"closed","template":"","meta":[],"product_brand":[],"product_cat":[15],"product_tag":[],"class_list":{"0":"post-7375","1":"product","2":"type-product","3":"status-publish","4":"has-post-thumbnail","6":"product_cat-r36s","8":"first","9":"instock","10":"shipping-taxable","11":"purchasable","12":"product-type-variable"},"jetpack_sharing_enabled":true,"jetpack-related-posts":[],"_links":{"self":[{"href":"https:\/\/r36shandheld.store\/fr\/wp-json\/wp\/v2\/product\/7375","targetHints":{"allow":["GET"]}}],"collection":[{"href":"https:\/\/r36shandheld.store\/fr\/wp-json\/wp\/v2\/product"}],"about":[{"href":"https:\/\/r36shandheld.store\/fr\/wp-json\/wp\/v2\/types\/product"}],"replies":[{"embeddable":true,"href":"https:\/\/r36shandheld.store\/fr\/wp-json\/wp\/v2\/comments?post=7375"}],"wp:featuredmedia":[{"embeddable":true,"href":"https:\/\/r36shandheld.store\/fr\/wp-json\/wp\/v2\/media\/7378"}],"wp:attachment":[{"href":"https:\/\/r36shandheld.store\/fr\/wp-json\/wp\/v2\/media?parent=7375"}],"wp:term":[{"taxonomy":"product_brand","embeddable":true,"href":"https:\/\/r36shandheld.store\/fr\/wp-json\/wp\/v2\/product_brand?post=7375"},{"taxonomy":"product_cat","embeddable":true,"href":"https:\/\/r36shandheld.store\/fr\/wp-json\/wp\/v2\/product_cat?post=7375"},{"taxonomy":"product_tag","embeddable":true,"href":"https:\/\/r36shandheld.store\/fr\/wp-json\/wp\/v2\/product_tag?post=7375"}],"curies":[{"name":"wp","href":"https:\/\/api.w.org\/{rel}","templated":true}]}}