{"id":7619,"date":"2025-01-20T01:16:32","date_gmt":"2025-01-19T17:16:32","guid":{"rendered":"https:\/\/r36shandheld.store\/?post_type=product&#038;p=7619"},"modified":"2025-01-20T01:16:32","modified_gmt":"2025-01-19T17:16:32","slug":"r36s-protective-case","status":"publish","type":"product","link":"https:\/\/r36shandheld.store\/es\/p\/r36s-protective-case\/","title":{"rendered":"Funda protectora R36s"},"content":{"rendered":"<p><img fetchpriority=\"high\" decoding=\"async\" class=\"alignnone size-full wp-image-7630\" title=\"Funda protectora Gaming R36s para mejorar la experiencia de juego\" src=\"https:\/\/r36shandheld.store\/wp-content\/uploads\/2025\/01\/Gaming-R36s-Protective-Case-for-Enhanced-Gaming-Experience.webp\" alt=\"Funda protectora Gaming R36s para mejorar la experiencia de juego\" width=\"1001\" height=\"1001\" srcset=\"https:\/\/r36shandheld.store\/wp-content\/uploads\/2025\/01\/Gaming-R36s-Protective-Case-for-Enhanced-Gaming-Experience.webp 1001w, https:\/\/r36shandheld.store\/wp-content\/uploads\/2025\/01\/Gaming-R36s-Protective-Case-for-Enhanced-Gaming-Experience-300x300.webp 300w, https:\/\/r36shandheld.store\/wp-content\/uploads\/2025\/01\/Gaming-R36s-Protective-Case-for-Enhanced-Gaming-Experience-150x150.webp 150w, https:\/\/r36shandheld.store\/wp-content\/uploads\/2025\/01\/Gaming-R36s-Protective-Case-for-Enhanced-Gaming-Experience-768x768.webp 768w, https:\/\/r36shandheld.store\/wp-content\/uploads\/2025\/01\/Gaming-R36s-Protective-Case-for-Enhanced-Gaming-Experience-990x990.webp 990w, https:\/\/r36shandheld.store\/wp-content\/uploads\/2025\/01\/Gaming-R36s-Protective-Case-for-Enhanced-Gaming-Experience-441x441.webp 441w, https:\/\/r36shandheld.store\/wp-content\/uploads\/2025\/01\/Gaming-R36s-Protective-Case-for-Enhanced-Gaming-Experience-100x100.webp 100w, https:\/\/r36shandheld.store\/wp-content\/uploads\/2025\/01\/Gaming-R36s-Protective-Case-for-Enhanced-Gaming-Experience-800x800.webp 800w\" sizes=\"(max-width: 1001px) 100vw, 1001px\" \/><\/p>\n<p><img decoding=\"async\" class=\"alignnone size-full wp-image-7631\" title=\"Funda protectora Glittery R36s para un aspecto brillante\" src=\"https:\/\/r36shandheld.store\/wp-content\/uploads\/2025\/01\/Glittery-R36s-Protective-Case-for-a-Sparkling-Look.webp\" alt=\"Funda protectora Glittery R36s para un aspecto brillante\" width=\"1001\" height=\"1001\" srcset=\"https:\/\/r36shandheld.store\/wp-content\/uploads\/2025\/01\/Glittery-R36s-Protective-Case-for-a-Sparkling-Look.webp 1001w, https:\/\/r36shandheld.store\/wp-content\/uploads\/2025\/01\/Glittery-R36s-Protective-Case-for-a-Sparkling-Look-300x300.webp 300w, https:\/\/r36shandheld.store\/wp-content\/uploads\/2025\/01\/Glittery-R36s-Protective-Case-for-a-Sparkling-Look-150x150.webp 150w, https:\/\/r36shandheld.store\/wp-content\/uploads\/2025\/01\/Glittery-R36s-Protective-Case-for-a-Sparkling-Look-768x768.webp 768w, https:\/\/r36shandheld.store\/wp-content\/uploads\/2025\/01\/Glittery-R36s-Protective-Case-for-a-Sparkling-Look-990x990.webp 990w, https:\/\/r36shandheld.store\/wp-content\/uploads\/2025\/01\/Glittery-R36s-Protective-Case-for-a-Sparkling-Look-441x441.webp 441w, https:\/\/r36shandheld.store\/wp-content\/uploads\/2025\/01\/Glittery-R36s-Protective-Case-for-a-Sparkling-Look-100x100.webp 100w, https:\/\/r36shandheld.store\/wp-content\/uploads\/2025\/01\/Glittery-R36s-Protective-Case-for-a-Sparkling-Look-800x800.webp 800w\" sizes=\"(max-width: 1001px) 100vw, 1001px\" \/><\/p>\n<p><img decoding=\"async\" class=\"alignnone size-full wp-image-7632\" title=\"Funda protectora de alta resistencia R36s para una m\u00e1xima protecci\u00f3n\" src=\"https:\/\/r36shandheld.store\/wp-content\/uploads\/2025\/01\/Heavy-Duty-R36s-Protective-Case-for-Maximum-Protection.webp\" alt=\"Funda protectora de alta resistencia R36s para una m\u00e1xima protecci\u00f3n\" width=\"1001\" height=\"1001\" srcset=\"https:\/\/r36shandheld.store\/wp-content\/uploads\/2025\/01\/Heavy-Duty-R36s-Protective-Case-for-Maximum-Protection.webp 1001w, https:\/\/r36shandheld.store\/wp-content\/uploads\/2025\/01\/Heavy-Duty-R36s-Protective-Case-for-Maximum-Protection-300x300.webp 300w, https:\/\/r36shandheld.store\/wp-content\/uploads\/2025\/01\/Heavy-Duty-R36s-Protective-Case-for-Maximum-Protection-150x150.webp 150w, https:\/\/r36shandheld.store\/wp-content\/uploads\/2025\/01\/Heavy-Duty-R36s-Protective-Case-for-Maximum-Protection-768x768.webp 768w, https:\/\/r36shandheld.store\/wp-content\/uploads\/2025\/01\/Heavy-Duty-R36s-Protective-Case-for-Maximum-Protection-990x990.webp 990w, https:\/\/r36shandheld.store\/wp-content\/uploads\/2025\/01\/Heavy-Duty-R36s-Protective-Case-for-Maximum-Protection-441x441.webp 441w, https:\/\/r36shandheld.store\/wp-content\/uploads\/2025\/01\/Heavy-Duty-R36s-Protective-Case-for-Maximum-Protection-100x100.webp 100w, https:\/\/r36shandheld.store\/wp-content\/uploads\/2025\/01\/Heavy-Duty-R36s-Protective-Case-for-Maximum-Protection-800x800.webp 800w\" sizes=\"(max-width: 1001px) 100vw, 1001px\" \/><\/p>\n<p><img loading=\"lazy\" decoding=\"async\" class=\"alignnone size-full wp-image-7633\" title=\"Funda protectora R36s con acabado mate para un aspecto cl\u00e1sico\" src=\"https:\/\/r36shandheld.store\/wp-content\/uploads\/2025\/01\/Matte-Finish-R36s-Protective-Case-for-a-Classic-Look.webp\" alt=\"Funda protectora R36s con acabado mate para un aspecto cl\u00e1sico\" width=\"1001\" height=\"1001\" srcset=\"https:\/\/r36shandheld.store\/wp-content\/uploads\/2025\/01\/Matte-Finish-R36s-Protective-Case-for-a-Classic-Look.webp 1001w, https:\/\/r36shandheld.store\/wp-content\/uploads\/2025\/01\/Matte-Finish-R36s-Protective-Case-for-a-Classic-Look-300x300.webp 300w, https:\/\/r36shandheld.store\/wp-content\/uploads\/2025\/01\/Matte-Finish-R36s-Protective-Case-for-a-Classic-Look-150x150.webp 150w, https:\/\/r36shandheld.store\/wp-content\/uploads\/2025\/01\/Matte-Finish-R36s-Protective-Case-for-a-Classic-Look-768x768.webp 768w, https:\/\/r36shandheld.store\/wp-content\/uploads\/2025\/01\/Matte-Finish-R36s-Protective-Case-for-a-Classic-Look-990x990.webp 990w, https:\/\/r36shandheld.store\/wp-content\/uploads\/2025\/01\/Matte-Finish-R36s-Protective-Case-for-a-Classic-Look-441x441.webp 441w, https:\/\/r36shandheld.store\/wp-content\/uploads\/2025\/01\/Matte-Finish-R36s-Protective-Case-for-a-Classic-Look-100x100.webp 100w, https:\/\/r36shandheld.store\/wp-content\/uploads\/2025\/01\/Matte-Finish-R36s-Protective-Case-for-a-Classic-Look-800x800.webp 800w\" sizes=\"(max-width: 1001px) 100vw, 1001px\" \/><\/p>\n<p><img loading=\"lazy\" decoding=\"async\" class=\"alignnone size-full wp-image-7634\" title=\"Funda protectora Night Out R36s para una velada con estilo\" src=\"https:\/\/r36shandheld.store\/wp-content\/uploads\/2025\/01\/Night-Out-R36s-Protective-Case-for-a-Stylish-Evening.webp\" alt=\"Funda protectora Night Out R36s para una velada con estilo\" width=\"1001\" height=\"1001\" srcset=\"https:\/\/r36shandheld.store\/wp-content\/uploads\/2025\/01\/Night-Out-R36s-Protective-Case-for-a-Stylish-Evening.webp 1001w, https:\/\/r36shandheld.store\/wp-content\/uploads\/2025\/01\/Night-Out-R36s-Protective-Case-for-a-Stylish-Evening-300x300.webp 300w, https:\/\/r36shandheld.store\/wp-content\/uploads\/2025\/01\/Night-Out-R36s-Protective-Case-for-a-Stylish-Evening-150x150.webp 150w, https:\/\/r36shandheld.store\/wp-content\/uploads\/2025\/01\/Night-Out-R36s-Protective-Case-for-a-Stylish-Evening-768x768.webp 768w, https:\/\/r36shandheld.store\/wp-content\/uploads\/2025\/01\/Night-Out-R36s-Protective-Case-for-a-Stylish-Evening-990x990.webp 990w, https:\/\/r36shandheld.store\/wp-content\/uploads\/2025\/01\/Night-Out-R36s-Protective-Case-for-a-Stylish-Evening-441x441.webp 441w, https:\/\/r36shandheld.store\/wp-content\/uploads\/2025\/01\/Night-Out-R36s-Protective-Case-for-a-Stylish-Evening-100x100.webp 100w, https:\/\/r36shandheld.store\/wp-content\/uploads\/2025\/01\/Night-Out-R36s-Protective-Case-for-a-Stylish-Evening-800x800.webp 800w\" sizes=\"(max-width: 1001px) 100vw, 1001px\" \/><\/p>\n<p><img loading=\"lazy\" decoding=\"async\" class=\"alignnone size-full wp-image-7635\" title=\"Funda protectora Outdoor R36s para entusiastas de la aventura\" src=\"https:\/\/r36shandheld.store\/wp-content\/uploads\/2025\/01\/Outdoor-R36s-Protective-Case-for-Adventure-Enthusiasts.webp\" alt=\"Funda protectora Outdoor R36s para entusiastas de la aventura\" width=\"1001\" height=\"1001\" srcset=\"https:\/\/r36shandheld.store\/wp-content\/uploads\/2025\/01\/Outdoor-R36s-Protective-Case-for-Adventure-Enthusiasts.webp 1001w, https:\/\/r36shandheld.store\/wp-content\/uploads\/2025\/01\/Outdoor-R36s-Protective-Case-for-Adventure-Enthusiasts-300x300.webp 300w, https:\/\/r36shandheld.store\/wp-content\/uploads\/2025\/01\/Outdoor-R36s-Protective-Case-for-Adventure-Enthusiasts-150x150.webp 150w, https:\/\/r36shandheld.store\/wp-content\/uploads\/2025\/01\/Outdoor-R36s-Protective-Case-for-Adventure-Enthusiasts-768x768.webp 768w, https:\/\/r36shandheld.store\/wp-content\/uploads\/2025\/01\/Outdoor-R36s-Protective-Case-for-Adventure-Enthusiasts-990x990.webp 990w, https:\/\/r36shandheld.store\/wp-content\/uploads\/2025\/01\/Outdoor-R36s-Protective-Case-for-Adventure-Enthusiasts-441x441.webp 441w, https:\/\/r36shandheld.store\/wp-content\/uploads\/2025\/01\/Outdoor-R36s-Protective-Case-for-Adventure-Enthusiasts-100x100.webp 100w, https:\/\/r36shandheld.store\/wp-content\/uploads\/2025\/01\/Outdoor-R36s-Protective-Case-for-Adventure-Enthusiasts-800x800.webp 800w\" sizes=\"(max-width: 1001px) 100vw, 1001px\" \/><\/p>\n<p><img loading=\"lazy\" decoding=\"async\" class=\"alignnone size-full wp-image-7636\" title=\"Funda protectora Sports R36s para estilos de vida activos\" src=\"https:\/\/r36shandheld.store\/wp-content\/uploads\/2025\/01\/Sports-R36s-Protective-Case-for-Active-Lifestyles.webp\" alt=\"Funda protectora Sports R36s para estilos de vida activos\" width=\"1001\" height=\"1001\" srcset=\"https:\/\/r36shandheld.store\/wp-content\/uploads\/2025\/01\/Sports-R36s-Protective-Case-for-Active-Lifestyles.webp 1001w, https:\/\/r36shandheld.store\/wp-content\/uploads\/2025\/01\/Sports-R36s-Protective-Case-for-Active-Lifestyles-300x300.webp 300w, https:\/\/r36shandheld.store\/wp-content\/uploads\/2025\/01\/Sports-R36s-Protective-Case-for-Active-Lifestyles-150x150.webp 150w, https:\/\/r36shandheld.store\/wp-content\/uploads\/2025\/01\/Sports-R36s-Protective-Case-for-Active-Lifestyles-768x768.webp 768w, https:\/\/r36shandheld.store\/wp-content\/uploads\/2025\/01\/Sports-R36s-Protective-Case-for-Active-Lifestyles-990x990.webp 990w, https:\/\/r36shandheld.store\/wp-content\/uploads\/2025\/01\/Sports-R36s-Protective-Case-for-Active-Lifestyles-441x441.webp 441w, https:\/\/r36shandheld.store\/wp-content\/uploads\/2025\/01\/Sports-R36s-Protective-Case-for-Active-Lifestyles-100x100.webp 100w, https:\/\/r36shandheld.store\/wp-content\/uploads\/2025\/01\/Sports-R36s-Protective-Case-for-Active-Lifestyles-800x800.webp 800w\" sizes=\"(max-width: 1001px) 100vw, 1001px\" \/><\/p>\n<p><img loading=\"lazy\" decoding=\"async\" class=\"alignnone size-full wp-image-7637\" title=\"Funda protectora transparente R36s para presumir de dispositivo\" src=\"https:\/\/r36shandheld.store\/wp-content\/uploads\/2025\/01\/Transparent-R36s-Protective-Case-to-Show-off-Your-Device.webp\" alt=\"Funda protectora transparente R36s para presumir de dispositivo\" width=\"1001\" height=\"1001\" srcset=\"https:\/\/r36shandheld.store\/wp-content\/uploads\/2025\/01\/Transparent-R36s-Protective-Case-to-Show-off-Your-Device.webp 1001w, https:\/\/r36shandheld.store\/wp-content\/uploads\/2025\/01\/Transparent-R36s-Protective-Case-to-Show-off-Your-Device-300x300.webp 300w, https:\/\/r36shandheld.store\/wp-content\/uploads\/2025\/01\/Transparent-R36s-Protective-Case-to-Show-off-Your-Device-150x150.webp 150w, https:\/\/r36shandheld.store\/wp-content\/uploads\/2025\/01\/Transparent-R36s-Protective-Case-to-Show-off-Your-Device-768x768.webp 768w, https:\/\/r36shandheld.store\/wp-content\/uploads\/2025\/01\/Transparent-R36s-Protective-Case-to-Show-off-Your-Device-990x990.webp 990w, https:\/\/r36shandheld.store\/wp-content\/uploads\/2025\/01\/Transparent-R36s-Protective-Case-to-Show-off-Your-Device-441x441.webp 441w, https:\/\/r36shandheld.store\/wp-content\/uploads\/2025\/01\/Transparent-R36s-Protective-Case-to-Show-off-Your-Device-100x100.webp 100w, https:\/\/r36shandheld.store\/wp-content\/uploads\/2025\/01\/Transparent-R36s-Protective-Case-to-Show-off-Your-Device-800x800.webp 800w\" sizes=\"(max-width: 1001px) 100vw, 1001px\" \/><\/p>\n<p><img loading=\"lazy\" decoding=\"async\" class=\"alignnone size-full wp-image-7638\" title=\"Funda protectora de viaje para el R36s\" src=\"https:\/\/r36shandheld.store\/wp-content\/uploads\/2025\/01\/Travel-Friendly-R36s-Protective-Case-for-On-the-Go-Protection.webp\" alt=\"Funda protectora de viaje para el R36s\" width=\"1001\" height=\"1001\" srcset=\"https:\/\/r36shandheld.store\/wp-content\/uploads\/2025\/01\/Travel-Friendly-R36s-Protective-Case-for-On-the-Go-Protection.webp 1001w, https:\/\/r36shandheld.store\/wp-content\/uploads\/2025\/01\/Travel-Friendly-R36s-Protective-Case-for-On-the-Go-Protection-300x300.webp 300w, https:\/\/r36shandheld.store\/wp-content\/uploads\/2025\/01\/Travel-Friendly-R36s-Protective-Case-for-On-the-Go-Protection-150x150.webp 150w, https:\/\/r36shandheld.store\/wp-content\/uploads\/2025\/01\/Travel-Friendly-R36s-Protective-Case-for-On-the-Go-Protection-768x768.webp 768w, https:\/\/r36shandheld.store\/wp-content\/uploads\/2025\/01\/Travel-Friendly-R36s-Protective-Case-for-On-the-Go-Protection-990x990.webp 990w, https:\/\/r36shandheld.store\/wp-content\/uploads\/2025\/01\/Travel-Friendly-R36s-Protective-Case-for-On-the-Go-Protection-441x441.webp 441w, https:\/\/r36shandheld.store\/wp-content\/uploads\/2025\/01\/Travel-Friendly-R36s-Protective-Case-for-On-the-Go-Protection-100x100.webp 100w, https:\/\/r36shandheld.store\/wp-content\/uploads\/2025\/01\/Travel-Friendly-R36s-Protective-Case-for-On-the-Go-Protection-800x800.webp 800w\" sizes=\"(max-width: 1001px) 100vw, 1001px\" \/><\/p>\n<p><img loading=\"lazy\" decoding=\"async\" class=\"alignnone size-full wp-image-7639\" title=\"Funda protectora Work R36s para uso profesional\" src=\"https:\/\/r36shandheld.store\/wp-content\/uploads\/2025\/01\/Work-R36s-Protective-Case-for-Professional-Use.webp\" alt=\"Funda protectora Work R36s para uso profesional\" width=\"1001\" height=\"1001\" srcset=\"https:\/\/r36shandheld.store\/wp-content\/uploads\/2025\/01\/Work-R36s-Protective-Case-for-Professional-Use.webp 1001w, https:\/\/r36shandheld.store\/wp-content\/uploads\/2025\/01\/Work-R36s-Protective-Case-for-Professional-Use-300x300.webp 300w, https:\/\/r36shandheld.store\/wp-content\/uploads\/2025\/01\/Work-R36s-Protective-Case-for-Professional-Use-150x150.webp 150w, https:\/\/r36shandheld.store\/wp-content\/uploads\/2025\/01\/Work-R36s-Protective-Case-for-Professional-Use-768x768.webp 768w, https:\/\/r36shandheld.store\/wp-content\/uploads\/2025\/01\/Work-R36s-Protective-Case-for-Professional-Use-990x990.webp 990w, https:\/\/r36shandheld.store\/wp-content\/uploads\/2025\/01\/Work-R36s-Protective-Case-for-Professional-Use-441x441.webp 441w, https:\/\/r36shandheld.store\/wp-content\/uploads\/2025\/01\/Work-R36s-Protective-Case-for-Professional-Use-100x100.webp 100w, https:\/\/r36shandheld.store\/wp-content\/uploads\/2025\/01\/Work-R36s-Protective-Case-for-Professional-Use-800x800.webp 800w\" sizes=\"(max-width: 1001px) 100vw, 1001px\" \/><\/p>\n<p><strong>Funda protectora TPU R36S\/R35S - Protecci\u00f3n antigolpes impresa en 3D para consolas de juegos<\/strong><\/p>\n<p>Proteja su <strong>R36S<\/strong> o <strong>R35S<\/strong> consola de juegos con el <strong>Funda protectora de TPU<\/strong>-Dise\u00f1ado para ofrecer una protecci\u00f3n superior y un dise\u00f1o elegante. Fabricado con materiales <strong>TPU (poliuretano termopl\u00e1stico)<\/strong> material, este caso proporciona una <strong>a prueba de golpes<\/strong>, <strong>antigoteo<\/strong> para proteger el dispositivo de da\u00f1os durante las sesiones de juego intensas.<\/p>\n<p><strong>Caracter\u00edsticas principales<\/strong>:<\/p>\n<ul>\n<li><strong>Protecci\u00f3n antichoque avanzada<\/strong>: La <strong>Dise\u00f1o impreso en 3D<\/strong> garantiza un ajuste perfecto, ofreciendo la m\u00e1xima protecci\u00f3n contra ca\u00eddas, golpes y ara\u00f1azos para tu <strong>R36S<\/strong> o <strong>R35S<\/strong> consola de juegos.<\/li>\n<li><strong>Material de TPU duradero<\/strong>: Fabricado con materiales de alta calidad <strong>TPU<\/strong>Esta funda, conocida por su flexibilidad y resistencia, est\u00e1 dise\u00f1ada para absorber los golpes y proteger el panel trasero y el marco de posibles da\u00f1os.<\/li>\n<li><strong>Dise\u00f1o elegante y transparente<\/strong>: Disponible en <strong>Blanco transparente<\/strong> y <strong>Negro<\/strong> colores, conserva el aspecto original de su consola de juegos a la vez que proporciona una protecci\u00f3n fiable.<\/li>\n<li><strong>Ajuste perfecto<\/strong>: La ingenier\u00eda de precisi\u00f3n garantiza una f\u00e1cil instalaci\u00f3n, ajust\u00e1ndose perfectamente a su <strong>R36S\/R35S<\/strong> consola para un uso fluido sin a\u00f1adir volumen.<\/li>\n<li><strong>Mayor durabilidad<\/strong>: La resistencia a los golpes de la funda la convierte en la opci\u00f3n ideal para los jugadores que valoran tanto <strong>estilo<\/strong> y <strong>protecci\u00f3n<\/strong> en un solo accesorio.<\/li>\n<\/ul>\n<p><strong>Especificaciones<\/strong>:<\/p>\n<ul>\n<li><strong>Material<\/strong>: TPU de alta calidad<\/li>\n<li><strong>Opciones de color<\/strong>: Blanco transparente, Negro<\/li>\n<li><strong>Compatibilidad<\/strong>: Para <strong>R36S<\/strong> y <strong>R35S<\/strong> Consolas de videojuegos<\/li>\n<li><strong>Proceso<\/strong>: Tecnolog\u00eda de impresi\u00f3n 3D<\/li>\n<li><strong>Incluye<\/strong>: 1 x <strong>Funda protectora de TPU<\/strong><\/li>\n<\/ul>\n<p><strong>\u00bfPor qu\u00e9 elegir este caso?<\/strong><\/p>\n<ul>\n<li>Ofertas <strong>protecci\u00f3n superior<\/strong> sin renunciar al estilo.<\/li>\n<li><strong>A prueba de golpes<\/strong> y <strong>resistente a los impactos<\/strong> mantienen tu consola segura en cualquier entorno de juego.<\/li>\n<li><strong>Ligero y duradero<\/strong> El material TPU garantiza una protecci\u00f3n duradera, mientras que el <strong>Proceso de impresi\u00f3n 3D<\/strong> garantiza un ajuste perfecto.<\/li>\n<\/ul>\n<p>&nbsp;<\/p>","protected":false},"excerpt":{"rendered":"<p>Eleva tu experiencia de juego con la funda protectora TPU R36S, la combinaci\u00f3n perfecta de protecci\u00f3n, funcionalidad y dise\u00f1o elegante. Mant\u00e9n tu consola en las mejores condiciones y juega sin preocupaciones.<\/p>","protected":false},"featured_media":7625,"comment_status":"open","ping_status":"closed","template":"","meta":[],"product_brand":[],"product_cat":[54],"product_tag":[],"class_list":{"0":"post-7619","1":"product","2":"type-product","3":"status-publish","4":"has-post-thumbnail","6":"product_cat-r36s-accessories","8":"first","9":"instock","10":"shipping-taxable","11":"purchasable","12":"product-type-variable"},"jetpack_sharing_enabled":true,"jetpack-related-posts":[],"_links":{"self":[{"href":"https:\/\/r36shandheld.store\/es\/wp-json\/wp\/v2\/product\/7619","targetHints":{"allow":["GET"]}}],"collection":[{"href":"https:\/\/r36shandheld.store\/es\/wp-json\/wp\/v2\/product"}],"about":[{"href":"https:\/\/r36shandheld.store\/es\/wp-json\/wp\/v2\/types\/product"}],"replies":[{"embeddable":true,"href":"https:\/\/r36shandheld.store\/es\/wp-json\/wp\/v2\/comments?post=7619"}],"wp:featuredmedia":[{"embeddable":true,"href":"https:\/\/r36shandheld.store\/es\/wp-json\/wp\/v2\/media\/7625"}],"wp:attachment":[{"href":"https:\/\/r36shandheld.store\/es\/wp-json\/wp\/v2\/media?parent=7619"}],"wp:term":[{"taxonomy":"product_brand","embeddable":true,"href":"https:\/\/r36shandheld.store\/es\/wp-json\/wp\/v2\/product_brand?post=7619"},{"taxonomy":"product_cat","embeddable":true,"href":"https:\/\/r36shandheld.store\/es\/wp-json\/wp\/v2\/product_cat?post=7619"},{"taxonomy":"product_tag","embeddable":true,"href":"https:\/\/r36shandheld.store\/es\/wp-json\/wp\/v2\/product_tag?post=7619"}],"curies":[{"name":"wp","href":"https:\/\/api.w.org\/{rel}","templated":true}]}}