{"id":7588,"date":"2025-01-20T01:17:22","date_gmt":"2025-01-19T17:17:22","guid":{"rendered":"https:\/\/r36shandheld.store\/?post_type=product&#038;p=7588"},"modified":"2025-01-29T19:50:19","modified_gmt":"2025-01-29T11:50:19","slug":"r36s-silicone-case","status":"publish","type":"product","link":"https:\/\/r36shandheld.store\/es\/p\/r36s-silicone-case\/","title":{"rendered":"R36s Funda de silicona"},"content":{"rendered":"<div style=\"width: 540px;\" class=\"wp-video\"><video class=\"wp-video-shortcode\" id=\"video-7588-1\" width=\"540\" height=\"540\" preload=\"metadata\" controls=\"controls\"><source type=\"video\/mp4\" src=\"https:\/\/r36shandheld.store\/wp-content\/uploads\/2025\/01\/R36sSiliconeCase.mp4?_=1\" \/><a href=\"https:\/\/r36shandheld.store\/wp-content\/uploads\/2025\/01\/R36sSiliconeCase.mp4\">https:\/\/r36shandheld.store\/wp-content\/uploads\/2025\/01\/R36sSiliconeCase.mp4<\/a><\/video><\/div>\n<p><img fetchpriority=\"high\" decoding=\"async\" class=\"alignnone size-full wp-image-7603\" title=\"Funda de silicona r36s de marca de un fabricante de confianza\" src=\"https:\/\/r36shandheld.store\/wp-content\/uploads\/2025\/01\/Branded-r36s-silicone-case-from-a-trusted-manufacturer.webp\" alt=\"Funda de silicona r36s de marca de un fabricante de confianza\" width=\"1000\" height=\"1000\" srcset=\"https:\/\/r36shandheld.store\/wp-content\/uploads\/2025\/01\/Branded-r36s-silicone-case-from-a-trusted-manufacturer.webp 1000w, https:\/\/r36shandheld.store\/wp-content\/uploads\/2025\/01\/Branded-r36s-silicone-case-from-a-trusted-manufacturer-300x300.webp 300w, https:\/\/r36shandheld.store\/wp-content\/uploads\/2025\/01\/Branded-r36s-silicone-case-from-a-trusted-manufacturer-150x150.webp 150w, https:\/\/r36shandheld.store\/wp-content\/uploads\/2025\/01\/Branded-r36s-silicone-case-from-a-trusted-manufacturer-768x768.webp 768w, https:\/\/r36shandheld.store\/wp-content\/uploads\/2025\/01\/Branded-r36s-silicone-case-from-a-trusted-manufacturer-990x990.webp 990w, https:\/\/r36shandheld.store\/wp-content\/uploads\/2025\/01\/Branded-r36s-silicone-case-from-a-trusted-manufacturer-441x441.webp 441w, https:\/\/r36shandheld.store\/wp-content\/uploads\/2025\/01\/Branded-r36s-silicone-case-from-a-trusted-manufacturer-100x100.webp 100w, https:\/\/r36shandheld.store\/wp-content\/uploads\/2025\/01\/Branded-r36s-silicone-case-from-a-trusted-manufacturer-800x800.webp 800w\" sizes=\"(max-width: 1000px) 100vw, 1000px\" \/> <img decoding=\"async\" class=\"alignnone size-full wp-image-7604\" title=\"Funda de silicona r36s econ\u00f3mica para una compra asequible\" src=\"https:\/\/r36shandheld.store\/wp-content\/uploads\/2025\/01\/Budget-friendly-r36s-silicone-case-for-affordable-buying.webp\" alt=\"Funda de silicona r36s econ\u00f3mica para una compra asequible\" width=\"1000\" height=\"1000\" srcset=\"https:\/\/r36shandheld.store\/wp-content\/uploads\/2025\/01\/Budget-friendly-r36s-silicone-case-for-affordable-buying.webp 1000w, https:\/\/r36shandheld.store\/wp-content\/uploads\/2025\/01\/Budget-friendly-r36s-silicone-case-for-affordable-buying-300x300.webp 300w, https:\/\/r36shandheld.store\/wp-content\/uploads\/2025\/01\/Budget-friendly-r36s-silicone-case-for-affordable-buying-150x150.webp 150w, https:\/\/r36shandheld.store\/wp-content\/uploads\/2025\/01\/Budget-friendly-r36s-silicone-case-for-affordable-buying-768x768.webp 768w, https:\/\/r36shandheld.store\/wp-content\/uploads\/2025\/01\/Budget-friendly-r36s-silicone-case-for-affordable-buying-990x990.webp 990w, https:\/\/r36shandheld.store\/wp-content\/uploads\/2025\/01\/Budget-friendly-r36s-silicone-case-for-affordable-buying-441x441.webp 441w, https:\/\/r36shandheld.store\/wp-content\/uploads\/2025\/01\/Budget-friendly-r36s-silicone-case-for-affordable-buying-100x100.webp 100w, https:\/\/r36shandheld.store\/wp-content\/uploads\/2025\/01\/Budget-friendly-r36s-silicone-case-for-affordable-buying-800x800.webp 800w\" sizes=\"(max-width: 1000px) 100vw, 1000px\" \/> <img decoding=\"async\" class=\"alignnone size-full wp-image-7605\" title=\"Funda de silicona r36s f\u00e1cil de limpiar para un mantenimiento sin complicaciones\" src=\"https:\/\/r36shandheld.store\/wp-content\/uploads\/2025\/01\/Easy-to-clean-r36s-silicone-case-for-hassle-free-maintenance.webp\" alt=\"Funda de silicona r36s f\u00e1cil de limpiar para un mantenimiento sin complicaciones\" width=\"1000\" height=\"1000\" srcset=\"https:\/\/r36shandheld.store\/wp-content\/uploads\/2025\/01\/Easy-to-clean-r36s-silicone-case-for-hassle-free-maintenance.webp 1000w, https:\/\/r36shandheld.store\/wp-content\/uploads\/2025\/01\/Easy-to-clean-r36s-silicone-case-for-hassle-free-maintenance-300x300.webp 300w, https:\/\/r36shandheld.store\/wp-content\/uploads\/2025\/01\/Easy-to-clean-r36s-silicone-case-for-hassle-free-maintenance-150x150.webp 150w, https:\/\/r36shandheld.store\/wp-content\/uploads\/2025\/01\/Easy-to-clean-r36s-silicone-case-for-hassle-free-maintenance-768x768.webp 768w, https:\/\/r36shandheld.store\/wp-content\/uploads\/2025\/01\/Easy-to-clean-r36s-silicone-case-for-hassle-free-maintenance-990x990.webp 990w, https:\/\/r36shandheld.store\/wp-content\/uploads\/2025\/01\/Easy-to-clean-r36s-silicone-case-for-hassle-free-maintenance-441x441.webp 441w, https:\/\/r36shandheld.store\/wp-content\/uploads\/2025\/01\/Easy-to-clean-r36s-silicone-case-for-hassle-free-maintenance-100x100.webp 100w, https:\/\/r36shandheld.store\/wp-content\/uploads\/2025\/01\/Easy-to-clean-r36s-silicone-case-for-hassle-free-maintenance-800x800.webp 800w\" sizes=\"(max-width: 1000px) 100vw, 1000px\" \/> <img loading=\"lazy\" decoding=\"async\" class=\"alignnone size-full wp-image-7606\" title=\"Funda de silicona r36s que brilla en la oscuridad para un atractivo \u00fanico\" src=\"https:\/\/r36shandheld.store\/wp-content\/uploads\/2025\/01\/Glow-in-the-dark-r36s-silicone-case-for-unique-appeal.webp\" alt=\"Funda de silicona r36s que brilla en la oscuridad para un atractivo \u00fanico\" width=\"1000\" height=\"1000\" srcset=\"https:\/\/r36shandheld.store\/wp-content\/uploads\/2025\/01\/Glow-in-the-dark-r36s-silicone-case-for-unique-appeal.webp 1000w, https:\/\/r36shandheld.store\/wp-content\/uploads\/2025\/01\/Glow-in-the-dark-r36s-silicone-case-for-unique-appeal-300x300.webp 300w, https:\/\/r36shandheld.store\/wp-content\/uploads\/2025\/01\/Glow-in-the-dark-r36s-silicone-case-for-unique-appeal-150x150.webp 150w, https:\/\/r36shandheld.store\/wp-content\/uploads\/2025\/01\/Glow-in-the-dark-r36s-silicone-case-for-unique-appeal-768x768.webp 768w, https:\/\/r36shandheld.store\/wp-content\/uploads\/2025\/01\/Glow-in-the-dark-r36s-silicone-case-for-unique-appeal-990x990.webp 990w, https:\/\/r36shandheld.store\/wp-content\/uploads\/2025\/01\/Glow-in-the-dark-r36s-silicone-case-for-unique-appeal-441x441.webp 441w, https:\/\/r36shandheld.store\/wp-content\/uploads\/2025\/01\/Glow-in-the-dark-r36s-silicone-case-for-unique-appeal-100x100.webp 100w, https:\/\/r36shandheld.store\/wp-content\/uploads\/2025\/01\/Glow-in-the-dark-r36s-silicone-case-for-unique-appeal-800x800.webp 800w\" sizes=\"(max-width: 1000px) 100vw, 1000px\" \/> <img loading=\"lazy\" decoding=\"async\" class=\"alignnone size-full wp-image-7607\" title=\"Funda de silicona r36s ligera para transportarla c\u00f3modamente\" src=\"https:\/\/r36shandheld.store\/wp-content\/uploads\/2025\/01\/Lightweight-r36s-silicone-case-for-convenient-carrying.webp\" alt=\"Funda de silicona r36s ligera para transportarla c\u00f3modamente\" width=\"1000\" height=\"1000\" srcset=\"https:\/\/r36shandheld.store\/wp-content\/uploads\/2025\/01\/Lightweight-r36s-silicone-case-for-convenient-carrying.webp 1000w, https:\/\/r36shandheld.store\/wp-content\/uploads\/2025\/01\/Lightweight-r36s-silicone-case-for-convenient-carrying-300x300.webp 300w, https:\/\/r36shandheld.store\/wp-content\/uploads\/2025\/01\/Lightweight-r36s-silicone-case-for-convenient-carrying-150x150.webp 150w, https:\/\/r36shandheld.store\/wp-content\/uploads\/2025\/01\/Lightweight-r36s-silicone-case-for-convenient-carrying-768x768.webp 768w, https:\/\/r36shandheld.store\/wp-content\/uploads\/2025\/01\/Lightweight-r36s-silicone-case-for-convenient-carrying-990x990.webp 990w, https:\/\/r36shandheld.store\/wp-content\/uploads\/2025\/01\/Lightweight-r36s-silicone-case-for-convenient-carrying-441x441.webp 441w, https:\/\/r36shandheld.store\/wp-content\/uploads\/2025\/01\/Lightweight-r36s-silicone-case-for-convenient-carrying-100x100.webp 100w, https:\/\/r36shandheld.store\/wp-content\/uploads\/2025\/01\/Lightweight-r36s-silicone-case-for-convenient-carrying-800x800.webp 800w\" sizes=\"(max-width: 1000px) 100vw, 1000px\" \/> <img loading=\"lazy\" decoding=\"async\" class=\"alignnone size-full wp-image-7608\" title=\"Funda magn\u00e9tica r36s de silicona con cierre magn\u00e9tico\" src=\"https:\/\/r36shandheld.store\/wp-content\/uploads\/2025\/01\/Magnetic-r36s-silicone-case-with-magnetic-closure.webp\" alt=\"Funda magn\u00e9tica r36s de silicona con cierre magn\u00e9tico\" width=\"1000\" height=\"1000\" srcset=\"https:\/\/r36shandheld.store\/wp-content\/uploads\/2025\/01\/Magnetic-r36s-silicone-case-with-magnetic-closure.webp 1000w, https:\/\/r36shandheld.store\/wp-content\/uploads\/2025\/01\/Magnetic-r36s-silicone-case-with-magnetic-closure-300x300.webp 300w, https:\/\/r36shandheld.store\/wp-content\/uploads\/2025\/01\/Magnetic-r36s-silicone-case-with-magnetic-closure-150x150.webp 150w, https:\/\/r36shandheld.store\/wp-content\/uploads\/2025\/01\/Magnetic-r36s-silicone-case-with-magnetic-closure-768x768.webp 768w, https:\/\/r36shandheld.store\/wp-content\/uploads\/2025\/01\/Magnetic-r36s-silicone-case-with-magnetic-closure-990x990.webp 990w, https:\/\/r36shandheld.store\/wp-content\/uploads\/2025\/01\/Magnetic-r36s-silicone-case-with-magnetic-closure-441x441.webp 441w, https:\/\/r36shandheld.store\/wp-content\/uploads\/2025\/01\/Magnetic-r36s-silicone-case-with-magnetic-closure-100x100.webp 100w, https:\/\/r36shandheld.store\/wp-content\/uploads\/2025\/01\/Magnetic-r36s-silicone-case-with-magnetic-closure-800x800.webp 800w\" sizes=\"(max-width: 1000px) 100vw, 1000px\" \/> <img loading=\"lazy\" decoding=\"async\" class=\"alignnone size-full wp-image-7609\" title=\"R36s funda de silicona para la compra de entrega r\u00e1pida\" src=\"https:\/\/r36shandheld.store\/wp-content\/uploads\/2025\/01\/R36s-silicone-case-for-quick-delivery-purchase.webp\" alt=\"R36s funda de silicona para la compra de entrega r\u00e1pida\" width=\"1000\" height=\"1000\" srcset=\"https:\/\/r36shandheld.store\/wp-content\/uploads\/2025\/01\/R36s-silicone-case-for-quick-delivery-purchase.webp 1000w, https:\/\/r36shandheld.store\/wp-content\/uploads\/2025\/01\/R36s-silicone-case-for-quick-delivery-purchase-300x300.webp 300w, https:\/\/r36shandheld.store\/wp-content\/uploads\/2025\/01\/R36s-silicone-case-for-quick-delivery-purchase-150x150.webp 150w, https:\/\/r36shandheld.store\/wp-content\/uploads\/2025\/01\/R36s-silicone-case-for-quick-delivery-purchase-768x768.webp 768w, https:\/\/r36shandheld.store\/wp-content\/uploads\/2025\/01\/R36s-silicone-case-for-quick-delivery-purchase-990x990.webp 990w, https:\/\/r36shandheld.store\/wp-content\/uploads\/2025\/01\/R36s-silicone-case-for-quick-delivery-purchase-441x441.webp 441w, https:\/\/r36shandheld.store\/wp-content\/uploads\/2025\/01\/R36s-silicone-case-for-quick-delivery-purchase-100x100.webp 100w, https:\/\/r36shandheld.store\/wp-content\/uploads\/2025\/01\/R36s-silicone-case-for-quick-delivery-purchase-800x800.webp 800w\" sizes=\"(max-width: 1000px) 100vw, 1000px\" \/> <img loading=\"lazy\" decoding=\"async\" class=\"alignnone size-full wp-image-7610\" title=\"Funda de silicona R36s con dise\u00f1os de edici\u00f3n limitada\" src=\"https:\/\/r36shandheld.store\/wp-content\/uploads\/2025\/01\/R36s-silicone-case-in-limited-edition-designs.webp\" alt=\"Funda de silicona R36s con dise\u00f1os de edici\u00f3n limitada\" width=\"1200\" height=\"1200\" srcset=\"https:\/\/r36shandheld.store\/wp-content\/uploads\/2025\/01\/R36s-silicone-case-in-limited-edition-designs.webp 1200w, https:\/\/r36shandheld.store\/wp-content\/uploads\/2025\/01\/R36s-silicone-case-in-limited-edition-designs-300x300.webp 300w, https:\/\/r36shandheld.store\/wp-content\/uploads\/2025\/01\/R36s-silicone-case-in-limited-edition-designs-1024x1024.webp 1024w, https:\/\/r36shandheld.store\/wp-content\/uploads\/2025\/01\/R36s-silicone-case-in-limited-edition-designs-150x150.webp 150w, https:\/\/r36shandheld.store\/wp-content\/uploads\/2025\/01\/R36s-silicone-case-in-limited-edition-designs-768x768.webp 768w, https:\/\/r36shandheld.store\/wp-content\/uploads\/2025\/01\/R36s-silicone-case-in-limited-edition-designs-990x990.webp 990w, https:\/\/r36shandheld.store\/wp-content\/uploads\/2025\/01\/R36s-silicone-case-in-limited-edition-designs-441x441.webp 441w, https:\/\/r36shandheld.store\/wp-content\/uploads\/2025\/01\/R36s-silicone-case-in-limited-edition-designs-100x100.webp 100w, https:\/\/r36shandheld.store\/wp-content\/uploads\/2025\/01\/R36s-silicone-case-in-limited-edition-designs-800x800.webp 800w\" sizes=\"(max-width: 1200px) 100vw, 1200px\" \/> <img loading=\"lazy\" decoding=\"async\" class=\"alignnone size-full wp-image-7611\" title=\"Funda de silicona R36s con pie de apoyo integrado para tener las manos libres\" src=\"https:\/\/r36shandheld.store\/wp-content\/uploads\/2025\/01\/R36s-silicone-case-with-built-in-kickstand-for-hands-free-viewing.webp\" alt=\"Funda de silicona R36s con pie de apoyo integrado para tener las manos libres\" width=\"1000\" height=\"1000\" srcset=\"https:\/\/r36shandheld.store\/wp-content\/uploads\/2025\/01\/R36s-silicone-case-with-built-in-kickstand-for-hands-free-viewing.webp 1000w, https:\/\/r36shandheld.store\/wp-content\/uploads\/2025\/01\/R36s-silicone-case-with-built-in-kickstand-for-hands-free-viewing-300x300.webp 300w, https:\/\/r36shandheld.store\/wp-content\/uploads\/2025\/01\/R36s-silicone-case-with-built-in-kickstand-for-hands-free-viewing-150x150.webp 150w, https:\/\/r36shandheld.store\/wp-content\/uploads\/2025\/01\/R36s-silicone-case-with-built-in-kickstand-for-hands-free-viewing-768x768.webp 768w, https:\/\/r36shandheld.store\/wp-content\/uploads\/2025\/01\/R36s-silicone-case-with-built-in-kickstand-for-hands-free-viewing-990x990.webp 990w, https:\/\/r36shandheld.store\/wp-content\/uploads\/2025\/01\/R36s-silicone-case-with-built-in-kickstand-for-hands-free-viewing-441x441.webp 441w, https:\/\/r36shandheld.store\/wp-content\/uploads\/2025\/01\/R36s-silicone-case-with-built-in-kickstand-for-hands-free-viewing-100x100.webp 100w, https:\/\/r36shandheld.store\/wp-content\/uploads\/2025\/01\/R36s-silicone-case-with-built-in-kickstand-for-hands-free-viewing-800x800.webp 800w\" sizes=\"(max-width: 1000px) 100vw, 1000px\" \/> <img loading=\"lazy\" decoding=\"async\" class=\"alignnone size-full wp-image-7612\" title=\"Funda de silicona r36s resistente a los ara\u00f1azos para una belleza duradera\" src=\"https:\/\/r36shandheld.store\/wp-content\/uploads\/2025\/01\/Scratch-resistant-r36s-silicone-case-for-long-lasting-beauty.webp\" alt=\"Funda de silicona r36s resistente a los ara\u00f1azos para una belleza duradera\" width=\"1000\" height=\"1000\" srcset=\"https:\/\/r36shandheld.store\/wp-content\/uploads\/2025\/01\/Scratch-resistant-r36s-silicone-case-for-long-lasting-beauty.webp 1000w, https:\/\/r36shandheld.store\/wp-content\/uploads\/2025\/01\/Scratch-resistant-r36s-silicone-case-for-long-lasting-beauty-300x300.webp 300w, https:\/\/r36shandheld.store\/wp-content\/uploads\/2025\/01\/Scratch-resistant-r36s-silicone-case-for-long-lasting-beauty-150x150.webp 150w, https:\/\/r36shandheld.store\/wp-content\/uploads\/2025\/01\/Scratch-resistant-r36s-silicone-case-for-long-lasting-beauty-768x768.webp 768w, https:\/\/r36shandheld.store\/wp-content\/uploads\/2025\/01\/Scratch-resistant-r36s-silicone-case-for-long-lasting-beauty-990x990.webp 990w, https:\/\/r36shandheld.store\/wp-content\/uploads\/2025\/01\/Scratch-resistant-r36s-silicone-case-for-long-lasting-beauty-441x441.webp 441w, https:\/\/r36shandheld.store\/wp-content\/uploads\/2025\/01\/Scratch-resistant-r36s-silicone-case-for-long-lasting-beauty-100x100.webp 100w, https:\/\/r36shandheld.store\/wp-content\/uploads\/2025\/01\/Scratch-resistant-r36s-silicone-case-for-long-lasting-beauty-800x800.webp 800w\" sizes=\"(max-width: 1000px) 100vw, 1000px\" \/> <img loading=\"lazy\" decoding=\"async\" class=\"alignnone size-full wp-image-7613\" title=\"Shockproof r36s funda de silicona para la protecci\u00f3n del dispositivo de venta\" src=\"https:\/\/r36shandheld.store\/wp-content\/uploads\/2025\/01\/Shockproof-r36s-silicone-case-for-device-protection-sale.webp\" alt=\"Shockproof r36s funda de silicona para la protecci\u00f3n del dispositivo de venta\" width=\"1000\" height=\"1000\" srcset=\"https:\/\/r36shandheld.store\/wp-content\/uploads\/2025\/01\/Shockproof-r36s-silicone-case-for-device-protection-sale.webp 1000w, https:\/\/r36shandheld.store\/wp-content\/uploads\/2025\/01\/Shockproof-r36s-silicone-case-for-device-protection-sale-300x300.webp 300w, https:\/\/r36shandheld.store\/wp-content\/uploads\/2025\/01\/Shockproof-r36s-silicone-case-for-device-protection-sale-150x150.webp 150w, https:\/\/r36shandheld.store\/wp-content\/uploads\/2025\/01\/Shockproof-r36s-silicone-case-for-device-protection-sale-768x768.webp 768w, https:\/\/r36shandheld.store\/wp-content\/uploads\/2025\/01\/Shockproof-r36s-silicone-case-for-device-protection-sale-990x990.webp 990w, https:\/\/r36shandheld.store\/wp-content\/uploads\/2025\/01\/Shockproof-r36s-silicone-case-for-device-protection-sale-441x441.webp 441w, https:\/\/r36shandheld.store\/wp-content\/uploads\/2025\/01\/Shockproof-r36s-silicone-case-for-device-protection-sale-100x100.webp 100w, https:\/\/r36shandheld.store\/wp-content\/uploads\/2025\/01\/Shockproof-r36s-silicone-case-for-device-protection-sale-800x800.webp 800w\" sizes=\"(max-width: 1000px) 100vw, 1000px\" \/> <img loading=\"lazy\" decoding=\"async\" class=\"alignnone size-full wp-image-7614\" title=\"Funda de silicona slim fit r36s para un aspecto elegante a la venta color negro\" src=\"https:\/\/r36shandheld.store\/wp-content\/uploads\/2025\/01\/Slim-fit-r36s-silicone-case-for-a-sleek-look-on-sale-black-color.webp\" alt=\"Funda de silicona slim fit r36s para un aspecto elegante a la venta color negro\" width=\"1000\" height=\"1000\" srcset=\"https:\/\/r36shandheld.store\/wp-content\/uploads\/2025\/01\/Slim-fit-r36s-silicone-case-for-a-sleek-look-on-sale-black-color.webp 1000w, https:\/\/r36shandheld.store\/wp-content\/uploads\/2025\/01\/Slim-fit-r36s-silicone-case-for-a-sleek-look-on-sale-black-color-300x300.webp 300w, https:\/\/r36shandheld.store\/wp-content\/uploads\/2025\/01\/Slim-fit-r36s-silicone-case-for-a-sleek-look-on-sale-black-color-150x150.webp 150w, https:\/\/r36shandheld.store\/wp-content\/uploads\/2025\/01\/Slim-fit-r36s-silicone-case-for-a-sleek-look-on-sale-black-color-768x768.webp 768w, https:\/\/r36shandheld.store\/wp-content\/uploads\/2025\/01\/Slim-fit-r36s-silicone-case-for-a-sleek-look-on-sale-black-color-990x990.webp 990w, https:\/\/r36shandheld.store\/wp-content\/uploads\/2025\/01\/Slim-fit-r36s-silicone-case-for-a-sleek-look-on-sale-black-color-441x441.webp 441w, https:\/\/r36shandheld.store\/wp-content\/uploads\/2025\/01\/Slim-fit-r36s-silicone-case-for-a-sleek-look-on-sale-black-color-100x100.webp 100w, https:\/\/r36shandheld.store\/wp-content\/uploads\/2025\/01\/Slim-fit-r36s-silicone-case-for-a-sleek-look-on-sale-black-color-800x800.webp 800w\" sizes=\"(max-width: 1000px) 100vw, 1000px\" \/> <img loading=\"lazy\" decoding=\"async\" class=\"alignnone size-full wp-image-7615\" title=\"Funda de silicona impermeable r36s para mayor protecci\u00f3n\" src=\"https:\/\/r36shandheld.store\/wp-content\/uploads\/2025\/01\/Waterproof-r36s-silicone-case-for-added-protection.webp\" alt=\"Funda de silicona impermeable r36s para mayor protecci\u00f3n\" width=\"1000\" height=\"1000\" srcset=\"https:\/\/r36shandheld.store\/wp-content\/uploads\/2025\/01\/Waterproof-r36s-silicone-case-for-added-protection.webp 1000w, https:\/\/r36shandheld.store\/wp-content\/uploads\/2025\/01\/Waterproof-r36s-silicone-case-for-added-protection-300x300.webp 300w, https:\/\/r36shandheld.store\/wp-content\/uploads\/2025\/01\/Waterproof-r36s-silicone-case-for-added-protection-150x150.webp 150w, https:\/\/r36shandheld.store\/wp-content\/uploads\/2025\/01\/Waterproof-r36s-silicone-case-for-added-protection-768x768.webp 768w, https:\/\/r36shandheld.store\/wp-content\/uploads\/2025\/01\/Waterproof-r36s-silicone-case-for-added-protection-990x990.webp 990w, https:\/\/r36shandheld.store\/wp-content\/uploads\/2025\/01\/Waterproof-r36s-silicone-case-for-added-protection-441x441.webp 441w, https:\/\/r36shandheld.store\/wp-content\/uploads\/2025\/01\/Waterproof-r36s-silicone-case-for-added-protection-100x100.webp 100w, https:\/\/r36shandheld.store\/wp-content\/uploads\/2025\/01\/Waterproof-r36s-silicone-case-for-added-protection-800x800.webp 800w\" sizes=\"(max-width: 1000px) 100vw, 1000px\" \/><\/p>\n<div class=\"flex-shrink-0 flex flex-col relative items-end\">\n<div>\n<div class=\"pt-0\">\n<div class=\"gizmo-shadow-stroke flex h-8 w-8 items-center justify-center overflow-hidden rounded-full\">\n<div class=\"h-full w-full\">\n<div class=\"gizmo-shadow-stroke overflow-hidden rounded-full\"><strong>R36s Funda protectora de silicona para consola de juegos - M\u00e1xima absorci\u00f3n de impactos y durabilidad<\/strong><\/div>\n<\/div>\n<\/div>\n<\/div>\n<\/div>\n<\/div>\n<div class=\"group\/conversation-turn relative flex w-full min-w-0 flex-col agent-turn\">\n<div class=\"flex-col gap-1 md:gap-3\">\n<div class=\"flex max-w-full flex-col flex-grow\">\n<div class=\"min-h-8 text-message flex w-full flex-col items-end gap-2 whitespace-normal break-words text-start [.text-message+&amp;]:mt-5\" dir=\"auto\" data-message-author-role=\"assistant\" data-message-id=\"7ba51679-963a-4217-b536-4ee13b027716\" data-message-model-slug=\"gpt-4o\">\n<div class=\"flex w-full flex-col gap-1 empty:hidden first:pt-[3px]\">\n<div class=\"markdown prose w-full break-words dark:prose-invert light\">\n<p>Mejora tu experiencia de juego con el <strong>R36s Funda de silicona<\/strong>Dise\u00f1ada para ofrecer la m\u00e1xima protecci\u00f3n a tu consola de juegos. Fabricada en silicona de primera calidad, esta funda protectora garantiza <strong>amortiguaci\u00f3n superior<\/strong>salvaguardar su <strong><a href=\"https:\/\/r36shandheld.store\/es\/\">R36S<\/a><\/strong> de ca\u00eddas y golpes accidentales. Fabricada para durar, esta funda ayuda a mantener el aspecto elegante de la consola a la vez que mejora su <strong>durabilidad<\/strong>.<\/p>\n<p><strong>Caracter\u00edsticas principales:<\/strong><\/p>\n<ul>\n<li><strong>Protecci\u00f3n reforzada<\/strong>: Proporciona una s\u00f3lida defensa contra ca\u00eddas, impactos y ara\u00f1azos, ofreciendo tranquilidad durante el juego o los viajes.<\/li>\n<li><strong>Resistente a ara\u00f1azos y polvo<\/strong>: Mantiene su consola R36S con un aspecto impecable, incluso despu\u00e9s de un uso prolongado, con su <strong>resistente a los ara\u00f1azos<\/strong> y <strong>antipolvo<\/strong> dise\u00f1o.<\/li>\n<li><strong>Agarre perfecto<\/strong>: Ligera pero flexible, esta funda presenta una superficie texturizada para una <strong>c\u00f3modo agarre<\/strong>El sistema de protecci\u00f3n antideslizante reduce el riesgo de deslizamiento durante las sesiones de juego intensas.<\/li>\n<li><strong>F\u00e1cil instalaci\u00f3n<\/strong>: Dise\u00f1ado para un montaje y desmontaje r\u00e1pido y sin complicaciones, por lo que es ideal para los jugadores que necesitan <strong>accesibilidad y comodidad<\/strong>.<\/li>\n<li><strong>Uso vers\u00e1til<\/strong>: Ya sea en casa, de viaje o en un entorno de juego competitivo, esta funda garantiza <strong>protecci\u00f3n fiable<\/strong> y <strong>confort<\/strong> en todo momento.<\/li>\n<\/ul>\n<p><strong>Especificaciones<\/strong>:<\/p>\n<ul>\n<li><strong>Material<\/strong>: Silicona de alta calidad<\/li>\n<li><strong>Talla<\/strong>: 13,4 x 8,7 x 2,9 cm (5,28 x 3,43 x 1,14 pulg.)<\/li>\n<li><strong>Longitud del cord\u00f3n<\/strong>: 20,2 cm (7,95 in)<\/li>\n<li><strong>Opciones de color<\/strong>: Disponible en 3 vivos colores<\/li>\n<li><strong>Compatibilidad<\/strong>: Dise\u00f1ado espec\u00edficamente para el <strong>R36S<\/strong> consola de juegos<\/li>\n<\/ul>\n<p><strong>El paquete incluye<\/strong>:<\/p>\n<ul>\n<li>1 funda de silicona<\/li>\n<\/ul>\n<p>A <strong>mezcla perfecta de funcionalidad<\/strong> y <strong>estilo<\/strong>El <strong>R36s Funda de silicona<\/strong> es un complemento esencial para cualquier jugador.<\/p>\n<\/div>\n<\/div>\n<\/div>\n<\/div>\n<\/div>\n<\/div>","protected":false},"excerpt":{"rendered":"<p>Proteja su consola de juegos R36S con este accesorio imprescindible y disfrute de los juegos sin preocuparse de da\u00f1ar su dispositivo.<\/p>","protected":false},"featured_media":7604,"comment_status":"open","ping_status":"closed","template":"","meta":[],"product_brand":[],"product_cat":[54],"product_tag":[],"class_list":{"0":"post-7588","1":"product","2":"type-product","3":"status-publish","4":"has-post-thumbnail","6":"product_cat-r36s-accessories","8":"first","9":"instock","10":"shipping-taxable","11":"purchasable","12":"product-type-variable"},"jetpack_sharing_enabled":true,"jetpack-related-posts":[],"_links":{"self":[{"href":"https:\/\/r36shandheld.store\/es\/wp-json\/wp\/v2\/product\/7588","targetHints":{"allow":["GET"]}}],"collection":[{"href":"https:\/\/r36shandheld.store\/es\/wp-json\/wp\/v2\/product"}],"about":[{"href":"https:\/\/r36shandheld.store\/es\/wp-json\/wp\/v2\/types\/product"}],"replies":[{"embeddable":true,"href":"https:\/\/r36shandheld.store\/es\/wp-json\/wp\/v2\/comments?post=7588"}],"wp:featuredmedia":[{"embeddable":true,"href":"https:\/\/r36shandheld.store\/es\/wp-json\/wp\/v2\/media\/7604"}],"wp:attachment":[{"href":"https:\/\/r36shandheld.store\/es\/wp-json\/wp\/v2\/media?parent=7588"}],"wp:term":[{"taxonomy":"product_brand","embeddable":true,"href":"https:\/\/r36shandheld.store\/es\/wp-json\/wp\/v2\/product_brand?post=7588"},{"taxonomy":"product_cat","embeddable":true,"href":"https:\/\/r36shandheld.store\/es\/wp-json\/wp\/v2\/product_cat?post=7588"},{"taxonomy":"product_tag","embeddable":true,"href":"https:\/\/r36shandheld.store\/es\/wp-json\/wp\/v2\/product_tag?post=7588"}],"curies":[{"name":"wp","href":"https:\/\/api.w.org\/{rel}","templated":true}]}}