{"id":7552,"date":"2025-01-20T01:16:42","date_gmt":"2025-01-19T17:16:42","guid":{"rendered":"https:\/\/r36shandheld.store\/?post_type=product&#038;p=7552"},"modified":"2025-01-20T22:54:05","modified_gmt":"2025-01-20T14:54:05","slug":"r36s-handheld-grip-gmae-console-grips","status":"publish","type":"product","link":"https:\/\/r36shandheld.store\/es\/p\/r36s-handheld-grip-gmae-console-grips\/","title":{"rendered":"Empu\u00f1adura R36s | Empu\u00f1aduras para consola Gmae"},"content":{"rendered":"<p><img fetchpriority=\"high\" decoding=\"async\" class=\"alignnone size-full wp-image-7565\" title=\"R36S Empu\u00f1adura para consola de juegos retro\" src=\"https:\/\/r36shandheld.store\/wp-content\/uploads\/2025\/01\/R36S-Retro-Gaming-Console-Grip.webp\" alt=\"R36S Empu\u00f1adura para consola de juegos retro\" width=\"2000\" height=\"2000\" srcset=\"https:\/\/r36shandheld.store\/wp-content\/uploads\/2025\/01\/R36S-Retro-Gaming-Console-Grip.webp 2000w, https:\/\/r36shandheld.store\/wp-content\/uploads\/2025\/01\/R36S-Retro-Gaming-Console-Grip-300x300.webp 300w, https:\/\/r36shandheld.store\/wp-content\/uploads\/2025\/01\/R36S-Retro-Gaming-Console-Grip-1024x1024.webp 1024w, https:\/\/r36shandheld.store\/wp-content\/uploads\/2025\/01\/R36S-Retro-Gaming-Console-Grip-150x150.webp 150w, https:\/\/r36shandheld.store\/wp-content\/uploads\/2025\/01\/R36S-Retro-Gaming-Console-Grip-768x768.webp 768w, https:\/\/r36shandheld.store\/wp-content\/uploads\/2025\/01\/R36S-Retro-Gaming-Console-Grip-1536x1536.webp 1536w, https:\/\/r36shandheld.store\/wp-content\/uploads\/2025\/01\/R36S-Retro-Gaming-Console-Grip-990x990.webp 990w, https:\/\/r36shandheld.store\/wp-content\/uploads\/2025\/01\/R36S-Retro-Gaming-Console-Grip-441x441.webp 441w, https:\/\/r36shandheld.store\/wp-content\/uploads\/2025\/01\/R36S-Retro-Gaming-Console-Grip-100x100.webp 100w, https:\/\/r36shandheld.store\/wp-content\/uploads\/2025\/01\/R36S-Retro-Gaming-Console-Grip-800x800.webp 800w\" sizes=\"(max-width: 2000px) 100vw, 2000px\" \/><\/p>\n<h2>Empu\u00f1adura R36S - Accesorio ergon\u00f3mico impreso en 3D para mayor comodidad y control<\/h2>\n<p><strong>Mejore su experiencia de juego<\/strong><br \/>\nEn <strong>Empu\u00f1adura R36S<\/strong> es el accesorio definitivo para los jugadores m\u00e1s exigentes que quieran mejorar su experiencia con la consola port\u00e1til. Este <strong>empu\u00f1adura ergon\u00f3mica<\/strong> est\u00e1 dise\u00f1ado para encajar a la perfecci\u00f3n con el <strong>Consola port\u00e1til de c\u00f3digo abierto R36S<\/strong>que le ofrece una comodidad y un control inigualables durante sus sesiones de juego m\u00e1s largas. Con un dise\u00f1o elegante y materiales de alta calidad, este agarre es tu compa\u00f1ero perfecto para una experiencia de juego envolvente.<\/p>\n<h2>Empu\u00f1adura R36s Caracter\u00edsticas<\/h2>\n<ul>\n<li><strong>Dise\u00f1o personalizable<\/strong> - Impreso en 3D para un aspecto \u00fanico y personalizado. Adapta la empu\u00f1adura a tu estilo.<\/li>\n<li><strong>Confort ergon\u00f3mico<\/strong> - Su dise\u00f1o aerodin\u00e1mico reduce la tensi\u00f3n en las manos y aumenta la comodidad durante horas de juego.<\/li>\n<li><strong>Construcci\u00f3n ligera<\/strong> - S\u00f3lo pesa <strong>70 gramos<\/strong>Esta empu\u00f1adura no a\u00f1ade pr\u00e1cticamente volumen, preservando la portabilidad de su consola R36S.<\/li>\n<li><strong>PLA ecol\u00f3gico<\/strong> - Hecho de <strong>material PLA sostenible y duradero<\/strong>es un complemento s\u00f3lido y respetuoso con el medio ambiente para tu equipo de juego.<\/li>\n<li><strong>F\u00e1cil instalaci\u00f3n<\/strong> - Simplemente col\u00f3quelo en su <strong>Consola R36S<\/strong> para una instalaci\u00f3n r\u00e1pida, sin herramientas y lista para la acci\u00f3n.<\/li>\n<\/ul>\n<p><strong>Dise\u00f1ado para la comodidad, fabricado para el rendimiento<\/strong><br \/>\nEl juego consiste en disfrutar, no en incomodar. En <strong>Empu\u00f1adura R36S<\/strong> presenta una <strong>ligero<\/strong> y duradera que equilibra la comodidad con el rendimiento. <strong>Dise\u00f1o ergon\u00f3mico<\/strong>Se adapta perfectamente a tus manos, minimizando la fatiga en las partidas m\u00e1s largas. Tanto si est\u00e1s corriendo, luchando o explorando vastos mundos, este agarre proporciona el m\u00e1ximo control, para que puedas centrarte en ganar.<\/p>\n<p><strong>Construido para durar<\/strong><br \/>\nOlv\u00eddate de las empu\u00f1aduras endebles que se rompen bajo presi\u00f3n. Esta empu\u00f1adura est\u00e1 hecha con <strong>Pl\u00e1stico PLA<\/strong>El cable de alimentaci\u00f3n de alta calidad garantiza una larga vida \u00fatil sin a\u00f1adir peso innecesario a la instalaci\u00f3n. <strong>Ecol\u00f3gico<\/strong> y resistente, es el agarre el que llega hasta el final.<\/p>\n<p><strong>Instalaci\u00f3n sencilla, juego fluido<\/strong><br \/>\nNada de instalaciones complicadas. En <strong>Empu\u00f1adura R36S<\/strong> se acopla a tu consola en segundos, para que tengas m\u00e1s tiempo para lo que importa: jugar. Su <strong>fijaci\u00f3n segura<\/strong> garantiza que se mantenga en su sitio durante el juego intenso, para que no tengas que preocuparte de que se deslice o se mueva.<\/p>\n<h2>\u00bfPor qu\u00e9 elegir la empu\u00f1adura R36S?<\/h2>\n<ul>\n<li><strong>Ajuste perfecto<\/strong> para la <strong>Consola port\u00e1til R36S<\/strong><\/li>\n<li><strong>Personalizable<\/strong> y elegante, dise\u00f1ado para jugadores que exigen personalizaci\u00f3n<\/li>\n<li><strong>Conciencia ecol\u00f3gica<\/strong> elecci\u00f3n de materiales que favorezcan la sostenibilidad<\/li>\n<li><strong>Instalaci\u00f3n sin esfuerzo<\/strong> y dise\u00f1o ergon\u00f3mico para aumentar la comodidad y el rendimiento de los juegos<\/li>\n<\/ul>\n<p><strong>Actualice su R36S hoy mismo<\/strong><br \/>\nNo se conforme con la incomodidad. Experimenta el juego como nunca con el <strong>Empu\u00f1adura R36S<\/strong>. Tanto si exploras nuevos t\u00edtulos como si revisitas viejos favoritos, esta empu\u00f1adura garantiza comodidad y precisi\u00f3n en cada momento de tu viaje de juego.<\/p>","protected":false},"excerpt":{"rendered":"<p>Actualice su consola R36S con la empu\u00f1adura ergon\u00f3mica y personalizable R36S Handheld Grip. Dise\u00f1ado para ofrecer comodidad, control y respeto por el medio ambiente, es el accesorio de juego perfecto.<\/p>","protected":false},"featured_media":7565,"comment_status":"open","ping_status":"closed","template":"","meta":[],"product_brand":[],"product_cat":[54],"product_tag":[],"class_list":{"0":"post-7552","1":"product","2":"type-product","3":"status-publish","4":"has-post-thumbnail","6":"product_cat-r36s-accessories","8":"first","9":"instock","10":"shipping-taxable","11":"purchasable","12":"product-type-variable"},"jetpack_sharing_enabled":true,"jetpack-related-posts":[],"_links":{"self":[{"href":"https:\/\/r36shandheld.store\/es\/wp-json\/wp\/v2\/product\/7552","targetHints":{"allow":["GET"]}}],"collection":[{"href":"https:\/\/r36shandheld.store\/es\/wp-json\/wp\/v2\/product"}],"about":[{"href":"https:\/\/r36shandheld.store\/es\/wp-json\/wp\/v2\/types\/product"}],"replies":[{"embeddable":true,"href":"https:\/\/r36shandheld.store\/es\/wp-json\/wp\/v2\/comments?post=7552"}],"wp:featuredmedia":[{"embeddable":true,"href":"https:\/\/r36shandheld.store\/es\/wp-json\/wp\/v2\/media\/7565"}],"wp:attachment":[{"href":"https:\/\/r36shandheld.store\/es\/wp-json\/wp\/v2\/media?parent=7552"}],"wp:term":[{"taxonomy":"product_brand","embeddable":true,"href":"https:\/\/r36shandheld.store\/es\/wp-json\/wp\/v2\/product_brand?post=7552"},{"taxonomy":"product_cat","embeddable":true,"href":"https:\/\/r36shandheld.store\/es\/wp-json\/wp\/v2\/product_cat?post=7552"},{"taxonomy":"product_tag","embeddable":true,"href":"https:\/\/r36shandheld.store\/es\/wp-json\/wp\/v2\/product_tag?post=7552"}],"curies":[{"name":"wp","href":"https:\/\/api.w.org\/{rel}","templated":true}]}}