{"id":7534,"date":"2025-01-20T01:17:08","date_gmt":"2025-01-19T17:17:08","guid":{"rendered":"https:\/\/r36shandheld.store\/?post_type=product&#038;p=7534"},"modified":"2025-01-29T18:35:33","modified_gmt":"2025-01-29T10:35:33","slug":"r36s-micro-sd-card-r36s-game-console-memory-card","status":"publish","type":"product","link":"https:\/\/r36shandheld.store\/es\/p\/r36s-micro-sd-card-r36s-game-console-memory-card\/","title":{"rendered":"R36s Tarjeta Micro Sd | R36s Consola de Juegos Tarjeta de Memoria"},"content":{"rendered":"<div style=\"width: 824px;\" class=\"wp-video\"><video class=\"wp-video-shortcode\" id=\"video-7534-1\" width=\"824\" height=\"1466\" preload=\"metadata\" controls=\"controls\"><source type=\"video\/mp4\" src=\"https:\/\/r36shandheld.store\/wp-content\/uploads\/2025\/01\/R36sMicroSdCardR36sGameConsoleMemoryCard.mp4?_=1\" \/><a href=\"https:\/\/r36shandheld.store\/wp-content\/uploads\/2025\/01\/R36sMicroSdCardR36sGameConsoleMemoryCard.mp4\">https:\/\/r36shandheld.store\/wp-content\/uploads\/2025\/01\/R36sMicroSdCardR36sGameConsoleMemoryCard.mp4<\/a><\/video><\/div>\n<p><img fetchpriority=\"high\" decoding=\"async\" class=\"alignnone size-full wp-image-7546\" title=\"r36s tarjetas sd compatibles\" src=\"https:\/\/r36shandheld.store\/wp-content\/uploads\/2025\/01\/r36s-compatible-sd-cards.webp\" alt=\"r36s tarjetas sd compatibles\" width=\"1000\" height=\"1000\" srcset=\"https:\/\/r36shandheld.store\/wp-content\/uploads\/2025\/01\/r36s-compatible-sd-cards.webp 1000w, https:\/\/r36shandheld.store\/wp-content\/uploads\/2025\/01\/r36s-compatible-sd-cards-300x300.webp 300w, https:\/\/r36shandheld.store\/wp-content\/uploads\/2025\/01\/r36s-compatible-sd-cards-150x150.webp 150w, https:\/\/r36shandheld.store\/wp-content\/uploads\/2025\/01\/r36s-compatible-sd-cards-768x768.webp 768w, https:\/\/r36shandheld.store\/wp-content\/uploads\/2025\/01\/r36s-compatible-sd-cards-990x990.webp 990w, https:\/\/r36shandheld.store\/wp-content\/uploads\/2025\/01\/r36s-compatible-sd-cards-441x441.webp 441w, https:\/\/r36shandheld.store\/wp-content\/uploads\/2025\/01\/r36s-compatible-sd-cards-100x100.webp 100w, https:\/\/r36shandheld.store\/wp-content\/uploads\/2025\/01\/r36s-compatible-sd-cards-800x800.webp 800w\" sizes=\"(max-width: 1000px) 100vw, 1000px\" \/><\/p>\n<p><img decoding=\"async\" class=\"alignnone size-full wp-image-7547\" title=\"r36s doble tarjeta sd\" src=\"https:\/\/r36shandheld.store\/wp-content\/uploads\/2025\/01\/r36s-dual-sd-card.webp\" alt=\"r36s doble tarjeta sd\" width=\"1000\" height=\"1000\" srcset=\"https:\/\/r36shandheld.store\/wp-content\/uploads\/2025\/01\/r36s-dual-sd-card.webp 1000w, https:\/\/r36shandheld.store\/wp-content\/uploads\/2025\/01\/r36s-dual-sd-card-300x300.webp 300w, https:\/\/r36shandheld.store\/wp-content\/uploads\/2025\/01\/r36s-dual-sd-card-150x150.webp 150w, https:\/\/r36shandheld.store\/wp-content\/uploads\/2025\/01\/r36s-dual-sd-card-768x768.webp 768w, https:\/\/r36shandheld.store\/wp-content\/uploads\/2025\/01\/r36s-dual-sd-card-990x990.webp 990w, https:\/\/r36shandheld.store\/wp-content\/uploads\/2025\/01\/r36s-dual-sd-card-441x441.webp 441w, https:\/\/r36shandheld.store\/wp-content\/uploads\/2025\/01\/r36s-dual-sd-card-100x100.webp 100w, https:\/\/r36shandheld.store\/wp-content\/uploads\/2025\/01\/r36s-dual-sd-card-800x800.webp 800w\" sizes=\"(max-width: 1000px) 100vw, 1000px\" \/><\/p>\n<p><img decoding=\"async\" class=\"alignnone size-full wp-image-7548\" title=\"r36s nueva tarjeta sd\" src=\"https:\/\/r36shandheld.store\/wp-content\/uploads\/2025\/01\/r36s-new-sd-card.webp\" alt=\"r36s nueva tarjeta sd\" width=\"1000\" height=\"500\" srcset=\"https:\/\/r36shandheld.store\/wp-content\/uploads\/2025\/01\/r36s-new-sd-card.webp 1000w, https:\/\/r36shandheld.store\/wp-content\/uploads\/2025\/01\/r36s-new-sd-card-300x150.webp 300w, https:\/\/r36shandheld.store\/wp-content\/uploads\/2025\/01\/r36s-new-sd-card-768x384.webp 768w, https:\/\/r36shandheld.store\/wp-content\/uploads\/2025\/01\/r36s-new-sd-card-990x495.webp 990w, https:\/\/r36shandheld.store\/wp-content\/uploads\/2025\/01\/r36s-new-sd-card-441x221.webp 441w, https:\/\/r36shandheld.store\/wp-content\/uploads\/2025\/01\/r36s-new-sd-card-800x400.webp 800w, https:\/\/r36shandheld.store\/wp-content\/uploads\/2025\/01\/r36s-new-sd-card-150x75.webp 150w\" sizes=\"(max-width: 1000px) 100vw, 1000px\" \/><\/p>\n<p><img loading=\"lazy\" decoding=\"async\" class=\"alignnone size-full wp-image-7549\" title=\"r36s reemplazar tarjeta sd\" src=\"https:\/\/r36shandheld.store\/wp-content\/uploads\/2025\/01\/r36s-replace-sd-card.webp\" alt=\"r36s reemplazar tarjeta sd\" width=\"1000\" height=\"1000\" srcset=\"https:\/\/r36shandheld.store\/wp-content\/uploads\/2025\/01\/r36s-replace-sd-card.webp 1000w, https:\/\/r36shandheld.store\/wp-content\/uploads\/2025\/01\/r36s-replace-sd-card-300x300.webp 300w, https:\/\/r36shandheld.store\/wp-content\/uploads\/2025\/01\/r36s-replace-sd-card-150x150.webp 150w, https:\/\/r36shandheld.store\/wp-content\/uploads\/2025\/01\/r36s-replace-sd-card-768x768.webp 768w, https:\/\/r36shandheld.store\/wp-content\/uploads\/2025\/01\/r36s-replace-sd-card-990x990.webp 990w, https:\/\/r36shandheld.store\/wp-content\/uploads\/2025\/01\/r36s-replace-sd-card-441x441.webp 441w, https:\/\/r36shandheld.store\/wp-content\/uploads\/2025\/01\/r36s-replace-sd-card-100x100.webp 100w, https:\/\/r36shandheld.store\/wp-content\/uploads\/2025\/01\/r36s-replace-sd-card-800x800.webp 800w\" sizes=\"(max-width: 1000px) 100vw, 1000px\" \/><\/p>\n<p><img loading=\"lazy\" decoding=\"async\" class=\"alignnone size-full wp-image-7550\" title=\"r36s tarjeta sd\" src=\"https:\/\/r36shandheld.store\/wp-content\/uploads\/2025\/01\/r36s-sd-card.webp\" alt=\"r36s tarjeta sd\" width=\"1000\" height=\"1000\" srcset=\"https:\/\/r36shandheld.store\/wp-content\/uploads\/2025\/01\/r36s-sd-card.webp 1000w, https:\/\/r36shandheld.store\/wp-content\/uploads\/2025\/01\/r36s-sd-card-300x300.webp 300w, https:\/\/r36shandheld.store\/wp-content\/uploads\/2025\/01\/r36s-sd-card-150x150.webp 150w, https:\/\/r36shandheld.store\/wp-content\/uploads\/2025\/01\/r36s-sd-card-768x768.webp 768w, https:\/\/r36shandheld.store\/wp-content\/uploads\/2025\/01\/r36s-sd-card-990x990.webp 990w, https:\/\/r36shandheld.store\/wp-content\/uploads\/2025\/01\/r36s-sd-card-441x441.webp 441w, https:\/\/r36shandheld.store\/wp-content\/uploads\/2025\/01\/r36s-sd-card-100x100.webp 100w, https:\/\/r36shandheld.store\/wp-content\/uploads\/2025\/01\/r36s-sd-card-800x800.webp 800w\" sizes=\"(max-width: 1000px) 100vw, 1000px\" \/><\/p>\n<p><img loading=\"lazy\" decoding=\"async\" class=\"alignnone size-full wp-image-7545\" title=\"r36s f\u00e1brica de tarjetas sd\" src=\"https:\/\/r36shandheld.store\/wp-content\/uploads\/2025\/01\/r36s-sd-card-factory.webp\" alt=\"r36s f\u00e1brica de tarjetas sd\" width=\"1000\" height=\"1000\" srcset=\"https:\/\/r36shandheld.store\/wp-content\/uploads\/2025\/01\/r36s-sd-card-factory.webp 1000w, https:\/\/r36shandheld.store\/wp-content\/uploads\/2025\/01\/r36s-sd-card-factory-300x300.webp 300w, https:\/\/r36shandheld.store\/wp-content\/uploads\/2025\/01\/r36s-sd-card-factory-150x150.webp 150w, https:\/\/r36shandheld.store\/wp-content\/uploads\/2025\/01\/r36s-sd-card-factory-768x768.webp 768w, https:\/\/r36shandheld.store\/wp-content\/uploads\/2025\/01\/r36s-sd-card-factory-990x990.webp 990w, https:\/\/r36shandheld.store\/wp-content\/uploads\/2025\/01\/r36s-sd-card-factory-441x441.webp 441w, https:\/\/r36shandheld.store\/wp-content\/uploads\/2025\/01\/r36s-sd-card-factory-100x100.webp 100w, https:\/\/r36shandheld.store\/wp-content\/uploads\/2025\/01\/r36s-sd-card-factory-800x800.webp 800w\" sizes=\"(max-width: 1000px) 100vw, 1000px\" \/><\/p>\n<h2>R36s Micro SD Card - Juegos retro preinstalados para consolas port\u00e1tiles<\/h2>\n<p><em>Perfecto para los entusiastas de los juegos retro | Rendimiento de alta velocidad | Plug &amp; Play<\/em><\/p>\n<p>Mejora tu experiencia de juego con el <strong><a href=\"https:\/\/r36shandheld.store\/es\/\">R36s Port\u00e1til<\/a> Tarjeta Micro SD<\/strong>-tu soluci\u00f3n todo en uno para jugar a juegos retro sobre la marcha. Preinstalada con miles de juegos cl\u00e1sicos, esta tarjeta de alta velocidad es el complemento definitivo para su <strong>PSP<\/strong>, <strong>PS1<\/strong>o <strong><a href=\"https:\/\/r36shandheld.store\/es\/\">R36S <\/a>Consola<\/strong>. Juega al instante con <strong>Plug &amp; Play<\/strong> y disfrute de la fiabilidad de un producto con certificaci\u00f3n CE, FCC y ROHS.<\/p>\n<h2>R36s Tarjeta Micro Sd Caracter\u00edsticas:<\/h2>\n<p>\u2714 <strong>Gran biblioteca de juegos<\/strong><br \/>\nElija entre m\u00e1s de <strong>60.000 juegos<\/strong> con el <strong>Tarjeta de 256 GB<\/strong> o <strong>30.000 juegos<\/strong> en el <strong>Tarjeta de 128 GB<\/strong>. Nuestras tarjetas de juego vienen precargadas con los t\u00edtulos retro m\u00e1s populares para su placer de juego, cubriendo una variedad de emuladores.<\/p>\n<p>\u2714 <strong>Compatibilidad Plug &amp; Play<\/strong><br \/>\nNo necesita instalaci\u00f3n: basta con insertar la tarjeta en la consola y empezar a jugar. Es compatible con varios sistemas de juegos retro, como PSP, PS1 y muchos m\u00e1s.<\/p>\n<p>\u2714 <strong>Transmisi\u00f3n de alta velocidad<\/strong><br \/>\nDisfrute de velocidades de transferencia de datos ultrarr\u00e1pidas, que garantizan un juego fluido y sin interrupciones. Nuestras tarjetas han sido sometidas a rigurosas pruebas para ofrecer un rendimiento \u00f3ptimo.<\/p>\n<p>\u2714 <strong>Calidad de confianza<\/strong><br \/>\nEst\u00e1 certificado con <strong>CE<\/strong>, <strong>FCC<\/strong>y <strong>ROHS<\/strong> para garantizar la seguridad y la conformidad. Cada tarjeta de juego pasa por tres fases de inspecci\u00f3n: inspecci\u00f3n en f\u00e1brica, inspecci\u00f3n de copia de datos H5 y prueba final en consola, lo que garantiza una calidad superior.<\/p>\n<p>\u2714 <strong>Cartas de juego personalizadas<\/strong><br \/>\n\u00bfTienes en mente un juego favorito o un emulador espec\u00edfico? P\u00f3ngase en contacto con nuestro servicio de atenci\u00f3n al cliente para obtener opciones de tarjetas de juego personalizadas. Ofrecemos personalizaci\u00f3n de tarjetas de juego para consolas port\u00e1tiles de c\u00f3digo abierto, basadas en Android y Windows.<\/p>\n<p>\u2714 <strong>Atenci\u00f3n al cliente 24 horas al d\u00eda, 7 d\u00edas a la semana<\/strong><br \/>\nEstamos a su disposici\u00f3n Nuestro equipo de profesionales est\u00e1 disponible las 24 horas del d\u00eda para ayudarle. Tanto si necesita ayuda para la configuraci\u00f3n como para la resoluci\u00f3n de problemas, solo tiene que enviarnos un mensaje.<\/p>\n<p><strong>Pruebas y entrega de productos<\/strong><br \/>\nNos tomamos la calidad muy en serio. Cada tarjeta de juego se prueba con la misma m\u00e1quina que la del comprador para garantizar la compatibilidad. Nuestro equipo tambi\u00e9n le proporcionar\u00e1 los resultados detallados de las pruebas y el n\u00famero de pedido de env\u00edo para que pueda realizar un seguimiento de su compra en todo momento. Espere <strong>Entrega en 24 horas<\/strong> despu\u00e9s de una prueba satisfactoria, su tarjeta se embalar\u00e1 de forma segura y se enviar\u00e1 r\u00e1pidamente.<\/p>\n<h2>\u00bfPor qu\u00e9 elegirnos?<\/h2>\n<p>\u2714 <strong>Tienda oficial<\/strong><br \/>\nSomos un vendedor verificado y de confianza. Disfruta de la tranquilidad de comprar en una tienda oficial con un <strong>100% \u00edndice de respuesta del servicio de atenci\u00f3n al cliente<\/strong>.<\/p>\n<p>\u2714 <strong>R\u00e1pido y fiable<\/strong><br \/>\nCon <strong>Entrega en 24 horas<\/strong> y un equipo de atenci\u00f3n al cliente especializado, garantizamos una experiencia de compra perfecta.<\/p>\n<p>\u2714 <strong>Personalizaci\u00f3n disponible<\/strong><br \/>\n\u00bfBusca una tarjeta de juego personalizada o una colecci\u00f3n de juegos a medida? \u00a1H\u00e1ganoslo saber! Ofrecemos soluciones a medida para varias videoconsolas port\u00e1tiles.<\/p>","protected":false},"excerpt":{"rendered":"<p>Elija la tarjeta Micro SD R36s para disfrutar de una experiencia de juego inigualable y acceder al instante a un mundo de cl\u00e1sicos retro. P\u00eddela hoy mismo y lleva tus juegos port\u00e1tiles al siguiente nivel.<\/p>","protected":false},"featured_media":7542,"comment_status":"open","ping_status":"closed","template":"","meta":[],"product_brand":[],"product_cat":[54],"product_tag":[],"class_list":{"0":"post-7534","1":"product","2":"type-product","3":"status-publish","4":"has-post-thumbnail","6":"product_cat-r36s-accessories","8":"first","9":"instock","10":"shipping-taxable","11":"purchasable","12":"product-type-variable"},"jetpack_sharing_enabled":true,"jetpack-related-posts":[],"_links":{"self":[{"href":"https:\/\/r36shandheld.store\/es\/wp-json\/wp\/v2\/product\/7534","targetHints":{"allow":["GET"]}}],"collection":[{"href":"https:\/\/r36shandheld.store\/es\/wp-json\/wp\/v2\/product"}],"about":[{"href":"https:\/\/r36shandheld.store\/es\/wp-json\/wp\/v2\/types\/product"}],"replies":[{"embeddable":true,"href":"https:\/\/r36shandheld.store\/es\/wp-json\/wp\/v2\/comments?post=7534"}],"wp:featuredmedia":[{"embeddable":true,"href":"https:\/\/r36shandheld.store\/es\/wp-json\/wp\/v2\/media\/7542"}],"wp:attachment":[{"href":"https:\/\/r36shandheld.store\/es\/wp-json\/wp\/v2\/media?parent=7534"}],"wp:term":[{"taxonomy":"product_brand","embeddable":true,"href":"https:\/\/r36shandheld.store\/es\/wp-json\/wp\/v2\/product_brand?post=7534"},{"taxonomy":"product_cat","embeddable":true,"href":"https:\/\/r36shandheld.store\/es\/wp-json\/wp\/v2\/product_cat?post=7534"},{"taxonomy":"product_tag","embeddable":true,"href":"https:\/\/r36shandheld.store\/es\/wp-json\/wp\/v2\/product_tag?post=7534"}],"curies":[{"name":"wp","href":"https:\/\/api.w.org\/{rel}","templated":true}]}}