{"id":7516,"date":"2025-01-20T01:17:42","date_gmt":"2025-01-19T17:17:42","guid":{"rendered":"https:\/\/r36shandheld.store\/?post_type=product&#038;p=7516"},"modified":"2025-01-29T18:40:13","modified_gmt":"2025-01-29T10:40:13","slug":"r36s-playstation-replacement-buttons-4pcs-plastic-set-for-optimized-back-button-accessories","status":"publish","type":"product","link":"https:\/\/r36shandheld.store\/es\/p\/r36s-playstation-replacement-buttons-4pcs-plastic-set-for-optimized-back-button-accessories\/","title":{"rendered":"R36s Playstation Botones de Repuesto | 4PCS Juego de Pl\u00e1stico para Bot\u00f3n Trasero Optimizado Accesorios"},"content":{"rendered":"<p><img fetchpriority=\"high\" decoding=\"async\" class=\"alignnone size-full wp-image-7524\" title=\"Asequible R36s Playstation Botones de reemplazo en l\u00ednea.jpeg\" src=\"https:\/\/r36shandheld.store\/wp-content\/uploads\/2025\/01\/Affordable-R36s-Playstation-Replacement-Buttons-online.jpeg.webp\" alt=\"Asequible R36s Playstation Botones de reemplazo en l\u00ednea.jpeg\" width=\"1001\" height=\"1001\" srcset=\"https:\/\/r36shandheld.store\/wp-content\/uploads\/2025\/01\/Affordable-R36s-Playstation-Replacement-Buttons-online.jpeg.webp 1001w, https:\/\/r36shandheld.store\/wp-content\/uploads\/2025\/01\/Affordable-R36s-Playstation-Replacement-Buttons-online.jpeg-300x300.webp 300w, https:\/\/r36shandheld.store\/wp-content\/uploads\/2025\/01\/Affordable-R36s-Playstation-Replacement-Buttons-online.jpeg-150x150.webp 150w, https:\/\/r36shandheld.store\/wp-content\/uploads\/2025\/01\/Affordable-R36s-Playstation-Replacement-Buttons-online.jpeg-768x768.webp 768w, https:\/\/r36shandheld.store\/wp-content\/uploads\/2025\/01\/Affordable-R36s-Playstation-Replacement-Buttons-online.jpeg-990x990.webp 990w, https:\/\/r36shandheld.store\/wp-content\/uploads\/2025\/01\/Affordable-R36s-Playstation-Replacement-Buttons-online.jpeg-441x441.webp 441w, https:\/\/r36shandheld.store\/wp-content\/uploads\/2025\/01\/Affordable-R36s-Playstation-Replacement-Buttons-online.jpeg-100x100.webp 100w, https:\/\/r36shandheld.store\/wp-content\/uploads\/2025\/01\/Affordable-R36s-Playstation-Replacement-Buttons-online.jpeg-800x800.webp 800w\" sizes=\"(max-width: 1001px) 100vw, 1001px\" \/><\/p>\n<p><img decoding=\"async\" class=\"alignnone size-full wp-image-7525\" title=\"Mejor R36s Playstation Botones de repuesto para gamers.jpeg\" src=\"https:\/\/r36shandheld.store\/wp-content\/uploads\/2025\/01\/Best-R36s-Playstation-Replacement-Buttons-for-gamers.jpeg.webp\" alt=\"Mejor R36s Playstation Botones de repuesto para gamers.jpeg\" width=\"1001\" height=\"1001\" srcset=\"https:\/\/r36shandheld.store\/wp-content\/uploads\/2025\/01\/Best-R36s-Playstation-Replacement-Buttons-for-gamers.jpeg.webp 1001w, https:\/\/r36shandheld.store\/wp-content\/uploads\/2025\/01\/Best-R36s-Playstation-Replacement-Buttons-for-gamers.jpeg-300x300.webp 300w, https:\/\/r36shandheld.store\/wp-content\/uploads\/2025\/01\/Best-R36s-Playstation-Replacement-Buttons-for-gamers.jpeg-150x150.webp 150w, https:\/\/r36shandheld.store\/wp-content\/uploads\/2025\/01\/Best-R36s-Playstation-Replacement-Buttons-for-gamers.jpeg-768x768.webp 768w, https:\/\/r36shandheld.store\/wp-content\/uploads\/2025\/01\/Best-R36s-Playstation-Replacement-Buttons-for-gamers.jpeg-990x990.webp 990w, https:\/\/r36shandheld.store\/wp-content\/uploads\/2025\/01\/Best-R36s-Playstation-Replacement-Buttons-for-gamers.jpeg-441x441.webp 441w, https:\/\/r36shandheld.store\/wp-content\/uploads\/2025\/01\/Best-R36s-Playstation-Replacement-Buttons-for-gamers.jpeg-100x100.webp 100w, https:\/\/r36shandheld.store\/wp-content\/uploads\/2025\/01\/Best-R36s-Playstation-Replacement-Buttons-for-gamers.jpeg-800x800.webp 800w\" sizes=\"(max-width: 1001px) 100vw, 1001px\" \/><\/p>\n<p><img decoding=\"async\" class=\"alignnone size-full wp-image-7526\" title=\"Durable R36s Playstation Botones de repuesto para la reparaci\u00f3n de la consola.jpeg\" src=\"https:\/\/r36shandheld.store\/wp-content\/uploads\/2025\/01\/Durable-R36s-Playstation-Replacement-Buttons-for-console-repair.jpeg.webp\" alt=\"Durable R36s Playstation Botones de repuesto para la reparaci\u00f3n de la consola.jpeg\" width=\"1001\" height=\"1001\" srcset=\"https:\/\/r36shandheld.store\/wp-content\/uploads\/2025\/01\/Durable-R36s-Playstation-Replacement-Buttons-for-console-repair.jpeg.webp 1001w, https:\/\/r36shandheld.store\/wp-content\/uploads\/2025\/01\/Durable-R36s-Playstation-Replacement-Buttons-for-console-repair.jpeg-300x300.webp 300w, https:\/\/r36shandheld.store\/wp-content\/uploads\/2025\/01\/Durable-R36s-Playstation-Replacement-Buttons-for-console-repair.jpeg-150x150.webp 150w, https:\/\/r36shandheld.store\/wp-content\/uploads\/2025\/01\/Durable-R36s-Playstation-Replacement-Buttons-for-console-repair.jpeg-768x768.webp 768w, https:\/\/r36shandheld.store\/wp-content\/uploads\/2025\/01\/Durable-R36s-Playstation-Replacement-Buttons-for-console-repair.jpeg-990x990.webp 990w, https:\/\/r36shandheld.store\/wp-content\/uploads\/2025\/01\/Durable-R36s-Playstation-Replacement-Buttons-for-console-repair.jpeg-441x441.webp 441w, https:\/\/r36shandheld.store\/wp-content\/uploads\/2025\/01\/Durable-R36s-Playstation-Replacement-Buttons-for-console-repair.jpeg-100x100.webp 100w, https:\/\/r36shandheld.store\/wp-content\/uploads\/2025\/01\/Durable-R36s-Playstation-Replacement-Buttons-for-console-repair.jpeg-800x800.webp 800w\" sizes=\"(max-width: 1001px) 100vw, 1001px\" \/><\/p>\n<p><img loading=\"lazy\" decoding=\"async\" class=\"alignnone size-full wp-image-7527\" title=\"Alta calidad R36s Playstation Botones de repuesto.jpeg\" src=\"https:\/\/r36shandheld.store\/wp-content\/uploads\/2025\/01\/High-quality-R36s-Playstation-Replacement-Buttons.jpeg.webp\" alt=\"Alta calidad R36s Playstation Botones de repuesto.jpeg\" width=\"1001\" height=\"1001\" srcset=\"https:\/\/r36shandheld.store\/wp-content\/uploads\/2025\/01\/High-quality-R36s-Playstation-Replacement-Buttons.jpeg.webp 1001w, https:\/\/r36shandheld.store\/wp-content\/uploads\/2025\/01\/High-quality-R36s-Playstation-Replacement-Buttons.jpeg-300x300.webp 300w, https:\/\/r36shandheld.store\/wp-content\/uploads\/2025\/01\/High-quality-R36s-Playstation-Replacement-Buttons.jpeg-150x150.webp 150w, https:\/\/r36shandheld.store\/wp-content\/uploads\/2025\/01\/High-quality-R36s-Playstation-Replacement-Buttons.jpeg-768x768.webp 768w, https:\/\/r36shandheld.store\/wp-content\/uploads\/2025\/01\/High-quality-R36s-Playstation-Replacement-Buttons.jpeg-990x990.webp 990w, https:\/\/r36shandheld.store\/wp-content\/uploads\/2025\/01\/High-quality-R36s-Playstation-Replacement-Buttons.jpeg-441x441.webp 441w, https:\/\/r36shandheld.store\/wp-content\/uploads\/2025\/01\/High-quality-R36s-Playstation-Replacement-Buttons.jpeg-100x100.webp 100w, https:\/\/r36shandheld.store\/wp-content\/uploads\/2025\/01\/High-quality-R36s-Playstation-Replacement-Buttons.jpeg-800x800.webp 800w\" sizes=\"(max-width: 1001px) 100vw, 1001px\" \/><\/p>\n<p><img loading=\"lazy\" decoding=\"async\" class=\"alignnone size-full wp-image-7528\" title=\"R36s Playstation Botones de repuesto dimension sizes.jpeg\" src=\"https:\/\/r36shandheld.store\/wp-content\/uploads\/2025\/01\/R36s-Playstation-Replacement-Buttons-dimension-sizes.jpeg.webp\" alt=\"R36s Playstation Botones de repuesto dimension sizes.jpeg\" width=\"1001\" height=\"1001\" srcset=\"https:\/\/r36shandheld.store\/wp-content\/uploads\/2025\/01\/R36s-Playstation-Replacement-Buttons-dimension-sizes.jpeg.webp 1001w, https:\/\/r36shandheld.store\/wp-content\/uploads\/2025\/01\/R36s-Playstation-Replacement-Buttons-dimension-sizes.jpeg-300x300.webp 300w, https:\/\/r36shandheld.store\/wp-content\/uploads\/2025\/01\/R36s-Playstation-Replacement-Buttons-dimension-sizes.jpeg-150x150.webp 150w, https:\/\/r36shandheld.store\/wp-content\/uploads\/2025\/01\/R36s-Playstation-Replacement-Buttons-dimension-sizes.jpeg-768x768.webp 768w, https:\/\/r36shandheld.store\/wp-content\/uploads\/2025\/01\/R36s-Playstation-Replacement-Buttons-dimension-sizes.jpeg-990x990.webp 990w, https:\/\/r36shandheld.store\/wp-content\/uploads\/2025\/01\/R36s-Playstation-Replacement-Buttons-dimension-sizes.jpeg-441x441.webp 441w, https:\/\/r36shandheld.store\/wp-content\/uploads\/2025\/01\/R36s-Playstation-Replacement-Buttons-dimension-sizes.jpeg-100x100.webp 100w, https:\/\/r36shandheld.store\/wp-content\/uploads\/2025\/01\/R36s-Playstation-Replacement-Buttons-dimension-sizes.jpeg-800x800.webp 800w\" sizes=\"(max-width: 1001px) 100vw, 1001px\" \/><\/p>\n<p><img loading=\"lazy\" decoding=\"async\" class=\"alignnone size-full wp-image-7529\" title=\"R36s Playstation Botones de repuesto para la modificaci\u00f3n del controlador.jpeg\" src=\"https:\/\/r36shandheld.store\/wp-content\/uploads\/2025\/01\/R36s-Playstation-Replacement-Buttons-for-controller-modification.jpeg.webp\" alt=\"R36s Playstation Botones de repuesto para la modificaci\u00f3n del controlador.jpeg\" width=\"1001\" height=\"1001\" srcset=\"https:\/\/r36shandheld.store\/wp-content\/uploads\/2025\/01\/R36s-Playstation-Replacement-Buttons-for-controller-modification.jpeg.webp 1001w, https:\/\/r36shandheld.store\/wp-content\/uploads\/2025\/01\/R36s-Playstation-Replacement-Buttons-for-controller-modification.jpeg-300x300.webp 300w, https:\/\/r36shandheld.store\/wp-content\/uploads\/2025\/01\/R36s-Playstation-Replacement-Buttons-for-controller-modification.jpeg-150x150.webp 150w, https:\/\/r36shandheld.store\/wp-content\/uploads\/2025\/01\/R36s-Playstation-Replacement-Buttons-for-controller-modification.jpeg-768x768.webp 768w, https:\/\/r36shandheld.store\/wp-content\/uploads\/2025\/01\/R36s-Playstation-Replacement-Buttons-for-controller-modification.jpeg-990x990.webp 990w, https:\/\/r36shandheld.store\/wp-content\/uploads\/2025\/01\/R36s-Playstation-Replacement-Buttons-for-controller-modification.jpeg-441x441.webp 441w, https:\/\/r36shandheld.store\/wp-content\/uploads\/2025\/01\/R36s-Playstation-Replacement-Buttons-for-controller-modification.jpeg-100x100.webp 100w, https:\/\/r36shandheld.store\/wp-content\/uploads\/2025\/01\/R36s-Playstation-Replacement-Buttons-for-controller-modification.jpeg-800x800.webp 800w\" sizes=\"(max-width: 1001px) 100vw, 1001px\" \/><\/p>\n<p><img loading=\"lazy\" decoding=\"async\" class=\"alignnone size-full wp-image-7530\" title=\"R36s Playstation Botones de repuesto para mandos personalizados.jpeg\" src=\"https:\/\/r36shandheld.store\/wp-content\/uploads\/2025\/01\/R36s-Playstation-Replacement-Buttons-for-custom-controllers.jpeg.webp\" alt=\"R36s Playstation Botones de repuesto para mandos personalizados.jpeg\" width=\"1001\" height=\"1001\" srcset=\"https:\/\/r36shandheld.store\/wp-content\/uploads\/2025\/01\/R36s-Playstation-Replacement-Buttons-for-custom-controllers.jpeg.webp 1001w, https:\/\/r36shandheld.store\/wp-content\/uploads\/2025\/01\/R36s-Playstation-Replacement-Buttons-for-custom-controllers.jpeg-300x300.webp 300w, https:\/\/r36shandheld.store\/wp-content\/uploads\/2025\/01\/R36s-Playstation-Replacement-Buttons-for-custom-controllers.jpeg-150x150.webp 150w, https:\/\/r36shandheld.store\/wp-content\/uploads\/2025\/01\/R36s-Playstation-Replacement-Buttons-for-custom-controllers.jpeg-768x768.webp 768w, https:\/\/r36shandheld.store\/wp-content\/uploads\/2025\/01\/R36s-Playstation-Replacement-Buttons-for-custom-controllers.jpeg-990x990.webp 990w, https:\/\/r36shandheld.store\/wp-content\/uploads\/2025\/01\/R36s-Playstation-Replacement-Buttons-for-custom-controllers.jpeg-441x441.webp 441w, https:\/\/r36shandheld.store\/wp-content\/uploads\/2025\/01\/R36s-Playstation-Replacement-Buttons-for-custom-controllers.jpeg-100x100.webp 100w, https:\/\/r36shandheld.store\/wp-content\/uploads\/2025\/01\/R36s-Playstation-Replacement-Buttons-for-custom-controllers.jpeg-800x800.webp 800w\" sizes=\"(max-width: 1001px) 100vw, 1001px\" \/><\/p>\n<p><img loading=\"lazy\" decoding=\"async\" class=\"alignnone size-full wp-image-7531\" title=\"R36s Playstation Botones de repuesto para dualshock controllers.jpeg\" src=\"https:\/\/r36shandheld.store\/wp-content\/uploads\/2025\/01\/R36s-Playstation-Replacement-Buttons-for-dualshock-controllers.jpeg.webp\" alt=\"R36s Playstation Botones de repuesto para dualshock controllers.jpeg\" width=\"1001\" height=\"1001\" srcset=\"https:\/\/r36shandheld.store\/wp-content\/uploads\/2025\/01\/R36s-Playstation-Replacement-Buttons-for-dualshock-controllers.jpeg.webp 1001w, https:\/\/r36shandheld.store\/wp-content\/uploads\/2025\/01\/R36s-Playstation-Replacement-Buttons-for-dualshock-controllers.jpeg-300x300.webp 300w, https:\/\/r36shandheld.store\/wp-content\/uploads\/2025\/01\/R36s-Playstation-Replacement-Buttons-for-dualshock-controllers.jpeg-150x150.webp 150w, https:\/\/r36shandheld.store\/wp-content\/uploads\/2025\/01\/R36s-Playstation-Replacement-Buttons-for-dualshock-controllers.jpeg-768x768.webp 768w, https:\/\/r36shandheld.store\/wp-content\/uploads\/2025\/01\/R36s-Playstation-Replacement-Buttons-for-dualshock-controllers.jpeg-990x990.webp 990w, https:\/\/r36shandheld.store\/wp-content\/uploads\/2025\/01\/R36s-Playstation-Replacement-Buttons-for-dualshock-controllers.jpeg-441x441.webp 441w, https:\/\/r36shandheld.store\/wp-content\/uploads\/2025\/01\/R36s-Playstation-Replacement-Buttons-for-dualshock-controllers.jpeg-100x100.webp 100w, https:\/\/r36shandheld.store\/wp-content\/uploads\/2025\/01\/R36s-Playstation-Replacement-Buttons-for-dualshock-controllers.jpeg-800x800.webp 800w\" sizes=\"(max-width: 1001px) 100vw, 1001px\" \/><\/p>\n<p><img loading=\"lazy\" decoding=\"async\" class=\"alignnone size-full wp-image-7532\" title=\"R36s Playstation Botones de repuesto para mandos de juegos.jpeg\" src=\"https:\/\/r36shandheld.store\/wp-content\/uploads\/2025\/01\/R36s-Playstation-Replacement-Buttons-for-gaming-controllers.jpeg.webp\" alt=\"R36s Playstation Botones de repuesto para mandos de juegos.jpeg\" width=\"1001\" height=\"1001\" srcset=\"https:\/\/r36shandheld.store\/wp-content\/uploads\/2025\/01\/R36s-Playstation-Replacement-Buttons-for-gaming-controllers.jpeg.webp 1001w, https:\/\/r36shandheld.store\/wp-content\/uploads\/2025\/01\/R36s-Playstation-Replacement-Buttons-for-gaming-controllers.jpeg-300x300.webp 300w, https:\/\/r36shandheld.store\/wp-content\/uploads\/2025\/01\/R36s-Playstation-Replacement-Buttons-for-gaming-controllers.jpeg-150x150.webp 150w, https:\/\/r36shandheld.store\/wp-content\/uploads\/2025\/01\/R36s-Playstation-Replacement-Buttons-for-gaming-controllers.jpeg-768x768.webp 768w, https:\/\/r36shandheld.store\/wp-content\/uploads\/2025\/01\/R36s-Playstation-Replacement-Buttons-for-gaming-controllers.jpeg-990x990.webp 990w, https:\/\/r36shandheld.store\/wp-content\/uploads\/2025\/01\/R36s-Playstation-Replacement-Buttons-for-gaming-controllers.jpeg-441x441.webp 441w, https:\/\/r36shandheld.store\/wp-content\/uploads\/2025\/01\/R36s-Playstation-Replacement-Buttons-for-gaming-controllers.jpeg-100x100.webp 100w, https:\/\/r36shandheld.store\/wp-content\/uploads\/2025\/01\/R36s-Playstation-Replacement-Buttons-for-gaming-controllers.jpeg-800x800.webp 800w\" sizes=\"(max-width: 1001px) 100vw, 1001px\" \/><\/p>\n<p><img loading=\"lazy\" decoding=\"async\" class=\"alignnone size-full wp-image-7533\" title=\"R36s Playstation Botones de repuesto para reparar joystick.jpeg\" src=\"https:\/\/r36shandheld.store\/wp-content\/uploads\/2025\/01\/R36s-Playstation-Replacement-Buttons-for-joystick-repairs.jpeg.webp\" alt=\"R36s Playstation Botones de repuesto para reparar joystick.jpeg\" width=\"1001\" height=\"1001\" srcset=\"https:\/\/r36shandheld.store\/wp-content\/uploads\/2025\/01\/R36s-Playstation-Replacement-Buttons-for-joystick-repairs.jpeg.webp 1001w, https:\/\/r36shandheld.store\/wp-content\/uploads\/2025\/01\/R36s-Playstation-Replacement-Buttons-for-joystick-repairs.jpeg-300x300.webp 300w, https:\/\/r36shandheld.store\/wp-content\/uploads\/2025\/01\/R36s-Playstation-Replacement-Buttons-for-joystick-repairs.jpeg-150x150.webp 150w, https:\/\/r36shandheld.store\/wp-content\/uploads\/2025\/01\/R36s-Playstation-Replacement-Buttons-for-joystick-repairs.jpeg-768x768.webp 768w, https:\/\/r36shandheld.store\/wp-content\/uploads\/2025\/01\/R36s-Playstation-Replacement-Buttons-for-joystick-repairs.jpeg-990x990.webp 990w, https:\/\/r36shandheld.store\/wp-content\/uploads\/2025\/01\/R36s-Playstation-Replacement-Buttons-for-joystick-repairs.jpeg-441x441.webp 441w, https:\/\/r36shandheld.store\/wp-content\/uploads\/2025\/01\/R36s-Playstation-Replacement-Buttons-for-joystick-repairs.jpeg-100x100.webp 100w, https:\/\/r36shandheld.store\/wp-content\/uploads\/2025\/01\/R36s-Playstation-Replacement-Buttons-for-joystick-repairs.jpeg-800x800.webp 800w\" sizes=\"(max-width: 1001px) 100vw, 1001px\" \/><\/p>\n<div class=\"flex-shrink-0 flex flex-col relative items-end\">\n<div>\n<div class=\"pt-0\">\n<div class=\"gizmo-shadow-stroke flex h-8 w-8 items-center justify-center overflow-hidden rounded-full\">\n<div class=\"h-full w-full\"><\/div>\n<\/div>\n<\/div>\n<\/div>\n<\/div>\n<div class=\"group\/conversation-turn relative flex w-full min-w-0 flex-col agent-turn\">\n<div class=\"flex-col gap-1 md:gap-3\">\n<div class=\"flex max-w-full flex-col flex-grow\">\n<div class=\"min-h-8 text-message flex w-full flex-col items-end gap-2 whitespace-normal break-words text-start [.text-message+&amp;]:mt-5\" dir=\"auto\" data-message-author-role=\"assistant\" data-message-id=\"16c48531-36ad-4208-b93f-d9331314ebbd\" data-message-model-slug=\"gpt-4o\">\n<div class=\"flex w-full flex-col gap-1 empty:hidden first:pt-[3px]\">\n<div class=\"markdown prose w-full break-words dark:prose-invert light\">\n<p><strong>Mejore su experiencia de juego<\/strong> con este juego de botones de repuesto de alta calidad dise\u00f1ado espec\u00edficamente para el <strong>Consola port\u00e1til de c\u00f3digo abierto R36s<\/strong>. Perfectas para mejorar su configuraci\u00f3n de juego, estas <strong>botones traseros optimizados<\/strong> est\u00e1n dise\u00f1ados para ofrecer un rendimiento fluido y fiable durante las partidas m\u00e1s intensas.<\/p>\n<p><strong>Caracter\u00edsticas del producto:<\/strong><\/p>\n<ul>\n<li><strong>Optimizado para <a href=\"https:\/\/r36shandheld.store\/es\/\">Consola port\u00e1til R36s<\/a>:<\/strong> A la medida del <strong>Consola port\u00e1til de c\u00f3digo abierto R36s<\/strong>Estos botones ayudan a mejorar la ergonom\u00eda y el rendimiento de la consola.<\/li>\n<li><strong>Material pl\u00e1stico de primera calidad:<\/strong> Fabricados en pl\u00e1stico resistente y ligero, estos botones de repuesto garantizan una calidad duradera para el juego diario.<\/li>\n<li><strong>Dise\u00f1o c\u00f3modo y adaptable:<\/strong> Los botones est\u00e1n dise\u00f1ados para ofrecer un tacto c\u00f3modo y un tiempo de respuesta r\u00e1pido, haciendo que cada pulsaci\u00f3n cuente.<\/li>\n<li><strong>F\u00e1cil de instalar:<\/strong> Instalaci\u00f3n r\u00e1pida y sencilla, para que pueda volver a jugar en un abrir y cerrar de ojos.<\/li>\n<li><strong>Compacto y port\u00e1til:<\/strong> El producto es peque\u00f1o, ligero y f\u00e1cil de almacenar. <strong>6x6x3cm<\/strong>.<\/li>\n<\/ul>\n<p><strong>Qu\u00e9 incluye:<\/strong><\/p>\n<ul>\n<li>4 botones de repuesto (negro)<\/li>\n<li><strong>Peso:<\/strong> 30g<\/li>\n<li><strong>Embalaje:<\/strong> Bolsa de seguridad para una entrega segura<\/li>\n<\/ul>\n<\/div>\n<\/div>\n<\/div>\n<\/div>\n<\/div>\n<\/div>","protected":false},"excerpt":{"rendered":"<p>Tanto si eres un jugador experimentado como un aficionado, este juego de botones de repuesto es el complemento perfecto para mejorar la funcionalidad y la est\u00e9tica de tu consola port\u00e1til R36s.<\/p>","protected":false},"featured_media":7522,"comment_status":"open","ping_status":"closed","template":"","meta":[],"product_brand":[],"product_cat":[54],"product_tag":[],"class_list":{"0":"post-7516","1":"product","2":"type-product","3":"status-publish","4":"has-post-thumbnail","6":"product_cat-r36s-accessories","8":"first","9":"instock","10":"shipping-taxable","11":"purchasable","12":"product-type-simple"},"jetpack_sharing_enabled":true,"jetpack-related-posts":[],"_links":{"self":[{"href":"https:\/\/r36shandheld.store\/es\/wp-json\/wp\/v2\/product\/7516","targetHints":{"allow":["GET"]}}],"collection":[{"href":"https:\/\/r36shandheld.store\/es\/wp-json\/wp\/v2\/product"}],"about":[{"href":"https:\/\/r36shandheld.store\/es\/wp-json\/wp\/v2\/types\/product"}],"replies":[{"embeddable":true,"href":"https:\/\/r36shandheld.store\/es\/wp-json\/wp\/v2\/comments?post=7516"}],"wp:featuredmedia":[{"embeddable":true,"href":"https:\/\/r36shandheld.store\/es\/wp-json\/wp\/v2\/media\/7522"}],"wp:attachment":[{"href":"https:\/\/r36shandheld.store\/es\/wp-json\/wp\/v2\/media?parent=7516"}],"wp:term":[{"taxonomy":"product_brand","embeddable":true,"href":"https:\/\/r36shandheld.store\/es\/wp-json\/wp\/v2\/product_brand?post=7516"},{"taxonomy":"product_cat","embeddable":true,"href":"https:\/\/r36shandheld.store\/es\/wp-json\/wp\/v2\/product_cat?post=7516"},{"taxonomy":"product_tag","embeddable":true,"href":"https:\/\/r36shandheld.store\/es\/wp-json\/wp\/v2\/product_tag?post=7516"}],"curies":[{"name":"wp","href":"https:\/\/api.w.org\/{rel}","templated":true}]}}