{"id":7512,"date":"2025-01-20T01:16:47","date_gmt":"2025-01-19T17:16:47","guid":{"rendered":"https:\/\/r36shandheld.store\/?post_type=product&#038;p=7512"},"modified":"2025-01-29T20:13:59","modified_gmt":"2025-01-29T12:13:59","slug":"r36s-screen-protector-premium-tempered-glass-screen","status":"publish","type":"product","link":"https:\/\/r36shandheld.store\/es\/p\/r36s-screen-protector-premium-tempered-glass-screen\/","title":{"rendered":"R36s Protector de Pantalla | Premium Tempered Glass Screen"},"content":{"rendered":"<p><img fetchpriority=\"high\" decoding=\"async\" class=\"alignnone size-full wp-image-7513\" title=\"DATA FROG R36S Protector de Pantalla Vidrio Templado.jpeg\" src=\"https:\/\/r36shandheld.store\/wp-content\/uploads\/2025\/01\/DATA-FROG-R36S-Screen-Protector-Tempered-Glass.jpeg.webp\" alt=\"DATA FROG R36S Protector de Pantalla Vidrio Templado.jpeg\" width=\"800\" height=\"800\" srcset=\"https:\/\/r36shandheld.store\/wp-content\/uploads\/2025\/01\/DATA-FROG-R36S-Screen-Protector-Tempered-Glass.jpeg.webp 800w, https:\/\/r36shandheld.store\/wp-content\/uploads\/2025\/01\/DATA-FROG-R36S-Screen-Protector-Tempered-Glass.jpeg-300x300.webp 300w, https:\/\/r36shandheld.store\/wp-content\/uploads\/2025\/01\/DATA-FROG-R36S-Screen-Protector-Tempered-Glass.jpeg-150x150.webp 150w, https:\/\/r36shandheld.store\/wp-content\/uploads\/2025\/01\/DATA-FROG-R36S-Screen-Protector-Tempered-Glass.jpeg-768x768.webp 768w, https:\/\/r36shandheld.store\/wp-content\/uploads\/2025\/01\/DATA-FROG-R36S-Screen-Protector-Tempered-Glass.jpeg-441x441.webp 441w, https:\/\/r36shandheld.store\/wp-content\/uploads\/2025\/01\/DATA-FROG-R36S-Screen-Protector-Tempered-Glass.jpeg-100x100.webp 100w\" sizes=\"(max-width: 800px) 100vw, 800px\" \/><\/p>\n<h2>R36s Protector de Pantalla Descripci\u00f3n<\/h2>\n<p>:<br \/>\nProteja su <strong>Consola Arcade de c\u00f3digo abierto R36s<\/strong> con nuestro <strong>Protector de pantalla de cristal templado<\/strong>Dise\u00f1ado para garantizar que su pantalla se mantenga impecable en cada sesi\u00f3n de juego. Tanto si eres un jugador ocasional como un entusiasta de los arcade, este protector de pantalla premium ofrece <strong>claridad de alta definici\u00f3n<\/strong> y <strong>protecci\u00f3n superior contra ara\u00f1azos<\/strong>para que tu experiencia de juego no sufra interrupciones.<\/p>\n<ul>\n<li><strong>Transparencia cristalina<\/strong>: Disfrute de una calidad de visualizaci\u00f3n de alta definici\u00f3n con total transparencia, para que los colores vivos y los detalles n\u00edtidos de la pantalla sean siempre visibles.<\/li>\n<li><strong>Protecci\u00f3n inigualable contra ara\u00f1azos<\/strong>: Fabricado con cristal templado de alta calidad, este protector de pantalla ofrece una s\u00f3lida defensa contra ara\u00f1azos, manchas y peque\u00f1os impactos.<\/li>\n<li><strong>Resistente y duradero<\/strong>: Fabricado para durar, conserva sus cualidades protectoras y su transparencia cristalina con el paso del tiempo, garantizando que su pantalla se mantenga tan impecable como el primer d\u00eda.<\/li>\n<li><strong>Ajuste perfecto<\/strong>: Con unas dimensiones de <strong>6,1 \u00d7 7,8 \u00d7 0,01 cm<\/strong>est\u00e1 dise\u00f1ado con precisi\u00f3n para adaptarse a su <a href=\"https:\/\/r36shandheld.store\/es\/\">Consola de juegos R36S<\/a> perfectamente sin comprometer la interacci\u00f3n con la pantalla.<\/li>\n<\/ul>\n<p>&nbsp;<\/p>","protected":false},"excerpt":{"rendered":"<p>Mejore su experiencia de juego con el protector de pantalla R36s, dise\u00f1ado para jugadores que desean una protecci\u00f3n que no sacrifique el rendimiento ni el estilo.<\/p>","protected":false},"featured_media":7514,"comment_status":"open","ping_status":"closed","template":"","meta":[],"product_brand":[],"product_cat":[54],"product_tag":[],"class_list":{"0":"post-7512","1":"product","2":"type-product","3":"status-publish","4":"has-post-thumbnail","6":"product_cat-r36s-accessories","8":"first","9":"instock","10":"shipping-taxable","11":"purchasable","12":"product-type-simple"},"jetpack_sharing_enabled":true,"jetpack-related-posts":[],"_links":{"self":[{"href":"https:\/\/r36shandheld.store\/es\/wp-json\/wp\/v2\/product\/7512","targetHints":{"allow":["GET"]}}],"collection":[{"href":"https:\/\/r36shandheld.store\/es\/wp-json\/wp\/v2\/product"}],"about":[{"href":"https:\/\/r36shandheld.store\/es\/wp-json\/wp\/v2\/types\/product"}],"replies":[{"embeddable":true,"href":"https:\/\/r36shandheld.store\/es\/wp-json\/wp\/v2\/comments?post=7512"}],"wp:featuredmedia":[{"embeddable":true,"href":"https:\/\/r36shandheld.store\/es\/wp-json\/wp\/v2\/media\/7514"}],"wp:attachment":[{"href":"https:\/\/r36shandheld.store\/es\/wp-json\/wp\/v2\/media?parent=7512"}],"wp:term":[{"taxonomy":"product_brand","embeddable":true,"href":"https:\/\/r36shandheld.store\/es\/wp-json\/wp\/v2\/product_brand?post=7512"},{"taxonomy":"product_cat","embeddable":true,"href":"https:\/\/r36shandheld.store\/es\/wp-json\/wp\/v2\/product_cat?post=7512"},{"taxonomy":"product_tag","embeddable":true,"href":"https:\/\/r36shandheld.store\/es\/wp-json\/wp\/v2\/product_tag?post=7512"}],"curies":[{"name":"wp","href":"https:\/\/api.w.org\/{rel}","templated":true}]}}