{"id":7411,"date":"2025-01-20T01:17:31","date_gmt":"2025-01-19T17:17:31","guid":{"rendered":"https:\/\/r36shandheld.store\/?post_type=product&#038;p=7411"},"modified":"2025-01-20T01:17:31","modified_gmt":"2025-01-19T17:17:31","slug":"purple-game-master-r36s","status":"publish","type":"product","link":"https:\/\/r36shandheld.store\/es\/p\/purple-game-master-r36s\/","title":{"rendered":"P\u00farpura Game Master R36s"},"content":{"rendered":"<p><img fetchpriority=\"high\" decoding=\"async\" class=\"alignnone size-full wp-image-7422\" title=\"doble joystick para R36s con buenos botones\" src=\"https:\/\/r36shandheld.store\/wp-content\/uploads\/2025\/01\/double-joystick-for-R36s-with-good-buttons.webp\" alt=\"doble joystick para R36s con buenos botones\" width=\"1000\" height=\"1000\" srcset=\"https:\/\/r36shandheld.store\/wp-content\/uploads\/2025\/01\/double-joystick-for-R36s-with-good-buttons.webp 1000w, https:\/\/r36shandheld.store\/wp-content\/uploads\/2025\/01\/double-joystick-for-R36s-with-good-buttons-300x300.webp 300w, https:\/\/r36shandheld.store\/wp-content\/uploads\/2025\/01\/double-joystick-for-R36s-with-good-buttons-150x150.webp 150w, https:\/\/r36shandheld.store\/wp-content\/uploads\/2025\/01\/double-joystick-for-R36s-with-good-buttons-768x768.webp 768w, https:\/\/r36shandheld.store\/wp-content\/uploads\/2025\/01\/double-joystick-for-R36s-with-good-buttons-990x990.webp 990w, https:\/\/r36shandheld.store\/wp-content\/uploads\/2025\/01\/double-joystick-for-R36s-with-good-buttons-441x441.webp 441w, https:\/\/r36shandheld.store\/wp-content\/uploads\/2025\/01\/double-joystick-for-R36s-with-good-buttons-100x100.webp 100w, https:\/\/r36shandheld.store\/wp-content\/uploads\/2025\/01\/double-joystick-for-R36s-with-good-buttons-800x800.webp 800w\" sizes=\"(max-width: 1000px) 100vw, 1000px\" \/> <img decoding=\"async\" class=\"alignnone size-full wp-image-7421\" title=\"Diferentes colores de R36S\" src=\"https:\/\/r36shandheld.store\/wp-content\/uploads\/2025\/01\/Different-colors-of-R36S-.webp\" alt=\"Diferentes colores de R36S\" width=\"1000\" height=\"1000\" srcset=\"https:\/\/r36shandheld.store\/wp-content\/uploads\/2025\/01\/Different-colors-of-R36S-.webp 1000w, https:\/\/r36shandheld.store\/wp-content\/uploads\/2025\/01\/Different-colors-of-R36S--300x300.webp 300w, https:\/\/r36shandheld.store\/wp-content\/uploads\/2025\/01\/Different-colors-of-R36S--150x150.webp 150w, https:\/\/r36shandheld.store\/wp-content\/uploads\/2025\/01\/Different-colors-of-R36S--768x768.webp 768w, https:\/\/r36shandheld.store\/wp-content\/uploads\/2025\/01\/Different-colors-of-R36S--990x990.webp 990w, https:\/\/r36shandheld.store\/wp-content\/uploads\/2025\/01\/Different-colors-of-R36S--441x441.webp 441w, https:\/\/r36shandheld.store\/wp-content\/uploads\/2025\/01\/Different-colors-of-R36S--100x100.webp 100w, https:\/\/r36shandheld.store\/wp-content\/uploads\/2025\/01\/Different-colors-of-R36S--800x800.webp 800w\" sizes=\"(max-width: 1000px) 100vw, 1000px\" \/> <img decoding=\"async\" class=\"alignnone size-full wp-image-7420\" title=\"R36s con adaptadores OTG para pantalla grande, conecta el gamepad\" src=\"https:\/\/r36shandheld.store\/wp-content\/uploads\/2025\/01\/R36s-with-OTG-adapters-for-large-screen-output-connect-the-gamepad.webp\" alt=\"R36s con adaptadores OTG para pantalla grande, conecta el gamepad\" width=\"1000\" height=\"1000\" srcset=\"https:\/\/r36shandheld.store\/wp-content\/uploads\/2025\/01\/R36s-with-OTG-adapters-for-large-screen-output-connect-the-gamepad.webp 1000w, https:\/\/r36shandheld.store\/wp-content\/uploads\/2025\/01\/R36s-with-OTG-adapters-for-large-screen-output-connect-the-gamepad-300x300.webp 300w, https:\/\/r36shandheld.store\/wp-content\/uploads\/2025\/01\/R36s-with-OTG-adapters-for-large-screen-output-connect-the-gamepad-150x150.webp 150w, https:\/\/r36shandheld.store\/wp-content\/uploads\/2025\/01\/R36s-with-OTG-adapters-for-large-screen-output-connect-the-gamepad-768x768.webp 768w, https:\/\/r36shandheld.store\/wp-content\/uploads\/2025\/01\/R36s-with-OTG-adapters-for-large-screen-output-connect-the-gamepad-990x990.webp 990w, https:\/\/r36shandheld.store\/wp-content\/uploads\/2025\/01\/R36s-with-OTG-adapters-for-large-screen-output-connect-the-gamepad-441x441.webp 441w, https:\/\/r36shandheld.store\/wp-content\/uploads\/2025\/01\/R36s-with-OTG-adapters-for-large-screen-output-connect-the-gamepad-100x100.webp 100w, https:\/\/r36shandheld.store\/wp-content\/uploads\/2025\/01\/R36s-with-OTG-adapters-for-large-screen-output-connect-the-gamepad-800x800.webp 800w\" sizes=\"(max-width: 1000px) 100vw, 1000px\" \/><img loading=\"lazy\" decoding=\"async\" class=\"alignnone size-full wp-image-7417\" title=\"R36s bater\u00eda de larga duraci\u00f3n con 29000mah bater\u00eda\" src=\"https:\/\/r36shandheld.store\/wp-content\/uploads\/2025\/01\/R36s-long-battery-life-with-29000mah-battery.webp\" alt=\"R36s bater\u00eda de larga duraci\u00f3n con 29000mah bater\u00eda\" width=\"800\" height=\"1350\" srcset=\"https:\/\/r36shandheld.store\/wp-content\/uploads\/2025\/01\/R36s-long-battery-life-with-29000mah-battery.webp 800w, https:\/\/r36shandheld.store\/wp-content\/uploads\/2025\/01\/R36s-long-battery-life-with-29000mah-battery-178x300.webp 178w, https:\/\/r36shandheld.store\/wp-content\/uploads\/2025\/01\/R36s-long-battery-life-with-29000mah-battery-607x1024.webp 607w, https:\/\/r36shandheld.store\/wp-content\/uploads\/2025\/01\/R36s-long-battery-life-with-29000mah-battery-768x1296.webp 768w, https:\/\/r36shandheld.store\/wp-content\/uploads\/2025\/01\/R36s-long-battery-life-with-29000mah-battery-441x744.webp 441w, https:\/\/r36shandheld.store\/wp-content\/uploads\/2025\/01\/R36s-long-battery-life-with-29000mah-battery-300x506.webp 300w, https:\/\/r36shandheld.store\/wp-content\/uploads\/2025\/01\/R36s-long-battery-life-with-29000mah-battery-150x253.webp 150w\" sizes=\"(max-width: 800px) 100vw, 800px\" \/><\/p>\n<h2>Purple Game Master R36s: La experiencia de juego retro definitiva<\/h2>\n<p><strong>Da rienda suelta al jugador que llevas dentro con la Purple Game Master R36s<\/strong>una consola port\u00e1til de \u00faltima generaci\u00f3n dise\u00f1ada para los amantes del encanto de los juegos retro. Esta consola cuenta con una biblioteca de 15.000 juegos, un dise\u00f1o elegante y potentes especificaciones, y es perfecta para jugar fuera de casa.<\/p>\n<h2>Especificaciones principales:<\/h2>\n<ul>\n<li><strong>Juegos incluidos<\/strong>: M\u00e1s de 15.000 juegos cl\u00e1sicos en 21 emuladores.<\/li>\n<li><strong>Modelo<\/strong>: R36S.<\/li>\n<li><strong>Mostrar<\/strong>: Pantalla IPS HD de 3,5\u2033 para disfrutar de im\u00e1genes vibrantes y n\u00edtidas.<\/li>\n<li><strong>Resoluci\u00f3n<\/strong>640\u00d7480 para una aut\u00e9ntica est\u00e9tica retro.<\/li>\n<li><strong>Procesador<\/strong>: Cuatro n\u00facleos Cortex-A35 de 64 bits, hasta 1,8 GHz.<\/li>\n<li><strong>Memoria<\/strong>: 1GB DDR3L RAM y 64GB de almacenamiento para un rendimiento fluido.<\/li>\n<li><strong>Bater\u00eda<\/strong>: Bater\u00eda de pol\u00edmero recargable de 2900 mAh integrada con m\u00e1s de 4 horas de autonom\u00eda con una sola carga.<\/li>\n<li><strong>Idiomas admitidos<\/strong>: Interfaz multiling\u00fce que incluye ingl\u00e9s, franc\u00e9s, alem\u00e1n, espa\u00f1ol, chino, etc.<\/li>\n<\/ul>\n<h2>Caracter\u00edsticas que destacan:<\/h2>\n<ul>\n<li><strong>Portabilidad sobre la marcha<\/strong><br \/>\nSu dise\u00f1o ultracompacto y su est\u00e9tica retro lo convierten en el compa\u00f1ero de viaje perfecto para viajes de negocios, vacaciones o acampadas. Revive la \u00e9poca dorada de los juegos en cualquier momento y lugar.<\/li>\n<li><strong>Im\u00e1genes envolventes<\/strong><br \/>\nLa pantalla IPS HD de 3,5\u2033 garantiza un amplio \u00e1ngulo de visi\u00f3n y una calidad de imagen excepcional para disfrutar de una experiencia de juego atractiva.<\/li>\n<li><strong>Juegos personalizables<\/strong><br \/>\nAlimentado por un sistema Linux de c\u00f3digo abierto, el R36s permite una f\u00e1cil personalizaci\u00f3n y un rendimiento fluido en los juegos.<\/li>\n<li><strong>Duraci\u00f3n excepcional de la bater\u00eda<\/strong><br \/>\nCon una bater\u00eda extra\u00edble y recargable de 2900 mAh, disfrute de sesiones de juego ininterrumpidas durante horas. C\u00e1mbiala o rec\u00e1rgala f\u00e1cilmente para jugar durante m\u00e1s tiempo.<\/li>\n<li><strong>Dise\u00f1o familiar<\/strong><br \/>\nLos controles parentales integrados y el manejo intuitivo hacen que el Purple Game Master R36s sea adecuado para jugadores de todas las edades.<\/li>\n<li><strong>Elegante y duradero<\/strong><br \/>\nDisponible en un bonito acabado morado, esta consola es tan robusta como visualmente atractiva.<\/li>\n<\/ul>\n<h4>\u00bfPor qu\u00e9 elegir los R36 Purple Game Master?<\/h4>\n<ul>\n<li><strong>Gran biblioteca de juegos<\/strong><br \/>\nRedescubre 15.000 juegos cl\u00e1sicos de tus \u00e9pocas favoritas, todo en un solo dispositivo.<\/li>\n<li><strong>Dise\u00f1ado para el rendimiento<\/strong><br \/>\nEquipado con un procesador de alta velocidad y una amplia memoria RAM, el R36s ofrece un juego fluido.<\/li>\n<li><strong>El regalo perfecto<\/strong><br \/>\nDeleite a los entusiastas de los juegos retro y a los jugadores modernos por igual con la mezcla perfecta de nostalgia e innovaci\u00f3n.<\/li>\n<\/ul>\n<p><strong>Consigue hoy mismo la Purple Game Master R36s y devuelve la vida a tus juegos retro favoritos.<\/strong> \u00bfListo para llevarte el juego a todas partes? <strong>Haz tu pedido ahora y disfruta de la diversi\u00f3n del juego en cualquier momento y lugar.<\/strong><\/p>","protected":false},"excerpt":{"rendered":"<p>La Purple Game Master R36s es la consola retro definitiva, con 15.000 juegos, potentes especificaciones, bater\u00eda de larga duraci\u00f3n y un dise\u00f1o elegante y port\u00e1til para jugar en cualquier lugar.<\/p>","protected":false},"featured_media":7414,"comment_status":"open","ping_status":"closed","template":"","meta":[],"product_brand":[],"product_cat":[15],"product_tag":[],"class_list":{"0":"post-7411","1":"product","2":"type-product","3":"status-publish","4":"has-post-thumbnail","6":"product_cat-r36s","8":"first","9":"instock","10":"shipping-taxable","11":"purchasable","12":"product-type-variable"},"jetpack_sharing_enabled":true,"jetpack-related-posts":[],"_links":{"self":[{"href":"https:\/\/r36shandheld.store\/es\/wp-json\/wp\/v2\/product\/7411","targetHints":{"allow":["GET"]}}],"collection":[{"href":"https:\/\/r36shandheld.store\/es\/wp-json\/wp\/v2\/product"}],"about":[{"href":"https:\/\/r36shandheld.store\/es\/wp-json\/wp\/v2\/types\/product"}],"replies":[{"embeddable":true,"href":"https:\/\/r36shandheld.store\/es\/wp-json\/wp\/v2\/comments?post=7411"}],"wp:featuredmedia":[{"embeddable":true,"href":"https:\/\/r36shandheld.store\/es\/wp-json\/wp\/v2\/media\/7414"}],"wp:attachment":[{"href":"https:\/\/r36shandheld.store\/es\/wp-json\/wp\/v2\/media?parent=7411"}],"wp:term":[{"taxonomy":"product_brand","embeddable":true,"href":"https:\/\/r36shandheld.store\/es\/wp-json\/wp\/v2\/product_brand?post=7411"},{"taxonomy":"product_cat","embeddable":true,"href":"https:\/\/r36shandheld.store\/es\/wp-json\/wp\/v2\/product_cat?post=7411"},{"taxonomy":"product_tag","embeddable":true,"href":"https:\/\/r36shandheld.store\/es\/wp-json\/wp\/v2\/product_tag?post=7411"}],"curies":[{"name":"wp","href":"https:\/\/api.w.org\/{rel}","templated":true}]}}