{"id":7399,"date":"2025-01-20T01:17:00","date_gmt":"2025-01-19T17:17:00","guid":{"rendered":"https:\/\/r36shandheld.store\/?post_type=product&#038;p=7399"},"modified":"2025-01-20T01:17:01","modified_gmt":"2025-01-19T17:17:01","slug":"orange-r36s-game-console","status":"publish","type":"product","link":"https:\/\/r36shandheld.store\/es\/p\/orange-r36s-game-console\/","title":{"rendered":"Consola de juegos R36s naranja"},"content":{"rendered":"<p><img fetchpriority=\"high\" decoding=\"async\" class=\"alignnone size-full wp-image-7405\" title=\"r36s anbernic construir en 2900MAH bater\u00eda, jugar 4 horas en una carga\" src=\"https:\/\/r36shandheld.store\/wp-content\/uploads\/2025\/01\/r36s-anbernic-build-in-2900MAH-battery-play-4-hours-in-one-charge.webp\" alt=\"r36s anbernic construir en 2900MAH bater\u00eda, jugar 4 horas en una carga\" width=\"1000\" height=\"1000\" srcset=\"https:\/\/r36shandheld.store\/wp-content\/uploads\/2025\/01\/r36s-anbernic-build-in-2900MAH-battery-play-4-hours-in-one-charge.webp 1000w, https:\/\/r36shandheld.store\/wp-content\/uploads\/2025\/01\/r36s-anbernic-build-in-2900MAH-battery-play-4-hours-in-one-charge-300x300.webp 300w, https:\/\/r36shandheld.store\/wp-content\/uploads\/2025\/01\/r36s-anbernic-build-in-2900MAH-battery-play-4-hours-in-one-charge-150x150.webp 150w, https:\/\/r36shandheld.store\/wp-content\/uploads\/2025\/01\/r36s-anbernic-build-in-2900MAH-battery-play-4-hours-in-one-charge-768x768.webp 768w, https:\/\/r36shandheld.store\/wp-content\/uploads\/2025\/01\/r36s-anbernic-build-in-2900MAH-battery-play-4-hours-in-one-charge-990x990.webp 990w, https:\/\/r36shandheld.store\/wp-content\/uploads\/2025\/01\/r36s-anbernic-build-in-2900MAH-battery-play-4-hours-in-one-charge-441x441.webp 441w, https:\/\/r36shandheld.store\/wp-content\/uploads\/2025\/01\/r36s-anbernic-build-in-2900MAH-battery-play-4-hours-in-one-charge-100x100.webp 100w, https:\/\/r36shandheld.store\/wp-content\/uploads\/2025\/01\/r36s-anbernic-build-in-2900MAH-battery-play-4-hours-in-one-charge-800x800.webp 800w\" sizes=\"(max-width: 1000px) 100vw, 1000px\" \/> <img decoding=\"async\" class=\"alignnone size-full wp-image-7404\" title=\"doble joystick para retro r36s con buenos botones\" src=\"https:\/\/r36shandheld.store\/wp-content\/uploads\/2025\/01\/double-joystick-for-retro-r36s-with-good-buttons.webp\" alt=\"doble joystick para retro r36s con buenos botones\" width=\"1000\" height=\"1000\" srcset=\"https:\/\/r36shandheld.store\/wp-content\/uploads\/2025\/01\/double-joystick-for-retro-r36s-with-good-buttons.webp 1000w, https:\/\/r36shandheld.store\/wp-content\/uploads\/2025\/01\/double-joystick-for-retro-r36s-with-good-buttons-300x300.webp 300w, https:\/\/r36shandheld.store\/wp-content\/uploads\/2025\/01\/double-joystick-for-retro-r36s-with-good-buttons-150x150.webp 150w, https:\/\/r36shandheld.store\/wp-content\/uploads\/2025\/01\/double-joystick-for-retro-r36s-with-good-buttons-768x768.webp 768w, https:\/\/r36shandheld.store\/wp-content\/uploads\/2025\/01\/double-joystick-for-retro-r36s-with-good-buttons-990x990.webp 990w, https:\/\/r36shandheld.store\/wp-content\/uploads\/2025\/01\/double-joystick-for-retro-r36s-with-good-buttons-441x441.webp 441w, https:\/\/r36shandheld.store\/wp-content\/uploads\/2025\/01\/double-joystick-for-retro-r36s-with-good-buttons-100x100.webp 100w, https:\/\/r36shandheld.store\/wp-content\/uploads\/2025\/01\/double-joystick-for-retro-r36s-with-good-buttons-800x800.webp 800w\" sizes=\"(max-width: 1000px) 100vw, 1000px\" \/><\/p>\n<h2>Consola Orange R36s: Redescubre el placer de los juegos retro<\/h2>\n<p><strong>Experimenta la nostalgia reimaginada con la videoconsola Orange R36s<\/strong>tu compa\u00f1ero de juegos definitivo. Con 15.000 juegos cl\u00e1sicos precargados, un dise\u00f1o elegante y funciones modernas, la R36s combina el encanto vintage con la funcionalidad contempor\u00e1nea. Ya sea en casa o fuera de ella, esta consola promete diversi\u00f3n sin fin para jugadores de todas las edades.<\/p>\n<h2>Especificaciones principales:<\/h2>\n<ul>\n<li><strong>Juegos incluidos<\/strong>: M\u00e1s de 15.000 cl\u00e1sicos en 21 emuladores.<\/li>\n<li><strong>Modelo<\/strong>: R36S.<\/li>\n<li><strong>Mostrar<\/strong>: Pantalla IPS HD de 3,5\u2033 con una vibrante resoluci\u00f3n de 640\u00d7480.<\/li>\n<li><strong>Idiomas admitidos<\/strong>: Interfaz multiling\u00fce: ingl\u00e9s, franc\u00e9s, alem\u00e1n, espa\u00f1ol, chino, etc.<\/li>\n<li><strong>Procesador<\/strong>: Cuatro n\u00facleos Cortex-A35 de 64 bits, 1,8 GHz para un rendimiento de juego sin fisuras.<\/li>\n<li><strong>Memoria<\/strong>: 1GB DDR3L RAM, 64GB de almacenamiento.<\/li>\n<li><strong>Duraci\u00f3n de la bater\u00eda<\/strong>Bater\u00eda de pol\u00edmero extra\u00edble de 2900 mAh que ofrece m\u00e1s de 4 horas de juego ininterrumpido.<\/li>\n<\/ul>\n<h2>Caracter\u00edsticas destacadas:<\/h2>\n<ul>\n<li><strong>Dise\u00f1o port\u00e1til<\/strong>: Su dise\u00f1o ultracompacto y ligero se adapta perfectamente a su estilo de vida, por lo que es ideal para viajes, viajes de negocios o acampadas. Revive tus juegos favoritos en cualquier momento y lugar.<\/li>\n<li><strong>Pantalla superior<\/strong>: La pantalla IPS HD de 3,5\u2033 ofrece im\u00e1genes n\u00edtidas con amplios \u00e1ngulos de visi\u00f3n, lo que garantiza una experiencia envolvente.<\/li>\n<li><strong>Juego ampliado<\/strong>: La bater\u00eda recargable y extra\u00edble de 2900 mAh garantiza sesiones de juego prolongadas. Puedes cambiar las pilas f\u00e1cilmente para jugar a\u00fan m\u00e1s tiempo.<\/li>\n<li><strong>Para ni\u00f1os<\/strong>: Dise\u00f1ado con controles f\u00e1ciles de usar y ajustes parentales, el R36s es perfecto para ni\u00f1os y familias.<\/li>\n<li><strong>Experiencia personalizable<\/strong>: Con un sistema Linux de c\u00f3digo abierto, personaliza tu experiencia de juego para adaptarla a tu estilo.<\/li>\n<\/ul>\n<h4>\u00bfPor qu\u00e9 elegir los Orange R36?<\/h4>\n<ul>\n<li><strong>Gran biblioteca de juegos<\/strong>: Accede a una variada colecci\u00f3n de 15.000 juegos retro para pasar horas de diversi\u00f3n nost\u00e1lgica.<\/li>\n<li><strong>Duradero y elegante<\/strong>: Elija entre tres impresionantes colores que reflejan su personalidad mientras disfruta de un dise\u00f1o robusto y duradero.<\/li>\n<li><strong>El regalo perfecto<\/strong>: Una gran elecci\u00f3n para los entusiastas de los juegos y los amantes de los juegos retro.<\/li>\n<\/ul>\n<p><strong>Ad\u00e9ntrate en el pasado y juega al futuro con la videoconsola Orange R36s.<\/strong> Consigue el tuyo hoy mismo y redefine tu forma de disfrutar de los juegos cl\u00e1sicos.<\/p>","protected":false},"excerpt":{"rendered":"<p>\u00a1Experimenta los juegos retro con la consola Orange R36s! Disfruta de m\u00e1s de 15.000 juegos cl\u00e1sicos en un dise\u00f1o port\u00e1til con pantalla HD, bater\u00eda de larga duraci\u00f3n y funciones modernas.<\/p>","protected":false},"featured_media":7402,"comment_status":"open","ping_status":"closed","template":"","meta":[],"product_brand":[],"product_cat":[15],"product_tag":[],"class_list":{"0":"post-7399","1":"product","2":"type-product","3":"status-publish","4":"has-post-thumbnail","6":"product_cat-r36s","8":"first","9":"instock","10":"shipping-taxable","11":"purchasable","12":"product-type-variable"},"jetpack_sharing_enabled":true,"jetpack-related-posts":[],"_links":{"self":[{"href":"https:\/\/r36shandheld.store\/es\/wp-json\/wp\/v2\/product\/7399","targetHints":{"allow":["GET"]}}],"collection":[{"href":"https:\/\/r36shandheld.store\/es\/wp-json\/wp\/v2\/product"}],"about":[{"href":"https:\/\/r36shandheld.store\/es\/wp-json\/wp\/v2\/types\/product"}],"replies":[{"embeddable":true,"href":"https:\/\/r36shandheld.store\/es\/wp-json\/wp\/v2\/comments?post=7399"}],"wp:featuredmedia":[{"embeddable":true,"href":"https:\/\/r36shandheld.store\/es\/wp-json\/wp\/v2\/media\/7402"}],"wp:attachment":[{"href":"https:\/\/r36shandheld.store\/es\/wp-json\/wp\/v2\/media?parent=7399"}],"wp:term":[{"taxonomy":"product_brand","embeddable":true,"href":"https:\/\/r36shandheld.store\/es\/wp-json\/wp\/v2\/product_brand?post=7399"},{"taxonomy":"product_cat","embeddable":true,"href":"https:\/\/r36shandheld.store\/es\/wp-json\/wp\/v2\/product_cat?post=7399"},{"taxonomy":"product_tag","embeddable":true,"href":"https:\/\/r36shandheld.store\/es\/wp-json\/wp\/v2\/product_tag?post=7399"}],"curies":[{"name":"wp","href":"https:\/\/api.w.org\/{rel}","templated":true}]}}