{"id":7363,"date":"2025-01-20T01:16:52","date_gmt":"2025-01-19T17:16:52","guid":{"rendered":"https:\/\/r36shandheld.store\/?post_type=product&#038;p=7363"},"modified":"2025-01-20T01:16:52","modified_gmt":"2025-01-19T17:16:52","slug":"white-game-console-r36s","status":"publish","type":"product","link":"https:\/\/r36shandheld.store\/es\/p\/white-game-console-r36s\/","title":{"rendered":"Consola de juegos blanca R36s"},"content":{"rendered":"<p><img fetchpriority=\"high\" decoding=\"async\" class=\"alignnone size-full wp-image-7371\" title=\"r36s temu con pantalla de 6404809 p\u00edxeles\" src=\"https:\/\/r36shandheld.store\/wp-content\/uploads\/2025\/01\/r36s-temu-with-6404809-pixel-screen.webp\" alt=\"r36s temu con pantalla de 6404809 p\u00edxeles\" width=\"1000\" height=\"1000\" srcset=\"https:\/\/r36shandheld.store\/wp-content\/uploads\/2025\/01\/r36s-temu-with-6404809-pixel-screen.webp 1000w, https:\/\/r36shandheld.store\/wp-content\/uploads\/2025\/01\/r36s-temu-with-6404809-pixel-screen-300x300.webp 300w, https:\/\/r36shandheld.store\/wp-content\/uploads\/2025\/01\/r36s-temu-with-6404809-pixel-screen-150x150.webp 150w, https:\/\/r36shandheld.store\/wp-content\/uploads\/2025\/01\/r36s-temu-with-6404809-pixel-screen-768x768.webp 768w, https:\/\/r36shandheld.store\/wp-content\/uploads\/2025\/01\/r36s-temu-with-6404809-pixel-screen-990x990.webp 990w, https:\/\/r36shandheld.store\/wp-content\/uploads\/2025\/01\/r36s-temu-with-6404809-pixel-screen-441x441.webp 441w, https:\/\/r36shandheld.store\/wp-content\/uploads\/2025\/01\/r36s-temu-with-6404809-pixel-screen-100x100.webp 100w, https:\/\/r36shandheld.store\/wp-content\/uploads\/2025\/01\/r36s-temu-with-6404809-pixel-screen-800x800.webp 800w\" sizes=\"(max-width: 1000px) 100vw, 1000px\" \/><br \/>\n<img decoding=\"async\" class=\"alignnone size-full wp-image-7370\" title=\"r36s retro bater\u00eda integrada de 2900MAH, 4 horas de juego con una carga\" src=\"https:\/\/r36shandheld.store\/wp-content\/uploads\/2025\/01\/r36s-retro-build-in-2900MAH-battery-play-4-hours-in-one-charge.webp\" alt=\"r36s retro bater\u00eda integrada de 2900MAH, 4 horas de juego con una carga\" width=\"1000\" height=\"1000\" srcset=\"https:\/\/r36shandheld.store\/wp-content\/uploads\/2025\/01\/r36s-retro-build-in-2900MAH-battery-play-4-hours-in-one-charge.webp 1000w, https:\/\/r36shandheld.store\/wp-content\/uploads\/2025\/01\/r36s-retro-build-in-2900MAH-battery-play-4-hours-in-one-charge-300x300.webp 300w, https:\/\/r36shandheld.store\/wp-content\/uploads\/2025\/01\/r36s-retro-build-in-2900MAH-battery-play-4-hours-in-one-charge-150x150.webp 150w, https:\/\/r36shandheld.store\/wp-content\/uploads\/2025\/01\/r36s-retro-build-in-2900MAH-battery-play-4-hours-in-one-charge-768x768.webp 768w, https:\/\/r36shandheld.store\/wp-content\/uploads\/2025\/01\/r36s-retro-build-in-2900MAH-battery-play-4-hours-in-one-charge-990x990.webp 990w, https:\/\/r36shandheld.store\/wp-content\/uploads\/2025\/01\/r36s-retro-build-in-2900MAH-battery-play-4-hours-in-one-charge-441x441.webp 441w, https:\/\/r36shandheld.store\/wp-content\/uploads\/2025\/01\/r36s-retro-build-in-2900MAH-battery-play-4-hours-in-one-charge-100x100.webp 100w, https:\/\/r36shandheld.store\/wp-content\/uploads\/2025\/01\/r36s-retro-build-in-2900MAH-battery-play-4-hours-in-one-charge-800x800.webp 800w\" sizes=\"(max-width: 1000px) 100vw, 1000px\" \/><br \/>\n<img decoding=\"async\" class=\"alignnone size-full wp-image-7368\" title=\"doble joystick para consola retro r36s con buenos botones\" src=\"https:\/\/r36shandheld.store\/wp-content\/uploads\/2025\/01\/double-joystick-for-r36s-retro-console-with-good-buttons.webp\" alt=\"doble joystick para consola retro r36s con buenos botones\" width=\"1000\" height=\"1000\" srcset=\"https:\/\/r36shandheld.store\/wp-content\/uploads\/2025\/01\/double-joystick-for-r36s-retro-console-with-good-buttons.webp 1000w, https:\/\/r36shandheld.store\/wp-content\/uploads\/2025\/01\/double-joystick-for-r36s-retro-console-with-good-buttons-300x300.webp 300w, https:\/\/r36shandheld.store\/wp-content\/uploads\/2025\/01\/double-joystick-for-r36s-retro-console-with-good-buttons-150x150.webp 150w, https:\/\/r36shandheld.store\/wp-content\/uploads\/2025\/01\/double-joystick-for-r36s-retro-console-with-good-buttons-768x768.webp 768w, https:\/\/r36shandheld.store\/wp-content\/uploads\/2025\/01\/double-joystick-for-r36s-retro-console-with-good-buttons-990x990.webp 990w, https:\/\/r36shandheld.store\/wp-content\/uploads\/2025\/01\/double-joystick-for-r36s-retro-console-with-good-buttons-441x441.webp 441w, https:\/\/r36shandheld.store\/wp-content\/uploads\/2025\/01\/double-joystick-for-r36s-retro-console-with-good-buttons-100x100.webp 100w, https:\/\/r36shandheld.store\/wp-content\/uploads\/2025\/01\/double-joystick-for-r36s-retro-console-with-good-buttons-800x800.webp 800w\" sizes=\"(max-width: 1000px) 100vw, 1000px\" \/><\/p>\n<h2>Consola de juegos blanca R36s: Tu puerta port\u00e1til a los juegos retro<\/h2>\n<p><strong>Ad\u00e9ntrate en el mundo de los juegos sin fin con la consola de juegos blanca R36s.<\/strong> Esta elegante consola port\u00e1til est\u00e1 repleta de m\u00e1s de 15.000 juegos cl\u00e1sicos, que ofrecen una experiencia de juego impecable tanto a los entusiastas como a los jugadores ocasionales. Tanto si est\u00e1s en casa como de viaje, la R36s te garantiza que nunca perder\u00e1s el ritmo gracias a su pantalla de alta definici\u00f3n, su dise\u00f1o compacto y su potente rendimiento.<\/p>\n<h2>Especificaciones principales:<\/h2>\n<ul>\n<li><strong>Juegos incluidos<\/strong>: M\u00e1s de 15.000 juegos cl\u00e1sicos en 21 emuladores.<\/li>\n<li><strong>Modelo<\/strong>: R36S.<\/li>\n<li><strong>Mostrar<\/strong>: Pantalla IPS HD de 3,5\u2033 con una resoluci\u00f3n de 640\u00d7480 para disfrutar de im\u00e1genes n\u00edtidas.<\/li>\n<li><strong>Procesador<\/strong>: Cuatro n\u00facleos Cortex-A35 de 64 bits, con hasta 1,8 GHz para un rendimiento superior.<\/li>\n<li><strong>Memoria<\/strong>: 1GB DDR3L RAM, 64GB de almacenamiento para un juego fluido y amplio espacio.<\/li>\n<li><strong>Bater\u00eda<\/strong>Bater\u00eda de pol\u00edmero recargable de 2900 mAh, que proporciona m\u00e1s de 4 horas de reproducci\u00f3n continua.<\/li>\n<li><strong>Idiomas admitidos<\/strong>: Soporte multiling\u00fce que incluye ingl\u00e9s, franc\u00e9s, alem\u00e1n, espa\u00f1ol, portugu\u00e9s, ruso y japon\u00e9s, entre otros.<\/li>\n<\/ul>\n<h2>Caracter\u00edsticas que hacen destacar a la consola de juegos blanca R36s:<\/h2>\n<ul>\n<li><strong>Dise\u00f1o ultraport\u00e1til<\/strong><br \/>\nEn <strong>Consola de juegos blanca R36s<\/strong> es ultracompacta, lo que la convierte en la compa\u00f1era perfecta para jugar fuera de casa. Ya est\u00e9s de viaje de negocios, de viaje o de acampada, esta ligera consola cabe f\u00e1cilmente en tu bolso, para que puedas revivir tus juegos favoritos en cualquier momento y lugar.<\/li>\n<li><strong>Im\u00e1genes envolventes<\/strong><br \/>\nCon un <strong>Pantalla IPS HD de 3,5<\/strong>La consola ofrece im\u00e1genes vibrantes y n\u00edtidas y un amplio \u00e1ngulo de visi\u00f3n. Desde juegos de acci\u00f3n trepidante a aventuras de puzles, todos los juegos tienen un aspecto impresionante, independientemente de la iluminaci\u00f3n o el \u00e1ngulo.<\/li>\n<li><strong>Potente rendimiento<\/strong><br \/>\nEquipado con un <strong>Procesador Cortex-A35 de 64 bits<\/strong>El <strong>Consola de juegos blanca R36s<\/strong> ofrece un rendimiento fluido y sin retrasos, por lo que es perfecto tanto para juegos cl\u00e1sicos como para t\u00edtulos modernos repletos de acci\u00f3n. La p\u00e1gina <strong>Sistema operativo Linux<\/strong> ofrece un rendimiento sin fisuras con la opci\u00f3n de personalizar tu experiencia de juego.<\/li>\n<li><strong>Bater\u00eda de larga duraci\u00f3n para jugar sin parar<\/strong><br \/>\nGracias a la <strong>Bater\u00eda recargable de 2900 mAh<\/strong>podr\u00e1s disfrutar de juegos ininterrumpidos durante m\u00e1s de 4 horas con una sola carga. Adem\u00e1s, la bater\u00eda extra\u00edble te permite cambiarla f\u00e1cilmente para sesiones a\u00fan m\u00e1s largas, lo que garantiza que nunca te quedar\u00e1s sin energ\u00eda cuando la acci\u00f3n se calienta.<\/li>\n<li><strong>Seguro para los ni\u00f1os<\/strong><br \/>\nDise\u00f1ado pensando en las familias, el <strong>Consola de juegos blanca R36s<\/strong> incluye controles sencillos y <strong>controles parentales<\/strong>para garantizar un juego adecuado a cada edad. Su robusto dise\u00f1o resiste el paso del tiempo y es perfecto tanto para ni\u00f1os como para adultos.<\/li>\n<li><strong>Elegante, con estilo y duradero<\/strong><br \/>\nEl acabado blanco inmaculado del <strong>R36s<\/strong> a\u00f1ade un toque de elegancia a su configuraci\u00f3n de juegos, mientras que la construcci\u00f3n duradera de la consola garantiza que est\u00e9 lista para las aventuras m\u00e1s exigentes. Elija esta consola por su belleza, rendimiento y resistencia.<\/li>\n<\/ul>\n<h2>\u00bfPor qu\u00e9 elegir la consola de juegos blanca R36s?<\/h2>\n<ul>\n<li><strong>Gran biblioteca de juegos<\/strong><br \/>\nCon m\u00e1s de 15.000 juegos, el <strong>R36s<\/strong> ofrece una amplia colecci\u00f3n de cl\u00e1sicos retro en 21 emuladores diferentes. Sea cual sea el tipo de juego que te apetezca, seguro que lo encuentras en esta potente consola.<\/li>\n<li><strong>Diversi\u00f3n sin fin sobre la marcha<\/strong><br \/>\nTanto si viaja como si disfruta de su tiempo libre en casa, el <strong>Consola de juegos blanca R36s<\/strong> te garantiza que siempre estar\u00e1s listo para jugar. Su dise\u00f1o compacto y la impresionante duraci\u00f3n de la bater\u00eda lo convierten en la opci\u00f3n perfecta para entretenerse en cualquier momento y lugar.<\/li>\n<li><strong>Ideal para jugadores de todas las edades<\/strong><br \/>\nCon controles f\u00e1ciles de usar, controles parentales y una construcci\u00f3n duradera, esta consola es la elecci\u00f3n perfecta para familias, ni\u00f1os y amantes de los juegos retro.<\/li>\n<li><strong>Regalo perfecto para los entusiastas de los videojuegos<\/strong><br \/>\nTanto si lo compra para usted como si se lo regala a alguien especial, el <strong>Consola de juegos blanca R36s<\/strong> es un regalo excepcional que combina nostalgia con prestaciones modernas.<\/li>\n<\/ul>\n<p><strong>Pida hoy mismo su consola de juegos blanca R36s y sum\u00e9rjase en un mundo de emoci\u00f3n.<\/strong> Con m\u00e1s de 15.000 juegos, gr\u00e1ficos impresionantes y una portabilidad insuperable, es hora de que te lleves tus juegos a cualquier parte. <strong>\u00a1Consigue el tuyo ahora y empieza a jugar!<\/strong><\/p>","protected":false},"excerpt":{"rendered":"<p>Ll\u00e9vate los juegos retro a todas partes con la consola blanca R36s. Con m\u00e1s de 15.000 juegos, una pantalla HD de gran nitidez y una bater\u00eda de larga duraci\u00f3n, es la consola port\u00e1til definitiva.<\/p>","protected":false},"featured_media":7366,"comment_status":"open","ping_status":"closed","template":"","meta":[],"product_brand":[],"product_cat":[15],"product_tag":[],"class_list":{"0":"post-7363","1":"product","2":"type-product","3":"status-publish","4":"has-post-thumbnail","6":"product_cat-r36s","8":"first","9":"instock","10":"shipping-taxable","11":"purchasable","12":"product-type-variable"},"jetpack_sharing_enabled":true,"jetpack-related-posts":[],"_links":{"self":[{"href":"https:\/\/r36shandheld.store\/es\/wp-json\/wp\/v2\/product\/7363","targetHints":{"allow":["GET"]}}],"collection":[{"href":"https:\/\/r36shandheld.store\/es\/wp-json\/wp\/v2\/product"}],"about":[{"href":"https:\/\/r36shandheld.store\/es\/wp-json\/wp\/v2\/types\/product"}],"replies":[{"embeddable":true,"href":"https:\/\/r36shandheld.store\/es\/wp-json\/wp\/v2\/comments?post=7363"}],"wp:featuredmedia":[{"embeddable":true,"href":"https:\/\/r36shandheld.store\/es\/wp-json\/wp\/v2\/media\/7366"}],"wp:attachment":[{"href":"https:\/\/r36shandheld.store\/es\/wp-json\/wp\/v2\/media?parent=7363"}],"wp:term":[{"taxonomy":"product_brand","embeddable":true,"href":"https:\/\/r36shandheld.store\/es\/wp-json\/wp\/v2\/product_brand?post=7363"},{"taxonomy":"product_cat","embeddable":true,"href":"https:\/\/r36shandheld.store\/es\/wp-json\/wp\/v2\/product_cat?post=7363"},{"taxonomy":"product_tag","embeddable":true,"href":"https:\/\/r36shandheld.store\/es\/wp-json\/wp\/v2\/product_tag?post=7363"}],"curies":[{"name":"wp","href":"https:\/\/api.w.org\/{rel}","templated":true}]}}