{"id":7516,"date":"2025-01-20T01:17:42","date_gmt":"2025-01-19T17:17:42","guid":{"rendered":"https:\/\/r36shandheld.store\/?post_type=product&#038;p=7516"},"modified":"2025-01-29T18:40:13","modified_gmt":"2025-01-29T10:40:13","slug":"r36s-playstation-replacement-buttons-4pcs-plastic-set-for-optimized-back-button-accessories","status":"publish","type":"product","link":"https:\/\/r36shandheld.store\/de\/p\/r36s-playstation-replacement-buttons-4pcs-plastic-set-for-optimized-back-button-accessories\/","title":{"rendered":"R36s Playstation Ersatz-Tasten | 4PCS Kunststoff-Set f\u00fcr optimierte zur\u00fcck-Taste Zubeh\u00f6r"},"content":{"rendered":"<p><img fetchpriority=\"high\" decoding=\"async\" class=\"alignnone size-full wp-image-7524\" title=\"Erschwingliche R36s Playstation Ersatztasten online.jpeg\" src=\"https:\/\/r36shandheld.store\/wp-content\/uploads\/2025\/01\/Affordable-R36s-Playstation-Replacement-Buttons-online.jpeg.webp\" alt=\"Erschwingliche R36s Playstation Ersatztasten online.jpeg\" width=\"1001\" height=\"1001\" srcset=\"https:\/\/r36shandheld.store\/wp-content\/uploads\/2025\/01\/Affordable-R36s-Playstation-Replacement-Buttons-online.jpeg.webp 1001w, https:\/\/r36shandheld.store\/wp-content\/uploads\/2025\/01\/Affordable-R36s-Playstation-Replacement-Buttons-online.jpeg-300x300.webp 300w, https:\/\/r36shandheld.store\/wp-content\/uploads\/2025\/01\/Affordable-R36s-Playstation-Replacement-Buttons-online.jpeg-150x150.webp 150w, https:\/\/r36shandheld.store\/wp-content\/uploads\/2025\/01\/Affordable-R36s-Playstation-Replacement-Buttons-online.jpeg-768x768.webp 768w, https:\/\/r36shandheld.store\/wp-content\/uploads\/2025\/01\/Affordable-R36s-Playstation-Replacement-Buttons-online.jpeg-990x990.webp 990w, https:\/\/r36shandheld.store\/wp-content\/uploads\/2025\/01\/Affordable-R36s-Playstation-Replacement-Buttons-online.jpeg-441x441.webp 441w, https:\/\/r36shandheld.store\/wp-content\/uploads\/2025\/01\/Affordable-R36s-Playstation-Replacement-Buttons-online.jpeg-100x100.webp 100w, https:\/\/r36shandheld.store\/wp-content\/uploads\/2025\/01\/Affordable-R36s-Playstation-Replacement-Buttons-online.jpeg-800x800.webp 800w\" sizes=\"(max-width: 1001px) 100vw, 1001px\" \/><\/p>\n<p><img decoding=\"async\" class=\"alignnone size-full wp-image-7525\" title=\"Beste R36s Playstation-Ersatztasten f\u00fcr Gamer.jpeg\" src=\"https:\/\/r36shandheld.store\/wp-content\/uploads\/2025\/01\/Best-R36s-Playstation-Replacement-Buttons-for-gamers.jpeg.webp\" alt=\"Beste R36s Playstation-Ersatztasten f\u00fcr Gamer.jpeg\" width=\"1001\" height=\"1001\" srcset=\"https:\/\/r36shandheld.store\/wp-content\/uploads\/2025\/01\/Best-R36s-Playstation-Replacement-Buttons-for-gamers.jpeg.webp 1001w, https:\/\/r36shandheld.store\/wp-content\/uploads\/2025\/01\/Best-R36s-Playstation-Replacement-Buttons-for-gamers.jpeg-300x300.webp 300w, https:\/\/r36shandheld.store\/wp-content\/uploads\/2025\/01\/Best-R36s-Playstation-Replacement-Buttons-for-gamers.jpeg-150x150.webp 150w, https:\/\/r36shandheld.store\/wp-content\/uploads\/2025\/01\/Best-R36s-Playstation-Replacement-Buttons-for-gamers.jpeg-768x768.webp 768w, https:\/\/r36shandheld.store\/wp-content\/uploads\/2025\/01\/Best-R36s-Playstation-Replacement-Buttons-for-gamers.jpeg-990x990.webp 990w, https:\/\/r36shandheld.store\/wp-content\/uploads\/2025\/01\/Best-R36s-Playstation-Replacement-Buttons-for-gamers.jpeg-441x441.webp 441w, https:\/\/r36shandheld.store\/wp-content\/uploads\/2025\/01\/Best-R36s-Playstation-Replacement-Buttons-for-gamers.jpeg-100x100.webp 100w, https:\/\/r36shandheld.store\/wp-content\/uploads\/2025\/01\/Best-R36s-Playstation-Replacement-Buttons-for-gamers.jpeg-800x800.webp 800w\" sizes=\"(max-width: 1001px) 100vw, 1001px\" \/><\/p>\n<p><img decoding=\"async\" class=\"alignnone size-full wp-image-7526\" title=\"Durable R36s Playstation Ersatzkn\u00f6pfe f\u00fcr Konsole repair.jpeg\" src=\"https:\/\/r36shandheld.store\/wp-content\/uploads\/2025\/01\/Durable-R36s-Playstation-Replacement-Buttons-for-console-repair.jpeg.webp\" alt=\"Durable R36s Playstation Ersatzkn\u00f6pfe f\u00fcr Konsole repair.jpeg\" width=\"1001\" height=\"1001\" srcset=\"https:\/\/r36shandheld.store\/wp-content\/uploads\/2025\/01\/Durable-R36s-Playstation-Replacement-Buttons-for-console-repair.jpeg.webp 1001w, https:\/\/r36shandheld.store\/wp-content\/uploads\/2025\/01\/Durable-R36s-Playstation-Replacement-Buttons-for-console-repair.jpeg-300x300.webp 300w, https:\/\/r36shandheld.store\/wp-content\/uploads\/2025\/01\/Durable-R36s-Playstation-Replacement-Buttons-for-console-repair.jpeg-150x150.webp 150w, https:\/\/r36shandheld.store\/wp-content\/uploads\/2025\/01\/Durable-R36s-Playstation-Replacement-Buttons-for-console-repair.jpeg-768x768.webp 768w, https:\/\/r36shandheld.store\/wp-content\/uploads\/2025\/01\/Durable-R36s-Playstation-Replacement-Buttons-for-console-repair.jpeg-990x990.webp 990w, https:\/\/r36shandheld.store\/wp-content\/uploads\/2025\/01\/Durable-R36s-Playstation-Replacement-Buttons-for-console-repair.jpeg-441x441.webp 441w, https:\/\/r36shandheld.store\/wp-content\/uploads\/2025\/01\/Durable-R36s-Playstation-Replacement-Buttons-for-console-repair.jpeg-100x100.webp 100w, https:\/\/r36shandheld.store\/wp-content\/uploads\/2025\/01\/Durable-R36s-Playstation-Replacement-Buttons-for-console-repair.jpeg-800x800.webp 800w\" sizes=\"(max-width: 1001px) 100vw, 1001px\" \/><\/p>\n<p><img loading=\"lazy\" decoding=\"async\" class=\"alignnone size-full wp-image-7527\" title=\"Hochwertige R36s Playstation-Ersatztasten.jpeg\" src=\"https:\/\/r36shandheld.store\/wp-content\/uploads\/2025\/01\/High-quality-R36s-Playstation-Replacement-Buttons.jpeg.webp\" alt=\"Hochwertige R36s Playstation-Ersatztasten.jpeg\" width=\"1001\" height=\"1001\" srcset=\"https:\/\/r36shandheld.store\/wp-content\/uploads\/2025\/01\/High-quality-R36s-Playstation-Replacement-Buttons.jpeg.webp 1001w, https:\/\/r36shandheld.store\/wp-content\/uploads\/2025\/01\/High-quality-R36s-Playstation-Replacement-Buttons.jpeg-300x300.webp 300w, https:\/\/r36shandheld.store\/wp-content\/uploads\/2025\/01\/High-quality-R36s-Playstation-Replacement-Buttons.jpeg-150x150.webp 150w, https:\/\/r36shandheld.store\/wp-content\/uploads\/2025\/01\/High-quality-R36s-Playstation-Replacement-Buttons.jpeg-768x768.webp 768w, https:\/\/r36shandheld.store\/wp-content\/uploads\/2025\/01\/High-quality-R36s-Playstation-Replacement-Buttons.jpeg-990x990.webp 990w, https:\/\/r36shandheld.store\/wp-content\/uploads\/2025\/01\/High-quality-R36s-Playstation-Replacement-Buttons.jpeg-441x441.webp 441w, https:\/\/r36shandheld.store\/wp-content\/uploads\/2025\/01\/High-quality-R36s-Playstation-Replacement-Buttons.jpeg-100x100.webp 100w, https:\/\/r36shandheld.store\/wp-content\/uploads\/2025\/01\/High-quality-R36s-Playstation-Replacement-Buttons.jpeg-800x800.webp 800w\" sizes=\"(max-width: 1001px) 100vw, 1001px\" \/><\/p>\n<p><img loading=\"lazy\" decoding=\"async\" class=\"alignnone size-full wp-image-7528\" title=\"R36s Playstation Ersatztasten Dimension Gr\u00f6\u00dfen.jpeg\" src=\"https:\/\/r36shandheld.store\/wp-content\/uploads\/2025\/01\/R36s-Playstation-Replacement-Buttons-dimension-sizes.jpeg.webp\" alt=\"R36s Playstation Ersatztasten Dimension Gr\u00f6\u00dfen.jpeg\" width=\"1001\" height=\"1001\" srcset=\"https:\/\/r36shandheld.store\/wp-content\/uploads\/2025\/01\/R36s-Playstation-Replacement-Buttons-dimension-sizes.jpeg.webp 1001w, https:\/\/r36shandheld.store\/wp-content\/uploads\/2025\/01\/R36s-Playstation-Replacement-Buttons-dimension-sizes.jpeg-300x300.webp 300w, https:\/\/r36shandheld.store\/wp-content\/uploads\/2025\/01\/R36s-Playstation-Replacement-Buttons-dimension-sizes.jpeg-150x150.webp 150w, https:\/\/r36shandheld.store\/wp-content\/uploads\/2025\/01\/R36s-Playstation-Replacement-Buttons-dimension-sizes.jpeg-768x768.webp 768w, https:\/\/r36shandheld.store\/wp-content\/uploads\/2025\/01\/R36s-Playstation-Replacement-Buttons-dimension-sizes.jpeg-990x990.webp 990w, https:\/\/r36shandheld.store\/wp-content\/uploads\/2025\/01\/R36s-Playstation-Replacement-Buttons-dimension-sizes.jpeg-441x441.webp 441w, https:\/\/r36shandheld.store\/wp-content\/uploads\/2025\/01\/R36s-Playstation-Replacement-Buttons-dimension-sizes.jpeg-100x100.webp 100w, https:\/\/r36shandheld.store\/wp-content\/uploads\/2025\/01\/R36s-Playstation-Replacement-Buttons-dimension-sizes.jpeg-800x800.webp 800w\" sizes=\"(max-width: 1001px) 100vw, 1001px\" \/><\/p>\n<p><img loading=\"lazy\" decoding=\"async\" class=\"alignnone size-full wp-image-7529\" title=\"R36s Playstation Ersatztasten f\u00fcr Controller-Modifikation.jpeg\" src=\"https:\/\/r36shandheld.store\/wp-content\/uploads\/2025\/01\/R36s-Playstation-Replacement-Buttons-for-controller-modification.jpeg.webp\" alt=\"R36s Playstation Ersatztasten f\u00fcr Controller-Modifikation.jpeg\" width=\"1001\" height=\"1001\" srcset=\"https:\/\/r36shandheld.store\/wp-content\/uploads\/2025\/01\/R36s-Playstation-Replacement-Buttons-for-controller-modification.jpeg.webp 1001w, https:\/\/r36shandheld.store\/wp-content\/uploads\/2025\/01\/R36s-Playstation-Replacement-Buttons-for-controller-modification.jpeg-300x300.webp 300w, https:\/\/r36shandheld.store\/wp-content\/uploads\/2025\/01\/R36s-Playstation-Replacement-Buttons-for-controller-modification.jpeg-150x150.webp 150w, https:\/\/r36shandheld.store\/wp-content\/uploads\/2025\/01\/R36s-Playstation-Replacement-Buttons-for-controller-modification.jpeg-768x768.webp 768w, https:\/\/r36shandheld.store\/wp-content\/uploads\/2025\/01\/R36s-Playstation-Replacement-Buttons-for-controller-modification.jpeg-990x990.webp 990w, https:\/\/r36shandheld.store\/wp-content\/uploads\/2025\/01\/R36s-Playstation-Replacement-Buttons-for-controller-modification.jpeg-441x441.webp 441w, https:\/\/r36shandheld.store\/wp-content\/uploads\/2025\/01\/R36s-Playstation-Replacement-Buttons-for-controller-modification.jpeg-100x100.webp 100w, https:\/\/r36shandheld.store\/wp-content\/uploads\/2025\/01\/R36s-Playstation-Replacement-Buttons-for-controller-modification.jpeg-800x800.webp 800w\" sizes=\"(max-width: 1001px) 100vw, 1001px\" \/><\/p>\n<p><img loading=\"lazy\" decoding=\"async\" class=\"alignnone size-full wp-image-7530\" title=\"R36s Playstation Ersatztasten f\u00fcr eigene Controller.jpeg\" src=\"https:\/\/r36shandheld.store\/wp-content\/uploads\/2025\/01\/R36s-Playstation-Replacement-Buttons-for-custom-controllers.jpeg.webp\" alt=\"R36s Playstation Ersatztasten f\u00fcr eigene Controller.jpeg\" width=\"1001\" height=\"1001\" srcset=\"https:\/\/r36shandheld.store\/wp-content\/uploads\/2025\/01\/R36s-Playstation-Replacement-Buttons-for-custom-controllers.jpeg.webp 1001w, https:\/\/r36shandheld.store\/wp-content\/uploads\/2025\/01\/R36s-Playstation-Replacement-Buttons-for-custom-controllers.jpeg-300x300.webp 300w, https:\/\/r36shandheld.store\/wp-content\/uploads\/2025\/01\/R36s-Playstation-Replacement-Buttons-for-custom-controllers.jpeg-150x150.webp 150w, https:\/\/r36shandheld.store\/wp-content\/uploads\/2025\/01\/R36s-Playstation-Replacement-Buttons-for-custom-controllers.jpeg-768x768.webp 768w, https:\/\/r36shandheld.store\/wp-content\/uploads\/2025\/01\/R36s-Playstation-Replacement-Buttons-for-custom-controllers.jpeg-990x990.webp 990w, https:\/\/r36shandheld.store\/wp-content\/uploads\/2025\/01\/R36s-Playstation-Replacement-Buttons-for-custom-controllers.jpeg-441x441.webp 441w, https:\/\/r36shandheld.store\/wp-content\/uploads\/2025\/01\/R36s-Playstation-Replacement-Buttons-for-custom-controllers.jpeg-100x100.webp 100w, https:\/\/r36shandheld.store\/wp-content\/uploads\/2025\/01\/R36s-Playstation-Replacement-Buttons-for-custom-controllers.jpeg-800x800.webp 800w\" sizes=\"(max-width: 1001px) 100vw, 1001px\" \/><\/p>\n<p><img loading=\"lazy\" decoding=\"async\" class=\"alignnone size-full wp-image-7531\" title=\"R36s Playstation-Ersatztasten f\u00fcr Dualshock-Controller.jpeg\" src=\"https:\/\/r36shandheld.store\/wp-content\/uploads\/2025\/01\/R36s-Playstation-Replacement-Buttons-for-dualshock-controllers.jpeg.webp\" alt=\"R36s Playstation-Ersatztasten f\u00fcr Dualshock-Controller.jpeg\" width=\"1001\" height=\"1001\" srcset=\"https:\/\/r36shandheld.store\/wp-content\/uploads\/2025\/01\/R36s-Playstation-Replacement-Buttons-for-dualshock-controllers.jpeg.webp 1001w, https:\/\/r36shandheld.store\/wp-content\/uploads\/2025\/01\/R36s-Playstation-Replacement-Buttons-for-dualshock-controllers.jpeg-300x300.webp 300w, https:\/\/r36shandheld.store\/wp-content\/uploads\/2025\/01\/R36s-Playstation-Replacement-Buttons-for-dualshock-controllers.jpeg-150x150.webp 150w, https:\/\/r36shandheld.store\/wp-content\/uploads\/2025\/01\/R36s-Playstation-Replacement-Buttons-for-dualshock-controllers.jpeg-768x768.webp 768w, https:\/\/r36shandheld.store\/wp-content\/uploads\/2025\/01\/R36s-Playstation-Replacement-Buttons-for-dualshock-controllers.jpeg-990x990.webp 990w, https:\/\/r36shandheld.store\/wp-content\/uploads\/2025\/01\/R36s-Playstation-Replacement-Buttons-for-dualshock-controllers.jpeg-441x441.webp 441w, https:\/\/r36shandheld.store\/wp-content\/uploads\/2025\/01\/R36s-Playstation-Replacement-Buttons-for-dualshock-controllers.jpeg-100x100.webp 100w, https:\/\/r36shandheld.store\/wp-content\/uploads\/2025\/01\/R36s-Playstation-Replacement-Buttons-for-dualshock-controllers.jpeg-800x800.webp 800w\" sizes=\"(max-width: 1001px) 100vw, 1001px\" \/><\/p>\n<p><img loading=\"lazy\" decoding=\"async\" class=\"alignnone size-full wp-image-7532\" title=\"R36s Playstation Ersatztasten f\u00fcr Gaming-Controller.jpeg\" src=\"https:\/\/r36shandheld.store\/wp-content\/uploads\/2025\/01\/R36s-Playstation-Replacement-Buttons-for-gaming-controllers.jpeg.webp\" alt=\"R36s Playstation Ersatztasten f\u00fcr Gaming-Controller.jpeg\" width=\"1001\" height=\"1001\" srcset=\"https:\/\/r36shandheld.store\/wp-content\/uploads\/2025\/01\/R36s-Playstation-Replacement-Buttons-for-gaming-controllers.jpeg.webp 1001w, https:\/\/r36shandheld.store\/wp-content\/uploads\/2025\/01\/R36s-Playstation-Replacement-Buttons-for-gaming-controllers.jpeg-300x300.webp 300w, https:\/\/r36shandheld.store\/wp-content\/uploads\/2025\/01\/R36s-Playstation-Replacement-Buttons-for-gaming-controllers.jpeg-150x150.webp 150w, https:\/\/r36shandheld.store\/wp-content\/uploads\/2025\/01\/R36s-Playstation-Replacement-Buttons-for-gaming-controllers.jpeg-768x768.webp 768w, https:\/\/r36shandheld.store\/wp-content\/uploads\/2025\/01\/R36s-Playstation-Replacement-Buttons-for-gaming-controllers.jpeg-990x990.webp 990w, https:\/\/r36shandheld.store\/wp-content\/uploads\/2025\/01\/R36s-Playstation-Replacement-Buttons-for-gaming-controllers.jpeg-441x441.webp 441w, https:\/\/r36shandheld.store\/wp-content\/uploads\/2025\/01\/R36s-Playstation-Replacement-Buttons-for-gaming-controllers.jpeg-100x100.webp 100w, https:\/\/r36shandheld.store\/wp-content\/uploads\/2025\/01\/R36s-Playstation-Replacement-Buttons-for-gaming-controllers.jpeg-800x800.webp 800w\" sizes=\"(max-width: 1001px) 100vw, 1001px\" \/><\/p>\n<p><img loading=\"lazy\" decoding=\"async\" class=\"alignnone size-full wp-image-7533\" title=\"R36s Playstation-Ersatztasten f\u00fcr Joystick-Reparaturen.jpeg\" src=\"https:\/\/r36shandheld.store\/wp-content\/uploads\/2025\/01\/R36s-Playstation-Replacement-Buttons-for-joystick-repairs.jpeg.webp\" alt=\"R36s Playstation-Ersatztasten f\u00fcr Joystick-Reparaturen.jpeg\" width=\"1001\" height=\"1001\" srcset=\"https:\/\/r36shandheld.store\/wp-content\/uploads\/2025\/01\/R36s-Playstation-Replacement-Buttons-for-joystick-repairs.jpeg.webp 1001w, https:\/\/r36shandheld.store\/wp-content\/uploads\/2025\/01\/R36s-Playstation-Replacement-Buttons-for-joystick-repairs.jpeg-300x300.webp 300w, https:\/\/r36shandheld.store\/wp-content\/uploads\/2025\/01\/R36s-Playstation-Replacement-Buttons-for-joystick-repairs.jpeg-150x150.webp 150w, https:\/\/r36shandheld.store\/wp-content\/uploads\/2025\/01\/R36s-Playstation-Replacement-Buttons-for-joystick-repairs.jpeg-768x768.webp 768w, https:\/\/r36shandheld.store\/wp-content\/uploads\/2025\/01\/R36s-Playstation-Replacement-Buttons-for-joystick-repairs.jpeg-990x990.webp 990w, https:\/\/r36shandheld.store\/wp-content\/uploads\/2025\/01\/R36s-Playstation-Replacement-Buttons-for-joystick-repairs.jpeg-441x441.webp 441w, https:\/\/r36shandheld.store\/wp-content\/uploads\/2025\/01\/R36s-Playstation-Replacement-Buttons-for-joystick-repairs.jpeg-100x100.webp 100w, https:\/\/r36shandheld.store\/wp-content\/uploads\/2025\/01\/R36s-Playstation-Replacement-Buttons-for-joystick-repairs.jpeg-800x800.webp 800w\" sizes=\"(max-width: 1001px) 100vw, 1001px\" \/><\/p>\n<div class=\"flex-shrink-0 flex flex-col relative items-end\">\n<div>\n<div class=\"pt-0\">\n<div class=\"gizmo-shadow-stroke flex h-8 w-8 items-center justify-center overflow-hidden rounded-full\">\n<div class=\"h-full w-full\"><\/div>\n<\/div>\n<\/div>\n<\/div>\n<\/div>\n<div class=\"group\/conversation-turn relative flex w-full min-w-0 flex-col agent-turn\">\n<div class=\"flex-col gap-1 md:gap-3\">\n<div class=\"flex max-w-full flex-col flex-grow\">\n<div class=\"min-h-8 text-message flex w-full flex-col items-end gap-2 whitespace-normal break-words text-start [.text-message+&amp;]:mt-5\" dir=\"auto\" data-message-author-role=\"assistant\" data-message-id=\"16c48531-36ad-4208-b93f-d9331314ebbd\" data-message-model-slug=\"gpt-4o\">\n<div class=\"flex w-full flex-col gap-1 empty:hidden first:pt-[3px]\">\n<div class=\"markdown prose w-full break-words dark:prose-invert light\">\n<p><strong>Erh\u00f6hen Sie Ihr Spielerlebnis<\/strong> mit diesem hochwertigen Ersatzknopfset, das speziell f\u00fcr die <strong>R36s Open-Source-Handheld-Spielkonsole<\/strong>. Perfekt f\u00fcr die Verbesserung Ihres Gaming-Setups, diese <strong>optimierte R\u00fccktasten<\/strong> sind so konzipiert, dass sie auch bei intensivem Gameplay eine reibungslose und zuverl\u00e4ssige Leistung bieten.<\/p>\n<p><strong>Produktmerkmale:<\/strong><\/p>\n<ul>\n<li><strong>Optimized for <a href=\"https:\/\/r36shandheld.store\/de\/\">R36s Handheld Console<\/a>:<\/strong> Ma\u00dfgeschneidert f\u00fcr die <strong>R36s Open-Source-Handheld-Spielkonsole<\/strong>Diese Tasten tragen zur Verbesserung der Ergonomie und Leistung Ihrer Konsole bei.<\/li>\n<li><strong>Hochwertiges Kunststoffmaterial:<\/strong> Diese Ersatztasten sind aus strapazierf\u00e4higem, leichtem Kunststoff gefertigt und gew\u00e4hrleisten eine lang anhaltende Qualit\u00e4t f\u00fcr den Gaming-Alltag.<\/li>\n<li><strong>Komfortables &amp; responsives Design:<\/strong> Die Tasten sind so konzipiert, dass sie sich angenehm anf\u00fchlen und schnell reagieren, so dass jeder Tastendruck z\u00e4hlt.<\/li>\n<li><strong>Einfach zu installieren:<\/strong> Schnelle und einfache Installation, damit Sie im Handumdrehen wieder mit dem Spielen beginnen k\u00f6nnen.<\/li>\n<li><strong>Kompakt und tragbar:<\/strong> Das Produkt ist klein, leicht und einfach zu lagern mit einem Packma\u00df von <strong>6x6x3cm<\/strong>.<\/li>\n<\/ul>\n<p><strong>Was enthalten ist:<\/strong><\/p>\n<ul>\n<li>4 Ersatztasten (Schwarz)<\/li>\n<li><strong>Gewicht:<\/strong> 30g<\/li>\n<li><strong>Verpackung:<\/strong> Sichere Tasche f\u00fcr sicheren Transport<\/li>\n<\/ul>\n<\/div>\n<\/div>\n<\/div>\n<\/div>\n<\/div>\n<\/div>","protected":false},"excerpt":{"rendered":"<p>Egal, ob Sie ein erfahrener Gamer oder ein Hobbyspieler sind, dieses Ersatztastenset ist die perfekte Erg\u00e4nzung, um die Funktionalit\u00e4t und \u00c4sthetik Ihrer R36s-Handheld-Spielkonsole zu verbessern<\/p>","protected":false},"featured_media":7522,"comment_status":"open","ping_status":"closed","template":"","meta":[],"product_brand":[],"product_cat":[54],"product_tag":[],"class_list":{"0":"post-7516","1":"product","2":"type-product","3":"status-publish","4":"has-post-thumbnail","6":"product_cat-r36s-accessories","8":"first","9":"instock","10":"shipping-taxable","11":"purchasable","12":"product-type-simple"},"jetpack_sharing_enabled":true,"jetpack-related-posts":[],"_links":{"self":[{"href":"https:\/\/r36shandheld.store\/de\/wp-json\/wp\/v2\/product\/7516","targetHints":{"allow":["GET"]}}],"collection":[{"href":"https:\/\/r36shandheld.store\/de\/wp-json\/wp\/v2\/product"}],"about":[{"href":"https:\/\/r36shandheld.store\/de\/wp-json\/wp\/v2\/types\/product"}],"replies":[{"embeddable":true,"href":"https:\/\/r36shandheld.store\/de\/wp-json\/wp\/v2\/comments?post=7516"}],"wp:featuredmedia":[{"embeddable":true,"href":"https:\/\/r36shandheld.store\/de\/wp-json\/wp\/v2\/media\/7522"}],"wp:attachment":[{"href":"https:\/\/r36shandheld.store\/de\/wp-json\/wp\/v2\/media?parent=7516"}],"wp:term":[{"taxonomy":"product_brand","embeddable":true,"href":"https:\/\/r36shandheld.store\/de\/wp-json\/wp\/v2\/product_brand?post=7516"},{"taxonomy":"product_cat","embeddable":true,"href":"https:\/\/r36shandheld.store\/de\/wp-json\/wp\/v2\/product_cat?post=7516"},{"taxonomy":"product_tag","embeddable":true,"href":"https:\/\/r36shandheld.store\/de\/wp-json\/wp\/v2\/product_tag?post=7516"}],"curies":[{"name":"wp","href":"https:\/\/api.w.org\/{rel}","templated":true}]}}