{"id":7363,"date":"2025-01-20T01:16:52","date_gmt":"2025-01-19T17:16:52","guid":{"rendered":"https:\/\/r36shandheld.store\/?post_type=product&#038;p=7363"},"modified":"2025-01-20T01:16:52","modified_gmt":"2025-01-19T17:16:52","slug":"white-game-console-r36s","status":"publish","type":"product","link":"https:\/\/r36shandheld.store\/de\/p\/white-game-console-r36s\/","title":{"rendered":"Wei\u00dfe Spielkonsole R36s"},"content":{"rendered":"<p><img fetchpriority=\"high\" decoding=\"async\" class=\"alignnone size-full wp-image-7371\" title=\"r36s temu mit 6404809 Pixel Bildschirm\" src=\"https:\/\/r36shandheld.store\/wp-content\/uploads\/2025\/01\/r36s-temu-with-6404809-pixel-screen.webp\" alt=\"r36s temu mit 6404809 Pixel Bildschirm\" width=\"1000\" height=\"1000\" srcset=\"https:\/\/r36shandheld.store\/wp-content\/uploads\/2025\/01\/r36s-temu-with-6404809-pixel-screen.webp 1000w, https:\/\/r36shandheld.store\/wp-content\/uploads\/2025\/01\/r36s-temu-with-6404809-pixel-screen-300x300.webp 300w, https:\/\/r36shandheld.store\/wp-content\/uploads\/2025\/01\/r36s-temu-with-6404809-pixel-screen-150x150.webp 150w, https:\/\/r36shandheld.store\/wp-content\/uploads\/2025\/01\/r36s-temu-with-6404809-pixel-screen-768x768.webp 768w, https:\/\/r36shandheld.store\/wp-content\/uploads\/2025\/01\/r36s-temu-with-6404809-pixel-screen-990x990.webp 990w, https:\/\/r36shandheld.store\/wp-content\/uploads\/2025\/01\/r36s-temu-with-6404809-pixel-screen-441x441.webp 441w, https:\/\/r36shandheld.store\/wp-content\/uploads\/2025\/01\/r36s-temu-with-6404809-pixel-screen-100x100.webp 100w, https:\/\/r36shandheld.store\/wp-content\/uploads\/2025\/01\/r36s-temu-with-6404809-pixel-screen-800x800.webp 800w\" sizes=\"(max-width: 1000px) 100vw, 1000px\" \/><br \/>\n<img decoding=\"async\" class=\"alignnone size-full wp-image-7370\" title=\"r36s retro eingebauter 2900MAH Akku, 4 Stunden Spielzeit mit einer Ladung\" src=\"https:\/\/r36shandheld.store\/wp-content\/uploads\/2025\/01\/r36s-retro-build-in-2900MAH-battery-play-4-hours-in-one-charge.webp\" alt=\"r36s retro eingebauter 2900MAH Akku, 4 Stunden Spielzeit mit einer Ladung\" width=\"1000\" height=\"1000\" srcset=\"https:\/\/r36shandheld.store\/wp-content\/uploads\/2025\/01\/r36s-retro-build-in-2900MAH-battery-play-4-hours-in-one-charge.webp 1000w, https:\/\/r36shandheld.store\/wp-content\/uploads\/2025\/01\/r36s-retro-build-in-2900MAH-battery-play-4-hours-in-one-charge-300x300.webp 300w, https:\/\/r36shandheld.store\/wp-content\/uploads\/2025\/01\/r36s-retro-build-in-2900MAH-battery-play-4-hours-in-one-charge-150x150.webp 150w, https:\/\/r36shandheld.store\/wp-content\/uploads\/2025\/01\/r36s-retro-build-in-2900MAH-battery-play-4-hours-in-one-charge-768x768.webp 768w, https:\/\/r36shandheld.store\/wp-content\/uploads\/2025\/01\/r36s-retro-build-in-2900MAH-battery-play-4-hours-in-one-charge-990x990.webp 990w, https:\/\/r36shandheld.store\/wp-content\/uploads\/2025\/01\/r36s-retro-build-in-2900MAH-battery-play-4-hours-in-one-charge-441x441.webp 441w, https:\/\/r36shandheld.store\/wp-content\/uploads\/2025\/01\/r36s-retro-build-in-2900MAH-battery-play-4-hours-in-one-charge-100x100.webp 100w, https:\/\/r36shandheld.store\/wp-content\/uploads\/2025\/01\/r36s-retro-build-in-2900MAH-battery-play-4-hours-in-one-charge-800x800.webp 800w\" sizes=\"(max-width: 1000px) 100vw, 1000px\" \/><br \/>\n<img decoding=\"async\" class=\"alignnone size-full wp-image-7368\" title=\"Doppeljoystick f\u00fcr r36s Retro-Konsole mit guten Tasten\" src=\"https:\/\/r36shandheld.store\/wp-content\/uploads\/2025\/01\/double-joystick-for-r36s-retro-console-with-good-buttons.webp\" alt=\"Doppeljoystick f\u00fcr r36s Retro-Konsole mit guten Tasten\" width=\"1000\" height=\"1000\" srcset=\"https:\/\/r36shandheld.store\/wp-content\/uploads\/2025\/01\/double-joystick-for-r36s-retro-console-with-good-buttons.webp 1000w, https:\/\/r36shandheld.store\/wp-content\/uploads\/2025\/01\/double-joystick-for-r36s-retro-console-with-good-buttons-300x300.webp 300w, https:\/\/r36shandheld.store\/wp-content\/uploads\/2025\/01\/double-joystick-for-r36s-retro-console-with-good-buttons-150x150.webp 150w, https:\/\/r36shandheld.store\/wp-content\/uploads\/2025\/01\/double-joystick-for-r36s-retro-console-with-good-buttons-768x768.webp 768w, https:\/\/r36shandheld.store\/wp-content\/uploads\/2025\/01\/double-joystick-for-r36s-retro-console-with-good-buttons-990x990.webp 990w, https:\/\/r36shandheld.store\/wp-content\/uploads\/2025\/01\/double-joystick-for-r36s-retro-console-with-good-buttons-441x441.webp 441w, https:\/\/r36shandheld.store\/wp-content\/uploads\/2025\/01\/double-joystick-for-r36s-retro-console-with-good-buttons-100x100.webp 100w, https:\/\/r36shandheld.store\/wp-content\/uploads\/2025\/01\/double-joystick-for-r36s-retro-console-with-good-buttons-800x800.webp 800w\" sizes=\"(max-width: 1000px) 100vw, 1000px\" \/><\/p>\n<h2>Wei\u00dfe Spielkonsole R36s: Ihr tragbares Tor zum Retro-Gaming<\/h2>\n<p><strong>Treten Sie ein in die Welt der endlosen Spiele mit der wei\u00dfen Spielkonsole R36s.<\/strong> Diese elegante Handheld-Konsole ist vollgepackt mit mehr als 15.000 Spieleklassikern und bietet sowohl f\u00fcr Enthusiasten als auch f\u00fcr Gelegenheitsspieler ein perfektes Spielerlebnis. Egal, ob Sie zu Hause oder unterwegs sind, der R36s sorgt mit seinem hochaufl\u00f6senden Display, seinem kompakten Design und seiner starken Leistung daf\u00fcr, dass Sie nie einen Takt verpassen.<\/p>\n<h2>Wichtige Spezifikationen:<\/h2>\n<ul>\n<li><strong>Enthaltene Spiele<\/strong>: \u00dcber 15.000 klassische Spiele in 21 Emulatoren.<\/li>\n<li><strong>Modell<\/strong>: R36S.<\/li>\n<li><strong>Anzeige<\/strong>: 3,5\u2033 HD IPS-Bildschirm mit einer Aufl\u00f6sung von 640\u00d7480 f\u00fcr kristallklare Bilder.<\/li>\n<li><strong>Prozessor<\/strong>: Quad-Core 64-Bit Cortex-A35, mit bis zu 1,8 GHz f\u00fcr hervorragende Leistung.<\/li>\n<li><strong>Speicher<\/strong>: 1 GB DDR3L-RAM, 64 GB Speicherplatz f\u00fcr reibungsloses Spielen und viel Platz.<\/li>\n<li><strong>Batterie<\/strong>2900mAh wiederaufladbarer Polymer-Akku, der \u00fcber 4 Stunden ununterbrochene Spielzeit erm\u00f6glicht.<\/li>\n<li><strong>Unterst\u00fctzte Sprachen<\/strong>: Mehrsprachige Unterst\u00fctzung, einschlie\u00dflich Englisch, Franz\u00f6sisch, Deutsch, Spanisch, Portugiesisch, Russisch, Japanisch und mehr.<\/li>\n<\/ul>\n<h2>Merkmale, die die wei\u00dfe Spielkonsole R36s auszeichnen:<\/h2>\n<ul>\n<li><strong>Ultraportables Design<\/strong><br \/>\nDie <strong>Wei\u00dfe Spielkonsole R36s<\/strong> ist ultrakompakt und damit der perfekte Begleiter f\u00fcr das Spielen unterwegs. Egal, ob Sie auf einer Gesch\u00e4ftsreise, auf Reisen oder beim Camping sind, diese leichte Konsole passt problemlos in Ihre Tasche, sodass Sie Ihre Lieblingsspiele jederzeit und \u00fcberall wieder erleben k\u00f6nnen.<\/li>\n<li><strong>Eindrucksvolle Visuals<\/strong><br \/>\nMit einem <strong>3,5\u2033 HD IPS-Display<\/strong>liefert die Konsole lebendige, scharfe Bilder und einen gro\u00dfen Betrachtungswinkel. Von rasanten Action-Spielen bis hin zu Puzzle-Abenteuern - jedes Spiel sieht atemberaubend aus, egal bei welcher Beleuchtung oder aus welchem Winkel.<\/li>\n<li><strong>Starke Leistung<\/strong><br \/>\nAusgestattet mit einem <strong>64-Bit-Cortex-A35-Prozessor<\/strong>die <strong>Wei\u00dfe Spielkonsole R36s<\/strong> bietet eine reibungslose und verz\u00f6gerungsfreie Leistung und eignet sich daher sowohl f\u00fcr klassische Spiele als auch f\u00fcr moderne Action-Titel. Die <strong>Linux-Betriebssystem<\/strong> bietet nahtlose Leistung mit der M\u00f6glichkeit, das Spielerlebnis individuell zu gestalten.<\/li>\n<li><strong>Lange Akkulaufzeit f\u00fcr Nonstop-Gaming<\/strong><br \/>\nDank der <strong>2900mAh wiederaufladbare Batterie<\/strong>k\u00f6nnen Sie mit einer einzigen Akkuladung mehr als 4 Stunden ununterbrochenes Spielen genie\u00dfen. Und dank des herausnehmbaren Akkus kannst du ihn f\u00fcr noch l\u00e4ngere Sessions ganz einfach austauschen, damit dir nie die Energie ausgeht, wenn es hei\u00df hergeht.<\/li>\n<li><strong>Sicher f\u00fcr Kinder<\/strong><br \/>\nMit Blick auf Familien entworfen, ist das <strong>Wei\u00dfe Spielkonsole R36s<\/strong> enth\u00e4lt einfache Bedienelemente und integrierte <strong>elterliche Kontrolle<\/strong>und sorgt f\u00fcr ein altersgerechtes Spiel. Das robuste Design h\u00e4lt dem Test der Zeit stand und ist perfekt f\u00fcr Kinder und Erwachsene gleicherma\u00dfen.<\/li>\n<li><strong>Schlank, stilvoll und langlebig<\/strong><br \/>\nDie makellose wei\u00dfe Oberfl\u00e4che des <strong>R36s<\/strong> verleiht Ihrem Gaming-Setup einen Hauch von Eleganz, w\u00e4hrend die robuste Konstruktion der Konsole sicherstellt, dass sie auch den anspruchsvollsten Abenteuern gewachsen ist. W\u00e4hlen Sie diese Konsole wegen ihrer Sch\u00f6nheit, Leistung und Robustheit.<\/li>\n<\/ul>\n<h2>Warum sollten Sie sich f\u00fcr die wei\u00dfe Spielkonsole R36s entscheiden?<\/h2>\n<ul>\n<li><strong>Umfangreiche Spielebibliothek<\/strong><br \/>\nMit \u00fcber 15.000 Spielen ist die <strong>R36s<\/strong> bietet eine umfangreiche Sammlung von Retro-Klassikern in 21 verschiedenen Emulatoren. Egal, welche Art von Spiel Sie suchen, Sie werden es auf dieser leistungsstarken Konsole sicher finden.<\/li>\n<li><strong>Unendlicher Spa\u00df f\u00fcr unterwegs<\/strong><br \/>\nEgal, ob Sie auf Reisen sind oder Ihre Auszeit zu Hause genie\u00dfen, die <strong>Wei\u00dfe Spielkonsole R36s<\/strong> sorgt daf\u00fcr, dass Sie immer spielbereit sind. Sein kompaktes Design und seine beeindruckende Akkulaufzeit machen ihn zur perfekten Wahl f\u00fcr Unterhaltung zu jeder Zeit und an jedem Ort.<\/li>\n<li><strong>Gro\u00dfartig f\u00fcr Spieler aller Altersgruppen<\/strong><br \/>\nDank der benutzerfreundlichen Bedienelemente, der Kindersicherung und der robusten Bauweise ist diese Konsole die perfekte Wahl f\u00fcr Familien, Kinder und Liebhaber von Retro-Spielen.<\/li>\n<li><strong>Perfektes Geschenk f\u00fcr Gaming-Enthusiasten<\/strong><br \/>\nEgal, ob Sie es f\u00fcr sich selbst kaufen oder jemandem schenken m\u00f6chten, das <strong>Wei\u00dfe Spielkonsole R36s<\/strong> ist ein au\u00dfergew\u00f6hnliches Geschenk, das Nostalgie mit moderner Leistung verbindet.<\/li>\n<\/ul>\n<p><strong>Bestellen Sie noch heute Ihre wei\u00dfe Spielkonsole R36s und tauchen Sie ein in eine Welt voller Spielfreude.<\/strong> Mit \u00fcber 15.000 Spielen, atemberaubender Grafik und unschlagbarer Mobilit\u00e4t ist es an der Zeit, das Spielen \u00fcberall hin mitzunehmen. <strong>Holen Sie sich jetzt Ihr Exemplar und beginnen Sie zu spielen!<\/strong><\/p>","protected":false},"excerpt":{"rendered":"<p>Mit der White Game Console R36s kannst du Retro-Gaming auch unterwegs spielen. Mit \u00fcber 15.000 Spielen, einem kristallklaren HD-Display und einer langen Akkulaufzeit ist sie die ultimative tragbare Konsole.<\/p>","protected":false},"featured_media":7366,"comment_status":"open","ping_status":"closed","template":"","meta":[],"product_brand":[],"product_cat":[15],"product_tag":[],"class_list":{"0":"post-7363","1":"product","2":"type-product","3":"status-publish","4":"has-post-thumbnail","6":"product_cat-r36s","8":"first","9":"instock","10":"shipping-taxable","11":"purchasable","12":"product-type-variable"},"jetpack_sharing_enabled":true,"jetpack-related-posts":[],"_links":{"self":[{"href":"https:\/\/r36shandheld.store\/de\/wp-json\/wp\/v2\/product\/7363","targetHints":{"allow":["GET"]}}],"collection":[{"href":"https:\/\/r36shandheld.store\/de\/wp-json\/wp\/v2\/product"}],"about":[{"href":"https:\/\/r36shandheld.store\/de\/wp-json\/wp\/v2\/types\/product"}],"replies":[{"embeddable":true,"href":"https:\/\/r36shandheld.store\/de\/wp-json\/wp\/v2\/comments?post=7363"}],"wp:featuredmedia":[{"embeddable":true,"href":"https:\/\/r36shandheld.store\/de\/wp-json\/wp\/v2\/media\/7366"}],"wp:attachment":[{"href":"https:\/\/r36shandheld.store\/de\/wp-json\/wp\/v2\/media?parent=7363"}],"wp:term":[{"taxonomy":"product_brand","embeddable":true,"href":"https:\/\/r36shandheld.store\/de\/wp-json\/wp\/v2\/product_brand?post=7363"},{"taxonomy":"product_cat","embeddable":true,"href":"https:\/\/r36shandheld.store\/de\/wp-json\/wp\/v2\/product_cat?post=7363"},{"taxonomy":"product_tag","embeddable":true,"href":"https:\/\/r36shandheld.store\/de\/wp-json\/wp\/v2\/product_tag?post=7363"}],"curies":[{"name":"wp","href":"https:\/\/api.w.org\/{rel}","templated":true}]}}